{"id":693,"date":"2022-07-30T12:55:49","date_gmt":"2022-07-30T09:55:49","guid":{"rendered":"https:\/\/pols.bilkent.edu.tr\/?page_id=693"},"modified":"2023-03-05T13:58:25","modified_gmt":"2023-03-05T10:58:25","slug":"ihsan-ilker-ayturk","status":"publish","type":"page","link":"https:\/\/pols.bilkent.edu.tr\/index.php\/full-time-faculty\/ihsan-ilker-ayturk\/","title":{"rendered":"\u0130hsan \u0130lker Ayt\u00fcrk"},"content":{"rendered":"\n<div class=\"wp-block-media-text alignwide is-stacked-on-mobile is-vertically-aligned-center\" style=\"grid-template-columns:24% auto\"><figure class=\"wp-block-media-text__media\"><img loading=\"lazy\" width=\"408\" height=\"612\" src=\"https:\/\/pols.bilkent.edu.tr\/wp-content\/uploads\/2022\/12\/I.ILKER_AYTURK-removebg-preview-1.png\" alt=\"\" class=\"wp-image-1518 size-full\" srcset=\"https:\/\/pols.bilkent.edu.tr\/wp-content\/uploads\/2022\/12\/I.ILKER_AYTURK-removebg-preview-1.png 408w, https:\/\/pols.bilkent.edu.tr\/wp-content\/uploads\/2022\/12\/I.ILKER_AYTURK-removebg-preview-1-200x300.png 200w, https:\/\/pols.bilkent.edu.tr\/wp-content\/uploads\/2022\/12\/I.ILKER_AYTURK-removebg-preview-1-37x55.png 37w\" sizes=\"(max-width: 408px) 100vw, 408px\" \/><\/figure><div class=\"wp-block-media-text__content\">\n<p class=\"has-text-align-left\" style=\"font-size:18px;line-height:1\"><strong>Associate Professor<\/strong><\/p>\n\n\n\n<p class=\"has-text-align-left\" style=\"font-size:18px;line-height:1.5\"><strong>Ph.D., Near Eastern and Judaic Studies, Brandeis University, 2005. Nationalism, intellectual history<\/strong><\/p>\n\n\n\n<div class=\"wp-container-2 wp-block-columns\">\n<div class=\"wp-container-1 wp-block-column\" style=\"flex-basis:66.66%\">\n<p><strong>E-Mail:<\/strong> ayturk@bilkent.edu.tr<br><strong>Phone:<\/strong> 0312 290 1502<br><strong>Office:<\/strong> T265<\/p>\n<\/div>\n<\/div>\n<\/div><\/div>\n\n\n\n<div style=\"height:50px\" aria-hidden=\"true\" class=\"wp-block-spacer\"><\/div>\n\n\n\n<h2>SELECTED PUBLICATIONS<\/h2>\n\n\n\n<div style=\"height:25px\" aria-hidden=\"true\" class=\"wp-block-spacer\"><\/div>\n\n\n\n<h2>Book Chapters<\/h2>\n\n\n\n<ul><li>I. Ayturk, &#8220;Language and Nationalism&#8221;, <em>Encyclopedia of Hebrew Language and Linguistics<\/em>, G. Khan (Eds.), pp. 419-420, Leiden: E.J. Brill (2013)<\/li><li>I. Ayturk, &#8220;Romanization of Hebrew Script&#8221;, <em>Encyclopedia of Hebrew Language and Linguistics<\/em>, G. Khan (Eds.), pp. 798-801, Leiden: E.J. Brill (2013)<\/li><\/ul>\n\n\n\n<div style=\"height:25px\" aria-hidden=\"true\" class=\"wp-block-spacer\"><\/div>\n\n\n\n<h2>Book Reviews<\/h2>\n\n\n\n<ul><li>I. Ayturk, &#8220;Sacred Speakers: Language and Culture among the Haredim in Israel&#8221; , by S.D. Baumel, New York and Oxford: Berghahn Books, 232, 2006, in <em>Israel Strudies Forum<\/em>, 22, (2007).<\/li><\/ul>\n\n\n\n<div style=\"height:25px\" aria-hidden=\"true\" class=\"wp-block-spacer\"><\/div>\n\n\n\n<h2>Journal Publications<\/h2>\n\n\n\n<ul><li>B. Esen, I. Ayturk, &#8220;The Far Right, Labor Unions and the Working Class in Turkey since the 1960s&#8221;, <em>Middle East Journal<\/em>..&nbsp; <a href=\"http:\/\/yoksis.bilkent.edu.tr\/pdf\/?doi=15775\">PDF<\/a><\/li><li>I. Ayturk, &#8220;The Flagship Institution of Cold War Turcology: Turk Kulturunu Arastirma Enstitusu, 1961-1980&#8221;, <em>European J of Turkish Studies<\/em>, 24, 1-22 (2017)&nbsp; <a href=\"http:\/\/yoksis.bilkent.edu.tr\/pdf\/?doi=13369\">PDF<\/a><\/li><li>P. Dost-Niyego, I. Ayturk, &#8220;Holocaust Education in Turkey: Past, Present, and Future&#8221;, <em>Contemporary Review of the Middle East<\/em>, 3, 250-265 (2016)&nbsp; <a href=\"http:\/\/yoksis.bilkent.edu.tr\/pdf\/?doi=12706\">PDF<\/a><\/li><li>I. Ayturk, &#8220;Nationalism and Islam in Cold War Turkey&#8221;, <em>Middle Eastern Studies<\/em>, 50, 693-719 (2014)&nbsp; <a href=\"http:\/\/yoksis.bilkent.edu.tr\/pdf\/?doi=6881\">PDF<\/a><\/li><li>I. Ayturk, L. Mignon, &#8220;Paradoxes of a Cold War Sufi Woman: Samiha Ayverdi between Islam, Nationalism and Modernity&#8221;, <em>New Perspectives on Turkey<\/em>, 49, 57-89 (2013)<\/li><li>I. Ayturk, &#8220;The Coming of an Ice Age? Turkish-Israeli Relations Since 2002&#8221;, <em>Turkish Studies<\/em>, 12, 675-687 (2011)<\/li><li>I. Ayturk, &#8220;The Racist Critics of Ataturk and Kemalism, 1930s-1960s&#8221;, <em>J of Contemporary History<\/em>, 46, 308-335 (2011)&nbsp; <a href=\"http:\/\/yoksis.bilkent.edu.tr\/pdf\/?doi=10.1177\/0022009410392411\">PDF<\/a><\/li><li>I. Ayturk, &#8220;Script Charisma in hebrew and Turkish: A Comparative Framework for Explaining Success and Failure of Romanization&#8221;, <em>J of World History<\/em>, 21, 97-103 (2010)<\/li><li>I. Ayturk, &#8220;Editorial introduction: Romanization in Comparative Perspective&#8221;, <em>J of the Royal Asiatic Society<\/em>, 20, 1-8 (2010)<\/li><li>I. Ayturk, &#8220;Revisiting the Language Factor in Zionism: The Hebrew Language Council from 1904 to 1914&#8221;, <em>Bulletin of the School of Oriental and African Studies<\/em>, 73, 45-64 (2010)<\/li><li>I. Ayturk, &#8220;H.F. Kvergic and the Sun Language Theory&#8221;, <em>Zeitschrift der deutschen morgenlandischen Gesellschaft<\/em>, 159, 23-44 (2009)<\/li><li>I. Ayturk, &#8220;Politics and Language Reform in Turkey: The &#8216;Academy&#8217; Debate&#8221;, <em>Wiener Zeitschrift fur die Kunde des Morgenlandes<\/em>, 98, 13-30 (2008)<\/li><li>I. Ayturk, &#8220;The First Episode of Language Reform in Republican Turkey: The Language Council from 1926 to 1931&#8221;, <em>J of the Royal Asiatic Society<\/em>, 18, 275-293 (2008)<\/li><li>I. Ayturk, &#8220;Attempts at Romanizing the Hebrew Script and Their Failure: Nationalism, Religion and Alphabet Reform in the Yishuv&#8221;, <em>Middle Eastern Studies<\/em>, 43, 625-645 (2007)<\/li><li>I. Ayturk, &#8220;Turkish Linguists against the West: The Origins of Linguistic Nationalism in Ataturk&#8217;s Turkey&#8221;, <em>Middle Eastern Studies<\/em>, 40, 1-25 (2004)<\/li><\/ul>\n\n\n\n<div style=\"height:25px\" aria-hidden=\"true\" class=\"wp-block-spacer\"><\/div>\n","protected":false},"excerpt":{"rendered":"<p>SELECTED PUBLICATIONS Book Chapters I. Ayturk, &#8220;Language and Nationalism&#8221;, Encyclopedia of Hebrew Language and Linguistics, G. Khan (Eds.), pp. 419-420, Leiden: E.J. Brill (2013) I. Ayturk, &#8220;Romanization of Hebrew Script&#8221;, Encyclopedia of Hebrew Language and Linguistics, G. Khan (Eds.), pp. 798-801, Leiden: E.J. Brill (2013) Book Reviews I. Ayturk, &#8220;Sacred [\u2026] <\/p>\n<div class=\"clear\"><\/div>\n<p><a class=\"more_link clearfix\" href=\"https:\/\/pols.bilkent.edu.tr\/index.php\/full-time-faculty\/ihsan-ilker-ayturk\/\" rel=\"nofollow\">Read More<\/a><\/p>\n","protected":false},"author":1,"featured_media":0,"parent":74,"menu_order":0,"comment_status":"closed","ping_status":"closed","template":"","meta":[],"_links":{"self":[{"href":"https:\/\/pols.bilkent.edu.tr\/index.php\/wp-json\/wp\/v2\/pages\/693"}],"collection":[{"href":"https:\/\/pols.bilkent.edu.tr\/index.php\/wp-json\/wp\/v2\/pages"}],"about":[{"href":"https:\/\/pols.bilkent.edu.tr\/index.php\/wp-json\/wp\/v2\/types\/page"}],"author":[{"embeddable":true,"href":"https:\/\/pols.bilkent.edu.tr\/index.php\/wp-json\/wp\/v2\/users\/1"}],"replies":[{"embeddable":true,"href":"https:\/\/pols.bilkent.edu.tr\/index.php\/wp-json\/wp\/v2\/comments?post=693"}],"version-history":[{"count":9,"href":"https:\/\/pols.bilkent.edu.tr\/index.php\/wp-json\/wp\/v2\/pages\/693\/revisions"}],"predecessor-version":[{"id":1847,"href":"https:\/\/pols.bilkent.edu.tr\/index.php\/wp-json\/wp\/v2\/pages\/693\/revisions\/1847"}],"up":[{"embeddable":true,"href":"https:\/\/pols.bilkent.edu.tr\/index.php\/wp-json\/wp\/v2\/pages\/74"}],"wp:attachment":[{"href":"https:\/\/pols.bilkent.edu.tr\/index.php\/wp-json\/wp\/v2\/media?parent=693"}],"curies":[{"name":"wp","href":"https:\/\/api.w.org\/{rel}","templated":true}]}}