{"id":690,"date":"2022-07-30T12:55:15","date_gmt":"2022-07-30T09:55:15","guid":{"rendered":"https:\/\/pols.bilkent.edu.tr\/?page_id=690"},"modified":"2025-07-10T23:38:06","modified_gmt":"2025-07-10T20:38:06","slug":"hasan-tolga-bolukbasi","status":"publish","type":"page","link":"https:\/\/pols.bilkent.edu.tr\/index.php\/full-time-faculty\/hasan-tolga-bolukbasi\/","title":{"rendered":"Hasan Tolga B\u00f6l\u00fckba\u015f\u0131"},"content":{"rendered":"\n<div class=\"wp-block-media-text alignwide is-stacked-on-mobile is-vertically-aligned-center\" style=\"grid-template-columns:25% auto\"><figure class=\"wp-block-media-text__media\"><img loading=\"lazy\" width=\"408\" height=\"612\" src=\"https:\/\/pols.bilkent.edu.tr\/wp-content\/uploads\/2022\/12\/HASAN_TOLGA_BOLUKBASI-removebg-preview-1.png\" alt=\"\" class=\"wp-image-1514 size-full\" srcset=\"https:\/\/pols.bilkent.edu.tr\/wp-content\/uploads\/2022\/12\/HASAN_TOLGA_BOLUKBASI-removebg-preview-1.png 408w, https:\/\/pols.bilkent.edu.tr\/wp-content\/uploads\/2022\/12\/HASAN_TOLGA_BOLUKBASI-removebg-preview-1-200x300.png 200w, https:\/\/pols.bilkent.edu.tr\/wp-content\/uploads\/2022\/12\/HASAN_TOLGA_BOLUKBASI-removebg-preview-1-37x55.png 37w\" sizes=\"(max-width: 408px) 100vw, 408px\" \/><\/figure><div class=\"wp-block-media-text__content\">\n<p class=\"has-text-align-left\" style=\"font-size:18px;line-height:1\"><strong>Associate Professor<\/strong><\/p>\n\n\n\n<p class=\"has-text-align-left\" style=\"font-size:18px;line-height:1.5\"><strong>Ph.D., Sociology, McGill University, 2007. Political economy, public policy, comparative politics<\/strong><\/p>\n\n\n\n<div class=\"wp-container-3 wp-block-columns\">\n<div class=\"wp-container-1 wp-block-column\" style=\"flex-basis:33.33%\">\n<div style=\"height:0px\" aria-hidden=\"true\" class=\"wp-block-spacer\"><\/div>\n\n\n\n<figure class=\"wp-block-image size-full is-resized\"><a href=\"https:\/\/scholar.google.com\/citations?user=KwDQeUYAAAAJ&amp;hl=en\" target=\"_blank\" rel=\"noreferrer noopener\"><img loading=\"lazy\" src=\"https:\/\/pols.bilkent.edu.tr\/wp-content\/uploads\/2022\/08\/pngegg-11.png\" alt=\"\" class=\"wp-image-800\" width=\"34\" height=\"34\" srcset=\"https:\/\/pols.bilkent.edu.tr\/wp-content\/uploads\/2022\/08\/pngegg-11.png 500w, https:\/\/pols.bilkent.edu.tr\/wp-content\/uploads\/2022\/08\/pngegg-11-300x300.png 300w, https:\/\/pols.bilkent.edu.tr\/wp-content\/uploads\/2022\/08\/pngegg-11-150x150.png 150w, https:\/\/pols.bilkent.edu.tr\/wp-content\/uploads\/2022\/08\/pngegg-11-55x55.png 55w\" sizes=\"(max-width: 34px) 100vw, 34px\" \/><\/a><figcaption>Google Scholar<\/figcaption><\/figure>\n<\/div>\n\n\n\n<div class=\"wp-container-2 wp-block-column\" style=\"flex-basis:66.66%\">\n<p><strong>Email:<\/strong> bolukbasi@bilkent.edu.tr<br><strong>Phone:<\/strong> 0312 290 1850<br><strong>Office:<\/strong> A225<\/p>\n<\/div>\n<\/div>\n<\/div><\/div>\n\n\n\n<div style=\"height:50px\" aria-hidden=\"true\" class=\"wp-block-spacer\"><\/div>\n\n\n\n<h2>SELECTED PUBLICATIONS<\/h2>\n\n\n\n<div style=\"height:25px\" aria-hidden=\"true\" class=\"wp-block-spacer\"><\/div>\n\n\n\n<h2>Books<\/h2>\n\n\n\n<ul><li>H.T. Bolukbasi, <em>Euro-Austerity: Comparative Political Economy of Welfare State Reform During the Maastricht Decade<\/em>, Toronto, ON: University of Toronto Press, (2021).<\/li><\/ul>\n\n\n\n<div style=\"height:25px\" aria-hidden=\"true\" class=\"wp-block-spacer\"><\/div>\n\n\n\n<h2>Book Chapters<\/h2>\n\n\n\n<ul><li>H.T. Bolukbasi, E. Ertugal, &#8220;Napoleonic Tradition, Majoritarianism, and Turkey\u2019s Statist Policy Style&#8221;, <em>Policy Styles and Policy-Making: Exploring the National Dimension<\/em>, M. Howlett, J. Tosun (Eds.), pp. 350-374, New York: Routledge (2019)<\/li><li>H.T. Bolukbasi, E. Ertugal, S. Ozcurumez, &#8220;Europeanization of Policy-Making in Turkey and its Limits&#8221;, <em>Policy Analysis in Turkey<\/em>, C. Bakir, G. Ertan (Eds.), pp. 143-162, Bristol: Bristol University Press\/Policy Press (2018)<\/li><li>H.T. Bolukbasi, &#8220;Political Economy&#8221;, <em>The Routledge Handbook of Modern Turkey<\/em>, M. Heper, S. Sayari (Eds.), pp. 341-352, New york: Routledge (2012)<\/li><\/ul>\n\n\n\n<div style=\"height:25px\" aria-hidden=\"true\" class=\"wp-block-spacer\"><\/div>\n\n\n\n<h2>Book Reviews<\/h2>\n\n\n\n<ul><li>H.T. Bolukbasi, &#8220;The EU and the Domestic Politics of Welfare State Reforms: Europa, Europae&#8221; , by P.R. Graziano, S. Jacquot, B. Palier, Basingstoke, Palgrave Macmillan, 333, 2011, in <em>J of European Social Policy<\/em>, 23, (2013).<\/li><\/ul>\n\n\n\n<div style=\"height:25px\" aria-hidden=\"true\" class=\"wp-block-spacer\"><\/div>\n\n\n\n<h2>Journal Publications<\/h2>\n\n\n\n<ul><li>H.T. Bolukbasi, D. Yildirim, &#8220;Institutions in the Politics of Policy Change: Who Can Play, How They Play in Multiple Streams&#8221;, <em>J of Public Policy<\/em>..&nbsp; <a href=\"http:\/\/yoksis.bilkent.edu.tr\/pdf\/?doi=15777\">PDF<\/a><\/li><li>H.T. Bolukbasi, K.G. Oktem, E. Savas, &#8220;Measuring welfare states beyond the three worlds: Refining state-of-the-art tools&#8221;, <em>Social Policy and Administration<\/em>., 1-16 (2021)&nbsp; <a href=\"http:\/\/yoksis.bilkent.edu.tr\/pdf\/?doi=15776\">PDF<\/a><\/li><li>H.T. Bolukbasi, A.O. Kutlu, &#8220;Piecing Together the &#8216;Turkish Puzzle&#8217; on Female Labour Force Participation: Comparative Insights from Southern Europe&#8221;, <em>South European Society and Politics<\/em>, 24, 53-77 (2019)&nbsp; <a href=\"http:\/\/yoksis.bilkent.edu.tr\/pdf\/?doi=14111\">PDF<\/a><\/li><li>H.T. Bolukbasi, K.G. Oktem, &#8220;Conceptualizing and operationalizing social rights: towards higher convergent validity in SCIP and CWED&#8221;, <em>J of European Social Policy<\/em>, 28, 86-100 (2018)&nbsp; <a href=\"http:\/\/yoksis.bilkent.edu.tr\/pdf\/?doi=12707\">PDF<\/a><\/li><li>H.T. Bolukbasi, E. Ertugal, &#8220;Europeanization of Employment Policies in Turkey? Tracing Domestic Change and Continuity through Institutions, Ideas, and Interests&#8221;, <em>South European Society and Politics<\/em>, 18, 237-257 (2013)<\/li><li>C. Balkir, H.T. Bolukbasi, E. Ertugal, &#8220;Europeanization in the &#8220;Southern Periphery&#8217;: Comparative Research Findings on the EU&#8217;s Impact on Domestic Political Economies&#8221;, <em>South European Society and Politics<\/em>, 18, 259-280 (2013)<\/li><li>C. Balkir, H.T. Bolukbasi, E. Ertugal, &#8220;Europeanization and Dynamics of Continuity and Change: Domestic Political Economies in the &#8220;Southern Periphery&#8221;&#8221;, <em>South European Society and Politics<\/em>, 18, 121-137 (2013)<\/li><li>H.T. Bolukbasi, S. Ozcurumez, &#8220;Of Context, Interaction and Temporality: Historical Institutionalism and Turkey&#8217;s Approach to the ENP and the UFM&#8221;, <em>Comparative European Politics<\/em>, 9, 524-542 (2011)<\/li><li>H.T. Bolukbasi, E. Ertugrul, S. Ozcurumez, &#8220;Avrupa Entegrasyonu Kuramlariyla Turkiye&#8217;yi Konu Alan Yazinin Etkilesimi: Avrupalilasma Arastirma Programini Turkiye Ozelinde Yeniden Dusunmek&#8221;, <em>International Relations<\/em>, 8, 77-102 (2011)<\/li><li>H.T. Bolukbasi, E. Ertugal, S. Ozcurumez, &#8220;The Impact of the EU on Turkey: Toward streamlining Europeanisation as a research program&#8221;, <em>European Political Science<\/em>, 9, 464-480 (2010)<\/li><\/ul>\n\n\n\n<div style=\"height:25px\" aria-hidden=\"true\" class=\"wp-block-spacer\"><\/div>\n","protected":false},"excerpt":{"rendered":"<p>SELECTED PUBLICATIONS Books H.T. Bolukbasi, Euro-Austerity: Comparative Political Economy of Welfare State Reform During the Maastricht Decade, Toronto, ON: University of Toronto Press, (2021). Book Chapters H.T. Bolukbasi, E. Ertugal, &#8220;Napoleonic Tradition, Majoritarianism, and Turkey\u2019s Statist Policy Style&#8221;, Policy Styles and Policy-Making: Exploring the National Dimension, M. Howlett, J. Tosun [\u2026] <\/p>\n<div class=\"clear\"><\/div>\n<p><a class=\"more_link clearfix\" href=\"https:\/\/pols.bilkent.edu.tr\/index.php\/full-time-faculty\/hasan-tolga-bolukbasi\/\" rel=\"nofollow\">Read More<\/a><\/p>\n","protected":false},"author":1,"featured_media":0,"parent":74,"menu_order":0,"comment_status":"closed","ping_status":"closed","template":"","meta":[],"_links":{"self":[{"href":"https:\/\/pols.bilkent.edu.tr\/index.php\/wp-json\/wp\/v2\/pages\/690"}],"collection":[{"href":"https:\/\/pols.bilkent.edu.tr\/index.php\/wp-json\/wp\/v2\/pages"}],"about":[{"href":"https:\/\/pols.bilkent.edu.tr\/index.php\/wp-json\/wp\/v2\/types\/page"}],"author":[{"embeddable":true,"href":"https:\/\/pols.bilkent.edu.tr\/index.php\/wp-json\/wp\/v2\/users\/1"}],"replies":[{"embeddable":true,"href":"https:\/\/pols.bilkent.edu.tr\/index.php\/wp-json\/wp\/v2\/comments?post=690"}],"version-history":[{"count":13,"href":"https:\/\/pols.bilkent.edu.tr\/index.php\/wp-json\/wp\/v2\/pages\/690\/revisions"}],"predecessor-version":[{"id":3585,"href":"https:\/\/pols.bilkent.edu.tr\/index.php\/wp-json\/wp\/v2\/pages\/690\/revisions\/3585"}],"up":[{"embeddable":true,"href":"https:\/\/pols.bilkent.edu.tr\/index.php\/wp-json\/wp\/v2\/pages\/74"}],"wp:attachment":[{"href":"https:\/\/pols.bilkent.edu.tr\/index.php\/wp-json\/wp\/v2\/media?parent=690"}],"curies":[{"name":"wp","href":"https:\/\/api.w.org\/{rel}","templated":true}]}}