{"id":3889,"date":"2025-11-08T10:53:10","date_gmt":"2025-11-08T07:53:10","guid":{"rendered":"https:\/\/pols.bilkent.edu.tr\/?page_id=3889"},"modified":"2026-03-24T08:56:08","modified_gmt":"2026-03-24T05:56:08","slug":"ataturk-ve-cumhuriyet-donemi","status":"publish","type":"page","link":"https:\/\/pols.bilkent.edu.tr\/index.php\/tr\/ataturk-ve-cumhuriyet-donemi\/","title":{"rendered":"Atat\u00fcrk ve Cumhuriyet D\u00f6nemi"},"content":{"rendered":"\n<div class=\"wp-block-media-text alignwide is-stacked-on-mobile\" style=\"grid-template-columns:30% auto\"><figure class=\"wp-block-media-text__media\"><img loading=\"lazy\" width=\"1024\" height=\"1008\" src=\"https:\/\/pols.bilkent.edu.tr\/wp-content\/uploads\/2026\/03\/1000069544-1024x1008.jpg\" alt=\"\" class=\"wp-image-4346 size-full\" srcset=\"https:\/\/pols.bilkent.edu.tr\/wp-content\/uploads\/2026\/03\/1000069544-1024x1008.jpg 1024w, https:\/\/pols.bilkent.edu.tr\/wp-content\/uploads\/2026\/03\/1000069544-300x295.jpg 300w, https:\/\/pols.bilkent.edu.tr\/wp-content\/uploads\/2026\/03\/1000069544-768x756.jpg 768w, https:\/\/pols.bilkent.edu.tr\/wp-content\/uploads\/2026\/03\/1000069544-56x55.jpg 56w, https:\/\/pols.bilkent.edu.tr\/wp-content\/uploads\/2026\/03\/1000069544-800x787.jpg 800w, https:\/\/pols.bilkent.edu.tr\/wp-content\/uploads\/2026\/03\/1000069544-580x571.jpg 580w, https:\/\/pols.bilkent.edu.tr\/wp-content\/uploads\/2026\/03\/1000069544.jpg 1080w\" sizes=\"(max-width: 1024px) 100vw, 1024px\" \/><\/figure><div class=\"wp-block-media-text__content\">\n<p><strong>Seminer: <\/strong>Medeni Kanun&#8217;un 100. Y\u0131l Seminerleri: Osmanl\u0131&#8217;dan Cumhuriyet&#8217;e M\u00fclkiyet Haklar\u0131<\/p>\n\n\n\n<p><strong>Konu\u015fmac\u0131:<\/strong> Do\u00e7. Dr. Seven A\u011f\u0131r, Orta Do\u011fu Teknik \u00dcniversitesi<\/p>\n\n\n\n<p><strong>Tarih &amp; Saat:<\/strong> 25 Mart 2026<\/p>\n\n\n\n<p><strong>Yer: <\/strong>K\u00fct\u00fcphane Sanat Galerisi <\/p>\n<\/div><\/div>\n\n\n\n<div style=\"height:83px\" aria-hidden=\"true\" class=\"wp-block-spacer\"><\/div>\n\n\n\n<div class=\"wp-block-media-text alignwide is-stacked-on-mobile\" style=\"grid-template-columns:30% auto\"><figure class=\"wp-block-media-text__media\"><img loading=\"lazy\" width=\"724\" height=\"1024\" src=\"https:\/\/pols.bilkent.edu.tr\/wp-content\/uploads\/2025\/11\/Pols-Talks-Banner-Engin-soysal-2-724x1024.jpg\" alt=\"\" class=\"wp-image-3886 size-full\" srcset=\"https:\/\/pols.bilkent.edu.tr\/wp-content\/uploads\/2025\/11\/Pols-Talks-Banner-Engin-soysal-2-724x1024.jpg 724w, https:\/\/pols.bilkent.edu.tr\/wp-content\/uploads\/2025\/11\/Pols-Talks-Banner-Engin-soysal-2-212x300.jpg 212w, https:\/\/pols.bilkent.edu.tr\/wp-content\/uploads\/2025\/11\/Pols-Talks-Banner-Engin-soysal-2-768x1086.jpg 768w, https:\/\/pols.bilkent.edu.tr\/wp-content\/uploads\/2025\/11\/Pols-Talks-Banner-Engin-soysal-2-1086x1536.jpg 1086w, https:\/\/pols.bilkent.edu.tr\/wp-content\/uploads\/2025\/11\/Pols-Talks-Banner-Engin-soysal-2-1448x2048.jpg 1448w, https:\/\/pols.bilkent.edu.tr\/wp-content\/uploads\/2025\/11\/Pols-Talks-Banner-Engin-soysal-2-39x55.jpg 39w, https:\/\/pols.bilkent.edu.tr\/wp-content\/uploads\/2025\/11\/Pols-Talks-Banner-Engin-soysal-2-1600x2263.jpg 1600w, https:\/\/pols.bilkent.edu.tr\/wp-content\/uploads\/2025\/11\/Pols-Talks-Banner-Engin-soysal-2-800x1131.jpg 800w, https:\/\/pols.bilkent.edu.tr\/wp-content\/uploads\/2025\/11\/Pols-Talks-Banner-Engin-soysal-2-580x820.jpg 580w, https:\/\/pols.bilkent.edu.tr\/wp-content\/uploads\/2025\/11\/Pols-Talks-Banner-Engin-soysal-2-scaled.jpg 1810w\" sizes=\"(max-width: 724px) 100vw, 724px\" \/><\/figure><div class=\"wp-block-media-text__content\">\n<p><strong>Konu\u015fma: <\/strong>Diplomasi Deneyimi: Siyaset Planlama ve D\u00fc\u015f\u00fcncenin \u00d6nemi<\/p>\n\n\n\n<p><strong>Konu\u015fmac\u0131:<\/strong> Engin Soysal, B\u00fcy\u00fckel\u00e7i (E.)<\/p>\n\n\n\n<p><strong>Tarih &amp; Saat:<\/strong> 11 Kas\u0131m 2025, 12:30<\/p>\n\n\n\n<p><strong>Yer: <\/strong>A-130<\/p>\n<\/div><\/div>\n\n\n\n<div style=\"height:83px\" aria-hidden=\"true\" class=\"wp-block-spacer\"><\/div>\n\n\n\n<div class=\"wp-block-media-text alignwide is-stacked-on-mobile\" style=\"grid-template-columns:30% auto\"><figure class=\"wp-block-media-text__media\"><img loading=\"lazy\" width=\"724\" height=\"1024\" src=\"https:\/\/pols.bilkent.edu.tr\/wp-content\/uploads\/2025\/11\/Pols-Talks-Banner-ege-erkocak-1-724x1024.jpg\" alt=\"\" class=\"wp-image-3883 size-full\" srcset=\"https:\/\/pols.bilkent.edu.tr\/wp-content\/uploads\/2025\/11\/Pols-Talks-Banner-ege-erkocak-1-724x1024.jpg 724w, https:\/\/pols.bilkent.edu.tr\/wp-content\/uploads\/2025\/11\/Pols-Talks-Banner-ege-erkocak-1-212x300.jpg 212w, https:\/\/pols.bilkent.edu.tr\/wp-content\/uploads\/2025\/11\/Pols-Talks-Banner-ege-erkocak-1-768x1086.jpg 768w, https:\/\/pols.bilkent.edu.tr\/wp-content\/uploads\/2025\/11\/Pols-Talks-Banner-ege-erkocak-1-1086x1536.jpg 1086w, https:\/\/pols.bilkent.edu.tr\/wp-content\/uploads\/2025\/11\/Pols-Talks-Banner-ege-erkocak-1-1448x2048.jpg 1448w, https:\/\/pols.bilkent.edu.tr\/wp-content\/uploads\/2025\/11\/Pols-Talks-Banner-ege-erkocak-1-39x55.jpg 39w, https:\/\/pols.bilkent.edu.tr\/wp-content\/uploads\/2025\/11\/Pols-Talks-Banner-ege-erkocak-1-1600x2263.jpg 1600w, https:\/\/pols.bilkent.edu.tr\/wp-content\/uploads\/2025\/11\/Pols-Talks-Banner-ege-erkocak-1-800x1131.jpg 800w, https:\/\/pols.bilkent.edu.tr\/wp-content\/uploads\/2025\/11\/Pols-Talks-Banner-ege-erkocak-1-580x820.jpg 580w, https:\/\/pols.bilkent.edu.tr\/wp-content\/uploads\/2025\/11\/Pols-Talks-Banner-ege-erkocak-1-scaled.jpg 1810w\" sizes=\"(max-width: 724px) 100vw, 724px\" \/><\/figure><div class=\"wp-block-media-text__content\">\n<p><strong>Talk: <\/strong>Cumhuriyetin Y\u00fcz\u00fcnc\u00fc Y\u0131l\u0131nda Kamu Politikas\u0131 Kapasitesi: ABGS&#8217;den AB Ba\u015fkanl\u0131\u011f\u0131na*<\/p>\n\n\n\n<p><strong>Speaker:<\/strong> Ege Erko\u00e7ak, Ministry of Foreign Affairs Directorate for EU Affairs<\/p>\n\n\n\n<p><strong>Date &amp; Time:<\/strong> 23 October 2025, 12:30 p.m.<\/p>\n\n\n\n<p><strong>Yer: <\/strong>A-129B<\/p>\n<\/div><\/div>\n","protected":false},"excerpt":{"rendered":"<p>Seminer: Medeni Kanun&#8217;un 100. Y\u0131l Seminerleri: Osmanl\u0131&#8217;dan Cumhuriyet&#8217;e M\u00fclkiyet Haklar\u0131 Konu\u015fmac\u0131: Do\u00e7. Dr. Seven A\u011f\u0131r, Orta Do\u011fu Teknik \u00dcniversitesi Tarih &amp; Saat: 25 Mart 2026 Yer: K\u00fct\u00fcphane Sanat Galerisi Konu\u015fma: Diplomasi Deneyimi: Siyaset Planlama ve D\u00fc\u015f\u00fcncenin \u00d6nemi Konu\u015fmac\u0131: Engin Soysal, B\u00fcy\u00fckel\u00e7i (E.) Tarih &amp; Saat: 11 Kas\u0131m 2025, 12:30 Yer: [\u2026] <\/p>\n<div class=\"clear\"><\/div>\n<p><a class=\"more_link clearfix\" href=\"https:\/\/pols.bilkent.edu.tr\/index.php\/tr\/ataturk-ve-cumhuriyet-donemi\/\" rel=\"nofollow\">Read More<\/a><\/p>\n","protected":false},"author":1,"featured_media":0,"parent":0,"menu_order":0,"comment_status":"closed","ping_status":"closed","template":"","meta":[],"_links":{"self":[{"href":"https:\/\/pols.bilkent.edu.tr\/index.php\/wp-json\/wp\/v2\/pages\/3889"}],"collection":[{"href":"https:\/\/pols.bilkent.edu.tr\/index.php\/wp-json\/wp\/v2\/pages"}],"about":[{"href":"https:\/\/pols.bilkent.edu.tr\/index.php\/wp-json\/wp\/v2\/types\/page"}],"author":[{"embeddable":true,"href":"https:\/\/pols.bilkent.edu.tr\/index.php\/wp-json\/wp\/v2\/users\/1"}],"replies":[{"embeddable":true,"href":"https:\/\/pols.bilkent.edu.tr\/index.php\/wp-json\/wp\/v2\/comments?post=3889"}],"version-history":[{"count":2,"href":"https:\/\/pols.bilkent.edu.tr\/index.php\/wp-json\/wp\/v2\/pages\/3889\/revisions"}],"predecessor-version":[{"id":4347,"href":"https:\/\/pols.bilkent.edu.tr\/index.php\/wp-json\/wp\/v2\/pages\/3889\/revisions\/4347"}],"wp:attachment":[{"href":"https:\/\/pols.bilkent.edu.tr\/index.php\/wp-json\/wp\/v2\/media?parent=3889"}],"curies":[{"name":"wp","href":"https:\/\/api.w.org\/{rel}","templated":true}]}}