{"id":3653,"date":"2025-08-25T10:14:54","date_gmt":"2025-08-25T07:14:54","guid":{"rendered":"https:\/\/pols.bilkent.edu.tr\/?page_id=3653"},"modified":"2025-08-25T10:14:54","modified_gmt":"2025-08-25T07:14:54","slug":"arastirma-gorevlisi-alimi-nihai-degerlendirme-sonuclari","status":"publish","type":"page","link":"https:\/\/pols.bilkent.edu.tr\/index.php\/arastirma-gorevlisi-alimi-nihai-degerlendirme-sonuclari\/","title":{"rendered":"Ara\u015ft\u0131rma G\u00f6revlisi Al\u0131m\u0131 Nihai De\u011ferlendirme Sonu\u00e7lar\u0131"},"content":{"rendered":"\n<figure class=\"wp-block-image size-large\"><img loading=\"lazy\" width=\"1024\" height=\"295\" src=\"https:\/\/pols.bilkent.edu.tr\/wp-content\/uploads\/2025\/08\/BASVURAN-ADAYLARIN-NIHAI-DEGERLENDIRME-SONUCLARI-1024x295.png\" alt=\"\" class=\"wp-image-3655\" srcset=\"https:\/\/pols.bilkent.edu.tr\/wp-content\/uploads\/2025\/08\/BASVURAN-ADAYLARIN-NIHAI-DEGERLENDIRME-SONUCLARI-1024x295.png 1024w, https:\/\/pols.bilkent.edu.tr\/wp-content\/uploads\/2025\/08\/BASVURAN-ADAYLARIN-NIHAI-DEGERLENDIRME-SONUCLARI-300x87.png 300w, https:\/\/pols.bilkent.edu.tr\/wp-content\/uploads\/2025\/08\/BASVURAN-ADAYLARIN-NIHAI-DEGERLENDIRME-SONUCLARI-768x222.png 768w, https:\/\/pols.bilkent.edu.tr\/wp-content\/uploads\/2025\/08\/BASVURAN-ADAYLARIN-NIHAI-DEGERLENDIRME-SONUCLARI-1536x443.png 1536w, https:\/\/pols.bilkent.edu.tr\/wp-content\/uploads\/2025\/08\/BASVURAN-ADAYLARIN-NIHAI-DEGERLENDIRME-SONUCLARI-191x55.png 191w, https:\/\/pols.bilkent.edu.tr\/wp-content\/uploads\/2025\/08\/BASVURAN-ADAYLARIN-NIHAI-DEGERLENDIRME-SONUCLARI-1600x461.png 1600w, https:\/\/pols.bilkent.edu.tr\/wp-content\/uploads\/2025\/08\/BASVURAN-ADAYLARIN-NIHAI-DEGERLENDIRME-SONUCLARI-800x231.png 800w, https:\/\/pols.bilkent.edu.tr\/wp-content\/uploads\/2025\/08\/BASVURAN-ADAYLARIN-NIHAI-DEGERLENDIRME-SONUCLARI-580x167.png 580w, https:\/\/pols.bilkent.edu.tr\/wp-content\/uploads\/2025\/08\/BASVURAN-ADAYLARIN-NIHAI-DEGERLENDIRME-SONUCLARI.png 1692w\" sizes=\"(max-width: 1024px) 100vw, 1024px\" \/><\/figure>\n","protected":false},"excerpt":{"rendered":"","protected":false},"author":1,"featured_media":0,"parent":0,"menu_order":0,"comment_status":"closed","ping_status":"closed","template":"","meta":[],"_links":{"self":[{"href":"https:\/\/pols.bilkent.edu.tr\/index.php\/wp-json\/wp\/v2\/pages\/3653"}],"collection":[{"href":"https:\/\/pols.bilkent.edu.tr\/index.php\/wp-json\/wp\/v2\/pages"}],"about":[{"href":"https:\/\/pols.bilkent.edu.tr\/index.php\/wp-json\/wp\/v2\/types\/page"}],"author":[{"embeddable":true,"href":"https:\/\/pols.bilkent.edu.tr\/index.php\/wp-json\/wp\/v2\/users\/1"}],"replies":[{"embeddable":true,"href":"https:\/\/pols.bilkent.edu.tr\/index.php\/wp-json\/wp\/v2\/comments?post=3653"}],"version-history":[{"count":1,"href":"https:\/\/pols.bilkent.edu.tr\/index.php\/wp-json\/wp\/v2\/pages\/3653\/revisions"}],"predecessor-version":[{"id":3656,"href":"https:\/\/pols.bilkent.edu.tr\/index.php\/wp-json\/wp\/v2\/pages\/3653\/revisions\/3656"}],"wp:attachment":[{"href":"https:\/\/pols.bilkent.edu.tr\/index.php\/wp-json\/wp\/v2\/media?parent=3653"}],"curies":[{"name":"wp","href":"https:\/\/api.w.org\/{rel}","templated":true}]}}