{"id":3649,"date":"2025-08-18T10:06:17","date_gmt":"2025-08-18T07:06:17","guid":{"rendered":"https:\/\/pols.bilkent.edu.tr\/?page_id=3649"},"modified":"2025-08-18T10:06:17","modified_gmt":"2025-08-18T07:06:17","slug":"arastirma-gorevlisi-ilani-on-degerlendirme-ve-sinav-bilgileri","status":"publish","type":"page","link":"https:\/\/pols.bilkent.edu.tr\/index.php\/arastirma-gorevlisi-ilani-on-degerlendirme-ve-sinav-bilgileri\/","title":{"rendered":"Ara\u015ft\u0131rma G\u00f6revlisi \u0130lan\u0131 \u00d6n De\u011ferlendirme ve S\u0131nav Bilgileri"},"content":{"rendered":"\n<figure class=\"wp-block-image size-large\"><img loading=\"lazy\" width=\"1024\" height=\"538\" src=\"https:\/\/pols.bilkent.edu.tr\/wp-content\/uploads\/2025\/08\/image-1024x538.png\" alt=\"\" class=\"wp-image-3650\" srcset=\"https:\/\/pols.bilkent.edu.tr\/wp-content\/uploads\/2025\/08\/image-1024x538.png 1024w, https:\/\/pols.bilkent.edu.tr\/wp-content\/uploads\/2025\/08\/image-300x158.png 300w, https:\/\/pols.bilkent.edu.tr\/wp-content\/uploads\/2025\/08\/image-768x403.png 768w, https:\/\/pols.bilkent.edu.tr\/wp-content\/uploads\/2025\/08\/image-105x55.png 105w, https:\/\/pols.bilkent.edu.tr\/wp-content\/uploads\/2025\/08\/image-800x420.png 800w, https:\/\/pols.bilkent.edu.tr\/wp-content\/uploads\/2025\/08\/image-580x305.png 580w, https:\/\/pols.bilkent.edu.tr\/wp-content\/uploads\/2025\/08\/image.png 1323w\" sizes=\"(max-width: 1024px) 100vw, 1024px\" \/><\/figure>\n","protected":false},"excerpt":{"rendered":"","protected":false},"author":1,"featured_media":0,"parent":0,"menu_order":0,"comment_status":"closed","ping_status":"closed","template":"","meta":[],"_links":{"self":[{"href":"https:\/\/pols.bilkent.edu.tr\/index.php\/wp-json\/wp\/v2\/pages\/3649"}],"collection":[{"href":"https:\/\/pols.bilkent.edu.tr\/index.php\/wp-json\/wp\/v2\/pages"}],"about":[{"href":"https:\/\/pols.bilkent.edu.tr\/index.php\/wp-json\/wp\/v2\/types\/page"}],"author":[{"embeddable":true,"href":"https:\/\/pols.bilkent.edu.tr\/index.php\/wp-json\/wp\/v2\/users\/1"}],"replies":[{"embeddable":true,"href":"https:\/\/pols.bilkent.edu.tr\/index.php\/wp-json\/wp\/v2\/comments?post=3649"}],"version-history":[{"count":1,"href":"https:\/\/pols.bilkent.edu.tr\/index.php\/wp-json\/wp\/v2\/pages\/3649\/revisions"}],"predecessor-version":[{"id":3651,"href":"https:\/\/pols.bilkent.edu.tr\/index.php\/wp-json\/wp\/v2\/pages\/3649\/revisions\/3651"}],"wp:attachment":[{"href":"https:\/\/pols.bilkent.edu.tr\/index.php\/wp-json\/wp\/v2\/media?parent=3649"}],"curies":[{"name":"wp","href":"https:\/\/api.w.org\/{rel}","templated":true}]}}