{"id":3190,"date":"2024-12-05T23:37:07","date_gmt":"2024-12-05T20:37:07","guid":{"rendered":"https:\/\/pols.bilkent.edu.tr\/?page_id=3190"},"modified":"2025-10-24T11:16:21","modified_gmt":"2025-10-24T08:16:21","slug":"photo-album","status":"publish","type":"page","link":"https:\/\/pols.bilkent.edu.tr\/index.php\/photo-album\/","title":{"rendered":"Photo Album"},"content":{"rendered":"\n<figure class=\"wp-container-2 wp-block-gallery-1 wp-block-gallery has-nested-images columns-default is-cropped\">\n<figure class=\"wp-block-image size-large\"><img loading=\"lazy\" width=\"1600\" height=\"1066\" data-id=\"3815\"  src=\"https:\/\/pols.bilkent.edu.tr\/wp-content\/uploads\/2025\/10\/2-1024x682.jpg\" alt=\"\" class=\"wp-image-3815\" srcset=\"https:\/\/pols.bilkent.edu.tr\/wp-content\/uploads\/2025\/10\/2-1024x682.jpg 1024w, https:\/\/pols.bilkent.edu.tr\/wp-content\/uploads\/2025\/10\/2-300x200.jpg 300w, https:\/\/pols.bilkent.edu.tr\/wp-content\/uploads\/2025\/10\/2-768x512.jpg 768w, https:\/\/pols.bilkent.edu.tr\/wp-content\/uploads\/2025\/10\/2-1536x1023.jpg 1536w, https:\/\/pols.bilkent.edu.tr\/wp-content\/uploads\/2025\/10\/2-83x55.jpg 83w, https:\/\/pols.bilkent.edu.tr\/wp-content\/uploads\/2025\/10\/2-800x533.jpg 800w, https:\/\/pols.bilkent.edu.tr\/wp-content\/uploads\/2025\/10\/2-580x386.jpg 580w, https:\/\/pols.bilkent.edu.tr\/wp-content\/uploads\/2025\/10\/2.jpg 1600w\" sizes=\"(max-width: 1600px) 100vw, 1600px\" \/><\/figure>\n\n\n\n<figure class=\"wp-block-image size-large\"><img loading=\"lazy\" width=\"1024\" height=\"682\" data-id=\"3814\"  src=\"https:\/\/pols.bilkent.edu.tr\/wp-content\/uploads\/2025\/10\/3-1024x682.jpg\" alt=\"\" class=\"wp-image-3814\" srcset=\"https:\/\/pols.bilkent.edu.tr\/wp-content\/uploads\/2025\/10\/3-1024x682.jpg 1024w, https:\/\/pols.bilkent.edu.tr\/wp-content\/uploads\/2025\/10\/3-300x200.jpg 300w, https:\/\/pols.bilkent.edu.tr\/wp-content\/uploads\/2025\/10\/3-768x512.jpg 768w, https:\/\/pols.bilkent.edu.tr\/wp-content\/uploads\/2025\/10\/3-1536x1023.jpg 1536w, https:\/\/pols.bilkent.edu.tr\/wp-content\/uploads\/2025\/10\/3-83x55.jpg 83w, https:\/\/pols.bilkent.edu.tr\/wp-content\/uploads\/2025\/10\/3-800x533.jpg 800w, https:\/\/pols.bilkent.edu.tr\/wp-content\/uploads\/2025\/10\/3-580x386.jpg 580w, https:\/\/pols.bilkent.edu.tr\/wp-content\/uploads\/2025\/10\/3.jpg 1600w\" sizes=\"(max-width: 1024px) 100vw, 1024px\" \/><\/figure>\n\n\n\n<figure class=\"wp-block-image size-large\"><img loading=\"lazy\" width=\"1024\" height=\"682\" data-id=\"3829\"  src=\"https:\/\/pols.bilkent.edu.tr\/wp-content\/uploads\/2025\/10\/WhatsApp-Image-2025-09-29-at-13.25.49_b4886035-1024x682.jpg\" alt=\"\" class=\"wp-image-3829\" srcset=\"https:\/\/pols.bilkent.edu.tr\/wp-content\/uploads\/2025\/10\/WhatsApp-Image-2025-09-29-at-13.25.49_b4886035-1024x682.jpg 1024w, https:\/\/pols.bilkent.edu.tr\/wp-content\/uploads\/2025\/10\/WhatsApp-Image-2025-09-29-at-13.25.49_b4886035-300x200.jpg 300w, https:\/\/pols.bilkent.edu.tr\/wp-content\/uploads\/2025\/10\/WhatsApp-Image-2025-09-29-at-13.25.49_b4886035-768x512.jpg 768w, https:\/\/pols.bilkent.edu.tr\/wp-content\/uploads\/2025\/10\/WhatsApp-Image-2025-09-29-at-13.25.49_b4886035-1536x1023.jpg 1536w, https:\/\/pols.bilkent.edu.tr\/wp-content\/uploads\/2025\/10\/WhatsApp-Image-2025-09-29-at-13.25.49_b4886035-83x55.jpg 83w, https:\/\/pols.bilkent.edu.tr\/wp-content\/uploads\/2025\/10\/WhatsApp-Image-2025-09-29-at-13.25.49_b4886035-800x533.jpg 800w, https:\/\/pols.bilkent.edu.tr\/wp-content\/uploads\/2025\/10\/WhatsApp-Image-2025-09-29-at-13.25.49_b4886035-580x386.jpg 580w, https:\/\/pols.bilkent.edu.tr\/wp-content\/uploads\/2025\/10\/WhatsApp-Image-2025-09-29-at-13.25.49_b4886035.jpg 1600w\" sizes=\"(max-width: 1024px) 100vw, 1024px\" \/><\/figure>\n\n\n\n<figure class=\"wp-block-image size-large\"><img loading=\"lazy\" width=\"1024\" height=\"683\" data-id=\"3832\"  src=\"https:\/\/pols.bilkent.edu.tr\/wp-content\/uploads\/2025\/10\/WhatsApp-Image-2025-10-24-at-10.44.52_7eb8b5a7-1024x683.jpg\" alt=\"\" class=\"wp-image-3832\" srcset=\"https:\/\/pols.bilkent.edu.tr\/wp-content\/uploads\/2025\/10\/WhatsApp-Image-2025-10-24-at-10.44.52_7eb8b5a7-1024x683.jpg 1024w, https:\/\/pols.bilkent.edu.tr\/wp-content\/uploads\/2025\/10\/WhatsApp-Image-2025-10-24-at-10.44.52_7eb8b5a7-300x200.jpg 300w, https:\/\/pols.bilkent.edu.tr\/wp-content\/uploads\/2025\/10\/WhatsApp-Image-2025-10-24-at-10.44.52_7eb8b5a7-768x512.jpg 768w, https:\/\/pols.bilkent.edu.tr\/wp-content\/uploads\/2025\/10\/WhatsApp-Image-2025-10-24-at-10.44.52_7eb8b5a7-83x55.jpg 83w, https:\/\/pols.bilkent.edu.tr\/wp-content\/uploads\/2025\/10\/WhatsApp-Image-2025-10-24-at-10.44.52_7eb8b5a7-800x533.jpg 800w, https:\/\/pols.bilkent.edu.tr\/wp-content\/uploads\/2025\/10\/WhatsApp-Image-2025-10-24-at-10.44.52_7eb8b5a7-580x387.jpg 580w, https:\/\/pols.bilkent.edu.tr\/wp-content\/uploads\/2025\/10\/WhatsApp-Image-2025-10-24-at-10.44.52_7eb8b5a7.jpg 1431w\" sizes=\"(max-width: 1024px) 100vw, 1024px\" \/><\/figure>\n\n\n\n<figure class=\"wp-block-image size-large\"><img loading=\"lazy\" width=\"1024\" height=\"683\" data-id=\"3830\"  src=\"https:\/\/pols.bilkent.edu.tr\/wp-content\/uploads\/2025\/10\/WhatsApp-Image-2025-10-24-at-10.44.51_d1e86450-1024x683.jpg\" alt=\"\" class=\"wp-image-3830\" srcset=\"https:\/\/pols.bilkent.edu.tr\/wp-content\/uploads\/2025\/10\/WhatsApp-Image-2025-10-24-at-10.44.51_d1e86450-1024x683.jpg 1024w, https:\/\/pols.bilkent.edu.tr\/wp-content\/uploads\/2025\/10\/WhatsApp-Image-2025-10-24-at-10.44.51_d1e86450-300x200.jpg 300w, https:\/\/pols.bilkent.edu.tr\/wp-content\/uploads\/2025\/10\/WhatsApp-Image-2025-10-24-at-10.44.51_d1e86450-768x512.jpg 768w, https:\/\/pols.bilkent.edu.tr\/wp-content\/uploads\/2025\/10\/WhatsApp-Image-2025-10-24-at-10.44.51_d1e86450-83x55.jpg 83w, https:\/\/pols.bilkent.edu.tr\/wp-content\/uploads\/2025\/10\/WhatsApp-Image-2025-10-24-at-10.44.51_d1e86450-800x533.jpg 800w, https:\/\/pols.bilkent.edu.tr\/wp-content\/uploads\/2025\/10\/WhatsApp-Image-2025-10-24-at-10.44.51_d1e86450-580x387.jpg 580w, https:\/\/pols.bilkent.edu.tr\/wp-content\/uploads\/2025\/10\/WhatsApp-Image-2025-10-24-at-10.44.51_d1e86450.jpg 1431w\" sizes=\"(max-width: 1024px) 100vw, 1024px\" \/><\/figure>\n\n\n\n<figure class=\"wp-block-image size-large\"><img loading=\"lazy\" width=\"1024\" height=\"682\" data-id=\"3839\"  src=\"https:\/\/pols.bilkent.edu.tr\/wp-content\/uploads\/2025\/10\/4-1-1024x682.jpg\" alt=\"\" class=\"wp-image-3839\" srcset=\"https:\/\/pols.bilkent.edu.tr\/wp-content\/uploads\/2025\/10\/4-1-1024x682.jpg 1024w, https:\/\/pols.bilkent.edu.tr\/wp-content\/uploads\/2025\/10\/4-1-300x200.jpg 300w, https:\/\/pols.bilkent.edu.tr\/wp-content\/uploads\/2025\/10\/4-1-768x512.jpg 768w, https:\/\/pols.bilkent.edu.tr\/wp-content\/uploads\/2025\/10\/4-1-1536x1023.jpg 1536w, https:\/\/pols.bilkent.edu.tr\/wp-content\/uploads\/2025\/10\/4-1-83x55.jpg 83w, https:\/\/pols.bilkent.edu.tr\/wp-content\/uploads\/2025\/10\/4-1-800x533.jpg 800w, https:\/\/pols.bilkent.edu.tr\/wp-content\/uploads\/2025\/10\/4-1-580x386.jpg 580w, https:\/\/pols.bilkent.edu.tr\/wp-content\/uploads\/2025\/10\/4-1.jpg 1600w\" sizes=\"(max-width: 1024px) 100vw, 1024px\" \/><\/figure>\n\n\n\n<figure class=\"wp-block-image size-large\"><img loading=\"lazy\" width=\"1024\" height=\"768\" data-id=\"3818\"  src=\"https:\/\/pols.bilkent.edu.tr\/wp-content\/uploads\/2025\/10\/1-1024x768.jpg\" alt=\"\" class=\"wp-image-3818\" srcset=\"https:\/\/pols.bilkent.edu.tr\/wp-content\/uploads\/2025\/10\/1-1024x768.jpg 1024w, https:\/\/pols.bilkent.edu.tr\/wp-content\/uploads\/2025\/10\/1-300x225.jpg 300w, https:\/\/pols.bilkent.edu.tr\/wp-content\/uploads\/2025\/10\/1-768x576.jpg 768w, https:\/\/pols.bilkent.edu.tr\/wp-content\/uploads\/2025\/10\/1-1536x1152.jpg 1536w, https:\/\/pols.bilkent.edu.tr\/wp-content\/uploads\/2025\/10\/1-73x55.jpg 73w, https:\/\/pols.bilkent.edu.tr\/wp-content\/uploads\/2025\/10\/1-1600x1200.jpg 1600w, https:\/\/pols.bilkent.edu.tr\/wp-content\/uploads\/2025\/10\/1-800x600.jpg 800w, https:\/\/pols.bilkent.edu.tr\/wp-content\/uploads\/2025\/10\/1-580x435.jpg 580w, https:\/\/pols.bilkent.edu.tr\/wp-content\/uploads\/2025\/10\/1.jpg 2048w\" sizes=\"(max-width: 1024px) 100vw, 1024px\" \/><\/figure>\n<\/figure>\n\n\n\n<div style=\"height:12px\" aria-hidden=\"true\" class=\"wp-block-spacer\"><\/div>\n\n\n\n<figure class=\"wp-container-4 wp-block-gallery-3 wp-block-gallery has-nested-images columns-default is-cropped\">\n<figure class=\"wp-block-image size-large\"><img loading=\"lazy\" width=\"1024\" height=\"768\" data-id=\"3192\"  src=\"https:\/\/pols.bilkent.edu.tr\/wp-content\/uploads\/2024\/12\/IMG_0377-2-1024x768.jpg\" alt=\"\" class=\"wp-image-3192\" srcset=\"https:\/\/pols.bilkent.edu.tr\/wp-content\/uploads\/2024\/12\/IMG_0377-2-1024x768.jpg 1024w, https:\/\/pols.bilkent.edu.tr\/wp-content\/uploads\/2024\/12\/IMG_0377-2-300x225.jpg 300w, https:\/\/pols.bilkent.edu.tr\/wp-content\/uploads\/2024\/12\/IMG_0377-2-768x576.jpg 768w, https:\/\/pols.bilkent.edu.tr\/wp-content\/uploads\/2024\/12\/IMG_0377-2-1536x1152.jpg 1536w, https:\/\/pols.bilkent.edu.tr\/wp-content\/uploads\/2024\/12\/IMG_0377-2-2048x1536.jpg 2048w, https:\/\/pols.bilkent.edu.tr\/wp-content\/uploads\/2024\/12\/IMG_0377-2-73x55.jpg 73w, https:\/\/pols.bilkent.edu.tr\/wp-content\/uploads\/2024\/12\/IMG_0377-2-1600x1200.jpg 1600w, https:\/\/pols.bilkent.edu.tr\/wp-content\/uploads\/2024\/12\/IMG_0377-2-800x600.jpg 800w, https:\/\/pols.bilkent.edu.tr\/wp-content\/uploads\/2024\/12\/IMG_0377-2-580x435.jpg 580w\" sizes=\"(max-width: 1024px) 100vw, 1024px\" \/><\/figure>\n\n\n\n<figure class=\"wp-block-image size-large\"><img loading=\"lazy\" width=\"1024\" height=\"768\" data-id=\"3196\"  src=\"https:\/\/pols.bilkent.edu.tr\/wp-content\/uploads\/2024\/12\/IMG_0399-1-1024x768.jpg\" alt=\"\" class=\"wp-image-3196\" srcset=\"https:\/\/pols.bilkent.edu.tr\/wp-content\/uploads\/2024\/12\/IMG_0399-1-1024x768.jpg 1024w, https:\/\/pols.bilkent.edu.tr\/wp-content\/uploads\/2024\/12\/IMG_0399-1-300x225.jpg 300w, https:\/\/pols.bilkent.edu.tr\/wp-content\/uploads\/2024\/12\/IMG_0399-1-768x576.jpg 768w, https:\/\/pols.bilkent.edu.tr\/wp-content\/uploads\/2024\/12\/IMG_0399-1-1536x1152.jpg 1536w, https:\/\/pols.bilkent.edu.tr\/wp-content\/uploads\/2024\/12\/IMG_0399-1-2048x1536.jpg 2048w, https:\/\/pols.bilkent.edu.tr\/wp-content\/uploads\/2024\/12\/IMG_0399-1-73x55.jpg 73w, https:\/\/pols.bilkent.edu.tr\/wp-content\/uploads\/2024\/12\/IMG_0399-1-1600x1200.jpg 1600w, https:\/\/pols.bilkent.edu.tr\/wp-content\/uploads\/2024\/12\/IMG_0399-1-800x600.jpg 800w, https:\/\/pols.bilkent.edu.tr\/wp-content\/uploads\/2024\/12\/IMG_0399-1-580x435.jpg 580w\" sizes=\"(max-width: 1024px) 100vw, 1024px\" \/><\/figure>\n\n\n\n<figure class=\"wp-block-image size-large\"><img loading=\"lazy\" width=\"1024\" height=\"768\" data-id=\"3198\"  src=\"https:\/\/pols.bilkent.edu.tr\/wp-content\/uploads\/2024\/12\/IMG_0404-1-1024x768.jpg\" alt=\"\" class=\"wp-image-3198\" srcset=\"https:\/\/pols.bilkent.edu.tr\/wp-content\/uploads\/2024\/12\/IMG_0404-1-1024x768.jpg 1024w, https:\/\/pols.bilkent.edu.tr\/wp-content\/uploads\/2024\/12\/IMG_0404-1-300x225.jpg 300w, https:\/\/pols.bilkent.edu.tr\/wp-content\/uploads\/2024\/12\/IMG_0404-1-768x576.jpg 768w, https:\/\/pols.bilkent.edu.tr\/wp-content\/uploads\/2024\/12\/IMG_0404-1-1536x1152.jpg 1536w, https:\/\/pols.bilkent.edu.tr\/wp-content\/uploads\/2024\/12\/IMG_0404-1-2048x1536.jpg 2048w, https:\/\/pols.bilkent.edu.tr\/wp-content\/uploads\/2024\/12\/IMG_0404-1-73x55.jpg 73w, https:\/\/pols.bilkent.edu.tr\/wp-content\/uploads\/2024\/12\/IMG_0404-1-1600x1200.jpg 1600w, https:\/\/pols.bilkent.edu.tr\/wp-content\/uploads\/2024\/12\/IMG_0404-1-800x600.jpg 800w, https:\/\/pols.bilkent.edu.tr\/wp-content\/uploads\/2024\/12\/IMG_0404-1-580x435.jpg 580w\" sizes=\"(max-width: 1024px) 100vw, 1024px\" \/><\/figure>\n\n\n\n<figure class=\"wp-block-image size-large\"><img loading=\"lazy\" width=\"1024\" height=\"768\" data-id=\"3199\"  src=\"https:\/\/pols.bilkent.edu.tr\/wp-content\/uploads\/2024\/12\/IMG_0424-1-1024x768.jpg\" alt=\"\" class=\"wp-image-3199\" srcset=\"https:\/\/pols.bilkent.edu.tr\/wp-content\/uploads\/2024\/12\/IMG_0424-1-1024x768.jpg 1024w, https:\/\/pols.bilkent.edu.tr\/wp-content\/uploads\/2024\/12\/IMG_0424-1-300x225.jpg 300w, https:\/\/pols.bilkent.edu.tr\/wp-content\/uploads\/2024\/12\/IMG_0424-1-768x576.jpg 768w, https:\/\/pols.bilkent.edu.tr\/wp-content\/uploads\/2024\/12\/IMG_0424-1-1536x1152.jpg 1536w, https:\/\/pols.bilkent.edu.tr\/wp-content\/uploads\/2024\/12\/IMG_0424-1-2048x1536.jpg 2048w, https:\/\/pols.bilkent.edu.tr\/wp-content\/uploads\/2024\/12\/IMG_0424-1-73x55.jpg 73w, https:\/\/pols.bilkent.edu.tr\/wp-content\/uploads\/2024\/12\/IMG_0424-1-1600x1200.jpg 1600w, https:\/\/pols.bilkent.edu.tr\/wp-content\/uploads\/2024\/12\/IMG_0424-1-800x600.jpg 800w, https:\/\/pols.bilkent.edu.tr\/wp-content\/uploads\/2024\/12\/IMG_0424-1-580x435.jpg 580w\" sizes=\"(max-width: 1024px) 100vw, 1024px\" \/><\/figure>\n\n\n\n<figure class=\"wp-block-image size-large\"><img loading=\"lazy\" width=\"1024\" height=\"768\" data-id=\"3214\"  src=\"https:\/\/pols.bilkent.edu.tr\/wp-content\/uploads\/2024\/12\/IMG_0431-1024x768.jpg\" alt=\"\" class=\"wp-image-3214\" srcset=\"https:\/\/pols.bilkent.edu.tr\/wp-content\/uploads\/2024\/12\/IMG_0431-1024x768.jpg 1024w, https:\/\/pols.bilkent.edu.tr\/wp-content\/uploads\/2024\/12\/IMG_0431-300x225.jpg 300w, https:\/\/pols.bilkent.edu.tr\/wp-content\/uploads\/2024\/12\/IMG_0431-768x576.jpg 768w, https:\/\/pols.bilkent.edu.tr\/wp-content\/uploads\/2024\/12\/IMG_0431-1536x1152.jpg 1536w, https:\/\/pols.bilkent.edu.tr\/wp-content\/uploads\/2024\/12\/IMG_0431-2048x1536.jpg 2048w, https:\/\/pols.bilkent.edu.tr\/wp-content\/uploads\/2024\/12\/IMG_0431-73x55.jpg 73w, https:\/\/pols.bilkent.edu.tr\/wp-content\/uploads\/2024\/12\/IMG_0431-1600x1200.jpg 1600w, https:\/\/pols.bilkent.edu.tr\/wp-content\/uploads\/2024\/12\/IMG_0431-800x600.jpg 800w, https:\/\/pols.bilkent.edu.tr\/wp-content\/uploads\/2024\/12\/IMG_0431-580x435.jpg 580w\" sizes=\"(max-width: 1024px) 100vw, 1024px\" \/><\/figure>\n\n\n\n<figure class=\"wp-block-image size-large\"><img loading=\"lazy\" width=\"1024\" height=\"768\" data-id=\"3213\"  src=\"https:\/\/pols.bilkent.edu.tr\/wp-content\/uploads\/2024\/12\/IMG_0437-1024x768.jpg\" alt=\"\" class=\"wp-image-3213\" srcset=\"https:\/\/pols.bilkent.edu.tr\/wp-content\/uploads\/2024\/12\/IMG_0437-1024x768.jpg 1024w, https:\/\/pols.bilkent.edu.tr\/wp-content\/uploads\/2024\/12\/IMG_0437-300x225.jpg 300w, https:\/\/pols.bilkent.edu.tr\/wp-content\/uploads\/2024\/12\/IMG_0437-768x576.jpg 768w, https:\/\/pols.bilkent.edu.tr\/wp-content\/uploads\/2024\/12\/IMG_0437-1536x1152.jpg 1536w, https:\/\/pols.bilkent.edu.tr\/wp-content\/uploads\/2024\/12\/IMG_0437-2048x1536.jpg 2048w, https:\/\/pols.bilkent.edu.tr\/wp-content\/uploads\/2024\/12\/IMG_0437-73x55.jpg 73w, https:\/\/pols.bilkent.edu.tr\/wp-content\/uploads\/2024\/12\/IMG_0437-1600x1200.jpg 1600w, https:\/\/pols.bilkent.edu.tr\/wp-content\/uploads\/2024\/12\/IMG_0437-800x600.jpg 800w, https:\/\/pols.bilkent.edu.tr\/wp-content\/uploads\/2024\/12\/IMG_0437-580x435.jpg 580w\" sizes=\"(max-width: 1024px) 100vw, 1024px\" \/><\/figure>\n\n\n\n<figure class=\"wp-block-image size-large\"><img loading=\"lazy\" width=\"1024\" height=\"768\" data-id=\"3202\"  src=\"https:\/\/pols.bilkent.edu.tr\/wp-content\/uploads\/2024\/12\/IMG_0453-1024x768.jpg\" alt=\"\" class=\"wp-image-3202\" srcset=\"https:\/\/pols.bilkent.edu.tr\/wp-content\/uploads\/2024\/12\/IMG_0453-1024x768.jpg 1024w, https:\/\/pols.bilkent.edu.tr\/wp-content\/uploads\/2024\/12\/IMG_0453-300x225.jpg 300w, https:\/\/pols.bilkent.edu.tr\/wp-content\/uploads\/2024\/12\/IMG_0453-768x576.jpg 768w, https:\/\/pols.bilkent.edu.tr\/wp-content\/uploads\/2024\/12\/IMG_0453-1536x1152.jpg 1536w, https:\/\/pols.bilkent.edu.tr\/wp-content\/uploads\/2024\/12\/IMG_0453-2048x1536.jpg 2048w, https:\/\/pols.bilkent.edu.tr\/wp-content\/uploads\/2024\/12\/IMG_0453-73x55.jpg 73w, https:\/\/pols.bilkent.edu.tr\/wp-content\/uploads\/2024\/12\/IMG_0453-1600x1200.jpg 1600w, https:\/\/pols.bilkent.edu.tr\/wp-content\/uploads\/2024\/12\/IMG_0453-800x600.jpg 800w, https:\/\/pols.bilkent.edu.tr\/wp-content\/uploads\/2024\/12\/IMG_0453-580x435.jpg 580w\" sizes=\"(max-width: 1024px) 100vw, 1024px\" \/><\/figure>\n\n\n\n<figure class=\"wp-block-image size-large\"><img loading=\"lazy\" width=\"1024\" height=\"768\" data-id=\"3201\"  src=\"https:\/\/pols.bilkent.edu.tr\/wp-content\/uploads\/2024\/12\/IMG_0458-1024x768.jpg\" alt=\"\" class=\"wp-image-3201\" srcset=\"https:\/\/pols.bilkent.edu.tr\/wp-content\/uploads\/2024\/12\/IMG_0458-1024x768.jpg 1024w, https:\/\/pols.bilkent.edu.tr\/wp-content\/uploads\/2024\/12\/IMG_0458-300x225.jpg 300w, https:\/\/pols.bilkent.edu.tr\/wp-content\/uploads\/2024\/12\/IMG_0458-768x576.jpg 768w, https:\/\/pols.bilkent.edu.tr\/wp-content\/uploads\/2024\/12\/IMG_0458-1536x1152.jpg 1536w, https:\/\/pols.bilkent.edu.tr\/wp-content\/uploads\/2024\/12\/IMG_0458-2048x1536.jpg 2048w, https:\/\/pols.bilkent.edu.tr\/wp-content\/uploads\/2024\/12\/IMG_0458-73x55.jpg 73w, https:\/\/pols.bilkent.edu.tr\/wp-content\/uploads\/2024\/12\/IMG_0458-1600x1200.jpg 1600w, https:\/\/pols.bilkent.edu.tr\/wp-content\/uploads\/2024\/12\/IMG_0458-800x600.jpg 800w, https:\/\/pols.bilkent.edu.tr\/wp-content\/uploads\/2024\/12\/IMG_0458-580x435.jpg 580w\" sizes=\"(max-width: 1024px) 100vw, 1024px\" \/><\/figure>\n\n\n\n<figure class=\"wp-block-image size-large\"><img loading=\"lazy\" width=\"1024\" height=\"768\" data-id=\"3204\"  src=\"https:\/\/pols.bilkent.edu.tr\/wp-content\/uploads\/2024\/12\/IMG_0490-1024x768.jpg\" alt=\"\" class=\"wp-image-3204\" srcset=\"https:\/\/pols.bilkent.edu.tr\/wp-content\/uploads\/2024\/12\/IMG_0490-1024x768.jpg 1024w, https:\/\/pols.bilkent.edu.tr\/wp-content\/uploads\/2024\/12\/IMG_0490-300x225.jpg 300w, https:\/\/pols.bilkent.edu.tr\/wp-content\/uploads\/2024\/12\/IMG_0490-768x576.jpg 768w, https:\/\/pols.bilkent.edu.tr\/wp-content\/uploads\/2024\/12\/IMG_0490-1536x1152.jpg 1536w, https:\/\/pols.bilkent.edu.tr\/wp-content\/uploads\/2024\/12\/IMG_0490-2048x1536.jpg 2048w, https:\/\/pols.bilkent.edu.tr\/wp-content\/uploads\/2024\/12\/IMG_0490-73x55.jpg 73w, https:\/\/pols.bilkent.edu.tr\/wp-content\/uploads\/2024\/12\/IMG_0490-1600x1200.jpg 1600w, https:\/\/pols.bilkent.edu.tr\/wp-content\/uploads\/2024\/12\/IMG_0490-800x600.jpg 800w, https:\/\/pols.bilkent.edu.tr\/wp-content\/uploads\/2024\/12\/IMG_0490-580x435.jpg 580w\" sizes=\"(max-width: 1024px) 100vw, 1024px\" \/><\/figure>\n\n\n\n<figure class=\"wp-block-image size-large\"><img loading=\"lazy\" width=\"1024\" height=\"768\" data-id=\"3205\"  src=\"https:\/\/pols.bilkent.edu.tr\/wp-content\/uploads\/2024\/12\/IMG_0523-1-1024x768.jpg\" alt=\"\" class=\"wp-image-3205\" srcset=\"https:\/\/pols.bilkent.edu.tr\/wp-content\/uploads\/2024\/12\/IMG_0523-1-1024x768.jpg 1024w, https:\/\/pols.bilkent.edu.tr\/wp-content\/uploads\/2024\/12\/IMG_0523-1-300x225.jpg 300w, https:\/\/pols.bilkent.edu.tr\/wp-content\/uploads\/2024\/12\/IMG_0523-1-768x576.jpg 768w, https:\/\/pols.bilkent.edu.tr\/wp-content\/uploads\/2024\/12\/IMG_0523-1-1536x1152.jpg 1536w, https:\/\/pols.bilkent.edu.tr\/wp-content\/uploads\/2024\/12\/IMG_0523-1-2048x1536.jpg 2048w, https:\/\/pols.bilkent.edu.tr\/wp-content\/uploads\/2024\/12\/IMG_0523-1-73x55.jpg 73w, https:\/\/pols.bilkent.edu.tr\/wp-content\/uploads\/2024\/12\/IMG_0523-1-1600x1200.jpg 1600w, https:\/\/pols.bilkent.edu.tr\/wp-content\/uploads\/2024\/12\/IMG_0523-1-800x600.jpg 800w, https:\/\/pols.bilkent.edu.tr\/wp-content\/uploads\/2024\/12\/IMG_0523-1-580x435.jpg 580w\" sizes=\"(max-width: 1024px) 100vw, 1024px\" \/><\/figure>\n\n\n\n<figure class=\"wp-block-image size-large\"><img loading=\"lazy\" width=\"1024\" height=\"768\" data-id=\"3209\"  src=\"https:\/\/pols.bilkent.edu.tr\/wp-content\/uploads\/2024\/12\/IMG_0551-1024x768.jpg\" alt=\"\" class=\"wp-image-3209\" srcset=\"https:\/\/pols.bilkent.edu.tr\/wp-content\/uploads\/2024\/12\/IMG_0551-1024x768.jpg 1024w, https:\/\/pols.bilkent.edu.tr\/wp-content\/uploads\/2024\/12\/IMG_0551-300x225.jpg 300w, https:\/\/pols.bilkent.edu.tr\/wp-content\/uploads\/2024\/12\/IMG_0551-768x576.jpg 768w, https:\/\/pols.bilkent.edu.tr\/wp-content\/uploads\/2024\/12\/IMG_0551-1536x1152.jpg 1536w, https:\/\/pols.bilkent.edu.tr\/wp-content\/uploads\/2024\/12\/IMG_0551-2048x1536.jpg 2048w, https:\/\/pols.bilkent.edu.tr\/wp-content\/uploads\/2024\/12\/IMG_0551-73x55.jpg 73w, https:\/\/pols.bilkent.edu.tr\/wp-content\/uploads\/2024\/12\/IMG_0551-1600x1200.jpg 1600w, https:\/\/pols.bilkent.edu.tr\/wp-content\/uploads\/2024\/12\/IMG_0551-800x600.jpg 800w, https:\/\/pols.bilkent.edu.tr\/wp-content\/uploads\/2024\/12\/IMG_0551-580x435.jpg 580w\" sizes=\"(max-width: 1024px) 100vw, 1024px\" \/><\/figure>\n\n\n\n<figure class=\"wp-block-image size-large\"><img loading=\"lazy\" width=\"1024\" height=\"768\" data-id=\"3206\"  src=\"https:\/\/pols.bilkent.edu.tr\/wp-content\/uploads\/2024\/12\/IMG_0567-1-1024x768.jpg\" alt=\"\" class=\"wp-image-3206\" srcset=\"https:\/\/pols.bilkent.edu.tr\/wp-content\/uploads\/2024\/12\/IMG_0567-1-1024x768.jpg 1024w, https:\/\/pols.bilkent.edu.tr\/wp-content\/uploads\/2024\/12\/IMG_0567-1-300x225.jpg 300w, https:\/\/pols.bilkent.edu.tr\/wp-content\/uploads\/2024\/12\/IMG_0567-1-768x576.jpg 768w, https:\/\/pols.bilkent.edu.tr\/wp-content\/uploads\/2024\/12\/IMG_0567-1-1536x1152.jpg 1536w, https:\/\/pols.bilkent.edu.tr\/wp-content\/uploads\/2024\/12\/IMG_0567-1-2048x1536.jpg 2048w, https:\/\/pols.bilkent.edu.tr\/wp-content\/uploads\/2024\/12\/IMG_0567-1-73x55.jpg 73w, https:\/\/pols.bilkent.edu.tr\/wp-content\/uploads\/2024\/12\/IMG_0567-1-1600x1200.jpg 1600w, https:\/\/pols.bilkent.edu.tr\/wp-content\/uploads\/2024\/12\/IMG_0567-1-800x600.jpg 800w, https:\/\/pols.bilkent.edu.tr\/wp-content\/uploads\/2024\/12\/IMG_0567-1-580x435.jpg 580w\" sizes=\"(max-width: 1024px) 100vw, 1024px\" \/><\/figure>\n\n\n\n<figure class=\"wp-block-image size-large\"><img loading=\"lazy\" width=\"1024\" height=\"768\" data-id=\"3207\"  src=\"https:\/\/pols.bilkent.edu.tr\/wp-content\/uploads\/2024\/12\/IMG_0572-1024x768.jpg\" alt=\"\" class=\"wp-image-3207\" srcset=\"https:\/\/pols.bilkent.edu.tr\/wp-content\/uploads\/2024\/12\/IMG_0572-1024x768.jpg 1024w, https:\/\/pols.bilkent.edu.tr\/wp-content\/uploads\/2024\/12\/IMG_0572-300x225.jpg 300w, https:\/\/pols.bilkent.edu.tr\/wp-content\/uploads\/2024\/12\/IMG_0572-768x576.jpg 768w, https:\/\/pols.bilkent.edu.tr\/wp-content\/uploads\/2024\/12\/IMG_0572-1536x1152.jpg 1536w, https:\/\/pols.bilkent.edu.tr\/wp-content\/uploads\/2024\/12\/IMG_0572-2048x1536.jpg 2048w, https:\/\/pols.bilkent.edu.tr\/wp-content\/uploads\/2024\/12\/IMG_0572-73x55.jpg 73w, https:\/\/pols.bilkent.edu.tr\/wp-content\/uploads\/2024\/12\/IMG_0572-1600x1200.jpg 1600w, https:\/\/pols.bilkent.edu.tr\/wp-content\/uploads\/2024\/12\/IMG_0572-800x600.jpg 800w, https:\/\/pols.bilkent.edu.tr\/wp-content\/uploads\/2024\/12\/IMG_0572-580x435.jpg 580w\" sizes=\"(max-width: 1024px) 100vw, 1024px\" \/><\/figure>\n\n\n\n<figure class=\"wp-block-image size-large\"><img loading=\"lazy\" width=\"1024\" height=\"768\" data-id=\"3215\"  src=\"https:\/\/pols.bilkent.edu.tr\/wp-content\/uploads\/2024\/12\/IMG_0588-1024x768.jpg\" alt=\"\" class=\"wp-image-3215\" srcset=\"https:\/\/pols.bilkent.edu.tr\/wp-content\/uploads\/2024\/12\/IMG_0588-1024x768.jpg 1024w, https:\/\/pols.bilkent.edu.tr\/wp-content\/uploads\/2024\/12\/IMG_0588-300x225.jpg 300w, https:\/\/pols.bilkent.edu.tr\/wp-content\/uploads\/2024\/12\/IMG_0588-768x576.jpg 768w, https:\/\/pols.bilkent.edu.tr\/wp-content\/uploads\/2024\/12\/IMG_0588-1536x1152.jpg 1536w, https:\/\/pols.bilkent.edu.tr\/wp-content\/uploads\/2024\/12\/IMG_0588-2048x1536.jpg 2048w, https:\/\/pols.bilkent.edu.tr\/wp-content\/uploads\/2024\/12\/IMG_0588-73x55.jpg 73w, https:\/\/pols.bilkent.edu.tr\/wp-content\/uploads\/2024\/12\/IMG_0588-1600x1200.jpg 1600w, https:\/\/pols.bilkent.edu.tr\/wp-content\/uploads\/2024\/12\/IMG_0588-800x600.jpg 800w, https:\/\/pols.bilkent.edu.tr\/wp-content\/uploads\/2024\/12\/IMG_0588-580x435.jpg 580w\" sizes=\"(max-width: 1024px) 100vw, 1024px\" \/><\/figure>\n\n\n\n<figure class=\"wp-block-image size-large\"><img loading=\"lazy\" width=\"1024\" height=\"768\" data-id=\"3210\"  src=\"https:\/\/pols.bilkent.edu.tr\/wp-content\/uploads\/2024\/12\/IMG_0602-1024x768.jpg\" alt=\"\" class=\"wp-image-3210\" srcset=\"https:\/\/pols.bilkent.edu.tr\/wp-content\/uploads\/2024\/12\/IMG_0602-1024x768.jpg 1024w, https:\/\/pols.bilkent.edu.tr\/wp-content\/uploads\/2024\/12\/IMG_0602-300x225.jpg 300w, https:\/\/pols.bilkent.edu.tr\/wp-content\/uploads\/2024\/12\/IMG_0602-768x576.jpg 768w, https:\/\/pols.bilkent.edu.tr\/wp-content\/uploads\/2024\/12\/IMG_0602-1536x1152.jpg 1536w, https:\/\/pols.bilkent.edu.tr\/wp-content\/uploads\/2024\/12\/IMG_0602-2048x1536.jpg 2048w, https:\/\/pols.bilkent.edu.tr\/wp-content\/uploads\/2024\/12\/IMG_0602-73x55.jpg 73w, https:\/\/pols.bilkent.edu.tr\/wp-content\/uploads\/2024\/12\/IMG_0602-1600x1200.jpg 1600w, https:\/\/pols.bilkent.edu.tr\/wp-content\/uploads\/2024\/12\/IMG_0602-800x600.jpg 800w, https:\/\/pols.bilkent.edu.tr\/wp-content\/uploads\/2024\/12\/IMG_0602-580x435.jpg 580w\" sizes=\"(max-width: 1024px) 100vw, 1024px\" \/><\/figure>\n<figcaption class=\"blocks-gallery-caption\">Photos by Aras Karl\u0131da\u011f and Rodi \u015eiyar Arserim.<\/figcaption><\/figure>\n","protected":false},"excerpt":{"rendered":"","protected":false},"author":1,"featured_media":3199,"parent":0,"menu_order":0,"comment_status":"closed","ping_status":"closed","template":"","meta":[],"_links":{"self":[{"href":"https:\/\/pols.bilkent.edu.tr\/index.php\/wp-json\/wp\/v2\/pages\/3190"}],"collection":[{"href":"https:\/\/pols.bilkent.edu.tr\/index.php\/wp-json\/wp\/v2\/pages"}],"about":[{"href":"https:\/\/pols.bilkent.edu.tr\/index.php\/wp-json\/wp\/v2\/types\/page"}],"author":[{"embeddable":true,"href":"https:\/\/pols.bilkent.edu.tr\/index.php\/wp-json\/wp\/v2\/users\/1"}],"replies":[{"embeddable":true,"href":"https:\/\/pols.bilkent.edu.tr\/index.php\/wp-json\/wp\/v2\/comments?post=3190"}],"version-history":[{"count":7,"href":"https:\/\/pols.bilkent.edu.tr\/index.php\/wp-json\/wp\/v2\/pages\/3190\/revisions"}],"predecessor-version":[{"id":3841,"href":"https:\/\/pols.bilkent.edu.tr\/index.php\/wp-json\/wp\/v2\/pages\/3190\/revisions\/3841"}],"wp:featuredmedia":[{"embeddable":true,"href":"https:\/\/pols.bilkent.edu.tr\/index.php\/wp-json\/wp\/v2\/media\/3199"}],"wp:attachment":[{"href":"https:\/\/pols.bilkent.edu.tr\/index.php\/wp-json\/wp\/v2\/media?parent=3190"}],"curies":[{"name":"wp","href":"https:\/\/api.w.org\/{rel}","templated":true}]}}