{"id":2715,"date":"2024-03-11T17:28:34","date_gmt":"2024-03-11T14:28:34","guid":{"rendered":"https:\/\/pols.bilkent.edu.tr\/?page_id=2715"},"modified":"2025-10-22T09:34:24","modified_gmt":"2025-10-22T06:34:24","slug":"pols-agora-2","status":"publish","type":"page","link":"https:\/\/pols.bilkent.edu.tr\/index.php\/pols-agora-2\/","title":{"rendered":"POLS Agora"},"content":{"rendered":"\n<div class=\"wp-block-media-text alignwide is-stacked-on-mobile\" style=\"grid-template-columns:30% auto\"><figure class=\"wp-block-media-text__media\"><img loading=\"lazy\" width=\"724\" height=\"1024\" src=\"https:\/\/pols.bilkent.edu.tr\/wp-content\/uploads\/2025\/10\/ege-erkocak-pols-agora-acdam-724x1024.jpg\" alt=\"\" class=\"wp-image-3803 size-full\" srcset=\"https:\/\/pols.bilkent.edu.tr\/wp-content\/uploads\/2025\/10\/ege-erkocak-pols-agora-acdam-724x1024.jpg 724w, https:\/\/pols.bilkent.edu.tr\/wp-content\/uploads\/2025\/10\/ege-erkocak-pols-agora-acdam-212x300.jpg 212w, https:\/\/pols.bilkent.edu.tr\/wp-content\/uploads\/2025\/10\/ege-erkocak-pols-agora-acdam-768x1086.jpg 768w, https:\/\/pols.bilkent.edu.tr\/wp-content\/uploads\/2025\/10\/ege-erkocak-pols-agora-acdam-1086x1536.jpg 1086w, https:\/\/pols.bilkent.edu.tr\/wp-content\/uploads\/2025\/10\/ege-erkocak-pols-agora-acdam-39x55.jpg 39w, https:\/\/pols.bilkent.edu.tr\/wp-content\/uploads\/2025\/10\/ege-erkocak-pols-agora-acdam-800x1132.jpg 800w, https:\/\/pols.bilkent.edu.tr\/wp-content\/uploads\/2025\/10\/ege-erkocak-pols-agora-acdam-580x821.jpg 580w, https:\/\/pols.bilkent.edu.tr\/wp-content\/uploads\/2025\/10\/ege-erkocak-pols-agora-acdam.jpg 1131w\" sizes=\"(max-width: 724px) 100vw, 724px\" \/><\/figure><div class=\"wp-block-media-text__content\">\n<p><strong>Talk: <\/strong>Cumhuriyetin Y\u00fcz\u00fcnc\u00fc Y\u0131l\u0131nda Kamu Politikas\u0131 Kapasitesi: ABGS&#8217;den AB Ba\u015fkanl\u0131\u011f\u0131na<\/p>\n\n\n\n<p><strong>Speaker:<\/strong> Ege Erko\u00e7ak, Ministry of Foreign Affairs Directorate for EU Affairs <\/p>\n\n\n\n<p><strong>Date &amp; Time:<\/strong> 23 Ekim 2025, 12:30<br><strong>Place: <\/strong>A-129B<\/p>\n<\/div><\/div>\n\n\n\n<div style=\"height:100px\" aria-hidden=\"true\" class=\"wp-block-spacer\"><\/div>\n\n\n\n<div class=\"wp-block-media-text alignwide is-stacked-on-mobile\" style=\"grid-template-columns:30% auto\"><figure class=\"wp-block-media-text__media\"><img loading=\"lazy\" width=\"724\" height=\"1024\" src=\"https:\/\/pols.bilkent.edu.tr\/wp-content\/uploads\/2024\/11\/pols-agora2-724x1024.jpg\" alt=\"\" class=\"wp-image-3084 size-full\" srcset=\"https:\/\/pols.bilkent.edu.tr\/wp-content\/uploads\/2024\/11\/pols-agora2-724x1024.jpg 724w, https:\/\/pols.bilkent.edu.tr\/wp-content\/uploads\/2024\/11\/pols-agora2-212x300.jpg 212w, https:\/\/pols.bilkent.edu.tr\/wp-content\/uploads\/2024\/11\/pols-agora2-768x1086.jpg 768w, https:\/\/pols.bilkent.edu.tr\/wp-content\/uploads\/2024\/11\/pols-agora2-1086x1536.jpg 1086w, https:\/\/pols.bilkent.edu.tr\/wp-content\/uploads\/2024\/11\/pols-agora2-39x55.jpg 39w, https:\/\/pols.bilkent.edu.tr\/wp-content\/uploads\/2024\/11\/pols-agora2-800x1132.jpg 800w, https:\/\/pols.bilkent.edu.tr\/wp-content\/uploads\/2024\/11\/pols-agora2-580x821.jpg 580w, https:\/\/pols.bilkent.edu.tr\/wp-content\/uploads\/2024\/11\/pols-agora2.jpg 1131w\" sizes=\"(max-width: 724px) 100vw, 724px\" \/><\/figure><div class=\"wp-block-media-text__content\">\n<p><strong>Talk: <\/strong>ABD Se\u00e7imlerinden Ne \u00d6\u011frendik?<\/p>\n\n\n\n<p><strong>Speakers:<\/strong> Ersel Ayd\u0131nl\u0131, \u00d6zg\u00fcr \u00d6zdamar, Ioannis Grigoriadis, Meral U\u011fur \u00c7\u0131nar, Se\u00e7kin K\u00f6stem, Kerem Y\u0131ld\u0131r\u0131m <\/p>\n\n\n\n<p><strong>Date &amp; Time:<\/strong> Monday, November 11, 2024, 16:30 p.m.<br><strong>Place: <\/strong>A-130<\/p>\n<\/div><\/div>\n\n\n\n<div style=\"height:100px\" aria-hidden=\"true\" class=\"wp-block-spacer\"><\/div>\n\n\n\n<div class=\"wp-block-media-text alignwide is-stacked-on-mobile\" style=\"grid-template-columns:30% auto\"><figure class=\"wp-block-media-text__media\"><img loading=\"lazy\" width=\"724\" height=\"1024\" src=\"https:\/\/pols.bilkent.edu.tr\/wp-content\/uploads\/2024\/11\/pols-agora1-724x1024.jpg\" alt=\"\" class=\"wp-image-3083 size-full\" srcset=\"https:\/\/pols.bilkent.edu.tr\/wp-content\/uploads\/2024\/11\/pols-agora1-724x1024.jpg 724w, https:\/\/pols.bilkent.edu.tr\/wp-content\/uploads\/2024\/11\/pols-agora1-212x300.jpg 212w, https:\/\/pols.bilkent.edu.tr\/wp-content\/uploads\/2024\/11\/pols-agora1-768x1086.jpg 768w, https:\/\/pols.bilkent.edu.tr\/wp-content\/uploads\/2024\/11\/pols-agora1-1086x1536.jpg 1086w, https:\/\/pols.bilkent.edu.tr\/wp-content\/uploads\/2024\/11\/pols-agora1-39x55.jpg 39w, https:\/\/pols.bilkent.edu.tr\/wp-content\/uploads\/2024\/11\/pols-agora1-800x1132.jpg 800w, https:\/\/pols.bilkent.edu.tr\/wp-content\/uploads\/2024\/11\/pols-agora1-580x821.jpg 580w, https:\/\/pols.bilkent.edu.tr\/wp-content\/uploads\/2024\/11\/pols-agora1.jpg 1131w\" sizes=\"(max-width: 724px) 100vw, 724px\" \/><\/figure><div class=\"wp-block-media-text__content\">\n<p><strong>Talk: <\/strong>What&#8217;s in a date? October 7, 2023, before and after<\/p>\n\n\n\n<p><strong>Speaker:<\/strong> Prof. Dr. Jeremy Salt<\/p>\n\n\n\n<p><strong>Date &amp; Time:<\/strong> Monday, November 11, 2024, 12:30 p.m.<br><strong>Place: <\/strong>A-130<\/p>\n<\/div><\/div>\n\n\n\n<div style=\"height:100px\" aria-hidden=\"true\" class=\"wp-block-spacer\"><\/div>\n\n\n\n<div class=\"wp-block-media-text alignwide is-stacked-on-mobile\" style=\"grid-template-columns:30% auto\"><figure class=\"wp-block-media-text__media\"><img loading=\"lazy\" width=\"724\" height=\"1024\" src=\"https:\/\/pols.bilkent.edu.tr\/wp-content\/uploads\/2024\/10\/WhatsApp-Image-2024-10-15-at-14.26.21-724x1024.jpeg\" alt=\"\" class=\"wp-image-3028 size-full\" srcset=\"https:\/\/pols.bilkent.edu.tr\/wp-content\/uploads\/2024\/10\/WhatsApp-Image-2024-10-15-at-14.26.21-724x1024.jpeg 724w, https:\/\/pols.bilkent.edu.tr\/wp-content\/uploads\/2024\/10\/WhatsApp-Image-2024-10-15-at-14.26.21-212x300.jpeg 212w, https:\/\/pols.bilkent.edu.tr\/wp-content\/uploads\/2024\/10\/WhatsApp-Image-2024-10-15-at-14.26.21-768x1086.jpeg 768w, https:\/\/pols.bilkent.edu.tr\/wp-content\/uploads\/2024\/10\/WhatsApp-Image-2024-10-15-at-14.26.21-1086x1536.jpeg 1086w, https:\/\/pols.bilkent.edu.tr\/wp-content\/uploads\/2024\/10\/WhatsApp-Image-2024-10-15-at-14.26.21-39x55.jpeg 39w, https:\/\/pols.bilkent.edu.tr\/wp-content\/uploads\/2024\/10\/WhatsApp-Image-2024-10-15-at-14.26.21-800x1132.jpeg 800w, https:\/\/pols.bilkent.edu.tr\/wp-content\/uploads\/2024\/10\/WhatsApp-Image-2024-10-15-at-14.26.21-580x821.jpeg 580w, https:\/\/pols.bilkent.edu.tr\/wp-content\/uploads\/2024\/10\/WhatsApp-Image-2024-10-15-at-14.26.21.jpeg 1131w\" sizes=\"(max-width: 724px) 100vw, 724px\" \/><\/figure><div class=\"wp-block-media-text__content\">\n<p><strong>Talk: <\/strong>Veriler I\u015f\u0131\u011f\u0131nda T\u00fcrkiye&#8217;de Cinsiyet E\u015fitsizli\u011fi ve Kad\u0131n Cinayetleri<\/p>\n\n\n\n<p><strong>Speaker:<\/strong> Tuana Gen\u00e7er (Kad\u0131n Cinayetlerini Durduraca\u011f\u0131z Platformu Ankara Temsilcisi)<\/p>\n\n\n\n<p><strong>Date &amp; Time:<\/strong> Thursday, October 17, 2024, 12:30 p.m.<br><strong>Place: <\/strong>C Block Amphitheater<\/p>\n<\/div><\/div>\n\n\n\n<div style=\"height:100px\" aria-hidden=\"true\" class=\"wp-block-spacer\"><\/div>\n\n\n\n<div class=\"wp-block-media-text alignwide is-stacked-on-mobile\" style=\"grid-template-columns:30% auto\"><figure class=\"wp-block-media-text__media\"><img loading=\"lazy\" width=\"724\" height=\"1024\" src=\"https:\/\/pols.bilkent.edu.tr\/wp-content\/uploads\/2024\/03\/sabancioglu.poster-1-724x1024.jpeg\" alt=\"\" class=\"wp-image-2716 size-full\" srcset=\"https:\/\/pols.bilkent.edu.tr\/wp-content\/uploads\/2024\/03\/sabancioglu.poster-1-724x1024.jpeg 724w, https:\/\/pols.bilkent.edu.tr\/wp-content\/uploads\/2024\/03\/sabancioglu.poster-1-212x300.jpeg 212w, https:\/\/pols.bilkent.edu.tr\/wp-content\/uploads\/2024\/03\/sabancioglu.poster-1-768x1086.jpeg 768w, https:\/\/pols.bilkent.edu.tr\/wp-content\/uploads\/2024\/03\/sabancioglu.poster-1-1086x1536.jpeg 1086w, https:\/\/pols.bilkent.edu.tr\/wp-content\/uploads\/2024\/03\/sabancioglu.poster-1-39x55.jpeg 39w, https:\/\/pols.bilkent.edu.tr\/wp-content\/uploads\/2024\/03\/sabancioglu.poster-1-800x1132.jpeg 800w, https:\/\/pols.bilkent.edu.tr\/wp-content\/uploads\/2024\/03\/sabancioglu.poster-1-580x821.jpeg 580w, https:\/\/pols.bilkent.edu.tr\/wp-content\/uploads\/2024\/03\/sabancioglu.poster-1.jpeg 1131w\" sizes=\"(max-width: 724px) 100vw, 724px\" \/><\/figure><div class=\"wp-block-media-text__content\">\n<p><strong>Talk: <\/strong>Sahada: Cumhuriyetin Harc\u0131nda Bilim ve Kad\u0131nlar<\/p>\n\n\n\n<p><strong>Speaker:<\/strong> M\u00fcsemma Sabanc\u0131o\u011flu, Social Sciences Editor of Sarka\u00e7 (Bilim Akademisi)<\/p>\n\n\n\n<p><strong>Date &amp; Time:<\/strong> Wednesday, March 13, 2024, 12:30 p.m.<br><strong>Place: <\/strong>Bilkent University Library Art Gallery<\/p>\n<\/div><\/div>\n","protected":false},"excerpt":{"rendered":"<p>Talk: Cumhuriyetin Y\u00fcz\u00fcnc\u00fc Y\u0131l\u0131nda Kamu Politikas\u0131 Kapasitesi: ABGS&#8217;den AB Ba\u015fkanl\u0131\u011f\u0131na Speaker: Ege Erko\u00e7ak, Ministry of Foreign Affairs Directorate for EU Affairs Date &amp; Time: 23 Ekim 2025, 12:30Place: A-129B Talk: ABD Se\u00e7imlerinden Ne \u00d6\u011frendik? Speakers: Ersel Ayd\u0131nl\u0131, \u00d6zg\u00fcr \u00d6zdamar, Ioannis Grigoriadis, Meral U\u011fur \u00c7\u0131nar, Se\u00e7kin K\u00f6stem, Kerem Y\u0131ld\u0131r\u0131m Date &amp; [\u2026] <\/p>\n<div class=\"clear\"><\/div>\n<p><a class=\"more_link clearfix\" href=\"https:\/\/pols.bilkent.edu.tr\/index.php\/pols-agora-2\/\" rel=\"nofollow\">Read More<\/a><\/p>\n","protected":false},"author":1,"featured_media":0,"parent":0,"menu_order":0,"comment_status":"closed","ping_status":"closed","template":"","meta":[],"_links":{"self":[{"href":"https:\/\/pols.bilkent.edu.tr\/index.php\/wp-json\/wp\/v2\/pages\/2715"}],"collection":[{"href":"https:\/\/pols.bilkent.edu.tr\/index.php\/wp-json\/wp\/v2\/pages"}],"about":[{"href":"https:\/\/pols.bilkent.edu.tr\/index.php\/wp-json\/wp\/v2\/types\/page"}],"author":[{"embeddable":true,"href":"https:\/\/pols.bilkent.edu.tr\/index.php\/wp-json\/wp\/v2\/users\/1"}],"replies":[{"embeddable":true,"href":"https:\/\/pols.bilkent.edu.tr\/index.php\/wp-json\/wp\/v2\/comments?post=2715"}],"version-history":[{"count":9,"href":"https:\/\/pols.bilkent.edu.tr\/index.php\/wp-json\/wp\/v2\/pages\/2715\/revisions"}],"predecessor-version":[{"id":3808,"href":"https:\/\/pols.bilkent.edu.tr\/index.php\/wp-json\/wp\/v2\/pages\/2715\/revisions\/3808"}],"wp:attachment":[{"href":"https:\/\/pols.bilkent.edu.tr\/index.php\/wp-json\/wp\/v2\/media?parent=2715"}],"curies":[{"name":"wp","href":"https:\/\/api.w.org\/{rel}","templated":true}]}}