{"id":2647,"date":"2024-02-27T16:37:05","date_gmt":"2024-02-27T13:37:05","guid":{"rendered":"https:\/\/pols.bilkent.edu.tr\/?page_id=2647"},"modified":"2025-05-08T14:55:34","modified_gmt":"2025-05-08T11:55:34","slug":"bilkent-pols-profesyonel-gelisim-egitimleri","status":"publish","type":"page","link":"https:\/\/pols.bilkent.edu.tr\/index.php\/tr\/bilkent-pols-profesyonel-gelisim-egitimleri\/","title":{"rendered":"Bilkent POLS Profesyonel Geli\u015fim E\u011fitimleri"},"content":{"rendered":"\n<div class=\"wp-block-media-text alignwide is-stacked-on-mobile\" style=\"grid-template-columns:30% auto\"><figure class=\"wp-block-media-text__media\"><img loading=\"lazy\" width=\"724\" height=\"1024\" src=\"https:\/\/pols.bilkent.edu.tr\/wp-content\/uploads\/2024\/12\/Pols-Talks-Banner-Applied-Journalism-in-Political-Science-2-800x1132-1-724x1024.jpg\" alt=\"\" class=\"wp-image-3317 size-full\" srcset=\"https:\/\/pols.bilkent.edu.tr\/wp-content\/uploads\/2024\/12\/Pols-Talks-Banner-Applied-Journalism-in-Political-Science-2-800x1132-1-724x1024.jpg 724w, https:\/\/pols.bilkent.edu.tr\/wp-content\/uploads\/2024\/12\/Pols-Talks-Banner-Applied-Journalism-in-Political-Science-2-800x1132-1-212x300.jpg 212w, https:\/\/pols.bilkent.edu.tr\/wp-content\/uploads\/2024\/12\/Pols-Talks-Banner-Applied-Journalism-in-Political-Science-2-800x1132-1-768x1087.jpg 768w, https:\/\/pols.bilkent.edu.tr\/wp-content\/uploads\/2024\/12\/Pols-Talks-Banner-Applied-Journalism-in-Political-Science-2-800x1132-1-39x55.jpg 39w, https:\/\/pols.bilkent.edu.tr\/wp-content\/uploads\/2024\/12\/Pols-Talks-Banner-Applied-Journalism-in-Political-Science-2-800x1132-1-580x821.jpg 580w, https:\/\/pols.bilkent.edu.tr\/wp-content\/uploads\/2024\/12\/Pols-Talks-Banner-Applied-Journalism-in-Political-Science-2-800x1132-1.jpg 800w\" sizes=\"(max-width: 724px) 100vw, 724px\" \/><\/figure><div class=\"wp-block-media-text__content\">\n<p><strong>E\u011fitim<\/strong>: <a href=\"https:\/\/pols.bilkent.edu.tr\/index.php\/2024\/11\/30\/pols-professional-development-training-applied-journalism-in-political-science\/\" data-type=\"URL\" data-id=\"https:\/\/pols.bilkent.edu.tr\/index.php\/2024\/11\/30\/pols-professional-development-training-applied-journalism-in-political-science\/\" target=\"_blank\" rel=\"noreferrer noopener\">Si\u0307yaset Bi\u0307li\u0307mi\u0307nde Uygulamal\u0131 Gazeteci\u0307li\u0307k<\/a><\/p>\n\n\n\n<p><strong>Tarih<\/strong>: 26 Kas\u0131m \u2013 17 Aral\u0131k Sal\u0131 18.00 \u2013 20.00<\/p>\n\n\n\n<p><strong>Yer<\/strong>: AZ25<\/p>\n<\/div><\/div>\n\n\n\n<div style=\"height:61px\" aria-hidden=\"true\" class=\"wp-block-spacer\"><\/div>\n\n\n\n<div class=\"wp-block-media-text alignwide is-stacked-on-mobile\" style=\"grid-template-columns:30% auto\"><figure class=\"wp-block-media-text__media\"><img loading=\"lazy\" width=\"724\" height=\"1024\" src=\"https:\/\/pols.bilkent.edu.tr\/wp-content\/uploads\/2025\/05\/Pols-Talks-Banner-Conducting-Survey-Experiments-1-724x1024.jpg\" alt=\"\" class=\"wp-image-3455 size-full\" srcset=\"https:\/\/pols.bilkent.edu.tr\/wp-content\/uploads\/2025\/05\/Pols-Talks-Banner-Conducting-Survey-Experiments-1-724x1024.jpg 724w, https:\/\/pols.bilkent.edu.tr\/wp-content\/uploads\/2025\/05\/Pols-Talks-Banner-Conducting-Survey-Experiments-1-212x300.jpg 212w, https:\/\/pols.bilkent.edu.tr\/wp-content\/uploads\/2025\/05\/Pols-Talks-Banner-Conducting-Survey-Experiments-1-768x1087.jpg 768w, https:\/\/pols.bilkent.edu.tr\/wp-content\/uploads\/2025\/05\/Pols-Talks-Banner-Conducting-Survey-Experiments-1-39x55.jpg 39w, https:\/\/pols.bilkent.edu.tr\/wp-content\/uploads\/2025\/05\/Pols-Talks-Banner-Conducting-Survey-Experiments-1-800x1132.jpg 800w, https:\/\/pols.bilkent.edu.tr\/wp-content\/uploads\/2025\/05\/Pols-Talks-Banner-Conducting-Survey-Experiments-1-580x821.jpg 580w, https:\/\/pols.bilkent.edu.tr\/wp-content\/uploads\/2025\/05\/Pols-Talks-Banner-Conducting-Survey-Experiments-1.jpg 1050w\" sizes=\"(max-width: 724px) 100vw, 724px\" \/><\/figure><div class=\"wp-block-media-text__content\">\n<p><strong>E\u011fitim<\/strong>: Anket Deneyleri Y\u00fcr\u00fctmek <\/p>\n\n\n\n<p><strong>Tarih<\/strong>: 24-28 Haziran 2024<\/p>\n\n\n\n<p><strong>Yer<\/strong>: A-130<\/p>\n<\/div><\/div>\n\n\n\n<div style=\"height:61px\" aria-hidden=\"true\" class=\"wp-block-spacer\"><\/div>\n\n\n\n<div class=\"wp-block-media-text alignwide is-stacked-on-mobile\" style=\"grid-template-columns:30% auto\"><figure class=\"wp-block-media-text__media\"><img loading=\"lazy\" width=\"724\" height=\"1024\" src=\"https:\/\/pols.bilkent.edu.tr\/wp-content\/uploads\/2024\/12\/Pols-Talks-Banner-Project-Cycle-Managment-800x1132-2-724x1024.jpg\" alt=\"\" class=\"wp-image-3315 size-full\" srcset=\"https:\/\/pols.bilkent.edu.tr\/wp-content\/uploads\/2024\/12\/Pols-Talks-Banner-Project-Cycle-Managment-800x1132-2-724x1024.jpg 724w, https:\/\/pols.bilkent.edu.tr\/wp-content\/uploads\/2024\/12\/Pols-Talks-Banner-Project-Cycle-Managment-800x1132-2-212x300.jpg 212w, https:\/\/pols.bilkent.edu.tr\/wp-content\/uploads\/2024\/12\/Pols-Talks-Banner-Project-Cycle-Managment-800x1132-2-768x1087.jpg 768w, https:\/\/pols.bilkent.edu.tr\/wp-content\/uploads\/2024\/12\/Pols-Talks-Banner-Project-Cycle-Managment-800x1132-2-39x55.jpg 39w, https:\/\/pols.bilkent.edu.tr\/wp-content\/uploads\/2024\/12\/Pols-Talks-Banner-Project-Cycle-Managment-800x1132-2-580x821.jpg 580w, https:\/\/pols.bilkent.edu.tr\/wp-content\/uploads\/2024\/12\/Pols-Talks-Banner-Project-Cycle-Managment-800x1132-2.jpg 800w\" sizes=\"(max-width: 724px) 100vw, 724px\" \/><\/figure><div class=\"wp-block-media-text__content\">\n<p><strong>E\u011fitim<\/strong>: Proje D\u00f6ng\u00fcs\u00fc Y\u00f6netimi (PCM) ve Proje Haz\u0131rl\u0131\u011f\u0131 E\u011fitimi<\/p>\n\n\n\n<p><strong>Tarih<\/strong>: 4-7 Eyl\u00fcl 2023<\/p>\n\n\n\n<p><strong>Yer<\/strong>: \u0130\u0130SBF Binas\u0131<\/p>\n<\/div><\/div>\n","protected":false},"excerpt":{"rendered":"<p>E\u011fitim: Si\u0307yaset Bi\u0307li\u0307mi\u0307nde Uygulamal\u0131 Gazeteci\u0307li\u0307k Tarih: 26 Kas\u0131m \u2013 17 Aral\u0131k Sal\u0131 18.00 \u2013 20.00 Yer: AZ25 E\u011fitim: Anket Deneyleri Y\u00fcr\u00fctmek Tarih: 24-28 Haziran 2024 Yer: A-130 E\u011fitim: Proje D\u00f6ng\u00fcs\u00fc Y\u00f6netimi (PCM) ve Proje Haz\u0131rl\u0131\u011f\u0131 E\u011fitimi Tarih: 4-7 Eyl\u00fcl 2023 Yer: \u0130\u0130SBF Binas\u0131<\/p>\n","protected":false},"author":1,"featured_media":0,"parent":0,"menu_order":0,"comment_status":"closed","ping_status":"closed","template":"","meta":[],"_links":{"self":[{"href":"https:\/\/pols.bilkent.edu.tr\/index.php\/wp-json\/wp\/v2\/pages\/2647"}],"collection":[{"href":"https:\/\/pols.bilkent.edu.tr\/index.php\/wp-json\/wp\/v2\/pages"}],"about":[{"href":"https:\/\/pols.bilkent.edu.tr\/index.php\/wp-json\/wp\/v2\/types\/page"}],"author":[{"embeddable":true,"href":"https:\/\/pols.bilkent.edu.tr\/index.php\/wp-json\/wp\/v2\/users\/1"}],"replies":[{"embeddable":true,"href":"https:\/\/pols.bilkent.edu.tr\/index.php\/wp-json\/wp\/v2\/comments?post=2647"}],"version-history":[{"count":6,"href":"https:\/\/pols.bilkent.edu.tr\/index.php\/wp-json\/wp\/v2\/pages\/2647\/revisions"}],"predecessor-version":[{"id":3458,"href":"https:\/\/pols.bilkent.edu.tr\/index.php\/wp-json\/wp\/v2\/pages\/2647\/revisions\/3458"}],"wp:attachment":[{"href":"https:\/\/pols.bilkent.edu.tr\/index.php\/wp-json\/wp\/v2\/media?parent=2647"}],"curies":[{"name":"wp","href":"https:\/\/api.w.org\/{rel}","templated":true}]}}