{"id":2415,"date":"2023-11-17T13:21:50","date_gmt":"2023-11-17T10:21:50","guid":{"rendered":"https:\/\/pols.bilkent.edu.tr\/?page_id=2415"},"modified":"2024-05-16T16:06:01","modified_gmt":"2024-05-16T13:06:01","slug":"100-yil-konusmalari","status":"publish","type":"page","link":"https:\/\/pols.bilkent.edu.tr\/index.php\/tr\/100-yil-konusmalari\/","title":{"rendered":"100. Y\u0131l Konu\u015fmalar\u0131"},"content":{"rendered":"\n<div class=\"wp-block-media-text alignwide is-stacked-on-mobile\" style=\"grid-template-columns:30% auto\"><figure class=\"wp-block-media-text__media\"><img loading=\"lazy\" width=\"724\" height=\"1024\" src=\"https:\/\/pols.bilkent.edu.tr\/wp-content\/uploads\/2024\/05\/issever.ekinci-1-724x1024.jpeg\" alt=\"\" class=\"wp-image-2836 size-full\" srcset=\"https:\/\/pols.bilkent.edu.tr\/wp-content\/uploads\/2024\/05\/issever.ekinci-1-724x1024.jpeg 724w, https:\/\/pols.bilkent.edu.tr\/wp-content\/uploads\/2024\/05\/issever.ekinci-1-212x300.jpeg 212w, https:\/\/pols.bilkent.edu.tr\/wp-content\/uploads\/2024\/05\/issever.ekinci-1-768x1086.jpeg 768w, https:\/\/pols.bilkent.edu.tr\/wp-content\/uploads\/2024\/05\/issever.ekinci-1-1086x1536.jpeg 1086w, https:\/\/pols.bilkent.edu.tr\/wp-content\/uploads\/2024\/05\/issever.ekinci-1-39x55.jpeg 39w, https:\/\/pols.bilkent.edu.tr\/wp-content\/uploads\/2024\/05\/issever.ekinci-1-800x1132.jpeg 800w, https:\/\/pols.bilkent.edu.tr\/wp-content\/uploads\/2024\/05\/issever.ekinci-1-580x821.jpeg 580w, https:\/\/pols.bilkent.edu.tr\/wp-content\/uploads\/2024\/05\/issever.ekinci-1.jpeg 1131w\" sizes=\"(max-width: 724px) 100vw, 724px\" \/><\/figure><div class=\"wp-block-media-text__content\">\n<p><strong>Konu\u015fma: <\/strong>Cumhuriyetin 100. Y\u0131l\u0131nda Kad\u0131nlar\u0131n Siyasal Temsili<\/p>\n\n\n\n<p><strong>Konu\u015fmac\u0131:<\/strong> Dr. Esra \u0130\u015fsever-Ekinci, Siyaset Bilimi ve Kamu Y\u00f6netimi B\u00f6l\u00fcm\u00fc, Bilkent \u00dcniversitesi<\/p>\n\n\n\n<p><strong>Tarih ve Zaman:<\/strong> 15 May\u0131s 2024, \u00c7ar\u015famba, 12:30<br><strong>Yer: <\/strong>Bilkent \u00dcniversitesi K\u00fct\u00fcphanesi Sanat Galerisi ve YouTube (Karekodu okutun)<\/p>\n\n\n\n<p><strong><a href=\"https:\/\/www.youtube.com\/watch?v=2snbJqCZYuM\">YouTube Linki<\/a><\/strong><\/p>\n<\/div><\/div>\n\n\n\n<div style=\"height:96px\" aria-hidden=\"true\" class=\"wp-block-spacer\"><\/div>\n\n\n\n<div class=\"wp-block-media-text alignwide is-stacked-on-mobile\" style=\"grid-template-columns:30% auto\"><figure class=\"wp-block-media-text__media\"><img loading=\"lazy\" width=\"724\" height=\"1024\" src=\"https:\/\/pols.bilkent.edu.tr\/wp-content\/uploads\/2024\/05\/berrak.burcak-1-724x1024.jpeg\" alt=\"\" class=\"wp-image-2828 size-full\" srcset=\"https:\/\/pols.bilkent.edu.tr\/wp-content\/uploads\/2024\/05\/berrak.burcak-1-724x1024.jpeg 724w, https:\/\/pols.bilkent.edu.tr\/wp-content\/uploads\/2024\/05\/berrak.burcak-1-212x300.jpeg 212w, https:\/\/pols.bilkent.edu.tr\/wp-content\/uploads\/2024\/05\/berrak.burcak-1-768x1086.jpeg 768w, https:\/\/pols.bilkent.edu.tr\/wp-content\/uploads\/2024\/05\/berrak.burcak-1-1086x1536.jpeg 1086w, https:\/\/pols.bilkent.edu.tr\/wp-content\/uploads\/2024\/05\/berrak.burcak-1-39x55.jpeg 39w, https:\/\/pols.bilkent.edu.tr\/wp-content\/uploads\/2024\/05\/berrak.burcak-1-800x1132.jpeg 800w, https:\/\/pols.bilkent.edu.tr\/wp-content\/uploads\/2024\/05\/berrak.burcak-1-580x821.jpeg 580w, https:\/\/pols.bilkent.edu.tr\/wp-content\/uploads\/2024\/05\/berrak.burcak-1.jpeg 1131w\" sizes=\"(max-width: 724px) 100vw, 724px\" \/><\/figure><div class=\"wp-block-media-text__content\">\n<p><strong>Konu\u015fma: <\/strong>Cumhuriyetin 100. Y\u0131l\u0131nda Kamu Sa\u011fl\u0131\u011f\u0131<\/p>\n\n\n\n<p><strong>Konu\u015fmac\u0131:<\/strong> Dr. Berrak Bur\u00e7ak, Siyaset Bilimi ve Kamu Y\u00f6netimi B\u00f6l\u00fcm\u00fc, Bilkent \u00dcniversitesi<\/p>\n\n\n\n<p><strong>Tarih ve Zaman:<\/strong> 13 May\u0131s 2024, Pazartesi, 12:30<br><strong>Yer: <\/strong>Bilkent \u00dcniversitesi K\u00fct\u00fcphanesi Sanat Galerisi<\/p>\n<\/div><\/div>\n\n\n\n<div style=\"height:87px\" aria-hidden=\"true\" class=\"wp-block-spacer\"><\/div>\n\n\n\n<div class=\"wp-block-media-text alignwide is-stacked-on-mobile\" style=\"grid-template-columns:30% auto\"><figure class=\"wp-block-media-text__media\"><img loading=\"lazy\" width=\"724\" height=\"1024\" src=\"https:\/\/pols.bilkent.edu.tr\/wp-content\/uploads\/2024\/04\/ioannis.grigoriadis-1-724x1024.jpeg\" alt=\"\" class=\"wp-image-2788 size-full\" srcset=\"https:\/\/pols.bilkent.edu.tr\/wp-content\/uploads\/2024\/04\/ioannis.grigoriadis-1-724x1024.jpeg 724w, https:\/\/pols.bilkent.edu.tr\/wp-content\/uploads\/2024\/04\/ioannis.grigoriadis-1-212x300.jpeg 212w, https:\/\/pols.bilkent.edu.tr\/wp-content\/uploads\/2024\/04\/ioannis.grigoriadis-1-768x1086.jpeg 768w, https:\/\/pols.bilkent.edu.tr\/wp-content\/uploads\/2024\/04\/ioannis.grigoriadis-1-1086x1536.jpeg 1086w, https:\/\/pols.bilkent.edu.tr\/wp-content\/uploads\/2024\/04\/ioannis.grigoriadis-1-39x55.jpeg 39w, https:\/\/pols.bilkent.edu.tr\/wp-content\/uploads\/2024\/04\/ioannis.grigoriadis-1-800x1132.jpeg 800w, https:\/\/pols.bilkent.edu.tr\/wp-content\/uploads\/2024\/04\/ioannis.grigoriadis-1-580x821.jpeg 580w, https:\/\/pols.bilkent.edu.tr\/wp-content\/uploads\/2024\/04\/ioannis.grigoriadis-1.jpeg 1131w\" sizes=\"(max-width: 724px) 100vw, 724px\" \/><\/figure><div class=\"wp-block-media-text__content\">\n<p><strong>Konu\u015fma: <\/strong>Cumhuriyetin 100. Y\u0131l\u0131nda Az\u0131nl\u0131k Politikalar\u0131<\/p>\n\n\n\n<p><strong>Konu\u015fmac\u0131:<\/strong> Do\u00e7. Dr. Ioannis N. Grigoriadis, Siyaset Bilimi ve Kamu Y\u00f6netimi B\u00f6l\u00fcm\u00fc, Bilkent \u00dcniversitesi<\/p>\n\n\n\n<p><strong>Tarih ve Zaman:<\/strong> 9 May\u0131s 2024, Per\u015fembe, 12:30<br><strong>Yer: <\/strong>Bilkent \u00dcniversitesi K\u00fct\u00fcphanesi Sanat Galerisi ve YouTube (Karekodu okutun)<\/p>\n\n\n\n<p><strong><a href=\"https:\/\/www.youtube.com\/watch?v=tKsbJdDkq3E\">YouTube Linki<\/a><\/strong><\/p>\n<\/div><\/div>\n\n\n\n<div style=\"height:74px\" aria-hidden=\"true\" class=\"wp-block-spacer\"><\/div>\n\n\n\n<div class=\"wp-block-media-text alignwide is-stacked-on-mobile\" style=\"grid-template-columns:30% auto\"><figure class=\"wp-block-media-text__media\"><img loading=\"lazy\" width=\"724\" height=\"1024\" src=\"https:\/\/pols.bilkent.edu.tr\/wp-content\/uploads\/2024\/04\/WhatsApp-Image-2024-04-23-at-20.15.38-1-724x1024.jpeg\" alt=\"\" class=\"wp-image-2801 size-full\" srcset=\"https:\/\/pols.bilkent.edu.tr\/wp-content\/uploads\/2024\/04\/WhatsApp-Image-2024-04-23-at-20.15.38-1-724x1024.jpeg 724w, https:\/\/pols.bilkent.edu.tr\/wp-content\/uploads\/2024\/04\/WhatsApp-Image-2024-04-23-at-20.15.38-1-212x300.jpeg 212w, https:\/\/pols.bilkent.edu.tr\/wp-content\/uploads\/2024\/04\/WhatsApp-Image-2024-04-23-at-20.15.38-1-768x1086.jpeg 768w, https:\/\/pols.bilkent.edu.tr\/wp-content\/uploads\/2024\/04\/WhatsApp-Image-2024-04-23-at-20.15.38-1-1086x1536.jpeg 1086w, https:\/\/pols.bilkent.edu.tr\/wp-content\/uploads\/2024\/04\/WhatsApp-Image-2024-04-23-at-20.15.38-1-39x55.jpeg 39w, https:\/\/pols.bilkent.edu.tr\/wp-content\/uploads\/2024\/04\/WhatsApp-Image-2024-04-23-at-20.15.38-1-800x1132.jpeg 800w, https:\/\/pols.bilkent.edu.tr\/wp-content\/uploads\/2024\/04\/WhatsApp-Image-2024-04-23-at-20.15.38-1-580x821.jpeg 580w, https:\/\/pols.bilkent.edu.tr\/wp-content\/uploads\/2024\/04\/WhatsApp-Image-2024-04-23-at-20.15.38-1.jpeg 1131w\" sizes=\"(max-width: 724px) 100vw, 724px\" \/><\/figure><div class=\"wp-block-media-text__content\">\n<p><strong>Konu\u015fma: <\/strong>Cumhuriyetin 100. Y\u0131l\u0131nda: T\u00fcrkiye&#8217;de Siyasi D\u00fc\u015f\u00fcnce ve \u0130slam<\/p>\n\n\n\n<p><strong>Konu\u015fmac\u0131:<\/strong> Prof. Alev \u00c7\u0131nar, Siyaset Bilimi ve Kamu Y\u00f6netimi B\u00f6l\u00fcm\u00fc, Bilkent \u00dcniversitesi<\/p>\n\n\n\n<p><strong>Tarih ve Zaman:<\/strong> 30 Nisan 2024, Sal\u0131, 12:30<br><strong>Yer: <\/strong>Bilkent \u00dcniversitesi K\u00fct\u00fcphanesi Sanat Galerisi ve YouTube (Karekodu okutun)<\/p>\n\n\n\n<p><strong><a href=\"https:\/\/www.youtube.com\/watch?v=nN2YsVyv5aA\">YouTube Linki<\/a><\/strong><\/p>\n<\/div><\/div>\n\n\n\n<div style=\"height:68px\" aria-hidden=\"true\" class=\"wp-block-spacer\"><\/div>\n\n\n\n<div class=\"wp-block-media-text alignwide is-stacked-on-mobile\" style=\"grid-template-columns:30% auto\"><figure class=\"wp-block-media-text__media\"><img loading=\"lazy\" width=\"724\" height=\"1024\" src=\"https:\/\/pols.bilkent.edu.tr\/wp-content\/uploads\/2024\/04\/m.fatih_.tatari-3-724x1024.jpeg\" alt=\"\" class=\"wp-image-2794 size-full\" srcset=\"https:\/\/pols.bilkent.edu.tr\/wp-content\/uploads\/2024\/04\/m.fatih_.tatari-3-724x1024.jpeg 724w, https:\/\/pols.bilkent.edu.tr\/wp-content\/uploads\/2024\/04\/m.fatih_.tatari-3-212x300.jpeg 212w, https:\/\/pols.bilkent.edu.tr\/wp-content\/uploads\/2024\/04\/m.fatih_.tatari-3-768x1086.jpeg 768w, https:\/\/pols.bilkent.edu.tr\/wp-content\/uploads\/2024\/04\/m.fatih_.tatari-3-1086x1536.jpeg 1086w, https:\/\/pols.bilkent.edu.tr\/wp-content\/uploads\/2024\/04\/m.fatih_.tatari-3-39x55.jpeg 39w, https:\/\/pols.bilkent.edu.tr\/wp-content\/uploads\/2024\/04\/m.fatih_.tatari-3-800x1132.jpeg 800w, https:\/\/pols.bilkent.edu.tr\/wp-content\/uploads\/2024\/04\/m.fatih_.tatari-3-580x821.jpeg 580w, https:\/\/pols.bilkent.edu.tr\/wp-content\/uploads\/2024\/04\/m.fatih_.tatari-3.jpeg 1131w\" sizes=\"(max-width: 724px) 100vw, 724px\" \/><\/figure><div class=\"wp-block-media-text__content\">\n<p><strong>Konu\u015fma: <\/strong>Cumhuriyetin 100. Y\u0131l\u0131nda Hayvanc\u0131l\u0131k Politikalar\u0131 ve Mera Peynircili\u011fi<\/p>\n\n\n\n<p><strong>Konu\u015fmac\u0131:<\/strong> Dr. M. Fatih Tatari, Siyaset Bilimi ve Kamu Y\u00f6netimi B\u00f6l\u00fcm\u00fc, Bilkent \u00dcniversitesi<\/p>\n\n\n\n<p><strong>Tarih ve Zaman:<\/strong> 25 Nisan 2024, Per\u015fembe, 12:30<br><strong>Yer: <\/strong>Bilkent \u00dcniversitesi K\u00fct\u00fcphanesi Sanat Galerisi ve YouTube (Karekodu okutun)<\/p>\n\n\n\n<p><strong><a href=\"https:\/\/www.youtube.com\/watch?v=osUkr2_8aaw\">YouTube Linki<\/a><\/strong><\/p>\n<\/div><\/div>\n\n\n\n<div style=\"height:79px\" aria-hidden=\"true\" class=\"wp-block-spacer\"><\/div>\n\n\n\n<div class=\"wp-block-media-text alignwide is-stacked-on-mobile\" style=\"grid-template-columns:30% auto\"><figure class=\"wp-block-media-text__media\"><img loading=\"lazy\" width=\"724\" height=\"1024\" src=\"https:\/\/pols.bilkent.edu.tr\/wp-content\/uploads\/2024\/03\/WhatsApp-Image-2024-03-04-at-09.55.19-1-724x1024.jpeg\" alt=\"\" class=\"wp-image-2679 size-full\" srcset=\"https:\/\/pols.bilkent.edu.tr\/wp-content\/uploads\/2024\/03\/WhatsApp-Image-2024-03-04-at-09.55.19-1-724x1024.jpeg 724w, https:\/\/pols.bilkent.edu.tr\/wp-content\/uploads\/2024\/03\/WhatsApp-Image-2024-03-04-at-09.55.19-1-212x300.jpeg 212w, https:\/\/pols.bilkent.edu.tr\/wp-content\/uploads\/2024\/03\/WhatsApp-Image-2024-03-04-at-09.55.19-1-768x1086.jpeg 768w, https:\/\/pols.bilkent.edu.tr\/wp-content\/uploads\/2024\/03\/WhatsApp-Image-2024-03-04-at-09.55.19-1-1086x1536.jpeg 1086w, https:\/\/pols.bilkent.edu.tr\/wp-content\/uploads\/2024\/03\/WhatsApp-Image-2024-03-04-at-09.55.19-1-39x55.jpeg 39w, https:\/\/pols.bilkent.edu.tr\/wp-content\/uploads\/2024\/03\/WhatsApp-Image-2024-03-04-at-09.55.19-1-800x1132.jpeg 800w, https:\/\/pols.bilkent.edu.tr\/wp-content\/uploads\/2024\/03\/WhatsApp-Image-2024-03-04-at-09.55.19-1-580x821.jpeg 580w, https:\/\/pols.bilkent.edu.tr\/wp-content\/uploads\/2024\/03\/WhatsApp-Image-2024-03-04-at-09.55.19-1.jpeg 1131w\" sizes=\"(max-width: 724px) 100vw, 724px\" \/><\/figure><div class=\"wp-block-media-text__content\">\n<p><strong>Konu\u015fma: <\/strong>Cumhuriyetin 100. Y\u0131l\u0131nda Patriarki ve Siyaset<\/p>\n\n\n\n<p><strong>Konu\u015fmac\u0131:<\/strong> Dr. Meral U\u011fur \u00c7\u0131nar, Siyaset Bilimi ve Kamu Y\u00f6netimi B\u00f6l\u00fcm\u00fc, Bilkent \u00dcniversitesi<\/p>\n\n\n\n<p><strong>Tarih ve Zaman:<\/strong> 17 Nisan 2024, \u00c7ar\u015famba, 12:30<br><strong>Yer: <\/strong>Bilkent \u00dcniversitesi K\u00fct\u00fcphanesi Sanat Galerisi ve YouTube (Karekodu okutun)<\/p>\n\n\n\n<p><strong><a href=\"https:\/\/www.youtube.com\/watch?v=jqDm7j_stgE\">YouTube Linki<\/a><\/strong><\/p>\n<\/div><\/div>\n\n\n\n<div style=\"height:83px\" aria-hidden=\"true\" class=\"wp-block-spacer\"><\/div>\n\n\n\n<div class=\"wp-block-media-text alignwide is-stacked-on-mobile\" style=\"grid-template-columns:30% auto\"><figure class=\"wp-block-media-text__media\"><img loading=\"lazy\" width=\"724\" height=\"1024\" src=\"https:\/\/pols.bilkent.edu.tr\/wp-content\/uploads\/2024\/02\/WhatsApp-Image-2024-02-19-at-12.27.42-1-2-724x1024.jpeg\" alt=\"\" class=\"wp-image-2617 size-full\" srcset=\"https:\/\/pols.bilkent.edu.tr\/wp-content\/uploads\/2024\/02\/WhatsApp-Image-2024-02-19-at-12.27.42-1-2-724x1024.jpeg 724w, https:\/\/pols.bilkent.edu.tr\/wp-content\/uploads\/2024\/02\/WhatsApp-Image-2024-02-19-at-12.27.42-1-2-212x300.jpeg 212w, https:\/\/pols.bilkent.edu.tr\/wp-content\/uploads\/2024\/02\/WhatsApp-Image-2024-02-19-at-12.27.42-1-2-768x1086.jpeg 768w, https:\/\/pols.bilkent.edu.tr\/wp-content\/uploads\/2024\/02\/WhatsApp-Image-2024-02-19-at-12.27.42-1-2-1086x1536.jpeg 1086w, https:\/\/pols.bilkent.edu.tr\/wp-content\/uploads\/2024\/02\/WhatsApp-Image-2024-02-19-at-12.27.42-1-2-39x55.jpeg 39w, https:\/\/pols.bilkent.edu.tr\/wp-content\/uploads\/2024\/02\/WhatsApp-Image-2024-02-19-at-12.27.42-1-2-800x1132.jpeg 800w, https:\/\/pols.bilkent.edu.tr\/wp-content\/uploads\/2024\/02\/WhatsApp-Image-2024-02-19-at-12.27.42-1-2-580x821.jpeg 580w, https:\/\/pols.bilkent.edu.tr\/wp-content\/uploads\/2024\/02\/WhatsApp-Image-2024-02-19-at-12.27.42-1-2.jpeg 1131w\" sizes=\"(max-width: 724px) 100vw, 724px\" \/><\/figure><div class=\"wp-block-media-text__content\">\n<p><strong>Konu\u015fma: <\/strong>Cumhuriyetin 100. Y\u0131l\u0131nda Se\u00e7men-Siyaset\u00e7i \u0130li\u015fkileri<\/p>\n\n\n\n<p><strong>Konu\u015fmac\u0131:<\/strong> Dr. Kerem Y\u0131ld\u0131r\u0131m, Siyaset Bilimi ve Kamu Y\u00f6netimi B\u00f6l\u00fcm\u00fc, Bilkent \u00dcniversitesi<\/p>\n\n\n\n<p><strong>Tarih ve Zaman:<\/strong> 26 Mart 2024, Sal\u0131, 12:30<br><strong>Yer: <\/strong>Bilkent \u00dcniversitesi K\u00fct\u00fcphanesi Sanat Galerisi ve YouTube (Karekodu okutun)<\/p>\n\n\n\n<p><strong><a href=\"https:\/\/www.youtube.com\/watch?v=55J2Tzhxv1Y\">YouTube Linki<\/a><\/strong><\/p>\n<\/div><\/div>\n\n\n\n<div style=\"height:76px\" aria-hidden=\"true\" class=\"wp-block-spacer\"><\/div>\n\n\n\n<div class=\"wp-block-media-text alignwide is-stacked-on-mobile\" style=\"grid-template-columns:30% auto\"><figure class=\"wp-block-media-text__media\"><img loading=\"lazy\" width=\"724\" height=\"1024\" src=\"https:\/\/pols.bilkent.edu.tr\/wp-content\/uploads\/2024\/02\/esra-cuhadar-724x1024.jpeg\" alt=\"\" class=\"wp-image-2608 size-full\" srcset=\"https:\/\/pols.bilkent.edu.tr\/wp-content\/uploads\/2024\/02\/esra-cuhadar-724x1024.jpeg 724w, https:\/\/pols.bilkent.edu.tr\/wp-content\/uploads\/2024\/02\/esra-cuhadar-212x300.jpeg 212w, https:\/\/pols.bilkent.edu.tr\/wp-content\/uploads\/2024\/02\/esra-cuhadar-768x1086.jpeg 768w, https:\/\/pols.bilkent.edu.tr\/wp-content\/uploads\/2024\/02\/esra-cuhadar-1086x1536.jpeg 1086w, https:\/\/pols.bilkent.edu.tr\/wp-content\/uploads\/2024\/02\/esra-cuhadar-39x55.jpeg 39w, https:\/\/pols.bilkent.edu.tr\/wp-content\/uploads\/2024\/02\/esra-cuhadar-800x1132.jpeg 800w, https:\/\/pols.bilkent.edu.tr\/wp-content\/uploads\/2024\/02\/esra-cuhadar-580x821.jpeg 580w, https:\/\/pols.bilkent.edu.tr\/wp-content\/uploads\/2024\/02\/esra-cuhadar.jpeg 1131w\" sizes=\"(max-width: 724px) 100vw, 724px\" \/><\/figure><div class=\"wp-block-media-text__content\">\n<p><strong>Konu\u015fma: <\/strong>Cumhuriyetin 100. Y\u0131l\u0131nda &#8220;Yurtta Bar\u0131\u015f, D\u00fcnyada Bar\u0131\u015f&#8221;<\/p>\n\n\n\n<p><strong>Konu\u015fmac\u0131:<\/strong> Do\u00e7. Dr. Esra \u00c7uhadar, Siyaset Bilimi ve Kamu Y\u00f6netimi B\u00f6l\u00fcm\u00fc, Bilkent \u00dcniversitesi<\/p>\n\n\n\n<p><strong>Tarih ve Zaman:<\/strong> 5 Mart 2024, Sal\u0131, 12:30<br><strong>Yer: <\/strong>Bilkent \u00dcniversitesi K\u00fct\u00fcphanesi Sanat Galerisi ve YouTube (Karekodu okutun)<\/p>\n\n\n\n<p><strong><a href=\"https:\/\/www.youtube.com\/watch?v=_sf3hVD-Q8g\">YouTube Linki<\/a><\/strong><\/p>\n<\/div><\/div>\n\n\n\n<div style=\"height:93px\" aria-hidden=\"true\" class=\"wp-block-spacer\"><\/div>\n\n\n\n<div class=\"wp-block-media-text alignwide is-stacked-on-mobile\" style=\"grid-template-columns:30% auto\"><figure class=\"wp-block-media-text__media\"><img loading=\"lazy\" width=\"724\" height=\"1024\" src=\"https:\/\/pols.bilkent.edu.tr\/wp-content\/uploads\/2024\/02\/ayturk.28subat-1-724x1024.jpeg\" alt=\"\" class=\"wp-image-2567 size-full\" srcset=\"https:\/\/pols.bilkent.edu.tr\/wp-content\/uploads\/2024\/02\/ayturk.28subat-1-724x1024.jpeg 724w, https:\/\/pols.bilkent.edu.tr\/wp-content\/uploads\/2024\/02\/ayturk.28subat-1-212x300.jpeg 212w, https:\/\/pols.bilkent.edu.tr\/wp-content\/uploads\/2024\/02\/ayturk.28subat-1-768x1086.jpeg 768w, https:\/\/pols.bilkent.edu.tr\/wp-content\/uploads\/2024\/02\/ayturk.28subat-1-1086x1536.jpeg 1086w, https:\/\/pols.bilkent.edu.tr\/wp-content\/uploads\/2024\/02\/ayturk.28subat-1-39x55.jpeg 39w, https:\/\/pols.bilkent.edu.tr\/wp-content\/uploads\/2024\/02\/ayturk.28subat-1-800x1132.jpeg 800w, https:\/\/pols.bilkent.edu.tr\/wp-content\/uploads\/2024\/02\/ayturk.28subat-1-580x821.jpeg 580w, https:\/\/pols.bilkent.edu.tr\/wp-content\/uploads\/2024\/02\/ayturk.28subat-1.jpeg 1131w\" sizes=\"(max-width: 724px) 100vw, 724px\" \/><\/figure><div class=\"wp-block-media-text__content\">\n<p><strong>Konu\u015fma: <\/strong>Cumhuriyetin 100. Y\u0131l\u0131nda \u0130slamc\u0131l\u0131k: Nereden Nereye<\/p>\n\n\n\n<p><strong>Konu\u015fmac\u0131:<\/strong> Do\u00e7. Dr. \u0130lker Ayt\u00fcrk, Siyaset Bilimi ve Kamu Y\u00f6netimi B\u00f6l\u00fcm\u00fc, Bilkent \u00dcniversitesi<\/p>\n\n\n\n<p><strong>Tarih ve Zaman:<\/strong> 28 \u015eubat 2024, \u00c7ar\u015famba, 12:30<br><strong>Yer: <\/strong>Bilkent \u00dcniversitesi K\u00fct\u00fcphanesi Sanat Galerisi ve YouTube (Karekodu okutun)<\/p>\n\n\n\n<p><a href=\"https:\/\/www.youtube.com\/watch?v=k2m-pdWmAhM\"><strong>YouTube Linki<\/strong><\/a><\/p>\n<\/div><\/div>\n\n\n\n<div style=\"height:85px\" aria-hidden=\"true\" class=\"wp-block-spacer\"><\/div>\n\n\n\n<div class=\"wp-block-media-text alignwide is-stacked-on-mobile\" style=\"grid-template-columns:30% auto\"><figure class=\"wp-block-media-text__media\"><img loading=\"lazy\" width=\"724\" height=\"1024\" src=\"https:\/\/pols.bilkent.edu.tr\/wp-content\/uploads\/2023\/12\/WhatsApp-Image-2023-12-19-at-12.38.14-2-724x1024.jpeg\" alt=\"\" class=\"wp-image-2512 size-full\" srcset=\"https:\/\/pols.bilkent.edu.tr\/wp-content\/uploads\/2023\/12\/WhatsApp-Image-2023-12-19-at-12.38.14-2-724x1024.jpeg 724w, https:\/\/pols.bilkent.edu.tr\/wp-content\/uploads\/2023\/12\/WhatsApp-Image-2023-12-19-at-12.38.14-2-212x300.jpeg 212w, https:\/\/pols.bilkent.edu.tr\/wp-content\/uploads\/2023\/12\/WhatsApp-Image-2023-12-19-at-12.38.14-2-768x1086.jpeg 768w, https:\/\/pols.bilkent.edu.tr\/wp-content\/uploads\/2023\/12\/WhatsApp-Image-2023-12-19-at-12.38.14-2-1086x1536.jpeg 1086w, https:\/\/pols.bilkent.edu.tr\/wp-content\/uploads\/2023\/12\/WhatsApp-Image-2023-12-19-at-12.38.14-2-39x55.jpeg 39w, https:\/\/pols.bilkent.edu.tr\/wp-content\/uploads\/2023\/12\/WhatsApp-Image-2023-12-19-at-12.38.14-2-800x1132.jpeg 800w, https:\/\/pols.bilkent.edu.tr\/wp-content\/uploads\/2023\/12\/WhatsApp-Image-2023-12-19-at-12.38.14-2-580x821.jpeg 580w, https:\/\/pols.bilkent.edu.tr\/wp-content\/uploads\/2023\/12\/WhatsApp-Image-2023-12-19-at-12.38.14-2.jpeg 1131w\" sizes=\"(max-width: 724px) 100vw, 724px\" \/><\/figure><div class=\"wp-block-media-text__content\">\n<p><strong>Konu\u015fma: <\/strong>Cumhuriyet&#8217;in 100. Y\u0131l\u0131nda G\u00fcvenlik<\/p>\n\n\n\n<p><strong>Konu\u015fmac\u0131:<\/strong> Prof. P\u0131nar Bilgin, Siyaset Bilimi ve Kamu Y\u00f6netimi B\u00f6l\u00fcm\u00fc, Bilkent \u00dcniversitesi<\/p>\n\n\n\n<p><strong>Tarih ve Zaman:<\/strong> 27 Aral\u0131k 2023, \u00c7ar\u015famba, 12:30<br><strong>Yer: <\/strong>Bilkent \u00dcniversitesi K\u00fct\u00fcphanesi Sanat Galerisi ve YouTube (Karekodu okutun)<\/p>\n\n\n\n<p><strong><a href=\"https:\/\/www.youtube.com\/watch?v=JBMXDU6C_jo\">YouTube Linki<\/a><\/strong><\/p>\n<\/div><\/div>\n\n\n\n<div style=\"height:86px\" aria-hidden=\"true\" class=\"wp-block-spacer\"><\/div>\n\n\n\n<div class=\"wp-block-media-text alignwide is-stacked-on-mobile\" style=\"grid-template-columns:30% auto\"><figure class=\"wp-block-media-text__media\"><img loading=\"lazy\" width=\"724\" height=\"1024\" src=\"https:\/\/pols.bilkent.edu.tr\/wp-content\/uploads\/2023\/12\/WhatsApp-Image-2023-12-19-at-12.38.14-1-2-724x1024.jpeg\" alt=\"\" class=\"wp-image-2513 size-full\" srcset=\"https:\/\/pols.bilkent.edu.tr\/wp-content\/uploads\/2023\/12\/WhatsApp-Image-2023-12-19-at-12.38.14-1-2-724x1024.jpeg 724w, https:\/\/pols.bilkent.edu.tr\/wp-content\/uploads\/2023\/12\/WhatsApp-Image-2023-12-19-at-12.38.14-1-2-212x300.jpeg 212w, https:\/\/pols.bilkent.edu.tr\/wp-content\/uploads\/2023\/12\/WhatsApp-Image-2023-12-19-at-12.38.14-1-2-768x1086.jpeg 768w, https:\/\/pols.bilkent.edu.tr\/wp-content\/uploads\/2023\/12\/WhatsApp-Image-2023-12-19-at-12.38.14-1-2-1086x1536.jpeg 1086w, https:\/\/pols.bilkent.edu.tr\/wp-content\/uploads\/2023\/12\/WhatsApp-Image-2023-12-19-at-12.38.14-1-2-39x55.jpeg 39w, https:\/\/pols.bilkent.edu.tr\/wp-content\/uploads\/2023\/12\/WhatsApp-Image-2023-12-19-at-12.38.14-1-2-800x1132.jpeg 800w, https:\/\/pols.bilkent.edu.tr\/wp-content\/uploads\/2023\/12\/WhatsApp-Image-2023-12-19-at-12.38.14-1-2-580x821.jpeg 580w, https:\/\/pols.bilkent.edu.tr\/wp-content\/uploads\/2023\/12\/WhatsApp-Image-2023-12-19-at-12.38.14-1-2.jpeg 1131w\" sizes=\"(max-width: 724px) 100vw, 724px\" \/><\/figure><div class=\"wp-block-media-text__content\">\n<p><strong>Konu\u015fma: <\/strong>Cumhuriyet&#8217;in 100. Y\u0131l\u0131nda Sosyal Devlet<\/p>\n\n\n\n<p><strong>Konu\u015fmac\u0131:<\/strong> Do\u00e7. Dr. H. Tolga B\u00f6l\u00fckba\u015f\u0131, Siyaset Bilimi ve Kamu Y\u00f6netimi B\u00f6l\u00fcm\u00fc, Bilkent \u00dcniversitesi<\/p>\n\n\n\n<p><strong>Tarih ve Zaman:<\/strong> 20 Aral\u0131k 2023, \u00c7ar\u015famba, 12:30<br><strong>Yer: <\/strong>Bilkent \u00dcniversitesi K\u00fct\u00fcphanesi Sanat Galerisi ve YouTube (Karekodu okutun)<\/p>\n\n\n\n<p><strong><a href=\"https:\/\/www.youtube.com\/watch?v=86to_1gPWeE&amp;t=14s\">YouTube Linki<\/a><\/strong><\/p>\n<\/div><\/div>\n","protected":false},"excerpt":{"rendered":"<p>Konu\u015fma: Cumhuriyetin 100. Y\u0131l\u0131nda Kad\u0131nlar\u0131n Siyasal Temsili Konu\u015fmac\u0131: Dr. Esra \u0130\u015fsever-Ekinci, Siyaset Bilimi ve Kamu Y\u00f6netimi B\u00f6l\u00fcm\u00fc, Bilkent \u00dcniversitesi Tarih ve Zaman: 15 May\u0131s 2024, \u00c7ar\u015famba, 12:30Yer: Bilkent \u00dcniversitesi K\u00fct\u00fcphanesi Sanat Galerisi ve YouTube (Karekodu okutun) YouTube Linki Konu\u015fma: Cumhuriyetin 100. Y\u0131l\u0131nda Kamu Sa\u011fl\u0131\u011f\u0131 Konu\u015fmac\u0131: Dr. Berrak Bur\u00e7ak, Siyaset Bilimi [\u2026] <\/p>\n<div class=\"clear\"><\/div>\n<p><a class=\"more_link clearfix\" href=\"https:\/\/pols.bilkent.edu.tr\/index.php\/tr\/100-yil-konusmalari\/\" rel=\"nofollow\">Read More<\/a><\/p>\n","protected":false},"author":1,"featured_media":0,"parent":0,"menu_order":0,"comment_status":"closed","ping_status":"closed","template":"","meta":[],"_links":{"self":[{"href":"https:\/\/pols.bilkent.edu.tr\/index.php\/wp-json\/wp\/v2\/pages\/2415"}],"collection":[{"href":"https:\/\/pols.bilkent.edu.tr\/index.php\/wp-json\/wp\/v2\/pages"}],"about":[{"href":"https:\/\/pols.bilkent.edu.tr\/index.php\/wp-json\/wp\/v2\/types\/page"}],"author":[{"embeddable":true,"href":"https:\/\/pols.bilkent.edu.tr\/index.php\/wp-json\/wp\/v2\/users\/1"}],"replies":[{"embeddable":true,"href":"https:\/\/pols.bilkent.edu.tr\/index.php\/wp-json\/wp\/v2\/comments?post=2415"}],"version-history":[{"count":41,"href":"https:\/\/pols.bilkent.edu.tr\/index.php\/wp-json\/wp\/v2\/pages\/2415\/revisions"}],"predecessor-version":[{"id":2840,"href":"https:\/\/pols.bilkent.edu.tr\/index.php\/wp-json\/wp\/v2\/pages\/2415\/revisions\/2840"}],"wp:attachment":[{"href":"https:\/\/pols.bilkent.edu.tr\/index.php\/wp-json\/wp\/v2\/media?parent=2415"}],"curies":[{"name":"wp","href":"https:\/\/api.w.org\/{rel}","templated":true}]}}