{"id":2413,"date":"2023-11-17T13:15:40","date_gmt":"2023-11-17T10:15:40","guid":{"rendered":"https:\/\/pols.bilkent.edu.tr\/?page_id=2413"},"modified":"2024-05-16T16:05:16","modified_gmt":"2024-05-16T13:05:16","slug":"centennial-talks","status":"publish","type":"page","link":"https:\/\/pols.bilkent.edu.tr\/index.php\/centennial-talks\/","title":{"rendered":"Centennial Talks"},"content":{"rendered":"\n<div class=\"wp-block-media-text alignwide is-stacked-on-mobile\" style=\"grid-template-columns:30% auto\"><figure class=\"wp-block-media-text__media\"><img loading=\"lazy\" width=\"724\" height=\"1024\" src=\"https:\/\/pols.bilkent.edu.tr\/wp-content\/uploads\/2024\/05\/issever.ekinci-724x1024.jpeg\" alt=\"\" class=\"wp-image-2834 size-full\" srcset=\"https:\/\/pols.bilkent.edu.tr\/wp-content\/uploads\/2024\/05\/issever.ekinci-724x1024.jpeg 724w, https:\/\/pols.bilkent.edu.tr\/wp-content\/uploads\/2024\/05\/issever.ekinci-212x300.jpeg 212w, https:\/\/pols.bilkent.edu.tr\/wp-content\/uploads\/2024\/05\/issever.ekinci-768x1086.jpeg 768w, https:\/\/pols.bilkent.edu.tr\/wp-content\/uploads\/2024\/05\/issever.ekinci-1086x1536.jpeg 1086w, https:\/\/pols.bilkent.edu.tr\/wp-content\/uploads\/2024\/05\/issever.ekinci-39x55.jpeg 39w, https:\/\/pols.bilkent.edu.tr\/wp-content\/uploads\/2024\/05\/issever.ekinci-800x1132.jpeg 800w, https:\/\/pols.bilkent.edu.tr\/wp-content\/uploads\/2024\/05\/issever.ekinci-580x821.jpeg 580w, https:\/\/pols.bilkent.edu.tr\/wp-content\/uploads\/2024\/05\/issever.ekinci.jpeg 1131w\" sizes=\"(max-width: 724px) 100vw, 724px\" \/><\/figure><div class=\"wp-block-media-text__content\">\n<p><strong>Talk: <\/strong>Cumhuriyetin 100. Y\u0131l\u0131nda Kad\u0131nlar\u0131n Siyasal Temsili<\/p>\n\n\n\n<p><strong>Speaker:<\/strong> Dr. Esra \u0130\u015fsever-Ekinci, Department of Political Science and Public Administration, Bilkent University<\/p>\n\n\n\n<p><strong>Date &amp; Time:<\/strong> Wednesday, May 15, 2024, 12:30 p.m.<br><strong>Place: <\/strong>Bilkent University Library Art Gallery &amp; YouTube (scan the QR code)<\/p>\n\n\n\n<p><strong><a href=\"https:\/\/www.youtube.com\/watch?v=2snbJqCZYuM\">YouTube Link<\/a><\/strong><\/p>\n<\/div><\/div>\n\n\n\n<div style=\"height:83px\" aria-hidden=\"true\" class=\"wp-block-spacer\"><\/div>\n\n\n\n<div class=\"wp-block-media-text alignwide is-stacked-on-mobile\" style=\"grid-template-columns:30% auto\"><figure class=\"wp-block-media-text__media\"><img loading=\"lazy\" width=\"724\" height=\"1024\" src=\"https:\/\/pols.bilkent.edu.tr\/wp-content\/uploads\/2024\/05\/berrak.burcak-724x1024.jpeg\" alt=\"\" class=\"wp-image-2826 size-full\" srcset=\"https:\/\/pols.bilkent.edu.tr\/wp-content\/uploads\/2024\/05\/berrak.burcak-724x1024.jpeg 724w, https:\/\/pols.bilkent.edu.tr\/wp-content\/uploads\/2024\/05\/berrak.burcak-212x300.jpeg 212w, https:\/\/pols.bilkent.edu.tr\/wp-content\/uploads\/2024\/05\/berrak.burcak-768x1086.jpeg 768w, https:\/\/pols.bilkent.edu.tr\/wp-content\/uploads\/2024\/05\/berrak.burcak-1086x1536.jpeg 1086w, https:\/\/pols.bilkent.edu.tr\/wp-content\/uploads\/2024\/05\/berrak.burcak-39x55.jpeg 39w, https:\/\/pols.bilkent.edu.tr\/wp-content\/uploads\/2024\/05\/berrak.burcak-800x1132.jpeg 800w, https:\/\/pols.bilkent.edu.tr\/wp-content\/uploads\/2024\/05\/berrak.burcak-580x821.jpeg 580w, https:\/\/pols.bilkent.edu.tr\/wp-content\/uploads\/2024\/05\/berrak.burcak.jpeg 1131w\" sizes=\"(max-width: 724px) 100vw, 724px\" \/><\/figure><div class=\"wp-block-media-text__content\">\n<p><strong>Talk: <\/strong>Cumhuriyetin 100. Y\u0131l\u0131nda Kamu Sa\u011fl\u0131\u011f\u0131<\/p>\n\n\n\n<p><strong>Speaker:<\/strong> Dr. Berrak Bur\u00e7ak, Department of Political Science and Public Administration, Bilkent University<\/p>\n\n\n\n<p><strong>Date &amp; Time:<\/strong> Monday, May 13, 2024, 12:30 p.m.<br><strong>Place: <\/strong>Bilkent University Library Art Gallery<\/p>\n<\/div><\/div>\n\n\n\n<div style=\"height:81px\" aria-hidden=\"true\" class=\"wp-block-spacer\"><\/div>\n\n\n\n<div class=\"wp-block-media-text alignwide is-stacked-on-mobile\" style=\"grid-template-columns:30% auto\"><figure class=\"wp-block-media-text__media\"><img loading=\"lazy\" width=\"724\" height=\"1024\" src=\"https:\/\/pols.bilkent.edu.tr\/wp-content\/uploads\/2024\/04\/ioannis.grigoriadis-724x1024.jpeg\" alt=\"\" class=\"wp-image-2783 size-full\" srcset=\"https:\/\/pols.bilkent.edu.tr\/wp-content\/uploads\/2024\/04\/ioannis.grigoriadis-724x1024.jpeg 724w, https:\/\/pols.bilkent.edu.tr\/wp-content\/uploads\/2024\/04\/ioannis.grigoriadis-212x300.jpeg 212w, https:\/\/pols.bilkent.edu.tr\/wp-content\/uploads\/2024\/04\/ioannis.grigoriadis-768x1086.jpeg 768w, https:\/\/pols.bilkent.edu.tr\/wp-content\/uploads\/2024\/04\/ioannis.grigoriadis-1086x1536.jpeg 1086w, https:\/\/pols.bilkent.edu.tr\/wp-content\/uploads\/2024\/04\/ioannis.grigoriadis-39x55.jpeg 39w, https:\/\/pols.bilkent.edu.tr\/wp-content\/uploads\/2024\/04\/ioannis.grigoriadis-800x1132.jpeg 800w, https:\/\/pols.bilkent.edu.tr\/wp-content\/uploads\/2024\/04\/ioannis.grigoriadis-580x821.jpeg 580w, https:\/\/pols.bilkent.edu.tr\/wp-content\/uploads\/2024\/04\/ioannis.grigoriadis.jpeg 1131w\" sizes=\"(max-width: 724px) 100vw, 724px\" \/><\/figure><div class=\"wp-block-media-text__content\">\n<p><strong>Talk: <\/strong>Cumhuriyetin 100. Y\u0131l\u0131nda Az\u0131nl\u0131k Politikalar\u0131<\/p>\n\n\n\n<p><strong>Speaker:<\/strong> Do\u00e7. Dr. Ioannis N. Grigoriadis, Department of Political Science and Public Administration, Bilkent University<\/p>\n\n\n\n<p><strong>Date &amp; Time:<\/strong> Thursday, May 9, 2024, 12:30 p.m.<br><strong>Place: <\/strong>Bilkent University Library Art Gallery &amp; YouTube (scan the QR code)<\/p>\n\n\n\n<p><strong><a href=\"https:\/\/www.youtube.com\/watch?v=tKsbJdDkq3E\">YouTube Link<\/a><\/strong><\/p>\n<\/div><\/div>\n\n\n\n<div style=\"height:75px\" aria-hidden=\"true\" class=\"wp-block-spacer\"><\/div>\n\n\n\n<div class=\"wp-block-media-text alignwide is-stacked-on-mobile\" style=\"grid-template-columns:30% auto\"><figure class=\"wp-block-media-text__media\"><img loading=\"lazy\" width=\"724\" height=\"1024\" src=\"https:\/\/pols.bilkent.edu.tr\/wp-content\/uploads\/2024\/04\/WhatsApp-Image-2024-04-23-at-20.15.38-724x1024.jpeg\" alt=\"\" class=\"wp-image-2799 size-full\" srcset=\"https:\/\/pols.bilkent.edu.tr\/wp-content\/uploads\/2024\/04\/WhatsApp-Image-2024-04-23-at-20.15.38-724x1024.jpeg 724w, https:\/\/pols.bilkent.edu.tr\/wp-content\/uploads\/2024\/04\/WhatsApp-Image-2024-04-23-at-20.15.38-212x300.jpeg 212w, https:\/\/pols.bilkent.edu.tr\/wp-content\/uploads\/2024\/04\/WhatsApp-Image-2024-04-23-at-20.15.38-768x1086.jpeg 768w, https:\/\/pols.bilkent.edu.tr\/wp-content\/uploads\/2024\/04\/WhatsApp-Image-2024-04-23-at-20.15.38-1086x1536.jpeg 1086w, https:\/\/pols.bilkent.edu.tr\/wp-content\/uploads\/2024\/04\/WhatsApp-Image-2024-04-23-at-20.15.38-39x55.jpeg 39w, https:\/\/pols.bilkent.edu.tr\/wp-content\/uploads\/2024\/04\/WhatsApp-Image-2024-04-23-at-20.15.38-800x1132.jpeg 800w, https:\/\/pols.bilkent.edu.tr\/wp-content\/uploads\/2024\/04\/WhatsApp-Image-2024-04-23-at-20.15.38-580x821.jpeg 580w, https:\/\/pols.bilkent.edu.tr\/wp-content\/uploads\/2024\/04\/WhatsApp-Image-2024-04-23-at-20.15.38.jpeg 1131w\" sizes=\"(max-width: 724px) 100vw, 724px\" \/><\/figure><div class=\"wp-block-media-text__content\">\n<p><strong>Talk: <\/strong>Cumhuriyetin 100. Y\u0131l\u0131nda: T\u00fcrkiye&#8217;de Siyasi D\u00fc\u015f\u00fcnce ve \u0130slam<\/p>\n\n\n\n<p><strong>Speaker:<\/strong> Prof. Alev \u00c7\u0131nar, Department of Political Science and Public Administration, Bilkent University<\/p>\n\n\n\n<p><strong>Date &amp; Time:<\/strong> Tuesday, April 30, 2024, 12:30 p.m.<br><strong>Place: <\/strong>Bilkent University Library Art Gallery &amp; YouTube (scan the QR code)<\/p>\n\n\n\n<p><strong><a href=\"https:\/\/www.youtube.com\/watch?v=nN2YsVyv5aA\">YouTube Link<\/a><\/strong><\/p>\n<\/div><\/div>\n\n\n\n<div style=\"height:75px\" aria-hidden=\"true\" class=\"wp-block-spacer\"><\/div>\n\n\n\n<div class=\"wp-block-media-text alignwide is-stacked-on-mobile\" style=\"grid-template-columns:30% auto\"><figure class=\"wp-block-media-text__media\"><img loading=\"lazy\" width=\"724\" height=\"1024\" src=\"https:\/\/pols.bilkent.edu.tr\/wp-content\/uploads\/2024\/04\/m.fatih_.tatari-2-724x1024.jpeg\" alt=\"\" class=\"wp-image-2792 size-full\" srcset=\"https:\/\/pols.bilkent.edu.tr\/wp-content\/uploads\/2024\/04\/m.fatih_.tatari-2-724x1024.jpeg 724w, https:\/\/pols.bilkent.edu.tr\/wp-content\/uploads\/2024\/04\/m.fatih_.tatari-2-212x300.jpeg 212w, https:\/\/pols.bilkent.edu.tr\/wp-content\/uploads\/2024\/04\/m.fatih_.tatari-2-768x1086.jpeg 768w, https:\/\/pols.bilkent.edu.tr\/wp-content\/uploads\/2024\/04\/m.fatih_.tatari-2-1086x1536.jpeg 1086w, https:\/\/pols.bilkent.edu.tr\/wp-content\/uploads\/2024\/04\/m.fatih_.tatari-2-39x55.jpeg 39w, https:\/\/pols.bilkent.edu.tr\/wp-content\/uploads\/2024\/04\/m.fatih_.tatari-2-800x1132.jpeg 800w, https:\/\/pols.bilkent.edu.tr\/wp-content\/uploads\/2024\/04\/m.fatih_.tatari-2-580x821.jpeg 580w, https:\/\/pols.bilkent.edu.tr\/wp-content\/uploads\/2024\/04\/m.fatih_.tatari-2.jpeg 1131w\" sizes=\"(max-width: 724px) 100vw, 724px\" \/><\/figure><div class=\"wp-block-media-text__content\">\n<p><strong>Talk: <\/strong>Cumhuriyetin 100. Y\u0131l\u0131nda Hayvanc\u0131l\u0131k Politikalar\u0131 ve Mera Peynircili\u011fi<\/p>\n\n\n\n<p><strong>Speaker:<\/strong> Dr. M. Fatih Tatari, Department of Political Science and Public Administration, Bilkent University<\/p>\n\n\n\n<p><strong>Date &amp; Time:<\/strong> Thursday, April 25, 2024, 12:30 p.m.<br><strong>Place: <\/strong>Bilkent University Library Art Gallery &amp; YouTube (scan the QR code)<\/p>\n\n\n\n<p><strong><a href=\"https:\/\/www.youtube.com\/watch?v=osUkr2_8aaw\">YouTube Link<\/a><\/strong><\/p>\n<\/div><\/div>\n\n\n\n<div style=\"height:68px\" aria-hidden=\"true\" class=\"wp-block-spacer\"><\/div>\n\n\n\n<div class=\"wp-block-media-text alignwide is-stacked-on-mobile\" style=\"grid-template-columns:30% auto\"><figure class=\"wp-block-media-text__media\"><img loading=\"lazy\" width=\"724\" height=\"1024\" src=\"https:\/\/pols.bilkent.edu.tr\/wp-content\/uploads\/2024\/03\/WhatsApp-Image-2024-03-04-at-09.55.19-724x1024.jpeg\" alt=\"\" class=\"wp-image-2677 size-full\" srcset=\"https:\/\/pols.bilkent.edu.tr\/wp-content\/uploads\/2024\/03\/WhatsApp-Image-2024-03-04-at-09.55.19-724x1024.jpeg 724w, https:\/\/pols.bilkent.edu.tr\/wp-content\/uploads\/2024\/03\/WhatsApp-Image-2024-03-04-at-09.55.19-212x300.jpeg 212w, https:\/\/pols.bilkent.edu.tr\/wp-content\/uploads\/2024\/03\/WhatsApp-Image-2024-03-04-at-09.55.19-768x1086.jpeg 768w, https:\/\/pols.bilkent.edu.tr\/wp-content\/uploads\/2024\/03\/WhatsApp-Image-2024-03-04-at-09.55.19-1086x1536.jpeg 1086w, https:\/\/pols.bilkent.edu.tr\/wp-content\/uploads\/2024\/03\/WhatsApp-Image-2024-03-04-at-09.55.19-39x55.jpeg 39w, https:\/\/pols.bilkent.edu.tr\/wp-content\/uploads\/2024\/03\/WhatsApp-Image-2024-03-04-at-09.55.19-800x1132.jpeg 800w, https:\/\/pols.bilkent.edu.tr\/wp-content\/uploads\/2024\/03\/WhatsApp-Image-2024-03-04-at-09.55.19-580x821.jpeg 580w, https:\/\/pols.bilkent.edu.tr\/wp-content\/uploads\/2024\/03\/WhatsApp-Image-2024-03-04-at-09.55.19.jpeg 1131w\" sizes=\"(max-width: 724px) 100vw, 724px\" \/><\/figure><div class=\"wp-block-media-text__content\">\n<p><strong>Talk: <\/strong>Cumhuriyetin 100. Y\u0131l\u0131nda Patriarki ve Siyaset<\/p>\n\n\n\n<p><strong>Speaker:<\/strong> Dr. Meral U\u011fur \u00c7\u0131nar, Department of Political Science and Public Administration, Bilkent University<\/p>\n\n\n\n<p><strong>Date &amp; Time:<\/strong> Wednesday, April 17, 2024, 12:30 p.m.<br><strong>Place: <\/strong>Bilkent University Library Art Gallery &amp; YouTube (scan the QR code)<\/p>\n\n\n\n<p><a href=\"https:\/\/www.youtube.com\/watch?v=jqDm7j_stgE\"><strong>YouTube Link<\/strong><\/a><\/p>\n<\/div><\/div>\n\n\n\n<div style=\"height:88px\" aria-hidden=\"true\" class=\"wp-block-spacer\"><\/div>\n\n\n\n<div class=\"wp-block-media-text alignwide is-stacked-on-mobile\" style=\"grid-template-columns:30% auto\"><figure class=\"wp-block-media-text__media\"><img loading=\"lazy\" width=\"724\" height=\"1024\" src=\"https:\/\/pols.bilkent.edu.tr\/wp-content\/uploads\/2024\/02\/WhatsApp-Image-2024-02-19-at-12.27.42-1-1-724x1024.jpeg\" alt=\"\" class=\"wp-image-2614 size-full\" srcset=\"https:\/\/pols.bilkent.edu.tr\/wp-content\/uploads\/2024\/02\/WhatsApp-Image-2024-02-19-at-12.27.42-1-1-724x1024.jpeg 724w, https:\/\/pols.bilkent.edu.tr\/wp-content\/uploads\/2024\/02\/WhatsApp-Image-2024-02-19-at-12.27.42-1-1-212x300.jpeg 212w, https:\/\/pols.bilkent.edu.tr\/wp-content\/uploads\/2024\/02\/WhatsApp-Image-2024-02-19-at-12.27.42-1-1-768x1086.jpeg 768w, https:\/\/pols.bilkent.edu.tr\/wp-content\/uploads\/2024\/02\/WhatsApp-Image-2024-02-19-at-12.27.42-1-1-1086x1536.jpeg 1086w, https:\/\/pols.bilkent.edu.tr\/wp-content\/uploads\/2024\/02\/WhatsApp-Image-2024-02-19-at-12.27.42-1-1-39x55.jpeg 39w, https:\/\/pols.bilkent.edu.tr\/wp-content\/uploads\/2024\/02\/WhatsApp-Image-2024-02-19-at-12.27.42-1-1-800x1132.jpeg 800w, https:\/\/pols.bilkent.edu.tr\/wp-content\/uploads\/2024\/02\/WhatsApp-Image-2024-02-19-at-12.27.42-1-1-580x821.jpeg 580w, https:\/\/pols.bilkent.edu.tr\/wp-content\/uploads\/2024\/02\/WhatsApp-Image-2024-02-19-at-12.27.42-1-1.jpeg 1131w\" sizes=\"(max-width: 724px) 100vw, 724px\" \/><\/figure><div class=\"wp-block-media-text__content\">\n<p><strong>Talk: <\/strong>Cumhuriyetin 100. Y\u0131l\u0131nda Se\u00e7men-Siyaset\u00e7i \u0130li\u015fkileri<\/p>\n\n\n\n<p><strong>Speaker:<\/strong> Dr. Kerem Y\u0131ld\u0131r\u0131m, Department of Political Science and Public Administration, Bilkent University<\/p>\n\n\n\n<p><strong>Date &amp; Time:<\/strong> Tuesday, March 26, 2024, 12:30 p.m.<br><strong>Place: <\/strong>Bilkent University Library Art Gallery &amp; YouTube (scan the QR code)<\/p>\n\n\n\n<p><a href=\"https:\/\/www.youtube.com\/watch?v=55J2Tzhxv1Y\"><strong>YouTube Link<\/strong><\/a><\/p>\n<\/div><\/div>\n\n\n\n<div style=\"height:78px\" aria-hidden=\"true\" class=\"wp-block-spacer\"><\/div>\n\n\n\n<div class=\"wp-block-media-text alignwide is-stacked-on-mobile\" style=\"grid-template-columns:30% auto\"><figure class=\"wp-block-media-text__media\"><img loading=\"lazy\" width=\"724\" height=\"1024\" src=\"https:\/\/pols.bilkent.edu.tr\/wp-content\/uploads\/2024\/02\/esra-cuhadar-1-724x1024.jpeg\" alt=\"\" class=\"wp-image-2611 size-full\" srcset=\"https:\/\/pols.bilkent.edu.tr\/wp-content\/uploads\/2024\/02\/esra-cuhadar-1-724x1024.jpeg 724w, https:\/\/pols.bilkent.edu.tr\/wp-content\/uploads\/2024\/02\/esra-cuhadar-1-212x300.jpeg 212w, https:\/\/pols.bilkent.edu.tr\/wp-content\/uploads\/2024\/02\/esra-cuhadar-1-768x1086.jpeg 768w, https:\/\/pols.bilkent.edu.tr\/wp-content\/uploads\/2024\/02\/esra-cuhadar-1-1086x1536.jpeg 1086w, https:\/\/pols.bilkent.edu.tr\/wp-content\/uploads\/2024\/02\/esra-cuhadar-1-39x55.jpeg 39w, https:\/\/pols.bilkent.edu.tr\/wp-content\/uploads\/2024\/02\/esra-cuhadar-1-800x1132.jpeg 800w, https:\/\/pols.bilkent.edu.tr\/wp-content\/uploads\/2024\/02\/esra-cuhadar-1-580x821.jpeg 580w, https:\/\/pols.bilkent.edu.tr\/wp-content\/uploads\/2024\/02\/esra-cuhadar-1.jpeg 1131w\" sizes=\"(max-width: 724px) 100vw, 724px\" \/><\/figure><div class=\"wp-block-media-text__content\">\n<p><strong>Talk: <\/strong>Cumhuriyetin 100. Y\u0131l\u0131nda &#8220;Yurtta Bar\u0131\u015f, D\u00fcnyada Bar\u0131\u015f&#8221;<\/p>\n\n\n\n<p><strong>Speaker:<\/strong> Assoc. Prof. Esra \u00c7uhadar, Department of Political Science and Public Administration, Bilkent University<\/p>\n\n\n\n<p><strong>Date &amp; Time:<\/strong> Tuesday, March 5, 2024, 12:30 p.m.<br><strong>Place: <\/strong>Bilkent University Library Art Gallery &amp; YouTube (scan the QR code)<\/p>\n\n\n\n<p><a href=\"https:\/\/www.youtube.com\/watch?v=_sf3hVD-Q8g\"><strong>YouTube Link<\/strong><\/a><\/p>\n<\/div><\/div>\n\n\n\n<div style=\"height:78px\" aria-hidden=\"true\" class=\"wp-block-spacer\"><\/div>\n\n\n\n<div class=\"wp-block-media-text alignwide is-stacked-on-mobile\" style=\"grid-template-columns:30% auto\"><figure class=\"wp-block-media-text__media\"><img loading=\"lazy\" width=\"724\" height=\"1024\" src=\"https:\/\/pols.bilkent.edu.tr\/wp-content\/uploads\/2024\/02\/ayturk.28subat-724x1024.jpeg\" alt=\"\" class=\"wp-image-2565 size-full\" srcset=\"https:\/\/pols.bilkent.edu.tr\/wp-content\/uploads\/2024\/02\/ayturk.28subat-724x1024.jpeg 724w, https:\/\/pols.bilkent.edu.tr\/wp-content\/uploads\/2024\/02\/ayturk.28subat-212x300.jpeg 212w, https:\/\/pols.bilkent.edu.tr\/wp-content\/uploads\/2024\/02\/ayturk.28subat-768x1086.jpeg 768w, https:\/\/pols.bilkent.edu.tr\/wp-content\/uploads\/2024\/02\/ayturk.28subat-1086x1536.jpeg 1086w, https:\/\/pols.bilkent.edu.tr\/wp-content\/uploads\/2024\/02\/ayturk.28subat-39x55.jpeg 39w, https:\/\/pols.bilkent.edu.tr\/wp-content\/uploads\/2024\/02\/ayturk.28subat-800x1132.jpeg 800w, https:\/\/pols.bilkent.edu.tr\/wp-content\/uploads\/2024\/02\/ayturk.28subat-580x821.jpeg 580w, https:\/\/pols.bilkent.edu.tr\/wp-content\/uploads\/2024\/02\/ayturk.28subat.jpeg 1131w\" sizes=\"(max-width: 724px) 100vw, 724px\" \/><\/figure><div class=\"wp-block-media-text__content\">\n<p><strong>Talk: <\/strong>Cumhuriyetin 100. Y\u0131l\u0131nda \u0130slamc\u0131l\u0131k: Nereden Nereye<\/p>\n\n\n\n<p><strong>Speaker:<\/strong> Assoc. Prof. \u0130lker Ayt\u00fcrk, Department of Political Science and Public Administration, Bilkent University<\/p>\n\n\n\n<p><strong>Date &amp; Time:<\/strong> Wednesday, February 28, 2024, 12:30 p.m.<br><strong>Place: <\/strong>Bilkent University Library Art Gallery &amp; YouTube (scan the QR code)<\/p>\n\n\n\n<p><strong><a href=\"https:\/\/www.youtube.com\/watch?v=k2m-pdWmAhM\">YouTube Link<\/a><\/strong><\/p>\n<\/div><\/div>\n\n\n\n<div style=\"height:81px\" aria-hidden=\"true\" class=\"wp-block-spacer\"><\/div>\n\n\n\n<div class=\"wp-block-media-text alignwide is-stacked-on-mobile\" style=\"grid-template-columns:30% auto\"><figure class=\"wp-block-media-text__media\"><img loading=\"lazy\" width=\"724\" height=\"1024\" src=\"https:\/\/pols.bilkent.edu.tr\/wp-content\/uploads\/2023\/12\/WhatsApp-Image-2023-12-19-at-12.38.14-724x1024.jpeg\" alt=\"\" class=\"wp-image-2508 size-full\" srcset=\"https:\/\/pols.bilkent.edu.tr\/wp-content\/uploads\/2023\/12\/WhatsApp-Image-2023-12-19-at-12.38.14-724x1024.jpeg 724w, https:\/\/pols.bilkent.edu.tr\/wp-content\/uploads\/2023\/12\/WhatsApp-Image-2023-12-19-at-12.38.14-212x300.jpeg 212w, https:\/\/pols.bilkent.edu.tr\/wp-content\/uploads\/2023\/12\/WhatsApp-Image-2023-12-19-at-12.38.14-768x1086.jpeg 768w, https:\/\/pols.bilkent.edu.tr\/wp-content\/uploads\/2023\/12\/WhatsApp-Image-2023-12-19-at-12.38.14-1086x1536.jpeg 1086w, https:\/\/pols.bilkent.edu.tr\/wp-content\/uploads\/2023\/12\/WhatsApp-Image-2023-12-19-at-12.38.14-39x55.jpeg 39w, https:\/\/pols.bilkent.edu.tr\/wp-content\/uploads\/2023\/12\/WhatsApp-Image-2023-12-19-at-12.38.14-800x1132.jpeg 800w, https:\/\/pols.bilkent.edu.tr\/wp-content\/uploads\/2023\/12\/WhatsApp-Image-2023-12-19-at-12.38.14-580x821.jpeg 580w, https:\/\/pols.bilkent.edu.tr\/wp-content\/uploads\/2023\/12\/WhatsApp-Image-2023-12-19-at-12.38.14.jpeg 1131w\" sizes=\"(max-width: 724px) 100vw, 724px\" \/><\/figure><div class=\"wp-block-media-text__content\">\n<p><strong>Talk: <\/strong>Cumhuriyet&#8217;in 100. Y\u0131l\u0131nda G\u00fcvenlik<\/p>\n\n\n\n<p><strong>Speaker:<\/strong> Prof. P\u0131nar Bilgin, Department of Political Science and Public Administration, Bilkent University<\/p>\n\n\n\n<p><strong>Date &amp; Time:<\/strong> Wednesday, December 27, 2023, 12:30 p.m.<br><strong>Place: <\/strong>Bilkent University Library Art Gallery &amp; YouTube (scan the QR code)<\/p>\n\n\n\n<p><strong><a href=\"https:\/\/www.youtube.com\/watch?v=JBMXDU6C_jo\">YouTube Link<\/a><\/strong><\/p>\n<\/div><\/div>\n\n\n\n<div style=\"height:77px\" aria-hidden=\"true\" class=\"wp-block-spacer\"><\/div>\n\n\n\n<div class=\"wp-block-media-text alignwide is-stacked-on-mobile\" style=\"grid-template-columns:30% auto\"><figure class=\"wp-block-media-text__media\"><img loading=\"lazy\" width=\"724\" height=\"1024\" src=\"https:\/\/pols.bilkent.edu.tr\/wp-content\/uploads\/2023\/12\/WhatsApp-Image-2023-12-19-at-12.38.14-1-1-724x1024.jpeg\" alt=\"\" class=\"wp-image-2510 size-full\" srcset=\"https:\/\/pols.bilkent.edu.tr\/wp-content\/uploads\/2023\/12\/WhatsApp-Image-2023-12-19-at-12.38.14-1-1-724x1024.jpeg 724w, https:\/\/pols.bilkent.edu.tr\/wp-content\/uploads\/2023\/12\/WhatsApp-Image-2023-12-19-at-12.38.14-1-1-212x300.jpeg 212w, https:\/\/pols.bilkent.edu.tr\/wp-content\/uploads\/2023\/12\/WhatsApp-Image-2023-12-19-at-12.38.14-1-1-768x1086.jpeg 768w, https:\/\/pols.bilkent.edu.tr\/wp-content\/uploads\/2023\/12\/WhatsApp-Image-2023-12-19-at-12.38.14-1-1-1086x1536.jpeg 1086w, https:\/\/pols.bilkent.edu.tr\/wp-content\/uploads\/2023\/12\/WhatsApp-Image-2023-12-19-at-12.38.14-1-1-39x55.jpeg 39w, https:\/\/pols.bilkent.edu.tr\/wp-content\/uploads\/2023\/12\/WhatsApp-Image-2023-12-19-at-12.38.14-1-1-800x1132.jpeg 800w, https:\/\/pols.bilkent.edu.tr\/wp-content\/uploads\/2023\/12\/WhatsApp-Image-2023-12-19-at-12.38.14-1-1-580x821.jpeg 580w, https:\/\/pols.bilkent.edu.tr\/wp-content\/uploads\/2023\/12\/WhatsApp-Image-2023-12-19-at-12.38.14-1-1.jpeg 1131w\" sizes=\"(max-width: 724px) 100vw, 724px\" \/><\/figure><div class=\"wp-block-media-text__content\">\n<p><strong>Talk: <\/strong>Cumhuriyet&#8217;in 100. Y\u0131l\u0131nda Sosyal Devlet<\/p>\n\n\n\n<p><strong>Speaker:<\/strong> Assoc. Prof. H. Tolga B\u00f6l\u00fckba\u015f\u0131, Department of Political Science and Public Administration, Bilkent University<\/p>\n\n\n\n<p><strong>Date &amp; Time:<\/strong> Wednesday, December 20, 2023, 12:30 p.m.<br><strong>Place: <\/strong>Bilkent University Library Art Gallery &amp; YouTube (scan the QR code)<\/p>\n\n\n\n<p><strong><a href=\"https:\/\/www.youtube.com\/watch?v=86to_1gPWeE&amp;t=14s\">YouTube Link<\/a><\/strong><\/p>\n<\/div><\/div>\n","protected":false},"excerpt":{"rendered":"<p>Talk: Cumhuriyetin 100. Y\u0131l\u0131nda Kad\u0131nlar\u0131n Siyasal Temsili Speaker: Dr. Esra \u0130\u015fsever-Ekinci, Department of Political Science and Public Administration, Bilkent University Date &amp; Time: Wednesday, May 15, 2024, 12:30 p.m.Place: Bilkent University Library Art Gallery &amp; YouTube (scan the QR code) YouTube Link Talk: Cumhuriyetin 100. Y\u0131l\u0131nda Kamu Sa\u011fl\u0131\u011f\u0131 Speaker: Dr. [\u2026] <\/p>\n<div class=\"clear\"><\/div>\n<p><a class=\"more_link clearfix\" href=\"https:\/\/pols.bilkent.edu.tr\/index.php\/centennial-talks\/\" rel=\"nofollow\">Read More<\/a><\/p>\n","protected":false},"author":1,"featured_media":0,"parent":0,"menu_order":0,"comment_status":"closed","ping_status":"closed","template":"","meta":[],"_links":{"self":[{"href":"https:\/\/pols.bilkent.edu.tr\/index.php\/wp-json\/wp\/v2\/pages\/2413"}],"collection":[{"href":"https:\/\/pols.bilkent.edu.tr\/index.php\/wp-json\/wp\/v2\/pages"}],"about":[{"href":"https:\/\/pols.bilkent.edu.tr\/index.php\/wp-json\/wp\/v2\/types\/page"}],"author":[{"embeddable":true,"href":"https:\/\/pols.bilkent.edu.tr\/index.php\/wp-json\/wp\/v2\/users\/1"}],"replies":[{"embeddable":true,"href":"https:\/\/pols.bilkent.edu.tr\/index.php\/wp-json\/wp\/v2\/comments?post=2413"}],"version-history":[{"count":43,"href":"https:\/\/pols.bilkent.edu.tr\/index.php\/wp-json\/wp\/v2\/pages\/2413\/revisions"}],"predecessor-version":[{"id":2839,"href":"https:\/\/pols.bilkent.edu.tr\/index.php\/wp-json\/wp\/v2\/pages\/2413\/revisions\/2839"}],"wp:attachment":[{"href":"https:\/\/pols.bilkent.edu.tr\/index.php\/wp-json\/wp\/v2\/media?parent=2413"}],"curies":[{"name":"wp","href":"https:\/\/api.w.org\/{rel}","templated":true}]}}