{"id":2360,"date":"2023-10-31T10:21:38","date_gmt":"2023-10-31T07:21:38","guid":{"rendered":"https:\/\/pols.bilkent.edu.tr\/?page_id=2360"},"modified":"2026-04-28T13:44:03","modified_gmt":"2026-04-28T10:44:03","slug":"is-olanaklari","status":"publish","type":"page","link":"https:\/\/pols.bilkent.edu.tr\/index.php\/tr\/is-olanaklari\/","title":{"rendered":"\u0130\u015f Olanaklar\u0131"},"content":{"rendered":"\n<div class=\"wp-block-media-text alignwide is-stacked-on-mobile is-vertically-aligned-top\" style=\"grid-template-columns:28% auto\"><figure class=\"wp-block-media-text__media\"><img loading=\"lazy\" width=\"1024\" height=\"424\" src=\"https:\/\/pols.bilkent.edu.tr\/wp-content\/uploads\/2023\/03\/OH_Banner_revised-last-01-1600x663-1-1024x424.jpg\" alt=\"\" class=\"wp-image-1983 size-full\" srcset=\"https:\/\/pols.bilkent.edu.tr\/wp-content\/uploads\/2023\/03\/OH_Banner_revised-last-01-1600x663-1-1024x424.jpg 1024w, https:\/\/pols.bilkent.edu.tr\/wp-content\/uploads\/2023\/03\/OH_Banner_revised-last-01-1600x663-1-300x124.jpg 300w, https:\/\/pols.bilkent.edu.tr\/wp-content\/uploads\/2023\/03\/OH_Banner_revised-last-01-1600x663-1-768x318.jpg 768w, https:\/\/pols.bilkent.edu.tr\/wp-content\/uploads\/2023\/03\/OH_Banner_revised-last-01-1600x663-1-1536x636.jpg 1536w, https:\/\/pols.bilkent.edu.tr\/wp-content\/uploads\/2023\/03\/OH_Banner_revised-last-01-1600x663-1-133x55.jpg 133w, https:\/\/pols.bilkent.edu.tr\/wp-content\/uploads\/2023\/03\/OH_Banner_revised-last-01-1600x663-1-800x332.jpg 800w, https:\/\/pols.bilkent.edu.tr\/wp-content\/uploads\/2023\/03\/OH_Banner_revised-last-01-1600x663-1-580x240.jpg 580w, https:\/\/pols.bilkent.edu.tr\/wp-content\/uploads\/2023\/03\/OH_Banner_revised-last-01-1600x663-1.jpg 1600w\" sizes=\"(max-width: 1024px) 100vw, 1024px\" \/><\/figure><div class=\"wp-block-media-text__content\">\n<p>Bilkent \u00dcniversitesi Siyaset Bilimi ve Kamu Y\u00f6netimi B\u00f6l\u00fcm\u00fc, <strong>T\u00fcrkiye Siyaseti<\/strong> alan\u0131nda a\u00e7\u0131k kadro (Dr. \u00d6\u011fretim \u00dcyesi\/Do\u00e7ent\/Profes\u00f6r) i\u00e7in ilana ba\u015fvurular\u0131 kabul etmektedir. Detayl\u0131 bilgi i\u00e7in <a href=\"https:\/\/stars.bilkent.edu.tr\/staffapp\/POLS2027T\" target=\"_blank\" rel=\"noreferrer noopener\">buraya t\u0131klay\u0131n\u0131z<\/a>.<\/p>\n\n\n\n<div style=\"height:71px\" aria-hidden=\"true\" class=\"wp-block-spacer\"><\/div>\n<\/div><\/div>\n\n\n\n<div class=\"wp-block-media-text alignwide is-stacked-on-mobile is-vertically-aligned-top\" style=\"grid-template-columns:28% auto\"><figure class=\"wp-block-media-text__media\"><img loading=\"lazy\" width=\"1024\" height=\"424\" src=\"https:\/\/pols.bilkent.edu.tr\/wp-content\/uploads\/2023\/03\/OH_Banner_revised-last-01-1600x663-1-1024x424.jpg\" alt=\"\" class=\"wp-image-1983 size-full\" srcset=\"https:\/\/pols.bilkent.edu.tr\/wp-content\/uploads\/2023\/03\/OH_Banner_revised-last-01-1600x663-1-1024x424.jpg 1024w, https:\/\/pols.bilkent.edu.tr\/wp-content\/uploads\/2023\/03\/OH_Banner_revised-last-01-1600x663-1-300x124.jpg 300w, https:\/\/pols.bilkent.edu.tr\/wp-content\/uploads\/2023\/03\/OH_Banner_revised-last-01-1600x663-1-768x318.jpg 768w, https:\/\/pols.bilkent.edu.tr\/wp-content\/uploads\/2023\/03\/OH_Banner_revised-last-01-1600x663-1-1536x636.jpg 1536w, https:\/\/pols.bilkent.edu.tr\/wp-content\/uploads\/2023\/03\/OH_Banner_revised-last-01-1600x663-1-133x55.jpg 133w, https:\/\/pols.bilkent.edu.tr\/wp-content\/uploads\/2023\/03\/OH_Banner_revised-last-01-1600x663-1-800x332.jpg 800w, https:\/\/pols.bilkent.edu.tr\/wp-content\/uploads\/2023\/03\/OH_Banner_revised-last-01-1600x663-1-580x240.jpg 580w, https:\/\/pols.bilkent.edu.tr\/wp-content\/uploads\/2023\/03\/OH_Banner_revised-last-01-1600x663-1.jpg 1600w\" sizes=\"(max-width: 1024px) 100vw, 1024px\" \/><\/figure><div class=\"wp-block-media-text__content\">\n<p>Bilkent \u00dcniversitesi Siyaset Bilimi ve Kamu Y\u00f6netimi B\u00f6l\u00fcm\u00fc, <strong>Siyaset Teorisi<\/strong> alan\u0131nda, \u00f6zellikle <strong>\u00e7a\u011fda\u015f siyaset teorisi<\/strong> alan\u0131nda uzmanla\u015fan, a\u00e7\u0131k kadro (Dr. \u00d6\u011fretim \u00dcyesi\/Do\u00e7ent\/Profes\u00f6r) i\u00e7in ilana ba\u015fvurular\u0131 kabul etmektedir. Detayl\u0131 bilgi i\u00e7in <a href=\"https:\/\/stars.bilkent.edu.tr\/staffapp\/POLS2027P\" target=\"_blank\" rel=\"noreferrer noopener\">buraya t\u0131klay\u0131n\u0131z<\/a>.<\/p>\n\n\n\n<div style=\"height:71px\" aria-hidden=\"true\" class=\"wp-block-spacer\"><\/div>\n<\/div><\/div>\n","protected":false},"excerpt":{"rendered":"","protected":false},"author":1,"featured_media":0,"parent":0,"menu_order":0,"comment_status":"closed","ping_status":"closed","template":"","meta":[],"_links":{"self":[{"href":"https:\/\/pols.bilkent.edu.tr\/index.php\/wp-json\/wp\/v2\/pages\/2360"}],"collection":[{"href":"https:\/\/pols.bilkent.edu.tr\/index.php\/wp-json\/wp\/v2\/pages"}],"about":[{"href":"https:\/\/pols.bilkent.edu.tr\/index.php\/wp-json\/wp\/v2\/types\/page"}],"author":[{"embeddable":true,"href":"https:\/\/pols.bilkent.edu.tr\/index.php\/wp-json\/wp\/v2\/users\/1"}],"replies":[{"embeddable":true,"href":"https:\/\/pols.bilkent.edu.tr\/index.php\/wp-json\/wp\/v2\/comments?post=2360"}],"version-history":[{"count":7,"href":"https:\/\/pols.bilkent.edu.tr\/index.php\/wp-json\/wp\/v2\/pages\/2360\/revisions"}],"predecessor-version":[{"id":4488,"href":"https:\/\/pols.bilkent.edu.tr\/index.php\/wp-json\/wp\/v2\/pages\/2360\/revisions\/4488"}],"wp:attachment":[{"href":"https:\/\/pols.bilkent.edu.tr\/index.php\/wp-json\/wp\/v2\/media?parent=2360"}],"curies":[{"name":"wp","href":"https:\/\/api.w.org\/{rel}","templated":true}]}}