{"id":2314,"date":"2023-10-30T20:44:38","date_gmt":"2023-10-30T17:44:38","guid":{"rendered":"https:\/\/pols.bilkent.edu.tr\/?page_id=2314"},"modified":"2026-03-30T16:20:01","modified_gmt":"2026-03-30T13:20:01","slug":"graduate-brown-bag-seminar","status":"publish","type":"page","link":"https:\/\/pols.bilkent.edu.tr\/index.php\/graduate-brown-bag-seminar\/","title":{"rendered":"Graduate Brown Bag Seminar"},"content":{"rendered":"\n<div class=\"wp-block-media-text alignwide is-stacked-on-mobile\" style=\"grid-template-columns:30% auto\"><figure class=\"wp-block-media-text__media\"><img loading=\"lazy\" width=\"1024\" height=\"1024\" src=\"https:\/\/pols.bilkent.edu.tr\/wp-content\/uploads\/2026\/03\/WhatsApp-Image-2026-03-30-at-14.47.34-1024x1024.jpeg\" alt=\"\" class=\"wp-image-4371 size-full\" srcset=\"https:\/\/pols.bilkent.edu.tr\/wp-content\/uploads\/2026\/03\/WhatsApp-Image-2026-03-30-at-14.47.34-1024x1024.jpeg 1024w, https:\/\/pols.bilkent.edu.tr\/wp-content\/uploads\/2026\/03\/WhatsApp-Image-2026-03-30-at-14.47.34-300x300.jpeg 300w, https:\/\/pols.bilkent.edu.tr\/wp-content\/uploads\/2026\/03\/WhatsApp-Image-2026-03-30-at-14.47.34-150x150.jpeg 150w, https:\/\/pols.bilkent.edu.tr\/wp-content\/uploads\/2026\/03\/WhatsApp-Image-2026-03-30-at-14.47.34-768x768.jpeg 768w, https:\/\/pols.bilkent.edu.tr\/wp-content\/uploads\/2026\/03\/WhatsApp-Image-2026-03-30-at-14.47.34-55x55.jpeg 55w, https:\/\/pols.bilkent.edu.tr\/wp-content\/uploads\/2026\/03\/WhatsApp-Image-2026-03-30-at-14.47.34-800x800.jpeg 800w, https:\/\/pols.bilkent.edu.tr\/wp-content\/uploads\/2026\/03\/WhatsApp-Image-2026-03-30-at-14.47.34-580x580.jpeg 580w, https:\/\/pols.bilkent.edu.tr\/wp-content\/uploads\/2026\/03\/WhatsApp-Image-2026-03-30-at-14.47.34.jpeg 1080w\" sizes=\"(max-width: 1024px) 100vw, 1024px\" \/><\/figure><div class=\"wp-block-media-text__content\">\n<p><strong>Talk<\/strong>: Gendered Institutions and Women&#8217;s Representation in Bureaucracy: A Feminist Institutionalist Analysis of Two Ministries in Turkey<\/p>\n\n\n\n<p><strong>Presenter<\/strong>: Ay\u015fenaz F\u0131nd\u0131k<br><strong>Discussant<\/strong>: Cansu \u00c7etinta\u015f <\/p>\n\n\n\n<p><strong>Date &amp; Time<\/strong>: 1 April 2026, 12.30 p.m.<br><strong>Place<\/strong>: A-129B<\/p>\n<\/div><\/div>\n\n\n\n<div style=\"height:100px\" aria-hidden=\"true\" class=\"wp-block-spacer\"><\/div>\n\n\n\n<div class=\"wp-block-media-text alignwide is-stacked-on-mobile\" style=\"grid-template-columns:30% auto\"><figure class=\"wp-block-media-text__media\"><img loading=\"lazy\" width=\"1024\" height=\"1024\" src=\"https:\/\/pols.bilkent.edu.tr\/wp-content\/uploads\/2026\/03\/POLS-Graduate-Students-Brown-Bag-Series-1024x1024.png\" alt=\"\" class=\"wp-image-4337 size-full\" srcset=\"https:\/\/pols.bilkent.edu.tr\/wp-content\/uploads\/2026\/03\/POLS-Graduate-Students-Brown-Bag-Series-1024x1024.png 1024w, https:\/\/pols.bilkent.edu.tr\/wp-content\/uploads\/2026\/03\/POLS-Graduate-Students-Brown-Bag-Series-300x300.png 300w, https:\/\/pols.bilkent.edu.tr\/wp-content\/uploads\/2026\/03\/POLS-Graduate-Students-Brown-Bag-Series-150x150.png 150w, https:\/\/pols.bilkent.edu.tr\/wp-content\/uploads\/2026\/03\/POLS-Graduate-Students-Brown-Bag-Series-768x768.png 768w, https:\/\/pols.bilkent.edu.tr\/wp-content\/uploads\/2026\/03\/POLS-Graduate-Students-Brown-Bag-Series-55x55.png 55w, https:\/\/pols.bilkent.edu.tr\/wp-content\/uploads\/2026\/03\/POLS-Graduate-Students-Brown-Bag-Series-800x800.png 800w, https:\/\/pols.bilkent.edu.tr\/wp-content\/uploads\/2026\/03\/POLS-Graduate-Students-Brown-Bag-Series-580x580.png 580w, https:\/\/pols.bilkent.edu.tr\/wp-content\/uploads\/2026\/03\/POLS-Graduate-Students-Brown-Bag-Series.png 1080w\" sizes=\"(max-width: 1024px) 100vw, 1024px\" \/><\/figure><div class=\"wp-block-media-text__content\">\n<p><strong>Talk<\/strong>: Reconsidering the Relationship Between Populism and Democracy: Evidence on Competin Populisms from Turkey and Beyond<\/p>\n\n\n\n<p><strong>Presenter<\/strong>: Cemre Kara\u00e7al\u0131k<\/p>\n\n\n\n<p><strong>Discussant<\/strong>: T\u00fcmay G\u00fcll\u00fco\u011flu <\/p>\n\n\n\n<p><strong>Date &amp; Time<\/strong>: 23 March 2026, 12.30 p.m.<br><strong>Place<\/strong>: A-129B<\/p>\n<\/div><\/div>\n\n\n\n<div style=\"height:100px\" aria-hidden=\"true\" class=\"wp-block-spacer\"><\/div>\n\n\n\n<div class=\"wp-block-media-text alignwide is-stacked-on-mobile\" style=\"grid-template-columns:30% auto\"><figure class=\"wp-block-media-text__media\"><img loading=\"lazy\" width=\"1024\" height=\"1024\" src=\"https:\/\/pols.bilkent.edu.tr\/wp-content\/uploads\/2026\/03\/WhatsApp-Image-2026-01-30-at-16.46.46-1024x1024.jpeg\" alt=\"\" class=\"wp-image-4335 size-full\" srcset=\"https:\/\/pols.bilkent.edu.tr\/wp-content\/uploads\/2026\/03\/WhatsApp-Image-2026-01-30-at-16.46.46-1024x1024.jpeg 1024w, https:\/\/pols.bilkent.edu.tr\/wp-content\/uploads\/2026\/03\/WhatsApp-Image-2026-01-30-at-16.46.46-300x300.jpeg 300w, https:\/\/pols.bilkent.edu.tr\/wp-content\/uploads\/2026\/03\/WhatsApp-Image-2026-01-30-at-16.46.46-150x150.jpeg 150w, https:\/\/pols.bilkent.edu.tr\/wp-content\/uploads\/2026\/03\/WhatsApp-Image-2026-01-30-at-16.46.46-768x768.jpeg 768w, https:\/\/pols.bilkent.edu.tr\/wp-content\/uploads\/2026\/03\/WhatsApp-Image-2026-01-30-at-16.46.46-55x55.jpeg 55w, https:\/\/pols.bilkent.edu.tr\/wp-content\/uploads\/2026\/03\/WhatsApp-Image-2026-01-30-at-16.46.46-800x800.jpeg 800w, https:\/\/pols.bilkent.edu.tr\/wp-content\/uploads\/2026\/03\/WhatsApp-Image-2026-01-30-at-16.46.46-580x580.jpeg 580w, https:\/\/pols.bilkent.edu.tr\/wp-content\/uploads\/2026\/03\/WhatsApp-Image-2026-01-30-at-16.46.46.jpeg 1080w\" sizes=\"(max-width: 1024px) 100vw, 1024px\" \/><\/figure><div class=\"wp-block-media-text__content\">\n<p><strong>Talk<\/strong>: Tracking Frames over Time: Longitudinal Dynamics of Frame Competition in the Turkish Parliament<\/p>\n\n\n\n<p><strong>Presenter<\/strong>: Mert U\u011fur<\/p>\n\n\n\n<p><strong>Discussant<\/strong>: Mert K\u0131l\u0131\u00e7 <\/p>\n\n\n\n<p><strong>Date &amp; Time<\/strong>: 4 February 2026, 12.30 p.m.<br><strong>Place<\/strong>: A-129B<\/p>\n<\/div><\/div>\n\n\n\n<div style=\"height:100px\" aria-hidden=\"true\" class=\"wp-block-spacer\"><\/div>\n\n\n\n<div class=\"wp-block-media-text alignwide is-stacked-on-mobile\" style=\"grid-template-columns:30% auto\"><figure class=\"wp-block-media-text__media\"><img loading=\"lazy\" width=\"723\" height=\"1024\" src=\"https:\/\/pols.bilkent.edu.tr\/wp-content\/uploads\/2023\/10\/atahan-723x1024.jpg\" alt=\"\" class=\"wp-image-2338 size-full\" srcset=\"https:\/\/pols.bilkent.edu.tr\/wp-content\/uploads\/2023\/10\/atahan-723x1024.jpg 723w, https:\/\/pols.bilkent.edu.tr\/wp-content\/uploads\/2023\/10\/atahan-212x300.jpg 212w, https:\/\/pols.bilkent.edu.tr\/wp-content\/uploads\/2023\/10\/atahan-768x1087.jpg 768w, https:\/\/pols.bilkent.edu.tr\/wp-content\/uploads\/2023\/10\/atahan-1085x1536.jpg 1085w, https:\/\/pols.bilkent.edu.tr\/wp-content\/uploads\/2023\/10\/atahan-39x55.jpg 39w, https:\/\/pols.bilkent.edu.tr\/wp-content\/uploads\/2023\/10\/atahan-800x1133.jpg 800w, https:\/\/pols.bilkent.edu.tr\/wp-content\/uploads\/2023\/10\/atahan-580x821.jpg 580w, https:\/\/pols.bilkent.edu.tr\/wp-content\/uploads\/2023\/10\/atahan.jpg 1130w\" sizes=\"(max-width: 723px) 100vw, 723px\" \/><\/figure><div class=\"wp-block-media-text__content\">\n<p><strong>Talk<\/strong>: Revisiting T\u00fcrkiye&#8217;s Migration Management Policies through Marxism<\/p>\n\n\n\n<p><strong>Speaker<\/strong>: Atahan Demirkol, Ph.D. Candidate in Political Science at Afyon Kocatepe University<\/p>\n\n\n\n<p><strong>Date &amp; Time<\/strong>: Thursday, 4 May 2023, 12.30 p.m.<br><strong>Place<\/strong>: H-232<\/p>\n<\/div><\/div>\n\n\n\n<div style=\"height:100px\" aria-hidden=\"true\" class=\"wp-block-spacer\"><\/div>\n\n\n\n<div class=\"wp-block-media-text alignwide is-stacked-on-mobile\" style=\"grid-template-columns:30% auto\"><figure class=\"wp-block-media-text__media\"><img loading=\"lazy\" width=\"723\" height=\"1024\" src=\"https:\/\/pols.bilkent.edu.tr\/wp-content\/uploads\/2023\/04\/WhatsApp-Image-2023-04-02-at-20.30.58-723x1024.jpeg\" alt=\"\" class=\"wp-image-2021 size-full\" srcset=\"https:\/\/pols.bilkent.edu.tr\/wp-content\/uploads\/2023\/04\/WhatsApp-Image-2023-04-02-at-20.30.58-723x1024.jpeg 723w, https:\/\/pols.bilkent.edu.tr\/wp-content\/uploads\/2023\/04\/WhatsApp-Image-2023-04-02-at-20.30.58-212x300.jpeg 212w, https:\/\/pols.bilkent.edu.tr\/wp-content\/uploads\/2023\/04\/WhatsApp-Image-2023-04-02-at-20.30.58-768x1087.jpeg 768w, https:\/\/pols.bilkent.edu.tr\/wp-content\/uploads\/2023\/04\/WhatsApp-Image-2023-04-02-at-20.30.58-1085x1536.jpeg 1085w, https:\/\/pols.bilkent.edu.tr\/wp-content\/uploads\/2023\/04\/WhatsApp-Image-2023-04-02-at-20.30.58-39x55.jpeg 39w, https:\/\/pols.bilkent.edu.tr\/wp-content\/uploads\/2023\/04\/WhatsApp-Image-2023-04-02-at-20.30.58-800x1133.jpeg 800w, https:\/\/pols.bilkent.edu.tr\/wp-content\/uploads\/2023\/04\/WhatsApp-Image-2023-04-02-at-20.30.58-580x821.jpeg 580w, https:\/\/pols.bilkent.edu.tr\/wp-content\/uploads\/2023\/04\/WhatsApp-Image-2023-04-02-at-20.30.58.jpeg 1130w\" sizes=\"(max-width: 723px) 100vw, 723px\" \/><\/figure><div class=\"wp-block-media-text__content\">\n<p><strong>Talk 1<\/strong>: Ontological (In)security: EU Foreign Policy Narratives on the Russian Invasion of Ukraine<\/p>\n\n\n\n<p><strong>Speaker<\/strong>: Lauren Rogers, Ph.D. Candidate in Politics and IR at the University of Edinburgh<\/p>\n\n\n\n<p><strong>Talk 2:<\/strong> Scottish &#8216;Foreign Policy&#8217;?<\/p>\n\n\n\n<p><strong>Speaker<\/strong>: Alexander Bendix, Ph.D. Candidate in Politics and IR at the University of Edinburgh<\/p>\n\n\n\n<p><strong>Date &amp; Time<\/strong>: Thursday, 6 April 2023, 12.30 p.m.<br><strong>Place<\/strong>: Zoom<\/p>\n<\/div><\/div>\n","protected":false},"excerpt":{"rendered":"<p>Talk: Gendered Institutions and Women&#8217;s Representation in Bureaucracy: A Feminist Institutionalist Analysis of Two Ministries in Turkey Presenter: Ay\u015fenaz F\u0131nd\u0131kDiscussant: Cansu \u00c7etinta\u015f Date &amp; Time: 1 April 2026, 12.30 p.m.Place: A-129B Talk: Reconsidering the Relationship Between Populism and Democracy: Evidence on Competin Populisms from Turkey and Beyond Presenter: Cemre Kara\u00e7al\u0131k [\u2026] <\/p>\n<div class=\"clear\"><\/div>\n<p><a class=\"more_link clearfix\" href=\"https:\/\/pols.bilkent.edu.tr\/index.php\/graduate-brown-bag-seminar\/\" rel=\"nofollow\">Read More<\/a><\/p>\n","protected":false},"author":1,"featured_media":0,"parent":0,"menu_order":0,"comment_status":"closed","ping_status":"closed","template":"","meta":[],"_links":{"self":[{"href":"https:\/\/pols.bilkent.edu.tr\/index.php\/wp-json\/wp\/v2\/pages\/2314"}],"collection":[{"href":"https:\/\/pols.bilkent.edu.tr\/index.php\/wp-json\/wp\/v2\/pages"}],"about":[{"href":"https:\/\/pols.bilkent.edu.tr\/index.php\/wp-json\/wp\/v2\/types\/page"}],"author":[{"embeddable":true,"href":"https:\/\/pols.bilkent.edu.tr\/index.php\/wp-json\/wp\/v2\/users\/1"}],"replies":[{"embeddable":true,"href":"https:\/\/pols.bilkent.edu.tr\/index.php\/wp-json\/wp\/v2\/comments?post=2314"}],"version-history":[{"count":7,"href":"https:\/\/pols.bilkent.edu.tr\/index.php\/wp-json\/wp\/v2\/pages\/2314\/revisions"}],"predecessor-version":[{"id":4377,"href":"https:\/\/pols.bilkent.edu.tr\/index.php\/wp-json\/wp\/v2\/pages\/2314\/revisions\/4377"}],"wp:attachment":[{"href":"https:\/\/pols.bilkent.edu.tr\/index.php\/wp-json\/wp\/v2\/media?parent=2314"}],"curies":[{"name":"wp","href":"https:\/\/api.w.org\/{rel}","templated":true}]}}