{"id":2252,"date":"2023-10-06T11:04:09","date_gmt":"2023-10-06T08:04:09","guid":{"rendered":"https:\/\/pols.bilkent.edu.tr\/?page_id=2252"},"modified":"2023-10-06T11:04:10","modified_gmt":"2023-10-06T08:04:10","slug":"mehmet-fatih-tatari","status":"publish","type":"page","link":"https:\/\/pols.bilkent.edu.tr\/index.php\/tr\/tam-zamanli-ogretim-uyeleri\/mehmet-fatih-tatari\/","title":{"rendered":"Mehmet Fatih Tatari"},"content":{"rendered":"\n<div class=\"wp-block-media-text alignwide is-stacked-on-mobile is-vertically-aligned-center\" style=\"grid-template-columns:24% auto\"><figure class=\"wp-block-media-text__media\"><a href=\"https:\/\/pols.bilkent.edu.tr\/index.php\/full-time-faculty\/mehmet-fatih-tatari\/\"><img loading=\"lazy\" width=\"468\" height=\"533\" src=\"https:\/\/pols.bilkent.edu.tr\/wp-content\/uploads\/2023\/10\/fatih.tatari..png\" alt=\"\" class=\"wp-image-2238 size-full\" srcset=\"https:\/\/pols.bilkent.edu.tr\/wp-content\/uploads\/2023\/10\/fatih.tatari..png 468w, https:\/\/pols.bilkent.edu.tr\/wp-content\/uploads\/2023\/10\/fatih.tatari.-263x300.png 263w, https:\/\/pols.bilkent.edu.tr\/wp-content\/uploads\/2023\/10\/fatih.tatari.-48x55.png 48w\" sizes=\"(max-width: 468px) 100vw, 468px\" \/><\/a><\/figure><div class=\"wp-block-media-text__content\">\n<p class=\"has-text-align-left\" style=\"font-size:18px;line-height:1\"><strong><strong><strong>\u00d6\u011fretim G\u00f6revlisi<\/strong><\/strong><\/strong><\/p>\n\n\n\n<p class=\"has-text-align-left\" style=\"font-size:18px;line-height:1.5\"><strong>Ph.D., Antropoloji, University of California, Davis, 2023. Politik ekoloji, tar\u0131m ve g\u0131da, bilim ve teknoloji \u00e7al\u0131\u015fmalar\u0131<\/strong><\/p>\n\n\n\n<div class=\"wp-container-3 wp-block-columns\">\n<div class=\"wp-container-1 wp-block-column\" style=\"flex-basis:33.33%\">\n<div style=\"height:0px\" aria-hidden=\"true\" class=\"wp-block-spacer\"><\/div>\n\n\n\n<figure class=\"wp-block-image size-full is-resized\"><a href=\"https:\/\/scholar.google.com\/citations?user=jTBQOuIAAAAJ&amp;hl=en\" target=\"_blank\" rel=\"noreferrer noopener\"><img loading=\"lazy\" src=\"https:\/\/pols.bilkent.edu.tr\/wp-content\/uploads\/2022\/08\/pngegg-11.png\" alt=\"\" class=\"wp-image-800\" width=\"34\" height=\"34\" srcset=\"https:\/\/pols.bilkent.edu.tr\/wp-content\/uploads\/2022\/08\/pngegg-11.png 500w, https:\/\/pols.bilkent.edu.tr\/wp-content\/uploads\/2022\/08\/pngegg-11-300x300.png 300w, https:\/\/pols.bilkent.edu.tr\/wp-content\/uploads\/2022\/08\/pngegg-11-150x150.png 150w, https:\/\/pols.bilkent.edu.tr\/wp-content\/uploads\/2022\/08\/pngegg-11-55x55.png 55w\" sizes=\"(max-width: 34px) 100vw, 34px\" \/><\/a><figcaption>Google Scholar<\/figcaption><\/figure>\n<\/div>\n\n\n\n<div class=\"wp-container-2 wp-block-column\" style=\"flex-basis:66.66%\">\n<p><strong>E-Mail:<\/strong> fatih.tatari@bilkent.edu.tr<br><strong>Phone:<\/strong> 0312 290 2069<br><strong>Office:<\/strong> T275<\/p>\n<\/div>\n<\/div>\n<\/div><\/div>\n\n\n\n<div style=\"height:100px\" aria-hidden=\"true\" class=\"wp-block-spacer\"><\/div>\n\n\n\n<h2>SE\u00c7\u0130L\u0130 YAYINLAR<\/h2>\n\n\n\n<div style=\"height:25px\" aria-hidden=\"true\" class=\"wp-block-spacer\"><\/div>\n\n\n\n<h2>Dergi Yay\u0131nlar\u0131<\/h2>\n\n\n\n<ul><li>M. F. Tatari,  &#8220;Pasturing Dairy Infrastructures in Northeastern Turkey: Pasture-Cheesemaking, Dairy Technosciences and Kars Ka\u015far Cheese&#8221;, <em>Environment and Planning D: Society and Space<\/em>,&nbsp;40(6), 1046\u20131063 (2022).<\/li><li>D. Nizam, M. F. Tatari, &#8220;Rural revitalization through territorial distinctiveness: The use of geographical indications in Turkey&#8221;,&nbsp;<em>Journal of Rural Studies<\/em>, <\/li><\/ul>\n","protected":false},"excerpt":{"rendered":"<p>SE\u00c7\u0130L\u0130 YAYINLAR Dergi Yay\u0131nlar\u0131 M. F. Tatari, &#8220;Pasturing Dairy Infrastructures in Northeastern Turkey: Pasture-Cheesemaking, Dairy Technosciences and Kars Ka\u015far Cheese&#8221;, Environment and Planning D: Society and Space,&nbsp;40(6), 1046\u20131063 (2022). D. Nizam, M. F. Tatari, &#8220;Rural revitalization through territorial distinctiveness: The use of geographical indications in Turkey&#8221;,&nbsp;Journal of Rural Studies,<\/p>\n","protected":false},"author":1,"featured_media":0,"parent":1107,"menu_order":0,"comment_status":"closed","ping_status":"closed","template":"","meta":[],"_links":{"self":[{"href":"https:\/\/pols.bilkent.edu.tr\/index.php\/wp-json\/wp\/v2\/pages\/2252"}],"collection":[{"href":"https:\/\/pols.bilkent.edu.tr\/index.php\/wp-json\/wp\/v2\/pages"}],"about":[{"href":"https:\/\/pols.bilkent.edu.tr\/index.php\/wp-json\/wp\/v2\/types\/page"}],"author":[{"embeddable":true,"href":"https:\/\/pols.bilkent.edu.tr\/index.php\/wp-json\/wp\/v2\/users\/1"}],"replies":[{"embeddable":true,"href":"https:\/\/pols.bilkent.edu.tr\/index.php\/wp-json\/wp\/v2\/comments?post=2252"}],"version-history":[{"count":1,"href":"https:\/\/pols.bilkent.edu.tr\/index.php\/wp-json\/wp\/v2\/pages\/2252\/revisions"}],"predecessor-version":[{"id":2253,"href":"https:\/\/pols.bilkent.edu.tr\/index.php\/wp-json\/wp\/v2\/pages\/2252\/revisions\/2253"}],"up":[{"embeddable":true,"href":"https:\/\/pols.bilkent.edu.tr\/index.php\/wp-json\/wp\/v2\/pages\/1107"}],"wp:attachment":[{"href":"https:\/\/pols.bilkent.edu.tr\/index.php\/wp-json\/wp\/v2\/media?parent=2252"}],"curies":[{"name":"wp","href":"https:\/\/api.w.org\/{rel}","templated":true}]}}