{"id":2209,"date":"2023-10-02T21:07:27","date_gmt":"2023-10-02T18:07:27","guid":{"rendered":"https:\/\/pols.bilkent.edu.tr\/?page_id=2209"},"modified":"2023-10-02T21:27:07","modified_gmt":"2023-10-02T18:27:07","slug":"anil-kahvecioglu","status":"publish","type":"page","link":"https:\/\/pols.bilkent.edu.tr\/index.php\/full-time-faculty\/anil-kahvecioglu\/","title":{"rendered":"An\u0131l Kahvecio\u011flu"},"content":{"rendered":"\n<div class=\"wp-block-media-text alignwide is-stacked-on-mobile is-vertically-aligned-center\" style=\"grid-template-columns:24% auto\"><figure class=\"wp-block-media-text__media\"><img loading=\"lazy\" width=\"389\" height=\"390\" src=\"https:\/\/pols.bilkent.edu.tr\/wp-content\/uploads\/2023\/10\/anil-1-1.png\" alt=\"\" class=\"wp-image-2207 size-full\" srcset=\"https:\/\/pols.bilkent.edu.tr\/wp-content\/uploads\/2023\/10\/anil-1-1.png 389w, https:\/\/pols.bilkent.edu.tr\/wp-content\/uploads\/2023\/10\/anil-1-1-300x300.png 300w, https:\/\/pols.bilkent.edu.tr\/wp-content\/uploads\/2023\/10\/anil-1-1-150x150.png 150w, https:\/\/pols.bilkent.edu.tr\/wp-content\/uploads\/2023\/10\/anil-1-1-55x55.png 55w\" sizes=\"(max-width: 389px) 100vw, 389px\" \/><\/figure><div class=\"wp-block-media-text__content\">\n<p class=\"has-text-align-left\" style=\"font-size:18px;line-height:1\"><strong>Instructor<\/strong><\/p>\n\n\n\n<p class=\"has-text-align-left\" style=\"font-size:18px;line-height:1.5\"><strong>Ph.D., Political Science and Public Administration, Bilkent University, 2022. Social movements, pro-government mobilization, right-wing protests, authoritarianism, opposition strategies<\/strong><\/p>\n\n\n\n<div class=\"wp-container-3 wp-block-columns\">\n<div class=\"wp-container-1 wp-block-column\" style=\"flex-basis:33.33%\">\n<div style=\"height:0px\" aria-hidden=\"true\" class=\"wp-block-spacer\"><\/div>\n\n\n\n<figure class=\"wp-block-image size-full is-resized\"><a href=\"https:\/\/scholar.google.com\/citations?user=bAFm30EAAAAJ&amp;hl=tr&amp;oi=sra\" target=\"_blank\" rel=\"noreferrer noopener\"><img loading=\"lazy\" src=\"https:\/\/pols.bilkent.edu.tr\/wp-content\/uploads\/2022\/08\/pngegg-11.png\" alt=\"\" class=\"wp-image-800\" width=\"34\" height=\"34\" srcset=\"https:\/\/pols.bilkent.edu.tr\/wp-content\/uploads\/2022\/08\/pngegg-11.png 500w, https:\/\/pols.bilkent.edu.tr\/wp-content\/uploads\/2022\/08\/pngegg-11-300x300.png 300w, https:\/\/pols.bilkent.edu.tr\/wp-content\/uploads\/2022\/08\/pngegg-11-150x150.png 150w, https:\/\/pols.bilkent.edu.tr\/wp-content\/uploads\/2022\/08\/pngegg-11-55x55.png 55w\" sizes=\"(max-width: 34px) 100vw, 34px\" \/><\/a><figcaption>Google Scholar<\/figcaption><\/figure>\n<\/div>\n\n\n\n<div class=\"wp-container-2 wp-block-column\" style=\"flex-basis:66.66%\">\n<p><strong>E-Mail:<\/strong> kahvecioglu@bilkent.edu.tr<br><strong>Phone:<\/strong> 0312 290 2684<br><strong>Office:<\/strong> T264<\/p>\n<\/div>\n<\/div>\n\n\n\n<div style=\"height:100px\" aria-hidden=\"true\" class=\"wp-block-spacer\"><\/div>\n<\/div><\/div>\n\n\n\n<h2>SELECTED PUBLICATIONS<\/h2>\n\n\n\n<div style=\"height:25px\" aria-hidden=\"true\" class=\"wp-block-spacer\"><\/div>\n\n\n\n<div style=\"height:25px\" aria-hidden=\"true\" class=\"wp-block-spacer\"><\/div>\n\n\n\n<h2>Journal Publications<\/h2>\n\n\n\n<ul><li>A. Kahvecio\u011flu, T. Demirel-Pegg, \u0130. Ayt\u00fcrk,  \u201cIntroducing the Turkey Protest, Repression, and Pro-Government Rally Dataset (TPRPGRD)\u201d, S<em>outheast European and Black Sea Studies<\/em>, 23(2), 385-408 (2023).<\/li><li>A. Kahvecio\u011flu, \u201cBir Kar\u015f\u0131-\u00d6zne Tipi Olarak Radikal Konformistler: Sahte Muhalifler\u201d, <em>Birikim Dergisi<\/em>, 402, 81-90 (2022).<\/li><li>A. Kahvecio\u011flu, S. Patan, \u201cEmbattled Ballots, Quiet Streets: Competitive Authoritarianism and Anti-Government Protests in Turkey\u201d, <em>South European Society and Politics<\/em>, 26(4), 489-515 (2021).<\/li><\/ul>\n","protected":false},"excerpt":{"rendered":"<p>SELECTED PUBLICATIONS Journal Publications A. Kahvecio\u011flu, T. Demirel-Pegg, \u0130. Ayt\u00fcrk, \u201cIntroducing the Turkey Protest, Repression, and Pro-Government Rally Dataset (TPRPGRD)\u201d, Southeast European and Black Sea Studies, 23(2), 385-408 (2023). A. Kahvecio\u011flu, \u201cBir Kar\u015f\u0131-\u00d6zne Tipi Olarak Radikal Konformistler: Sahte Muhalifler\u201d, Birikim Dergisi, 402, 81-90 (2022). A. Kahvecio\u011flu, S. Patan, \u201cEmbattled Ballots, [\u2026] <\/p>\n<div class=\"clear\"><\/div>\n<p><a class=\"more_link clearfix\" href=\"https:\/\/pols.bilkent.edu.tr\/index.php\/full-time-faculty\/anil-kahvecioglu\/\" rel=\"nofollow\">Read More<\/a><\/p>\n","protected":false},"author":1,"featured_media":0,"parent":74,"menu_order":0,"comment_status":"closed","ping_status":"closed","template":"","meta":[],"_links":{"self":[{"href":"https:\/\/pols.bilkent.edu.tr\/index.php\/wp-json\/wp\/v2\/pages\/2209"}],"collection":[{"href":"https:\/\/pols.bilkent.edu.tr\/index.php\/wp-json\/wp\/v2\/pages"}],"about":[{"href":"https:\/\/pols.bilkent.edu.tr\/index.php\/wp-json\/wp\/v2\/types\/page"}],"author":[{"embeddable":true,"href":"https:\/\/pols.bilkent.edu.tr\/index.php\/wp-json\/wp\/v2\/users\/1"}],"replies":[{"embeddable":true,"href":"https:\/\/pols.bilkent.edu.tr\/index.php\/wp-json\/wp\/v2\/comments?post=2209"}],"version-history":[{"count":2,"href":"https:\/\/pols.bilkent.edu.tr\/index.php\/wp-json\/wp\/v2\/pages\/2209\/revisions"}],"predecessor-version":[{"id":2221,"href":"https:\/\/pols.bilkent.edu.tr\/index.php\/wp-json\/wp\/v2\/pages\/2209\/revisions\/2221"}],"up":[{"embeddable":true,"href":"https:\/\/pols.bilkent.edu.tr\/index.php\/wp-json\/wp\/v2\/pages\/74"}],"wp:attachment":[{"href":"https:\/\/pols.bilkent.edu.tr\/index.php\/wp-json\/wp\/v2\/media?parent=2209"}],"curies":[{"name":"wp","href":"https:\/\/api.w.org\/{rel}","templated":true}]}}