{"id":2182,"date":"2023-09-28T20:53:26","date_gmt":"2023-09-28T17:53:26","guid":{"rendered":"https:\/\/pols.bilkent.edu.tr\/?page_id=2182"},"modified":"2023-09-28T20:54:26","modified_gmt":"2023-09-28T17:54:26","slug":"esra-issever-ekinci","status":"publish","type":"page","link":"https:\/\/pols.bilkent.edu.tr\/index.php\/tr\/tam-zamanli-ogretim-uyeleri\/esra-issever-ekinci\/","title":{"rendered":"Esra \u0130\u015fsever-Ekinci"},"content":{"rendered":"\n<div class=\"wp-block-media-text alignwide is-stacked-on-mobile is-vertically-aligned-center\" style=\"grid-template-columns:24% auto\"><figure class=\"wp-block-media-text__media\"><a href=\"https:\/\/pols.bilkent.edu.tr\/index.php\/full-time-faculty\/aida-just\/\" target=\"_blank\" rel=\"noreferrer noopener\"><img loading=\"lazy\" width=\"424\" height=\"589\" src=\"https:\/\/pols.bilkent.edu.tr\/wp-content\/uploads\/2023\/09\/EIE_foto.png\" alt=\"\" class=\"wp-image-2170 size-full\" srcset=\"https:\/\/pols.bilkent.edu.tr\/wp-content\/uploads\/2023\/09\/EIE_foto.png 424w, https:\/\/pols.bilkent.edu.tr\/wp-content\/uploads\/2023\/09\/EIE_foto-216x300.png 216w, https:\/\/pols.bilkent.edu.tr\/wp-content\/uploads\/2023\/09\/EIE_foto-40x55.png 40w\" sizes=\"(max-width: 424px) 100vw, 424px\" \/><\/a><\/figure><div class=\"wp-block-media-text__content\">\n<p class=\"has-text-align-left\" style=\"font-size:25px;line-height:1\"><\/p>\n\n\n\n<p class=\"has-text-align-left\" style=\"font-size:18px;line-height:1\"><strong>Dr. \u00d6\u011fretim \u00dcyesi<\/strong><\/p>\n\n\n\n<p class=\"has-text-align-left\" style=\"font-size:18px;line-height:1.5\"><strong>Ph.D., Siyaset Bilimi, Syracuse University, 2019. Kar\u015f\u0131la\u015ft\u0131rmal\u0131 siyaset, siyasal kurumlar, se\u00e7im sistemleri ve reformlar\u0131, temsil, kad\u0131n ve cinsiyet siyaseti<\/strong><\/p>\n\n\n\n<div class=\"wp-container-3 wp-block-columns\">\n<div class=\"wp-container-1 wp-block-column\" style=\"flex-basis:33.33%\">\n<div style=\"height:0px\" aria-hidden=\"true\" class=\"wp-block-spacer\"><\/div>\n\n\n\n<figure class=\"wp-block-image size-full is-resized\"><a href=\"https:\/\/scholar.google.com\/citations?user=78F0wecAAAAJ&amp;hl=en\" target=\"_blank\" rel=\"noreferrer noopener\"><img loading=\"lazy\" src=\"https:\/\/pols.bilkent.edu.tr\/wp-content\/uploads\/2022\/08\/pngegg-11.png\" alt=\"\" class=\"wp-image-800\" width=\"34\" height=\"34\" srcset=\"https:\/\/pols.bilkent.edu.tr\/wp-content\/uploads\/2022\/08\/pngegg-11.png 500w, https:\/\/pols.bilkent.edu.tr\/wp-content\/uploads\/2022\/08\/pngegg-11-300x300.png 300w, https:\/\/pols.bilkent.edu.tr\/wp-content\/uploads\/2022\/08\/pngegg-11-150x150.png 150w, https:\/\/pols.bilkent.edu.tr\/wp-content\/uploads\/2022\/08\/pngegg-11-55x55.png 55w\" sizes=\"(max-width: 34px) 100vw, 34px\" \/><\/a><figcaption>Google Scholar<\/figcaption><\/figure>\n<\/div>\n\n\n\n<div class=\"wp-container-2 wp-block-column\" style=\"flex-basis:66.66%\">\n<p><strong>E-Mail:<\/strong> esra.ekinci@bilkent.edu.tr<br><strong>Phone:<\/strong> 0312 290 1767<br><strong>Office:<\/strong> T365<\/p>\n<\/div>\n<\/div>\n<\/div><\/div>\n\n\n\n<div style=\"height:100px\" aria-hidden=\"true\" class=\"wp-block-spacer\"><\/div>\n\n\n\n<h2>SE\u00c7\u0130L\u0130 YAYINLAR<\/h2>\n\n\n\n<div style=\"height:25px\" aria-hidden=\"true\" class=\"wp-block-spacer\"><\/div>\n\n\n\n<h2>Dergi Yay\u0131nlar\u0131<\/h2>\n\n\n\n<ul><li>E. Issever-Ekinci, &#8220;Party Competition and Electoral Reforms: Why Do Governments Initiate A Reform?&#8221;, <em>West European Politics<\/em>, Published online before print (2023).<\/li><li>E. Bektas, E. Issever-Ekinci, &#8220;Who Represents Women in Turkey? An Analysis of Gender Difference in Private Bill Sponsorship in the 2011\u201315 Turkish Parliament&#8221;, <em>Politics &amp; Gender<\/em>, 15(4), 851-881 (2019).<\/li><\/ul>\n","protected":false},"excerpt":{"rendered":"<p>SE\u00c7\u0130L\u0130 YAYINLAR Dergi Yay\u0131nlar\u0131 E. Issever-Ekinci, &#8220;Party Competition and Electoral Reforms: Why Do Governments Initiate A Reform?&#8221;, West European Politics, Published online before print (2023). E. Bektas, E. Issever-Ekinci, &#8220;Who Represents Women in Turkey? An Analysis of Gender Difference in Private Bill Sponsorship in the 2011\u201315 Turkish Parliament&#8221;, Politics &amp; [\u2026] <\/p>\n<div class=\"clear\"><\/div>\n<p><a class=\"more_link clearfix\" href=\"https:\/\/pols.bilkent.edu.tr\/index.php\/tr\/tam-zamanli-ogretim-uyeleri\/esra-issever-ekinci\/\" rel=\"nofollow\">Read More<\/a><\/p>\n","protected":false},"author":1,"featured_media":0,"parent":1107,"menu_order":0,"comment_status":"closed","ping_status":"closed","template":"","meta":[],"_links":{"self":[{"href":"https:\/\/pols.bilkent.edu.tr\/index.php\/wp-json\/wp\/v2\/pages\/2182"}],"collection":[{"href":"https:\/\/pols.bilkent.edu.tr\/index.php\/wp-json\/wp\/v2\/pages"}],"about":[{"href":"https:\/\/pols.bilkent.edu.tr\/index.php\/wp-json\/wp\/v2\/types\/page"}],"author":[{"embeddable":true,"href":"https:\/\/pols.bilkent.edu.tr\/index.php\/wp-json\/wp\/v2\/users\/1"}],"replies":[{"embeddable":true,"href":"https:\/\/pols.bilkent.edu.tr\/index.php\/wp-json\/wp\/v2\/comments?post=2182"}],"version-history":[{"count":3,"href":"https:\/\/pols.bilkent.edu.tr\/index.php\/wp-json\/wp\/v2\/pages\/2182\/revisions"}],"predecessor-version":[{"id":2186,"href":"https:\/\/pols.bilkent.edu.tr\/index.php\/wp-json\/wp\/v2\/pages\/2182\/revisions\/2186"}],"up":[{"embeddable":true,"href":"https:\/\/pols.bilkent.edu.tr\/index.php\/wp-json\/wp\/v2\/pages\/1107"}],"wp:attachment":[{"href":"https:\/\/pols.bilkent.edu.tr\/index.php\/wp-json\/wp\/v2\/media?parent=2182"}],"curies":[{"name":"wp","href":"https:\/\/api.w.org\/{rel}","templated":true}]}}