{"id":2133,"date":"2023-09-25T21:50:54","date_gmt":"2023-09-25T18:50:54","guid":{"rendered":"https:\/\/pols.bilkent.edu.tr\/?page_id=2133"},"modified":"2026-03-05T17:26:01","modified_gmt":"2026-03-05T14:26:01","slug":"kerem-yildirim","status":"publish","type":"page","link":"https:\/\/pols.bilkent.edu.tr\/index.php\/full-time-faculty\/kerem-yildirim\/","title":{"rendered":"Kerem Y\u0131ld\u0131r\u0131m"},"content":{"rendered":"\n<div class=\"wp-block-media-text alignwide is-stacked-on-mobile is-vertically-aligned-center\" style=\"grid-template-columns:24% auto\"><figure class=\"wp-block-media-text__media\"><img loading=\"lazy\" width=\"303\" height=\"405\" src=\"https:\/\/pols.bilkent.edu.tr\/wp-content\/uploads\/2023\/09\/kerem_yildirim-2.png\" alt=\"\" class=\"wp-image-2090 size-full\" srcset=\"https:\/\/pols.bilkent.edu.tr\/wp-content\/uploads\/2023\/09\/kerem_yildirim-2.png 303w, https:\/\/pols.bilkent.edu.tr\/wp-content\/uploads\/2023\/09\/kerem_yildirim-2-224x300.png 224w, https:\/\/pols.bilkent.edu.tr\/wp-content\/uploads\/2023\/09\/kerem_yildirim-2-41x55.png 41w\" sizes=\"(max-width: 303px) 100vw, 303px\" \/><\/figure><div class=\"wp-block-media-text__content\">\n<p class=\"has-text-align-left\" style=\"font-size:18px;line-height:1\"><strong>Assistant Professor<\/strong><\/p>\n\n\n\n<p class=\"has-text-align-left\" style=\"font-size:18px;line-height:1.5\"><strong>Ph.D., International Relations and Political Science, Ko\u00e7 University, 2016. Party politics, political behavior, political communication, Turkish politics, research methods<\/strong><\/p>\n\n\n\n<div class=\"wp-container-3 wp-block-columns\">\n<div class=\"wp-container-1 wp-block-column\" style=\"flex-basis:33.33%\">\n<div style=\"height:0px\" aria-hidden=\"true\" class=\"wp-block-spacer\"><\/div>\n\n\n\n<figure class=\"wp-block-image size-full is-resized\"><a href=\"https:\/\/scholar.google.com\/citations?user=BSqaT7MAAAAJ&amp;hl=tr&amp;oi=sra\" target=\"_blank\" rel=\"noreferrer noopener\"><img loading=\"lazy\" src=\"https:\/\/pols.bilkent.edu.tr\/wp-content\/uploads\/2022\/08\/pngegg-11.png\" alt=\"\" class=\"wp-image-800\" width=\"34\" height=\"34\" srcset=\"https:\/\/pols.bilkent.edu.tr\/wp-content\/uploads\/2022\/08\/pngegg-11.png 500w, https:\/\/pols.bilkent.edu.tr\/wp-content\/uploads\/2022\/08\/pngegg-11-300x300.png 300w, https:\/\/pols.bilkent.edu.tr\/wp-content\/uploads\/2022\/08\/pngegg-11-150x150.png 150w, https:\/\/pols.bilkent.edu.tr\/wp-content\/uploads\/2022\/08\/pngegg-11-55x55.png 55w\" sizes=\"(max-width: 34px) 100vw, 34px\" \/><\/a><figcaption>Google Scholar<\/figcaption><\/figure>\n<\/div>\n\n\n\n<div class=\"wp-container-2 wp-block-column\" style=\"flex-basis:66.66%\">\n<p><strong>E-Mail:<\/strong> kyildirim@bilkent.edu.tr<br><strong>Phone:<\/strong> 0312 290 1858<br><strong>Office:<\/strong> T363<\/p>\n\n\n\n<p><strong>Website: <\/strong><a href=\"http:\/\/www.keremyildirim.com\" data-type=\"URL\" data-id=\"www.keremyildirim.com\" target=\"_blank\" rel=\"noreferrer noopener\">www.keremyildirim.com&nbsp;<\/a><\/p>\n<\/div>\n<\/div>\n<\/div><\/div>\n\n\n\n<div style=\"height:100px\" aria-hidden=\"true\" class=\"wp-block-spacer\"><\/div>\n\n\n\n<h2>SELECTED PUBLICATIONS<\/h2>\n\n\n\n<div style=\"height:25px\" aria-hidden=\"true\" class=\"wp-block-spacer\"><\/div>\n\n\n\n<h2>Book Chapters<\/h2>\n\n\n\n<ul><li>K. Y\u0131ld\u0131r\u0131m, &#8220;T\u00fcrkiye&#8217;de Yana\u015fmac\u0131l\u0131k ve Patronaj\u0131n Tarihsel D\u00f6n\u00fc\u015f\u00fcm\u00fc [Historical Transformation of Clientelism and Patronage in Turkey], <em>T\u00fcrkiye Siyasetinin S\u0131n\u0131rlar\u0131: Siyasal Davran\u0131\u015f, Kurumlar ve K\u00fclt\u00fcr \u2013 Ersin Kalayc\u0131o\u011flu&#8217;na Arma\u011fan<\/em>, A. \u00c7arko\u011flu, E. Erdo\u011fan, M. Moral (Eds.), \u0130stanbul Bilgi University Press (2023).<\/li><li>K. Y\u0131ld\u0131r\u0131m, &#8220;Personalistic Linkages and Persuasion in Turkish Party Politics&#8221;, <em>Contemporary Turkey at a Glance II: Turkey Transformed? Power, History, Culture<\/em>, M. Ersoy, E. \u00d6zy\u00fcrek (Eds.), Springer VS (2017).<\/li><li>B. Alt\u0131ok-Kar\u015f\u0131yaka, K. Y\u0131ld\u0131r\u0131m, &#8220;Characteristics of Prolonged Social Movements: The Case of Gezi Park Protests&#8221;, <em>Contentious Politics in the Middle East<\/em>, F. Gerges (Ed.), Palgrave Macmillan (2015).<\/li><\/ul>\n\n\n\n<div style=\"height:25px\" aria-hidden=\"true\" class=\"wp-block-spacer\"><\/div>\n\n\n\n<h2>Journal Publications<\/h2>\n\n\n\n<ul><li>A. \u00c7arko\u011flu, A., K. Y\u0131ld\u0131r\u0131m, &#8220;Media Effects in a Polarized Political System: The Case of Turkey&#8221;, <em>Political Behavior<\/em>, Published online before print (2023).<\/li><li>Y. Wu, O. Kuru, L. Baruh, A. \u00c7arko\u011flu, Z. Cemalc\u0131lar, K. Y\u0131ld\u0131r\u0131m, &#8220;Partisan Bias in COVID- 19 Conspiracy Theories: News Reliance and the Moderating Role of Trust in Health Authorities&#8221;, <em>Health Communication<\/em>, Published online before print (2023).<\/li><li>K. Y\u0131ld\u0131r\u0131m, &#8220;Who Receives Clientelistic Benefits? Social Identity, Relative Deprivation, and Clientelistic Acceptance among Turkish Voters&#8221;, <em>Turkish Studies<\/em>, 24(2), 231-257 (2023).<\/li><li>I. Do\u011fan, L. Baruh, Z. Cemalc\u0131lar, O. Kuru, K. Y\u0131ld\u0131r\u0131m, A. \u00c7arko\u011flu, &#8220;Biased Perceptions against Female Scientists Affect Intentions to Get Vaccinated for COVID-19&#8221;, <em>Public Understanding of Science<\/em>, 31(2), 239-251 (2022).<\/li><li>K. Y\u0131ld\u0131r\u0131m, L. Baruh, A. \u00c7arko\u011flu, &#8220;Dynamics of Campaign Reporting and Press-Party Parallelism: Rise of Competitive Authoritarianism and the Media System in Turkey&#8221;, <em>Political Communication<\/em>, 38(3), 326-349 (2021).<\/li><li>K. Y\u0131ld\u0131r\u0131m, &#8220;Clientelism and Dominant Incumbent Parties: Party Competition in An Urban Turkish Neighbourhood&#8221;, <em>Democratization<\/em>, 27(1), 81-99 (2020).<\/li><li>K. Y\u0131ld\u0131r\u0131m, H. Kitschelt, &#8220;Analytical Perspectives on Varieties of Clientelism&#8221;, <em>Democratization<\/em>, 27(1), 20-43 (2020).<\/li><li>I. D. \u00d6zel, K. Y\u0131ld\u0131r\u0131m, &#8220;Political Consequences of Welfare Regimes: Social Assistance and Support for Presidentialism in Turkey&#8221;, <em>South European Society &amp; Politics<\/em>, 24(4), 485-511 (2019).<\/li><li>A. \u00c7arko\u011flu, A. Krouwel, K. Y\u0131ld\u0131r\u0131m, &#8220;Party Competition in the Middle East: Spatial Competition in the Post-Arab Spring Era&#8221;, <em>British Journal of Middle Eastern Studies<\/em>, 46(3), 440-463 (2019).<\/li><li>E. Y\u00f6r\u00fck, \u0130. \u00d6ker, K. Y\u0131ld\u0131r\u0131m, B. Yakut-\u00c7akar,&nbsp;&#8220;The Variable Selection Problem in Three Worlds of Welfare Literature&#8221;, <em>Social Indicators Research<\/em>, 144(2), 625-646 (2019).<\/li><li>K. Y\u0131ld\u0131r\u0131m, G. Kocap\u0131nar,&nbsp;&#8220;Untangling the Gender Gap: Nomination and Representativeness in Turkish Local Elections&#8221;, <em>Turkish Studies<\/em>, 20(2), 222-248 (2019).<\/li><li>A. \u00c7arko\u011flu, K. Y\u0131ld\u0131r\u0131m, &#8220;Change and Continuity in Turkey&#8217;s June 2018 Elections&#8221;, <em>Insight Turkey<\/em>, 20(4), 153-182 (2018).<\/li><li>S. E. Ayta\u00e7, A. \u00c7arko\u011flu, K. Y\u0131ld\u0131r\u0131m, &#8220;Taking Sides: Determinants of Support for a Presidential System in Turkey&#8221;, <em>South European Society &amp; Politics<\/em>, 22(1),1-20 (2017).<\/li><li>A. \u00c7arko\u011flu, K. Y\u0131ld\u0131r\u0131m, &#8220;Election Storm in Turkey: What do the Results of June and November 2015 Elections Tell Us?&#8221;, <em>Insight Turkey<\/em>, 17(4), 57-79 (2015).<\/li><li>A. \u00c7arko\u011flu, L. Baruh, K. Y\u0131ld\u0131r\u0131m, &#8220;Press-Party Parallelism and Polarization of News Media during An Election Campaign: The Case of the 2011 Turkish Elections&#8221;, <em>The International Journal of Press\/Politics<\/em>, 19(3), 295-317 (2014).<\/li><\/ul>\n","protected":false},"excerpt":{"rendered":"<p>SELECTED PUBLICATIONS Book Chapters K. Y\u0131ld\u0131r\u0131m, &#8220;T\u00fcrkiye&#8217;de Yana\u015fmac\u0131l\u0131k ve Patronaj\u0131n Tarihsel D\u00f6n\u00fc\u015f\u00fcm\u00fc [Historical Transformation of Clientelism and Patronage in Turkey], T\u00fcrkiye Siyasetinin S\u0131n\u0131rlar\u0131: Siyasal Davran\u0131\u015f, Kurumlar ve K\u00fclt\u00fcr \u2013 Ersin Kalayc\u0131o\u011flu&#8217;na Arma\u011fan, A. \u00c7arko\u011flu, E. Erdo\u011fan, M. Moral (Eds.), \u0130stanbul Bilgi University Press (2023). K. Y\u0131ld\u0131r\u0131m, &#8220;Personalistic Linkages and Persuasion [\u2026] <\/p>\n<div class=\"clear\"><\/div>\n<p><a class=\"more_link clearfix\" href=\"https:\/\/pols.bilkent.edu.tr\/index.php\/full-time-faculty\/kerem-yildirim\/\" rel=\"nofollow\">Read More<\/a><\/p>\n","protected":false},"author":1,"featured_media":0,"parent":74,"menu_order":0,"comment_status":"closed","ping_status":"closed","template":"","meta":[],"_links":{"self":[{"href":"https:\/\/pols.bilkent.edu.tr\/index.php\/wp-json\/wp\/v2\/pages\/2133"}],"collection":[{"href":"https:\/\/pols.bilkent.edu.tr\/index.php\/wp-json\/wp\/v2\/pages"}],"about":[{"href":"https:\/\/pols.bilkent.edu.tr\/index.php\/wp-json\/wp\/v2\/types\/page"}],"author":[{"embeddable":true,"href":"https:\/\/pols.bilkent.edu.tr\/index.php\/wp-json\/wp\/v2\/users\/1"}],"replies":[{"embeddable":true,"href":"https:\/\/pols.bilkent.edu.tr\/index.php\/wp-json\/wp\/v2\/comments?post=2133"}],"version-history":[{"count":4,"href":"https:\/\/pols.bilkent.edu.tr\/index.php\/wp-json\/wp\/v2\/pages\/2133\/revisions"}],"predecessor-version":[{"id":4293,"href":"https:\/\/pols.bilkent.edu.tr\/index.php\/wp-json\/wp\/v2\/pages\/2133\/revisions\/4293"}],"up":[{"embeddable":true,"href":"https:\/\/pols.bilkent.edu.tr\/index.php\/wp-json\/wp\/v2\/pages\/74"}],"wp:attachment":[{"href":"https:\/\/pols.bilkent.edu.tr\/index.php\/wp-json\/wp\/v2\/media?parent=2133"}],"curies":[{"name":"wp","href":"https:\/\/api.w.org\/{rel}","templated":true}]}}