{"id":1409,"date":"2022-11-29T13:59:50","date_gmt":"2022-11-29T10:59:50","guid":{"rendered":"https:\/\/pols.bilkent.edu.tr\/?page_id=1409"},"modified":"2026-03-31T14:36:56","modified_gmt":"2026-03-31T11:36:56","slug":"doktora-ogrencileri","status":"publish","type":"page","link":"https:\/\/pols.bilkent.edu.tr\/index.php\/tr\/doktora-ogrencileri\/","title":{"rendered":"Doktora \u00d6\u011frencileri"},"content":{"rendered":"\n<div class=\"wp-block-media-text alignwide is-stacked-on-mobile is-vertically-aligned-top\" style=\"grid-template-columns:26% auto\"><figure class=\"wp-block-media-text__media\"><img loading=\"lazy\" width=\"261\" height=\"245\" src=\"https:\/\/pols.bilkent.edu.tr\/wp-content\/uploads\/2022\/12\/Bati2-removebg-preview-2.png\" alt=\"\" class=\"wp-image-1429 size-full\" srcset=\"https:\/\/pols.bilkent.edu.tr\/wp-content\/uploads\/2022\/12\/Bati2-removebg-preview-2.png 261w, https:\/\/pols.bilkent.edu.tr\/wp-content\/uploads\/2022\/12\/Bati2-removebg-preview-2-59x55.png 59w\" sizes=\"(max-width: 261px) 100vw, 261px\" \/><\/figure><div class=\"wp-block-media-text__content\">\n<p style=\"font-size:18px\"><strong>Bat\u0131kan Bulut<\/strong><\/p>\n\n\n\n<p><strong>Ara\u015ft\u0131rma Alanlar\u0131: <\/strong>Kar\u015f\u0131la\u015ft\u0131rmal\u0131 Siyaset, T\u00fcrk Siyaseti, G\u00f6\u00e7 ve Diaspora<\/p>\n\n\n\n<p>Bat\u0131kan Bulut\u2019un doktora tezi, T\u00fcrkiye\u2019deki diaspora rejiminin ortaya \u00e7\u0131k\u0131\u015f\u0131n\u0131, yol g\u00f6sterici ilkelerini, temel unsurlar\u0131n\u0131 ve kurumsal etkilerini incelemektedir. Ara\u015ft\u0131rma ilgi alanlar\u0131 aras\u0131nda vatanda\u015fl\u0131k politikas\u0131, sivil toplum, milliyet\u00e7ilik, T\u00fcrkiye ba\u011flam\u0131nda din ve toplum ile g\u00f6\u00e7 \u00e7al\u0131\u015fmalar\u0131 yer almaktad\u0131r.<\/p>\n\n\n\n<p><strong>E-posta:<\/strong> batikan.bulut@bilkent.edu.tr<br><strong>Dan\u0131\u015fman:<\/strong> Do\u00e7. Dr. Meral U\u011fur \u00c7\u0131nar<\/p>\n<\/div><\/div>\n\n\n\n<div style=\"height:100px\" aria-hidden=\"true\" class=\"wp-block-spacer\"><\/div>\n\n\n\n<div class=\"wp-block-media-text alignwide is-stacked-on-mobile is-vertically-aligned-top\" style=\"grid-template-columns:26% auto\"><figure class=\"wp-block-media-text__media\"><img loading=\"lazy\" width=\"500\" height=\"499\" src=\"https:\/\/pols.bilkent.edu.tr\/wp-content\/uploads\/2023\/09\/Profile_Foto-1.png\" alt=\"\" class=\"wp-image-2076 size-full\" srcset=\"https:\/\/pols.bilkent.edu.tr\/wp-content\/uploads\/2023\/09\/Profile_Foto-1.png 500w, https:\/\/pols.bilkent.edu.tr\/wp-content\/uploads\/2023\/09\/Profile_Foto-1-300x300.png 300w, https:\/\/pols.bilkent.edu.tr\/wp-content\/uploads\/2023\/09\/Profile_Foto-1-150x150.png 150w, https:\/\/pols.bilkent.edu.tr\/wp-content\/uploads\/2023\/09\/Profile_Foto-1-55x55.png 55w\" sizes=\"(max-width: 500px) 100vw, 500px\" \/><\/figure><div class=\"wp-block-media-text__content\">\n<p style=\"font-size:18px\"><strong>Can \u00c7elik<\/strong><\/p>\n\n\n\n<p><strong>Ara\u015ft\u0131rma Alanlar\u0131<\/strong>: Kar\u015f\u0131la\u015ft\u0131rmal\u0131 Siyaset, Sosyal ve K\u00fclt\u00fcrel \u00c7al\u0131\u015fmalar, Militarizm ve Milliyet\u00e7ilik<\/p>\n\n\n\n<p>Tez \u00d6zeti: Can \u00c7elik\u2019in doktora tezi, T\u00fcrkiye\u2019de militarizasyonun g\u00fcndelik tezah\u00fcrlerini inceliyor ve \u00f6zellikle militarize edilmi\u015f erkekliklerin nas\u0131l in\u015fa edildi\u011fi ve par\u00e7aland\u0131\u011f\u0131na odaklan\u0131yor.<\/p>\n\n\n\n<p><strong>E-posta:<\/strong> can.celik@bilkent.edu.tr<br><strong>Dan\u0131\u015fman:<\/strong> Dr. Ba\u015fak \u0130nce<\/p>\n<\/div><\/div>\n\n\n\n<div style=\"height:100px\" aria-hidden=\"true\" class=\"wp-block-spacer\"><\/div>\n\n\n\n<div class=\"wp-block-media-text alignwide is-stacked-on-mobile is-vertically-aligned-top\" style=\"grid-template-columns:26% auto\"><figure class=\"wp-block-media-text__media\"><img loading=\"lazy\" width=\"1024\" height=\"1024\" src=\"https:\/\/pols.bilkent.edu.tr\/wp-content\/uploads\/2025\/07\/Adsiz-tasarim-4-1024x1024.png\" alt=\"\" class=\"wp-image-3591 size-full\" srcset=\"https:\/\/pols.bilkent.edu.tr\/wp-content\/uploads\/2025\/07\/Adsiz-tasarim-4-1024x1024.png 1024w, https:\/\/pols.bilkent.edu.tr\/wp-content\/uploads\/2025\/07\/Adsiz-tasarim-4-300x300.png 300w, https:\/\/pols.bilkent.edu.tr\/wp-content\/uploads\/2025\/07\/Adsiz-tasarim-4-150x150.png 150w, https:\/\/pols.bilkent.edu.tr\/wp-content\/uploads\/2025\/07\/Adsiz-tasarim-4-768x768.png 768w, https:\/\/pols.bilkent.edu.tr\/wp-content\/uploads\/2025\/07\/Adsiz-tasarim-4-55x55.png 55w, https:\/\/pols.bilkent.edu.tr\/wp-content\/uploads\/2025\/07\/Adsiz-tasarim-4-800x800.png 800w, https:\/\/pols.bilkent.edu.tr\/wp-content\/uploads\/2025\/07\/Adsiz-tasarim-4-580x580.png 580w, https:\/\/pols.bilkent.edu.tr\/wp-content\/uploads\/2025\/07\/Adsiz-tasarim-4.png 1080w\" sizes=\"(max-width: 1024px) 100vw, 1024px\" \/><\/figure><div class=\"wp-block-media-text__content\">\n<p class=\"has-text-align-left\" style=\"font-size:18px;line-height:1\"><strong><strong>Didem \u0130\u015f\u00e7i Kuru<\/strong><\/strong><\/p>\n\n\n\n<p class=\"has-text-align-left\" style=\"font-size:18px;line-height:1\"><strong>Ara\u015ft\u0131rma Alanlar\u0131: <\/strong>Kar\u015f\u0131la\u015ft\u0131rmal\u0131 Siyaset, T\u00fcrk Siyaseti, Parti Siyaseti<\/p>\n\n\n\n<p><strong>Tez \u00d6zeti: <\/strong>Didem \u0130\u015f\u00e7i Kuru&#8217;nun tezi, muhalefet partilerinin demokratik gerilemeye nas\u0131l tepki verdiklerini inceliyor ve rekabet\u00e7i kalmak i\u00e7in benimsedikleri stratejileri vurguluyor. Muhalefet direncinin temel mekanizmalar\u0131 olarak parti-se\u00e7men ba\u011flant\u0131lar\u0131 ve se\u00e7im ittifaklar\u0131n\u0131n olu\u015fumu analiz edilmektedir.<\/p>\n\n\n\n<p><strong>E-mail:&nbsp;<\/strong><a href=\"mailto:didem.isci@bilkent.edu.tr\">didem.isci@bilkent.edu.tr<\/a><\/p>\n\n\n\n<p><strong>Dan\u0131\u015fman:&nbsp;<\/strong>Do\u00e7. Dr. Kerem Y\u0131ld\u0131r\u0131m&nbsp;<\/p>\n<\/div><\/div>\n\n\n\n<div style=\"height:100px\" aria-hidden=\"true\" class=\"wp-block-spacer\"><\/div>\n\n\n\n<div class=\"wp-block-media-text alignwide is-stacked-on-mobile is-vertically-aligned-top\" style=\"grid-template-columns:26% auto\"><figure class=\"wp-block-media-text__media\"><img loading=\"lazy\" width=\"1024\" height=\"1024\" src=\"https:\/\/pols.bilkent.edu.tr\/wp-content\/uploads\/2025\/07\/Adsiz-tasarim-6-1024x1024.png\" alt=\"\" class=\"wp-image-3593 size-full\" srcset=\"https:\/\/pols.bilkent.edu.tr\/wp-content\/uploads\/2025\/07\/Adsiz-tasarim-6-1024x1024.png 1024w, https:\/\/pols.bilkent.edu.tr\/wp-content\/uploads\/2025\/07\/Adsiz-tasarim-6-300x300.png 300w, https:\/\/pols.bilkent.edu.tr\/wp-content\/uploads\/2025\/07\/Adsiz-tasarim-6-150x150.png 150w, https:\/\/pols.bilkent.edu.tr\/wp-content\/uploads\/2025\/07\/Adsiz-tasarim-6-768x768.png 768w, https:\/\/pols.bilkent.edu.tr\/wp-content\/uploads\/2025\/07\/Adsiz-tasarim-6-55x55.png 55w, https:\/\/pols.bilkent.edu.tr\/wp-content\/uploads\/2025\/07\/Adsiz-tasarim-6-800x800.png 800w, https:\/\/pols.bilkent.edu.tr\/wp-content\/uploads\/2025\/07\/Adsiz-tasarim-6-580x580.png 580w, https:\/\/pols.bilkent.edu.tr\/wp-content\/uploads\/2025\/07\/Adsiz-tasarim-6.png 1080w\" sizes=\"(max-width: 1024px) 100vw, 1024px\" \/><\/figure><div class=\"wp-block-media-text__content\">\n<p class=\"has-text-align-left\" style=\"font-size:18px;line-height:1\"><strong><strong><strong>\u015eule Ta\u015f\u00e7\u0131\u011flu \u00d6rs<\/strong><\/strong><\/strong><\/p>\n\n\n\n<p><strong>Ara\u015ft\u0131rma Alanlar\u0131:<\/strong> T\u00fcrk Siyaseti, Kar\u015f\u0131la\u015ft\u0131rmal\u0131 Siyaset, Cinsiyet ve Siyaset<\/p>\n\n\n\n<p><strong>Tez \u00d6zeti: <\/strong>\u015eule Ta\u015f\u00e7\u0131\u011flu \u00d6rs\u2019\u00fcn doktora tezi, T\u00fcrkiye\u2019deki \u00e7e\u015fitli toplumsal cinsiyet temelli sivil toplum kurulu\u015flar\u0131n\u0131n ulus\u00f6tesi insan haklar\u0131 ilkelerini yerel k\u00fclt\u00fcrel ve politik ba\u011flamlarla nas\u0131l dengeledi\u011fini analiz etmektedir. Bu \u00f6rg\u00fctlerin yasal yorumlar\u0131 nas\u0131l etkiledi\u011fini, devlet uygulamalar\u0131n\u0131 nas\u0131l etkiledi\u011fini ve potansiyel olarak kapsay\u0131c\u0131 politikalar\u0131 nas\u0131l te\u015fvik etti\u011fini inceliyor.<\/p>\n\n\n\n<p><strong>E-mail:&nbsp;<\/strong><a href=\"mailto:sule.tascioglu@bilkent.edu.tr\">sule.tascioglu@bilkent.edu.tr<\/a><\/p>\n\n\n\n<p><strong>Dan\u0131\u015fman:<\/strong> Do\u00e7. Dr. Meral U\u011fur \u00c7\u0131nar<\/p>\n<\/div><\/div>\n\n\n\n<div style=\"height:100px\" aria-hidden=\"true\" class=\"wp-block-spacer\"><\/div>\n\n\n\n<div class=\"wp-block-media-text alignwide is-stacked-on-mobile is-vertically-aligned-top\" style=\"grid-template-columns:26% auto\"><figure class=\"wp-block-media-text__media\"><img loading=\"lazy\" width=\"1024\" height=\"1024\" src=\"https:\/\/pols.bilkent.edu.tr\/wp-content\/uploads\/2025\/07\/Adsiz-tasarim-5-1024x1024.png\" alt=\"\" class=\"wp-image-3592 size-full\" srcset=\"https:\/\/pols.bilkent.edu.tr\/wp-content\/uploads\/2025\/07\/Adsiz-tasarim-5-1024x1024.png 1024w, https:\/\/pols.bilkent.edu.tr\/wp-content\/uploads\/2025\/07\/Adsiz-tasarim-5-300x300.png 300w, https:\/\/pols.bilkent.edu.tr\/wp-content\/uploads\/2025\/07\/Adsiz-tasarim-5-150x150.png 150w, https:\/\/pols.bilkent.edu.tr\/wp-content\/uploads\/2025\/07\/Adsiz-tasarim-5-768x768.png 768w, https:\/\/pols.bilkent.edu.tr\/wp-content\/uploads\/2025\/07\/Adsiz-tasarim-5-55x55.png 55w, https:\/\/pols.bilkent.edu.tr\/wp-content\/uploads\/2025\/07\/Adsiz-tasarim-5-800x800.png 800w, https:\/\/pols.bilkent.edu.tr\/wp-content\/uploads\/2025\/07\/Adsiz-tasarim-5-580x580.png 580w, https:\/\/pols.bilkent.edu.tr\/wp-content\/uploads\/2025\/07\/Adsiz-tasarim-5.png 1080w\" sizes=\"(max-width: 1024px) 100vw, 1024px\" \/><\/figure><div class=\"wp-block-media-text__content\">\n<p class=\"has-text-align-left\" style=\"font-size:18px;line-height:1\"><strong><strong><strong>Eray \u015eim\u015fek<\/strong><\/strong><\/strong><\/p>\n\n\n\n<p><strong>Ara\u015ft\u0131rma Alanlar\u0131: <\/strong>Siyaset teorisi, T\u00fcrk siyaseti, k\u00fcreselle\u015fme siyaseti.<\/p>\n\n\n\n<p><strong>Tez \u00d6zeti:<\/strong> Eray \u015eim\u015fek\u2019in doktora tezi, k\u00fcresel y\u00f6neti\u015fimde \u00e7ok payda\u015fl\u0131 dilin y\u00fckseli\u015fini incelemektedir. 2008 mali krizi ile 2020 COVID-19 pandemisi aras\u0131ndaki d\u00f6nemde sa\u011fl\u0131k, finans ve iklim y\u00f6neti\u015fimine odaklanan yazar, \u00e7ok payda\u015fl\u0131l\u0131\u011f\u0131n nas\u0131l me\u015frula\u015ft\u0131r\u0131c\u0131 bir s\u00f6ylem olarak ortaya \u00e7\u0131kt\u0131\u011f\u0131n\u0131 inceliyor.<\/p>\n\n\n\n<p><strong>E-mail:<\/strong>&nbsp;<a href=\"mailto:eray.simsek@bilkent.edu.tr\">eray.simsek@bilkent.edu.tr<\/a><\/p>\n\n\n\n<p><strong>Dan\u0131\u015fman:<\/strong> Do\u00e7. Dr. John James Alexander<\/p>\n<\/div><\/div>\n\n\n\n<div style=\"height:100px\" aria-hidden=\"true\" class=\"wp-block-spacer\"><\/div>\n\n\n\n<div class=\"wp-block-media-text alignwide is-stacked-on-mobile is-vertically-aligned-top\" style=\"grid-template-columns:26% auto\"><figure class=\"wp-block-media-text__media\"><img loading=\"lazy\" width=\"157\" height=\"209\" src=\"https:\/\/pols.bilkent.edu.tr\/wp-content\/uploads\/2022\/12\/egesu.png\" alt=\"\" class=\"wp-image-1731 size-full\" srcset=\"https:\/\/pols.bilkent.edu.tr\/wp-content\/uploads\/2022\/12\/egesu.png 157w, https:\/\/pols.bilkent.edu.tr\/wp-content\/uploads\/2022\/12\/egesu-41x55.png 41w\" sizes=\"(max-width: 157px) 100vw, 157px\" \/><\/figure><div class=\"wp-block-media-text__content\">\n<p class=\"has-text-align-left\" style=\"font-size:18px;line-height:1\"><strong>Egesu Sayar<\/strong><\/p>\n\n\n\n<p><strong>Ara\u015ft\u0131rma Alanlar\u0131:<\/strong> Kar\u015f\u0131la\u015ft\u0131rmal\u0131 Siyaset, Sosyal ve K\u00fclt\u00fcrel Teori, Kolektif Bellek<\/p>\n\n\n\n<p><strong>Tez \u00d6zeti: <\/strong>Egesu Sayar, T\u00fcrkiye&#8217;deki \u00e7a\u011fda\u015f \u00f6\u011frenci hareketlerinin protesto anlat\u0131lar\u0131n\u0131 inceliyor. Ara\u015ft\u0131rmalar\u0131, \u00e7eki\u015fme repertuarlar\u0131n\u0131, kolektif haf\u0131za s\u00fcre\u00e7lerini ve iddia olu\u015fturma stratejilerini analiz ederek, bu hareketlerin demokratik kat\u0131l\u0131m taleplerini nas\u0131l \u00e7er\u00e7evelediklerine ve kolektif kimlikleri nas\u0131l in\u015fa ettiklerine odaklan\u0131yor.<\/p>\n\n\n\n<p><strong>E-mail:<\/strong> egesu.sayar@bilkent.edu.tr<br><strong>Dan\u0131\u015fman:<\/strong> Do\u00e7. Dr. Meral U\u011fur \u00c7\u0131nar<\/p>\n<\/div><\/div>\n\n\n\n<div style=\"height:100px\" aria-hidden=\"true\" class=\"wp-block-spacer\"><\/div>\n\n\n\n<div class=\"wp-block-media-text alignwide is-stacked-on-mobile is-vertically-aligned-top\" style=\"grid-template-columns:26% auto\"><figure class=\"wp-block-media-text__media\"><img loading=\"lazy\" width=\"1024\" height=\"1024\" src=\"https:\/\/pols.bilkent.edu.tr\/wp-content\/uploads\/2025\/07\/Adsiz-tasarim-2-1024x1024.png\" alt=\"\" class=\"wp-image-3589 size-full\" srcset=\"https:\/\/pols.bilkent.edu.tr\/wp-content\/uploads\/2025\/07\/Adsiz-tasarim-2-1024x1024.png 1024w, https:\/\/pols.bilkent.edu.tr\/wp-content\/uploads\/2025\/07\/Adsiz-tasarim-2-300x300.png 300w, https:\/\/pols.bilkent.edu.tr\/wp-content\/uploads\/2025\/07\/Adsiz-tasarim-2-150x150.png 150w, https:\/\/pols.bilkent.edu.tr\/wp-content\/uploads\/2025\/07\/Adsiz-tasarim-2-768x768.png 768w, https:\/\/pols.bilkent.edu.tr\/wp-content\/uploads\/2025\/07\/Adsiz-tasarim-2-55x55.png 55w, https:\/\/pols.bilkent.edu.tr\/wp-content\/uploads\/2025\/07\/Adsiz-tasarim-2-800x800.png 800w, https:\/\/pols.bilkent.edu.tr\/wp-content\/uploads\/2025\/07\/Adsiz-tasarim-2-580x580.png 580w, https:\/\/pols.bilkent.edu.tr\/wp-content\/uploads\/2025\/07\/Adsiz-tasarim-2.png 1080w\" sizes=\"(max-width: 1024px) 100vw, 1024px\" \/><\/figure><div class=\"wp-block-media-text__content\">\n<p class=\"has-text-align-left\" style=\"font-size:18px;line-height:1\"><strong>Hande Tuhanio\u011flu<\/strong><\/p>\n\n\n\n<p class=\"has-text-align-left\" style=\"font-size:18px;line-height:1\"><strong>Ara\u015ft\u0131rma Alanlar\u0131:<\/strong> Siyaset Teorisi, Sosyal ve K\u00fclt\u00fcrel \u00c7al\u0131\u015fmalar, \u0130\u015f ve Toplum<\/p>\n\n\n\n<p><strong>Tez \u00d6zeti: <\/strong>Hande Tuhanio\u011flu&#8217;nun doktora tezi, 1980-2000 y\u0131llar\u0131 aras\u0131nda T\u00fcrkiye&#8217;de kimlik politikalar\u0131n\u0131n nas\u0131l alg\u0131land\u0131\u011f\u0131n\u0131 inceliyor ve 1980 sonras\u0131 entelekt\u00fcel manzaran\u0131n yeniden \u015fekillenmesinde \u00e7evirinin arac\u0131l\u0131k rol\u00fcn\u00fc vurguluyor. Ele\u015ftirel s\u00f6ylem analizi, ar\u015fiv ara\u015ft\u0131rmas\u0131 ve s\u00f6zl\u00fc tarih kullanarak, siyasi teori, felsefe, edebiyat ele\u015ftirisi ve toplumsal ele\u015ftiri alanlar\u0131nda \u00e7evrilen metinlerin T\u00fcrkiye&#8217;nin siyasi s\u00f6z da\u011farc\u0131\u011f\u0131n\u0131 ve kavramsal \u00e7er\u00e7evelerini nas\u0131l etkiledi\u011fini inceliyor.<\/p>\n\n\n\n<p><strong>E-mail:&nbsp;<\/strong><a href=\"mailto:hande.tuhanioglu@bilkent.edu.tr\">hande.tuhanioglu@bilkent.edu.tr<\/a><\/p>\n\n\n\n<p><strong>Dan\u0131\u015fman:&nbsp;<\/strong>Do\u00e7. Dr. \u0130hsan \u0130lker Ayt\u00fcrk<\/p>\n<\/div><\/div>\n\n\n\n<div style=\"height:100px\" aria-hidden=\"true\" class=\"wp-block-spacer\"><\/div>\n\n\n\n<div class=\"wp-block-media-text alignwide is-stacked-on-mobile is-vertically-aligned-top\" style=\"grid-template-columns:26% auto\"><figure class=\"wp-block-media-text__media\"><img loading=\"lazy\" width=\"1024\" height=\"1024\" src=\"https:\/\/pols.bilkent.edu.tr\/wp-content\/uploads\/2025\/07\/Adsiz-tasarim-10-1024x1024.png\" alt=\"\" class=\"wp-image-3606 size-full\" srcset=\"https:\/\/pols.bilkent.edu.tr\/wp-content\/uploads\/2025\/07\/Adsiz-tasarim-10-1024x1024.png 1024w, https:\/\/pols.bilkent.edu.tr\/wp-content\/uploads\/2025\/07\/Adsiz-tasarim-10-300x300.png 300w, https:\/\/pols.bilkent.edu.tr\/wp-content\/uploads\/2025\/07\/Adsiz-tasarim-10-150x150.png 150w, https:\/\/pols.bilkent.edu.tr\/wp-content\/uploads\/2025\/07\/Adsiz-tasarim-10-768x768.png 768w, https:\/\/pols.bilkent.edu.tr\/wp-content\/uploads\/2025\/07\/Adsiz-tasarim-10-55x55.png 55w, https:\/\/pols.bilkent.edu.tr\/wp-content\/uploads\/2025\/07\/Adsiz-tasarim-10-800x800.png 800w, https:\/\/pols.bilkent.edu.tr\/wp-content\/uploads\/2025\/07\/Adsiz-tasarim-10-580x580.png 580w, https:\/\/pols.bilkent.edu.tr\/wp-content\/uploads\/2025\/07\/Adsiz-tasarim-10.png 1080w\" sizes=\"(max-width: 1024px) 100vw, 1024px\" \/><\/figure><div class=\"wp-block-media-text__content\">\n<p class=\"has-text-align-left\" style=\"font-size:18px;line-height:1\"><strong>\u0130smail Yaz\u0131c\u0131<\/strong><\/p>\n\n\n\n<p class=\"has-text-align-left\" style=\"font-size:18px;line-height:1\"><strong>Ara\u015ft\u0131rma Alanlar\u0131: <\/strong>T\u00fcrk Siyaseti, Siyaset Teorisi, \u00c7a\u011fda\u015f \u0130slam Siyasal D\u00fc\u015f\u00fcncesi<\/p>\n\n\n\n<p><strong>Tez \u00d6zeti: <\/strong>\u0130smail Yaz\u0131c\u0131\u2019n\u0131n tezi, T\u00fcrkiye\u2019de Diyanet \u0130\u015fleri Ba\u015fkanl\u0131\u011f\u0131\u2019n\u0131n tarihsel seyrini ve So\u011fuk Sava\u015f d\u00f6neminde \u0130slamc\u0131 akt\u00f6rlerle \u00e7ok y\u00f6nl\u00fc etkile\u015fimlerini ara\u015ft\u0131rmaktad\u0131r. Diyanet \u0130\u015fleri Ba\u015fkanl\u0131\u011f\u0131&#8217;n\u0131n politikalar\u0131 arac\u0131l\u0131\u011f\u0131yla devlet destekli \u0130slam&#8217;\u0131n kurumsalla\u015fmas\u0131na ele\u015ftirel bir bak\u0131\u015f sunarken, T\u00fcrkiye&#8217;de \u00e7e\u015fitli \u0130slam akt\u00f6rlerinin resmi din y\u00f6netimiyle nas\u0131l etkile\u015fimde bulunduklar\u0131n\u0131 analiz ediyor.<\/p>\n\n\n\n<p><strong>E-mail:<\/strong>&nbsp;<a href=\"mailto:ismail.yazici@bilkent.edu.tr\">ismail.yazici@bilkent.edu.tr<\/a><\/p>\n\n\n\n<p><strong>Dan\u0131\u015fman:&nbsp;<\/strong>Do\u00e7. Dr. \u0130hsan \u0130lker Ayt\u00fcrk<\/p>\n<\/div><\/div>\n\n\n\n<div style=\"height:100px\" aria-hidden=\"true\" class=\"wp-block-spacer\"><\/div>\n\n\n\n<div class=\"wp-block-media-text alignwide is-stacked-on-mobile is-vertically-aligned-top\" style=\"grid-template-columns:26% auto\"><figure class=\"wp-block-media-text__media\"><img loading=\"lazy\" width=\"1024\" height=\"1024\" src=\"https:\/\/pols.bilkent.edu.tr\/wp-content\/uploads\/2025\/07\/Adsiz-tasarim-1024x1024.png\" alt=\"\" class=\"wp-image-3588 size-full\" srcset=\"https:\/\/pols.bilkent.edu.tr\/wp-content\/uploads\/2025\/07\/Adsiz-tasarim-1024x1024.png 1024w, https:\/\/pols.bilkent.edu.tr\/wp-content\/uploads\/2025\/07\/Adsiz-tasarim-300x300.png 300w, https:\/\/pols.bilkent.edu.tr\/wp-content\/uploads\/2025\/07\/Adsiz-tasarim-150x150.png 150w, https:\/\/pols.bilkent.edu.tr\/wp-content\/uploads\/2025\/07\/Adsiz-tasarim-768x768.png 768w, https:\/\/pols.bilkent.edu.tr\/wp-content\/uploads\/2025\/07\/Adsiz-tasarim-55x55.png 55w, https:\/\/pols.bilkent.edu.tr\/wp-content\/uploads\/2025\/07\/Adsiz-tasarim-800x800.png 800w, https:\/\/pols.bilkent.edu.tr\/wp-content\/uploads\/2025\/07\/Adsiz-tasarim-580x580.png 580w, https:\/\/pols.bilkent.edu.tr\/wp-content\/uploads\/2025\/07\/Adsiz-tasarim.png 1080w\" sizes=\"(max-width: 1024px) 100vw, 1024px\" \/><\/figure><div class=\"wp-block-media-text__content\">\n<p class=\"has-text-align-left\" style=\"font-size:18px;line-height:1\"><strong>Cansu Yetimo\u011flu<\/strong><\/p>\n\n\n\n<p class=\"has-text-align-left\" style=\"font-size:18px;line-height:1\"><strong>Ara\u015ft\u0131rma Alanlar\u0131: <\/strong>T\u00fcrk Siyaseti, Kar\u015f\u0131la\u015ft\u0131rmal\u0131 Siyaset, Siyaset ve Cinsiyet<\/p>\n\n\n\n<p><strong>Tez \u00d6zeti:<\/strong> Cansu Yetimo\u011flu&#8217;nun doktora tezi, TBMM&#8217;de kad\u0131n eme\u011fi ve istihdam\u0131n\u0131n s\u00f6ylemsel olarak nas\u0131l in\u015fa edildi\u011fine dair ele\u015ftirel bir analiz sunmaktad\u0131r. Feminist politik ekonomi ve temsil teorisinin kesi\u015fim noktas\u0131nda yer alan ara\u015ft\u0131rmas\u0131, yasama tart\u0131\u015fmalar\u0131n\u0131n kad\u0131nlar\u0131n ekonomik kat\u0131l\u0131m\u0131n\u0131 toplumsal cinsiyet ve refah konusundaki daha geni\u015f ideolojik ve kurumsal m\u00fccadeleler \u00e7er\u00e7evesinde nas\u0131l \u00e7er\u00e7eveledi\u011fini incelemektedir.<\/p>\n\n\n\n<p><strong>E-mail<\/strong>: cansu.yetimoglu@bilkent.edu.tr<\/p>\n\n\n\n<p><strong>Dan\u0131\u015fman:<\/strong> Dr. \u00d6\u011fr. \u00dcyesi Esra \u0130\u015fsever-Ekinci<\/p>\n<\/div><\/div>\n\n\n\n<div style=\"height:100px\" aria-hidden=\"true\" class=\"wp-block-spacer\"><\/div>\n\n\n\n<div class=\"wp-block-media-text alignwide is-stacked-on-mobile is-vertically-aligned-top\" style=\"grid-template-columns:26% auto\"><figure class=\"wp-block-media-text__media\"><img loading=\"lazy\" width=\"449\" height=\"556\" src=\"https:\/\/pols.bilkent.edu.tr\/wp-content\/uploads\/2022\/12\/vs-removebg-preview.png\" alt=\"\" class=\"wp-image-1434 size-full\" srcset=\"https:\/\/pols.bilkent.edu.tr\/wp-content\/uploads\/2022\/12\/vs-removebg-preview.png 449w, https:\/\/pols.bilkent.edu.tr\/wp-content\/uploads\/2022\/12\/vs-removebg-preview-242x300.png 242w, https:\/\/pols.bilkent.edu.tr\/wp-content\/uploads\/2022\/12\/vs-removebg-preview-44x55.png 44w\" sizes=\"(max-width: 449px) 100vw, 449px\" \/><\/figure><div class=\"wp-block-media-text__content\">\n<p class=\"has-text-align-left\" style=\"font-size:18px;line-height:1\"><strong>Didem Y\u0131lmaz<\/strong><\/p>\n\n\n\n<p><strong>Ara\u015ft\u0131rma Alanlar\u0131:<\/strong> Sosyal ve K\u00fclt\u00fcrel \u00c7al\u0131\u015fmalar, Siyaset Teorisi, Benlik Teknolojileri<\/p>\n\n\n\n<p><strong>Tez \u00d6zeti:<\/strong> Didem Y\u0131lmaz&#8217;\u0131n tezi, So\u011fuk Sava\u015f d\u00f6nemi Alman g\u00f6rsel sanatlar\u0131nda cinsiyetlendirilmi\u015f ve \u0131rksalla\u015ft\u0131r\u0131lm\u0131\u015f beden temsilleri arac\u0131l\u0131\u011f\u0131yla ulusal kimliklerin in\u015fas\u0131n\u0131, \u00f6zellikle de foto\u011frafik pratikleri ele alarak incelemektedir. Siyasi antropolojiye dayanan \u00e7al\u0131\u015fmas\u0131, sava\u015f sonras\u0131 Alman \u00f6z alg\u0131s\u0131n\u0131n hem Federal Almanya Cumhuriyeti&#8217;nde hem de Alman Demokratik Cumhuriyeti&#8217;nde nas\u0131l \u015fekillendi\u011fini incelemektedir.<\/p>\n\n\n\n<p><strong>E-mail: <\/strong><a href=\"mailto:didem.yilmaz@bilkent.edu.tr\">didem.yilmaz@bilkent.edu.tr<\/a><\/p>\n\n\n\n<p><strong>Dan\u0131\u015fman: <\/strong>Dr. Ba\u015fak \u0130nce<\/p>\n<\/div><\/div>\n","protected":false},"excerpt":{"rendered":"<p>Bat\u0131kan Bulut Ara\u015ft\u0131rma Alanlar\u0131: Kar\u015f\u0131la\u015ft\u0131rmal\u0131 Siyaset, T\u00fcrk Siyaseti, G\u00f6\u00e7 ve Diaspora Bat\u0131kan Bulut\u2019un doktora tezi, T\u00fcrkiye\u2019deki diaspora rejiminin ortaya \u00e7\u0131k\u0131\u015f\u0131n\u0131, yol g\u00f6sterici ilkelerini, temel unsurlar\u0131n\u0131 ve kurumsal etkilerini incelemektedir. Ara\u015ft\u0131rma ilgi alanlar\u0131 aras\u0131nda vatanda\u015fl\u0131k politikas\u0131, sivil toplum, milliyet\u00e7ilik, T\u00fcrkiye ba\u011flam\u0131nda din ve toplum ile g\u00f6\u00e7 \u00e7al\u0131\u015fmalar\u0131 yer almaktad\u0131r. E-posta: batikan.bulut@bilkent.edu.trDan\u0131\u015fman: [\u2026] <\/p>\n<div class=\"clear\"><\/div>\n<p><a class=\"more_link clearfix\" href=\"https:\/\/pols.bilkent.edu.tr\/index.php\/tr\/doktora-ogrencileri\/\" rel=\"nofollow\">Read More<\/a><\/p>\n","protected":false},"author":1,"featured_media":0,"parent":0,"menu_order":0,"comment_status":"closed","ping_status":"closed","template":"","meta":[],"_links":{"self":[{"href":"https:\/\/pols.bilkent.edu.tr\/index.php\/wp-json\/wp\/v2\/pages\/1409"}],"collection":[{"href":"https:\/\/pols.bilkent.edu.tr\/index.php\/wp-json\/wp\/v2\/pages"}],"about":[{"href":"https:\/\/pols.bilkent.edu.tr\/index.php\/wp-json\/wp\/v2\/types\/page"}],"author":[{"embeddable":true,"href":"https:\/\/pols.bilkent.edu.tr\/index.php\/wp-json\/wp\/v2\/users\/1"}],"replies":[{"embeddable":true,"href":"https:\/\/pols.bilkent.edu.tr\/index.php\/wp-json\/wp\/v2\/comments?post=1409"}],"version-history":[{"count":45,"href":"https:\/\/pols.bilkent.edu.tr\/index.php\/wp-json\/wp\/v2\/pages\/1409\/revisions"}],"predecessor-version":[{"id":4383,"href":"https:\/\/pols.bilkent.edu.tr\/index.php\/wp-json\/wp\/v2\/pages\/1409\/revisions\/4383"}],"wp:attachment":[{"href":"https:\/\/pols.bilkent.edu.tr\/index.php\/wp-json\/wp\/v2\/media?parent=1409"}],"curies":[{"name":"wp","href":"https:\/\/api.w.org\/{rel}","templated":true}]}}