{"id":1407,"date":"2022-11-29T13:59:07","date_gmt":"2022-11-29T10:59:07","guid":{"rendered":"https:\/\/pols.bilkent.edu.tr\/?page_id=1407"},"modified":"2025-11-24T15:00:33","modified_gmt":"2025-11-24T12:00:33","slug":"ph-d-students","status":"publish","type":"page","link":"https:\/\/pols.bilkent.edu.tr\/index.php\/ph-d-students\/","title":{"rendered":"Ph.D. Students"},"content":{"rendered":"\n<div class=\"wp-block-media-text alignwide is-stacked-on-mobile is-vertically-aligned-top\" style=\"grid-template-columns:26% auto\"><figure class=\"wp-block-media-text__media\"><img loading=\"lazy\" width=\"261\" height=\"245\" src=\"https:\/\/pols.bilkent.edu.tr\/wp-content\/uploads\/2022\/12\/Bati2-removebg-preview-2.png\" alt=\"\" class=\"wp-image-1429 size-full\" srcset=\"https:\/\/pols.bilkent.edu.tr\/wp-content\/uploads\/2022\/12\/Bati2-removebg-preview-2.png 261w, https:\/\/pols.bilkent.edu.tr\/wp-content\/uploads\/2022\/12\/Bati2-removebg-preview-2-59x55.png 59w\" sizes=\"(max-width: 261px) 100vw, 261px\" \/><\/figure><div class=\"wp-block-media-text__content\">\n<p style=\"font-size:18px\"><strong>Bat\u0131kan Bulut<\/strong><\/p>\n\n\n\n<p><strong>Research Areas:<\/strong> Comparative Politics, Turkish Politics, Migration and Diaspora<\/p>\n\n\n\n<p>Bat\u0131kan Bulut&#8217;s dissertation examines the emergence, guiding principles, and core elements of Turkey&#8217;s diaspora regime and its institutional implications. His research interests include citizenship policy, civil society, nationalism, religion and society within the Turkish context, and migration studies.<\/p>\n\n\n\n<p><strong>E-mail:&nbsp;<\/strong><a href=\"mailto:batikan.bulut@bilkent.edu.tr\">batikan.bulut@bilkent.edu.tr&nbsp;<\/a><\/p>\n\n\n\n<p><strong>Supervisor: <\/strong>Assoc. Prof. Meral U\u011fur-\u00c7\u0131nar<\/p>\n<\/div><\/div>\n\n\n\n<div style=\"height:100px\" aria-hidden=\"true\" class=\"wp-block-spacer\"><\/div>\n\n\n\n<div class=\"wp-block-media-text alignwide is-stacked-on-mobile is-vertically-aligned-top\" style=\"grid-template-columns:26% auto\"><figure class=\"wp-block-media-text__media\"><img loading=\"lazy\" width=\"500\" height=\"499\" src=\"https:\/\/pols.bilkent.edu.tr\/wp-content\/uploads\/2023\/09\/Profile_Foto.png\" alt=\"\" class=\"wp-image-2072 size-full\" srcset=\"https:\/\/pols.bilkent.edu.tr\/wp-content\/uploads\/2023\/09\/Profile_Foto.png 500w, https:\/\/pols.bilkent.edu.tr\/wp-content\/uploads\/2023\/09\/Profile_Foto-300x300.png 300w, https:\/\/pols.bilkent.edu.tr\/wp-content\/uploads\/2023\/09\/Profile_Foto-150x150.png 150w, https:\/\/pols.bilkent.edu.tr\/wp-content\/uploads\/2023\/09\/Profile_Foto-55x55.png 55w\" sizes=\"(max-width: 500px) 100vw, 500px\" \/><\/figure><div class=\"wp-block-media-text__content\">\n<p style=\"font-size:18px\"><strong>Can \u00c7elik<\/strong><\/p>\n\n\n\n<p><strong>Research Areas:<\/strong> Comparative Politics, Social and Cultural Theory, Militarism &amp; Nationalism.<\/p>\n\n\n\n<p><strong>Thesis Summary:<\/strong> Can \u00c7elik&#8217;s dissertation investigates the everyday manifestations of militarization in Turkey, with a special focus on how militarized masculinities are constructed and deconstructed.<\/p>\n\n\n\n<p><strong>E-mail:<\/strong>&nbsp;<a href=\"mailto:can.celik@bilkent.edu.tr\">can.celik@bilkent.edu.tr<\/a><\/p>\n\n\n\n<p><strong>Supervisor:<\/strong> Dr Ba\u015fak \u0130nce<\/p>\n<\/div><\/div>\n\n\n\n<div style=\"height:75px\" aria-hidden=\"true\" class=\"wp-block-spacer\"><\/div>\n\n\n\n<div class=\"wp-block-media-text alignwide is-stacked-on-mobile is-vertically-aligned-top\" style=\"grid-template-columns:26% auto\"><figure class=\"wp-block-media-text__media\"><img loading=\"lazy\" width=\"1024\" height=\"1024\" src=\"https:\/\/pols.bilkent.edu.tr\/wp-content\/uploads\/2025\/07\/Adsiz-tasarim-4-1024x1024.png\" alt=\"\" class=\"wp-image-3591 size-full\" srcset=\"https:\/\/pols.bilkent.edu.tr\/wp-content\/uploads\/2025\/07\/Adsiz-tasarim-4-1024x1024.png 1024w, https:\/\/pols.bilkent.edu.tr\/wp-content\/uploads\/2025\/07\/Adsiz-tasarim-4-300x300.png 300w, https:\/\/pols.bilkent.edu.tr\/wp-content\/uploads\/2025\/07\/Adsiz-tasarim-4-150x150.png 150w, https:\/\/pols.bilkent.edu.tr\/wp-content\/uploads\/2025\/07\/Adsiz-tasarim-4-768x768.png 768w, https:\/\/pols.bilkent.edu.tr\/wp-content\/uploads\/2025\/07\/Adsiz-tasarim-4-55x55.png 55w, https:\/\/pols.bilkent.edu.tr\/wp-content\/uploads\/2025\/07\/Adsiz-tasarim-4-800x800.png 800w, https:\/\/pols.bilkent.edu.tr\/wp-content\/uploads\/2025\/07\/Adsiz-tasarim-4-580x580.png 580w, https:\/\/pols.bilkent.edu.tr\/wp-content\/uploads\/2025\/07\/Adsiz-tasarim-4.png 1080w\" sizes=\"(max-width: 1024px) 100vw, 1024px\" \/><\/figure><div class=\"wp-block-media-text__content\">\n<p class=\"has-text-align-left\" style=\"font-size:18px;line-height:1\"><strong><strong>Didem \u0130\u015f\u00e7i Kuru<\/strong><\/strong><\/p>\n\n\n\n<p class=\"has-text-align-left\" style=\"font-size:18px;line-height:1\"><strong>Research Areas:&nbsp;<\/strong>Comparative Politics, Turkish Politics, Party Politics<\/p>\n\n\n\n<p><strong>Thesis Summary:&nbsp;<\/strong>Didem \u0130\u015f\u00e7i Kuru&#8217;s dissertation explores how opposition parties respond to democratic backsliding, emphasizing the strategies they adopt to remain competitive. It analyzes party\u2013voter linkages and the formation of electoral alliances as key mechanisms of opposition resilience.<\/p>\n\n\n\n<p><strong>E-mail:&nbsp;<\/strong><a href=\"mailto:didem.isci@bilkent.edu.tr\">didem.isci@bilkent.edu.tr<\/a><\/p>\n\n\n\n<p><strong>Supervisor:&nbsp;<\/strong>Asst. Prof. Kerem Y\u0131ld\u0131r\u0131m&nbsp;<\/p>\n<\/div><\/div>\n\n\n\n<div style=\"height:75px\" aria-hidden=\"true\" class=\"wp-block-spacer\"><\/div>\n\n\n\n<div class=\"wp-block-media-text alignwide is-stacked-on-mobile is-vertically-aligned-top\" style=\"grid-template-columns:26% auto\"><figure class=\"wp-block-media-text__media\"><img loading=\"lazy\" width=\"1024\" height=\"1024\" src=\"https:\/\/pols.bilkent.edu.tr\/wp-content\/uploads\/2025\/07\/Adsiz-tasarim-6-1024x1024.png\" alt=\"\" class=\"wp-image-3593 size-full\" srcset=\"https:\/\/pols.bilkent.edu.tr\/wp-content\/uploads\/2025\/07\/Adsiz-tasarim-6-1024x1024.png 1024w, https:\/\/pols.bilkent.edu.tr\/wp-content\/uploads\/2025\/07\/Adsiz-tasarim-6-300x300.png 300w, https:\/\/pols.bilkent.edu.tr\/wp-content\/uploads\/2025\/07\/Adsiz-tasarim-6-150x150.png 150w, https:\/\/pols.bilkent.edu.tr\/wp-content\/uploads\/2025\/07\/Adsiz-tasarim-6-768x768.png 768w, https:\/\/pols.bilkent.edu.tr\/wp-content\/uploads\/2025\/07\/Adsiz-tasarim-6-55x55.png 55w, https:\/\/pols.bilkent.edu.tr\/wp-content\/uploads\/2025\/07\/Adsiz-tasarim-6-800x800.png 800w, https:\/\/pols.bilkent.edu.tr\/wp-content\/uploads\/2025\/07\/Adsiz-tasarim-6-580x580.png 580w, https:\/\/pols.bilkent.edu.tr\/wp-content\/uploads\/2025\/07\/Adsiz-tasarim-6.png 1080w\" sizes=\"(max-width: 1024px) 100vw, 1024px\" \/><\/figure><div class=\"wp-block-media-text__content\">\n<p class=\"has-text-align-left\" style=\"font-size:18px;line-height:1\"><strong><strong><strong>\u015eule Ta\u015f\u00e7\u0131\u011flu \u00d6rs<\/strong><\/strong><\/strong><\/p>\n\n\n\n<p><strong>Research Areas:<\/strong>&nbsp;Turkish Politics, Comparative Politics, Gender and Politics<\/p>\n\n\n\n<p><strong>Thesis Summary:<\/strong> \u015eule Ta\u015f\u00e7\u0131\u011flu \u00d6rs&#8217;s Ph.D. dissertation analyzes how a diverse range of gender\u2011based civil society organizations in Turkey balance transnational human\u2011rights principles with local cultural and political contexts. It examines how these organizations influence legal interpretations, affect state practices, and potentially foster inclusionary policies.<\/p>\n\n\n\n<p><strong>E-mail:&nbsp;<\/strong><a href=\"mailto:sule.tascioglu@bilkent.edu.tr\">sule.tascioglu@bilkent.edu.tr<\/a><\/p>\n\n\n\n<p><strong>Supervisor:<\/strong> Assoc. Prof. Meral U\u011fur \u00c7\u0131nar<\/p>\n<\/div><\/div>\n\n\n\n<div style=\"height:75px\" aria-hidden=\"true\" class=\"wp-block-spacer\"><\/div>\n\n\n\n<div class=\"wp-block-media-text alignwide is-stacked-on-mobile is-vertically-aligned-top\" style=\"grid-template-columns:26% auto\"><figure class=\"wp-block-media-text__media\"><img loading=\"lazy\" width=\"1024\" height=\"1024\" src=\"https:\/\/pols.bilkent.edu.tr\/wp-content\/uploads\/2025\/07\/Adsiz-tasarim-5-1024x1024.png\" alt=\"\" class=\"wp-image-3592 size-full\" srcset=\"https:\/\/pols.bilkent.edu.tr\/wp-content\/uploads\/2025\/07\/Adsiz-tasarim-5-1024x1024.png 1024w, https:\/\/pols.bilkent.edu.tr\/wp-content\/uploads\/2025\/07\/Adsiz-tasarim-5-300x300.png 300w, https:\/\/pols.bilkent.edu.tr\/wp-content\/uploads\/2025\/07\/Adsiz-tasarim-5-150x150.png 150w, https:\/\/pols.bilkent.edu.tr\/wp-content\/uploads\/2025\/07\/Adsiz-tasarim-5-768x768.png 768w, https:\/\/pols.bilkent.edu.tr\/wp-content\/uploads\/2025\/07\/Adsiz-tasarim-5-55x55.png 55w, https:\/\/pols.bilkent.edu.tr\/wp-content\/uploads\/2025\/07\/Adsiz-tasarim-5-800x800.png 800w, https:\/\/pols.bilkent.edu.tr\/wp-content\/uploads\/2025\/07\/Adsiz-tasarim-5-580x580.png 580w, https:\/\/pols.bilkent.edu.tr\/wp-content\/uploads\/2025\/07\/Adsiz-tasarim-5.png 1080w\" sizes=\"(max-width: 1024px) 100vw, 1024px\" \/><\/figure><div class=\"wp-block-media-text__content\">\n<p class=\"has-text-align-left\" style=\"font-size:18px;line-height:1\"><strong><strong><strong>Eray \u015eim\u015fek<\/strong><\/strong><\/strong><\/p>\n\n\n\n<p><strong>Research Areas:<\/strong> Political theory, Turkish politics, politics of globalization.<\/p>\n\n\n\n<p><strong>Thesis Summary: <\/strong>Eray \u015eim\u015fek&#8217;s dissertation research investigates the rise of multistakeholder language in global governance. Focusing on health, finance, and climate governance between the 2008 financial crisis and the 2020 COVID\u201119 pandemic, he examines how multistakeholderism has emerged as a legitimizing discourse.<\/p>\n\n\n\n<p><strong>Email:<\/strong>&nbsp;<a href=\"mailto:eray.simsek@bilkent.edu.tr\">eray.simsek@bilkent.edu.tr<\/a><\/p>\n\n\n\n<p><strong>Supervisor:<\/strong> Assoc. Prof. John James Alexander<\/p>\n<\/div><\/div>\n\n\n\n<div style=\"height:75px\" aria-hidden=\"true\" class=\"wp-block-spacer\"><\/div>\n\n\n\n<div class=\"wp-block-media-text alignwide is-stacked-on-mobile is-vertically-aligned-top\" style=\"grid-template-columns:26% auto\"><figure class=\"wp-block-media-text__media\"><img loading=\"lazy\" width=\"157\" height=\"209\" src=\"https:\/\/pols.bilkent.edu.tr\/wp-content\/uploads\/2022\/12\/egesu.png\" alt=\"\" class=\"wp-image-1731 size-full\" srcset=\"https:\/\/pols.bilkent.edu.tr\/wp-content\/uploads\/2022\/12\/egesu.png 157w, https:\/\/pols.bilkent.edu.tr\/wp-content\/uploads\/2022\/12\/egesu-41x55.png 41w\" sizes=\"(max-width: 157px) 100vw, 157px\" \/><\/figure><div class=\"wp-block-media-text__content\">\n<p class=\"has-text-align-left\" style=\"font-size:18px;line-height:1\"><strong>Egesu Sayar<\/strong><\/p>\n\n\n\n<p><strong>Research Areas<\/strong>: Comparative&nbsp;Politics, Social&nbsp;and&nbsp;Cultural&nbsp;Theory, Collective&nbsp;Memory<\/p>\n\n\n\n<p><strong>Thesis Summary: <\/strong>Egesu Sayar studies protest narratives of contemporary student movements in Turkey. By analyzing repertoires of contention, collective\u2011memory processes, and claim\u2011making strategies, her research focuses on how these movements frame demands for democratic participation and construct collective identities.<\/p>\n\n\n\n<p><strong>E-mail:<\/strong> egesu.sayar@bilkent.edu.tr<br><strong>Supervisor:<\/strong> Asst. Prof. Meral U\u011fur \u00c7\u0131nar<\/p>\n<\/div><\/div>\n\n\n\n<div style=\"height:75px\" aria-hidden=\"true\" class=\"wp-block-spacer\"><\/div>\n\n\n\n<div class=\"wp-block-media-text alignwide is-stacked-on-mobile is-vertically-aligned-top\" style=\"grid-template-columns:26% auto\"><figure class=\"wp-block-media-text__media\"><img loading=\"lazy\" width=\"1024\" height=\"1024\" src=\"https:\/\/pols.bilkent.edu.tr\/wp-content\/uploads\/2025\/07\/Adsiz-tasarim-2-1024x1024.png\" alt=\"\" class=\"wp-image-3589 size-full\" srcset=\"https:\/\/pols.bilkent.edu.tr\/wp-content\/uploads\/2025\/07\/Adsiz-tasarim-2-1024x1024.png 1024w, https:\/\/pols.bilkent.edu.tr\/wp-content\/uploads\/2025\/07\/Adsiz-tasarim-2-300x300.png 300w, https:\/\/pols.bilkent.edu.tr\/wp-content\/uploads\/2025\/07\/Adsiz-tasarim-2-150x150.png 150w, https:\/\/pols.bilkent.edu.tr\/wp-content\/uploads\/2025\/07\/Adsiz-tasarim-2-768x768.png 768w, https:\/\/pols.bilkent.edu.tr\/wp-content\/uploads\/2025\/07\/Adsiz-tasarim-2-55x55.png 55w, https:\/\/pols.bilkent.edu.tr\/wp-content\/uploads\/2025\/07\/Adsiz-tasarim-2-800x800.png 800w, https:\/\/pols.bilkent.edu.tr\/wp-content\/uploads\/2025\/07\/Adsiz-tasarim-2-580x580.png 580w, https:\/\/pols.bilkent.edu.tr\/wp-content\/uploads\/2025\/07\/Adsiz-tasarim-2.png 1080w\" sizes=\"(max-width: 1024px) 100vw, 1024px\" \/><\/figure><div class=\"wp-block-media-text__content\">\n<p class=\"has-text-align-left\" style=\"font-size:18px;line-height:1\"><strong>Hande Tuhanio\u011flu<\/strong><\/p>\n\n\n\n<p class=\"has-text-align-left\" style=\"font-size:18px;line-height:1\"><strong>Research Areas:&nbsp;<\/strong>Political Theory, Social and Cultural Studies, Work and Society&nbsp;<\/p>\n\n\n\n<p><strong>Thesis Summary:&nbsp;<\/strong>Hande Tuhanio\u011flu&#8217;s dissertation explores the reception of identity politics in Turkey from 1980 to 2000, emphasizing the mediating role of translation in reshaping the post\u20111980 intellectual landscape. Using critical discourse analysis, archival research, and oral history, she examines how translated texts in political theory, philosophy, literary criticism, and social criticism influenced Turkey&#8217;s political vocabulary and conceptual frameworks.<\/p>\n\n\n\n<p><strong>E-mail:&nbsp;<\/strong><a href=\"mailto:hande.tuhanioglu@bilkent.edu.tr\">hande.tuhanioglu@bilkent.edu.tr<\/a><\/p>\n\n\n\n<p><strong>Supervisor:&nbsp;<\/strong>Assoc. Prof. \u0130hsan \u0130lker Ayt\u00fcrk<\/p>\n<\/div><\/div>\n\n\n\n<div style=\"height:75px\" aria-hidden=\"true\" class=\"wp-block-spacer\"><\/div>\n\n\n\n<div class=\"wp-block-media-text alignwide is-stacked-on-mobile is-vertically-aligned-top\" style=\"grid-template-columns:26% auto\"><figure class=\"wp-block-media-text__media\"><img loading=\"lazy\" width=\"1024\" height=\"1024\" src=\"https:\/\/pols.bilkent.edu.tr\/wp-content\/uploads\/2025\/07\/Adsiz-tasarim-10-1024x1024.png\" alt=\"\" class=\"wp-image-3606 size-full\" srcset=\"https:\/\/pols.bilkent.edu.tr\/wp-content\/uploads\/2025\/07\/Adsiz-tasarim-10-1024x1024.png 1024w, https:\/\/pols.bilkent.edu.tr\/wp-content\/uploads\/2025\/07\/Adsiz-tasarim-10-300x300.png 300w, https:\/\/pols.bilkent.edu.tr\/wp-content\/uploads\/2025\/07\/Adsiz-tasarim-10-150x150.png 150w, https:\/\/pols.bilkent.edu.tr\/wp-content\/uploads\/2025\/07\/Adsiz-tasarim-10-768x768.png 768w, https:\/\/pols.bilkent.edu.tr\/wp-content\/uploads\/2025\/07\/Adsiz-tasarim-10-55x55.png 55w, https:\/\/pols.bilkent.edu.tr\/wp-content\/uploads\/2025\/07\/Adsiz-tasarim-10-800x800.png 800w, https:\/\/pols.bilkent.edu.tr\/wp-content\/uploads\/2025\/07\/Adsiz-tasarim-10-580x580.png 580w, https:\/\/pols.bilkent.edu.tr\/wp-content\/uploads\/2025\/07\/Adsiz-tasarim-10.png 1080w\" sizes=\"(max-width: 1024px) 100vw, 1024px\" \/><\/figure><div class=\"wp-block-media-text__content\">\n<p class=\"has-text-align-left\" style=\"font-size:18px;line-height:1\"><strong>\u0130smail Yaz\u0131c\u0131<\/strong><\/p>\n\n\n\n<p class=\"has-text-align-left\" style=\"font-size:18px;line-height:1\"><strong>Research Areas:&nbsp;<\/strong>Turkish Politics, Political Theory, Contemporary Islamic Political Thought<\/p>\n\n\n\n<p><strong>Thesis Summary:&nbsp;<\/strong>\u0130smail Yaz\u0131c\u0131&#8217;s dissertation investigates the historical trajectory of the Presidency of Religious Affairs in Turkey and its multifaceted engagements with Islamic actors during the Cold War period. It provides a critical account of&nbsp;the institutionalization of state-sanctioned Islam through the policies of the Presidency of Religious Affairs, while analyzing how various Islamic actors interacted with the official administration of religion in Turkey.<\/p>\n\n\n\n<p><strong>E-mail:<\/strong>&nbsp;<a href=\"mailto:ismail.yazici@bilkent.edu.tr\">ismail.yazici@bilkent.edu.tr<\/a><\/p>\n\n\n\n<p><strong>Supervisor:&nbsp;<\/strong>Assoc. Prof. \u0130hsan \u0130lker Ayt\u00fcrk<\/p>\n<\/div><\/div>\n\n\n\n<div class=\"wp-container-1 wp-block-group alignwide\"><div class=\"wp-block-group__inner-container\">\n<div style=\"height:75px\" aria-hidden=\"true\" class=\"wp-block-spacer\"><\/div>\n<\/div><\/div>\n\n\n\n<div class=\"wp-block-media-text alignwide is-stacked-on-mobile is-vertically-aligned-top\" style=\"grid-template-columns:26% auto\"><figure class=\"wp-block-media-text__media\"><img loading=\"lazy\" width=\"1024\" height=\"1024\" src=\"https:\/\/pols.bilkent.edu.tr\/wp-content\/uploads\/2025\/07\/Adsiz-tasarim-1024x1024.png\" alt=\"\" class=\"wp-image-3588 size-full\" srcset=\"https:\/\/pols.bilkent.edu.tr\/wp-content\/uploads\/2025\/07\/Adsiz-tasarim-1024x1024.png 1024w, https:\/\/pols.bilkent.edu.tr\/wp-content\/uploads\/2025\/07\/Adsiz-tasarim-300x300.png 300w, https:\/\/pols.bilkent.edu.tr\/wp-content\/uploads\/2025\/07\/Adsiz-tasarim-150x150.png 150w, https:\/\/pols.bilkent.edu.tr\/wp-content\/uploads\/2025\/07\/Adsiz-tasarim-768x768.png 768w, https:\/\/pols.bilkent.edu.tr\/wp-content\/uploads\/2025\/07\/Adsiz-tasarim-55x55.png 55w, https:\/\/pols.bilkent.edu.tr\/wp-content\/uploads\/2025\/07\/Adsiz-tasarim-800x800.png 800w, https:\/\/pols.bilkent.edu.tr\/wp-content\/uploads\/2025\/07\/Adsiz-tasarim-580x580.png 580w, https:\/\/pols.bilkent.edu.tr\/wp-content\/uploads\/2025\/07\/Adsiz-tasarim.png 1080w\" sizes=\"(max-width: 1024px) 100vw, 1024px\" \/><\/figure><div class=\"wp-block-media-text__content\">\n<p class=\"has-text-align-left\" style=\"font-size:18px;line-height:1\"><strong>Cansu Yetimo\u011flu<\/strong><\/p>\n\n\n\n<p class=\"has-text-align-left\" style=\"font-size:18px;line-height:1\"><strong>Research Areas<\/strong>: Turkish Politics, Comparative Politics, Politics and Gender<\/p>\n\n\n\n<p><strong>Thesis Summary:<\/strong> Cansu Yetimo\u011flu&#8217;s dissertation offers a critical analysis of how women&#8217;s labor and employment are discursively constructed in the Turkish Parliament. Situated at the intersection of feminist political economy and representation theory, her research examines how legislative debates frame women&#8217;s economic participation within broader ideological and institutional struggles over gender and welfare.<\/p>\n\n\n\n<p><strong>E-mail<\/strong>: cansu.yetimoglu@bilkent.edu.tr<\/p>\n\n\n\n<p><strong>Supervisor:<\/strong> Asst. Prof. Esra \u0130\u015fsever-Ekinci<\/p>\n<\/div><\/div>\n\n\n\n<div style=\"height:75px\" aria-hidden=\"true\" class=\"wp-block-spacer\"><\/div>\n\n\n\n<div class=\"wp-block-media-text alignwide is-stacked-on-mobile is-vertically-aligned-top\" style=\"grid-template-columns:26% auto\"><figure class=\"wp-block-media-text__media\"><img loading=\"lazy\" width=\"449\" height=\"556\" src=\"https:\/\/pols.bilkent.edu.tr\/wp-content\/uploads\/2022\/12\/vs-removebg-preview.png\" alt=\"\" class=\"wp-image-1434 size-full\" srcset=\"https:\/\/pols.bilkent.edu.tr\/wp-content\/uploads\/2022\/12\/vs-removebg-preview.png 449w, https:\/\/pols.bilkent.edu.tr\/wp-content\/uploads\/2022\/12\/vs-removebg-preview-242x300.png 242w, https:\/\/pols.bilkent.edu.tr\/wp-content\/uploads\/2022\/12\/vs-removebg-preview-44x55.png 44w\" sizes=\"(max-width: 449px) 100vw, 449px\" \/><\/figure><div class=\"wp-block-media-text__content\">\n<p class=\"has-text-align-left\" style=\"font-size:18px;line-height:1\"><strong>Didem Y\u0131lmaz<\/strong><\/p>\n\n\n\n<p><strong>Research Areas:<\/strong>&nbsp;Social and Cultural Studies, Political Theory, Technologies of the Self<\/p>\n\n\n\n<p><strong>Thesis Summary : <\/strong>Didem Y\u0131lmaz&#8217;s dissertation investigates the construction of national identities through representations of the gendered and racialized body in Cold War\u2013era German visual art, with a particular emphasis on photographic practices. Grounded in political anthropology, her work examines how postwar German self\u2011perception was shaped in both the Federal Republic of Germany and the German Democratic Republic.<\/p>\n\n\n\n<p><strong>E-mail: <\/strong><a href=\"mailto:didem.yilmaz@bilkent.edu.tr\">didem.yilmaz@bilkent.edu.tr<\/a><\/p>\n\n\n\n<p><strong>Supervisor: <\/strong>Assistant Professor Ba\u015fak \u0130nce<\/p>\n<\/div><\/div>\n","protected":false},"excerpt":{"rendered":"<p>Bat\u0131kan Bulut Research Areas: Comparative Politics, Turkish Politics, Migration and Diaspora Bat\u0131kan Bulut&#8217;s dissertation examines the emergence, guiding principles, and core elements of Turkey&#8217;s diaspora regime and its institutional implications. His research interests include citizenship policy, civil society, nationalism, religion and society within the Turkish context, and migration studies. E-mail:&nbsp;batikan.bulut@bilkent.edu.tr&nbsp; [\u2026] <\/p>\n<div class=\"clear\"><\/div>\n<p><a class=\"more_link clearfix\" href=\"https:\/\/pols.bilkent.edu.tr\/index.php\/ph-d-students\/\" rel=\"nofollow\">Read More<\/a><\/p>\n","protected":false},"author":1,"featured_media":0,"parent":0,"menu_order":0,"comment_status":"closed","ping_status":"closed","template":"","meta":[],"_links":{"self":[{"href":"https:\/\/pols.bilkent.edu.tr\/index.php\/wp-json\/wp\/v2\/pages\/1407"}],"collection":[{"href":"https:\/\/pols.bilkent.edu.tr\/index.php\/wp-json\/wp\/v2\/pages"}],"about":[{"href":"https:\/\/pols.bilkent.edu.tr\/index.php\/wp-json\/wp\/v2\/types\/page"}],"author":[{"embeddable":true,"href":"https:\/\/pols.bilkent.edu.tr\/index.php\/wp-json\/wp\/v2\/users\/1"}],"replies":[{"embeddable":true,"href":"https:\/\/pols.bilkent.edu.tr\/index.php\/wp-json\/wp\/v2\/comments?post=1407"}],"version-history":[{"count":50,"href":"https:\/\/pols.bilkent.edu.tr\/index.php\/wp-json\/wp\/v2\/pages\/1407\/revisions"}],"predecessor-version":[{"id":3946,"href":"https:\/\/pols.bilkent.edu.tr\/index.php\/wp-json\/wp\/v2\/pages\/1407\/revisions\/3946"}],"wp:attachment":[{"href":"https:\/\/pols.bilkent.edu.tr\/index.php\/wp-json\/wp\/v2\/media?parent=1407"}],"curies":[{"name":"wp","href":"https:\/\/api.w.org\/{rel}","templated":true}]}}