{"id":1383,"date":"2022-11-24T15:23:41","date_gmt":"2022-11-24T12:23:41","guid":{"rendered":"https:\/\/pols.bilkent.edu.tr\/?page_id=1383"},"modified":"2025-04-21T11:38:39","modified_gmt":"2025-04-21T08:38:39","slug":"meral-ugur-cinar","status":"publish","type":"page","link":"https:\/\/pols.bilkent.edu.tr\/index.php\/tr\/tam-zamanli-ogretim-uyeleri\/meral-ugur-cinar\/","title":{"rendered":"Meral U\u011fur \u00c7\u0131nar"},"content":{"rendered":"\n<div class=\"wp-block-media-text alignwide is-stacked-on-mobile is-vertically-aligned-center\" style=\"grid-template-columns:24% auto\"><figure class=\"wp-block-media-text__media\"><img loading=\"lazy\" width=\"408\" height=\"572\" src=\"https:\/\/pols.bilkent.edu.tr\/wp-content\/uploads\/2022\/12\/MERAL_UGUR_CINAR-removebg-preview-2.png\" alt=\"\" class=\"wp-image-1577 size-full\" srcset=\"https:\/\/pols.bilkent.edu.tr\/wp-content\/uploads\/2022\/12\/MERAL_UGUR_CINAR-removebg-preview-2.png 408w, https:\/\/pols.bilkent.edu.tr\/wp-content\/uploads\/2022\/12\/MERAL_UGUR_CINAR-removebg-preview-2-214x300.png 214w, https:\/\/pols.bilkent.edu.tr\/wp-content\/uploads\/2022\/12\/MERAL_UGUR_CINAR-removebg-preview-2-39x55.png 39w\" sizes=\"(max-width: 408px) 100vw, 408px\" \/><\/figure><div class=\"wp-block-media-text__content\">\n<p class=\"has-text-align-left\" style=\"font-size:18px;line-height:1\"><strong>Do\u00e7ent <\/strong><\/p>\n\n\n\n<p class=\"has-text-align-left\" style=\"font-size:18px;line-height:1.5\"><strong>Ph.D., Political Science, University of Pennsylvania, 2012. Vatanda\u015fl\u0131k, toplumsal haf\u0131za, demokrasi, toplumsal hareketler, toplumsal cinsiyet, devlet-toplum ili\u015fkileri, siyasi partiler<\/strong><\/p>\n\n\n\n<div class=\"wp-container-3 wp-block-columns\">\n<div class=\"wp-container-1 wp-block-column\" style=\"flex-basis:33.33%\">\n<div style=\"height:0px\" aria-hidden=\"true\" class=\"wp-block-spacer\"><\/div>\n\n\n\n<figure class=\"wp-block-image size-full is-resized\"><a href=\"https:\/\/scholar.google.com\/citations?hl=en&amp;user=aPY4oQoAAAAJ\" target=\"_blank\" rel=\"noreferrer noopener\"><img loading=\"lazy\" src=\"https:\/\/pols.bilkent.edu.tr\/wp-content\/uploads\/2022\/08\/pngegg-11.png\" alt=\"\" class=\"wp-image-800\" width=\"34\" height=\"34\" srcset=\"https:\/\/pols.bilkent.edu.tr\/wp-content\/uploads\/2022\/08\/pngegg-11.png 500w, https:\/\/pols.bilkent.edu.tr\/wp-content\/uploads\/2022\/08\/pngegg-11-300x300.png 300w, https:\/\/pols.bilkent.edu.tr\/wp-content\/uploads\/2022\/08\/pngegg-11-150x150.png 150w, https:\/\/pols.bilkent.edu.tr\/wp-content\/uploads\/2022\/08\/pngegg-11-55x55.png 55w\" sizes=\"(max-width: 34px) 100vw, 34px\" \/><\/a><figcaption>Google Scholar<\/figcaption><\/figure>\n<\/div>\n\n\n\n<div class=\"wp-container-2 wp-block-column\" style=\"flex-basis:66.66%\">\n<p><strong>E-Posta:<\/strong> meral.ugur@bilkent.edu.tr<br><strong>Telefon:<\/strong> 0312 290 2066<br><strong>Office:<\/strong> A213<\/p>\n<\/div>\n<\/div>\n<\/div><\/div>\n\n\n\n<div style=\"height:50px\" aria-hidden=\"true\" class=\"wp-block-spacer\"><\/div>\n\n\n\n<h2>SE\u00c7\u0130L\u0130&nbsp;YAYINLAR<\/h2>\n\n\n\n<div style=\"height:25px\" aria-hidden=\"true\" class=\"wp-block-spacer\"><\/div>\n\n\n\n<h2>Kitaplar<\/h2>\n\n\n\n<ul><li>M. U\u011fur-\u00c7\u0131nar, <em>Memory, Patriarchy and Economy in Turkey<\/em>, Edinburgh University Press (2024).<\/li><li>M. Ugur-Cinar, <em>Collective Memory and National Membership<\/em>, Palgrave Macmillan (2015).<\/li><\/ul>\n\n\n\n<div style=\"height:25px\" aria-hidden=\"true\" class=\"wp-block-spacer\"><\/div>\n\n\n\n<h2>Kitap B\u00f6l\u00fcmleri<\/h2>\n\n\n\n<ul><li>M. Ugur-Cinar, &#8220;Populism and Collective Memory,&#8221; <em>Populism Interviews: A Dialogue with Leading Experts<\/em>, L. Manucci (Ed.), Routledge (2022).<\/li><li>M. Ugur-Cinar, R.M. Smith, \u201cNarrative Structures and the Politics of Peoplehood\u201d,&nbsp;<em>Political Peoplehood: The Roles of Values, Interests, and Identities<\/em>, pp.66-91, Chicago: University of Chicago Press (2015).<\/li><li>M. Ugur-Cinar, R.M. Smith, &#8220;Nation-Building Narratives: Implications for Immigrants and Minorities&#8221;, <em>The Nation State and Immigration The Age of Population Movements<\/em>, A. Shapira, Y.Z. Stern, A. Yakobson, L. Orgad (Eds.), pp. 1-30, Sussex Academic (2015).<\/li><\/ul>\n\n\n\n<div style=\"height:25px\" aria-hidden=\"true\" class=\"wp-block-spacer\"><\/div>\n\n\n\n<h2>Dergi Yay\u0131nlar\u0131<\/h2>\n\n\n\n<ul><li>M. Ugur-Cinar, F. Yol, &#8220;Constitutive representation of womanhood: An examination of legitimation strategies used by Turkish female deputies during the headscarf debate&#8221;, <em>Journal of Language and Politics<\/em>, Published online before print (2023).<\/li><li>M. Ugur-Cinar, A. Acikgoz, B. Esen, &#8220;Party Change and Cleavage Shifting in the Global South: The Case of Ecevit\u2019s CHP&#8221;, <em>Southeast European and Black Sea Studies<\/em>, Published online before print (2023).<\/li><li>M. Ugur-Cinar, \u201cElections and Democracy in Turkey: Reconsidering Competitive Authoritarianism in the Age of Democratic Backsliding\u201d, <em>The Political Quarterly<\/em>, 94, 445-451 (2023).<\/li><li>M. Ugur-Cinar, A. Acikgoz, &#8220;Social Democracy at the Crossroads in Turkey: Global Questions, Local Answers&#8221;, <em>European&nbsp;Legacy<\/em>, 28(6), 615-638 (2023).<\/li><li>K. Cinar, M. Ugur-Cinar, A. Acikgoz, &#8220;Turkey\u2019s Republican People\u2019s Party (CHP): A Longue Dur\u00e9e Analysis,\u201d <em>Turkish Studies<\/em>, 24(2), 205-230 (2023).<\/li><li>M. Ugur-Cinar, K. Cinar, S. Akyuz, E. Onculer-Yayalar, &#8220;The Political Economy of Women\u2019s Cooperatives in Turkey: A Social Reproduction Perspective&#8221;, <em>Gender, Work and Organization<\/em>, Published online before print (2022).<\/li><li>M. Ugur-Cinar, G. Sensonmez, &#8220;Making Sense of Senseless Times: Autobiographical Narratives and Identity in \u00dclk\u00fcc\u00fc Memoirs\u201d, <em>Politics, Religion, and Ideology<\/em>, 23(3), 327-348 (2022).<\/li><li>K. Cinar, S. Akyuz, M. Ugur-Cinar, E. Onculer-Yayalar, &#8220;Faces and Phases of Female Empowerment: Women&#8217;s Cooperatives in Turkey&#8221;, <em>Social Politics<\/em>, 28, 778-805 (2021).<\/li><li>M. Ugur-Cinar, B.U. Altinok, &#8220;Collective memory and the populist cause: The Ulucanlar Prison Museum in Turkey&#8221;, <em>Memory Studies<\/em>., 1-21 (2021).&nbsp; <a href=\"http:\/\/yoksis.bilkent.edu.tr\/pdf\/?doi=15788\">PDF<\/a><\/li><li>M. Ugur-Cinar, K. Cinar, T. Kose, &#8220;How Does Education Affect Political Trust?: An Analysis of Moderating Factors&#8221;, <em>Social Indicators Research<\/em>, 152, 779-808 (2020).&nbsp; <a href=\"http:\/\/yoksis.bilkent.edu.tr\/pdf\/?doi=14838\">PDF<\/a><\/li><li>M. Ugur-Cinar, C. Gunduz-Arabaci, &#8220;Deliberating in difficult times: lessons from public forums in Turkey in the aftermath of the Gezi protests&#8221;, <em>British J of Middle Eastern Studies<\/em>, 47, 224-246 (2020).&nbsp; <a href=\"http:\/\/yoksis.bilkent.edu.tr\/pdf\/?doi=14025\">PDF<\/a><\/li><li>K. Cinar, M. Ugur-Cinar, &#8220;What the City Has to Offer: Urbanization and Female Empowerment in Turkey&#8221;, <em>Politics and Gender<\/em>, 14, 235-263 (2018).<\/li><li>K. Cinar, M. Ugur-Cinar, &#8220;The Effects of Executive Constraints on Political Trust&#8221;, <em>Democratization<\/em>, 25, 1519-1538 (2018).<\/li><li>M. Ugur-Cinar, &#8220;Embedded Neopatrimonialism: Patriarchy and Democracy in Turkey&#8221;, <em>Social Politics<\/em>, 3, 324-343 (2017).<\/li><li>M. Ugur-Cinar, &#8220;Letter from Ankara&#8221;, <em>Political Quarterly<\/em>, 86, 359-363 (2015).<\/li><li>K. Cinar, M. Ugur-Cinar, &#8220;Building Democracy to Last: The Turkish Experience in Comparative Perspective&#8221;, <em>Mediterranean Politics<\/em>, 20, 342-363 (2015).<\/li><li>M. Ugur-Cinar, &#8220;When Defense Becomes Offense: The Role of Threat Narratives in the Turkish Civil War of the 1970s&#8221;, <em>Turkish Studies<\/em>, 15, 1-11 (2014).<\/li><li>M. Ugur-Cinar, K. Cinar, &#8220;The Second International: The Impact of Domestic Factors on International Organization Dysfunction&#8221;, <em>Political Studies<\/em>, 62, 669-685 (2014).<\/li><li>M. Ugur-Cinar, &#8220;Construction of Gender and National Identity in Turkey: First Lady Images in the Turkish Media (2002-2007)&#8221;, <em>Middle Eastern Studies<\/em>, 5, 482-492 (2014).<\/li><\/ul>\n\n\n\n<div style=\"height:25px\" aria-hidden=\"true\" class=\"wp-block-spacer\"><\/div>\n","protected":false},"excerpt":{"rendered":"<p>SE\u00c7\u0130L\u0130&nbsp;YAYINLAR Kitaplar M. U\u011fur-\u00c7\u0131nar, Memory, Patriarchy and Economy in Turkey, Edinburgh University Press (2024). M. Ugur-Cinar, Collective Memory and National Membership, Palgrave Macmillan (2015). Kitap B\u00f6l\u00fcmleri M. Ugur-Cinar, &#8220;Populism and Collective Memory,&#8221; Populism Interviews: A Dialogue with Leading Experts, L. Manucci (Ed.), Routledge (2022). M. Ugur-Cinar, R.M. Smith, \u201cNarrative Structures [\u2026] <\/p>\n<div class=\"clear\"><\/div>\n<p><a class=\"more_link clearfix\" href=\"https:\/\/pols.bilkent.edu.tr\/index.php\/tr\/tam-zamanli-ogretim-uyeleri\/meral-ugur-cinar\/\" rel=\"nofollow\">Read More<\/a><\/p>\n","protected":false},"author":1,"featured_media":0,"parent":1107,"menu_order":0,"comment_status":"closed","ping_status":"closed","template":"","meta":[],"_links":{"self":[{"href":"https:\/\/pols.bilkent.edu.tr\/index.php\/wp-json\/wp\/v2\/pages\/1383"}],"collection":[{"href":"https:\/\/pols.bilkent.edu.tr\/index.php\/wp-json\/wp\/v2\/pages"}],"about":[{"href":"https:\/\/pols.bilkent.edu.tr\/index.php\/wp-json\/wp\/v2\/types\/page"}],"author":[{"embeddable":true,"href":"https:\/\/pols.bilkent.edu.tr\/index.php\/wp-json\/wp\/v2\/users\/1"}],"replies":[{"embeddable":true,"href":"https:\/\/pols.bilkent.edu.tr\/index.php\/wp-json\/wp\/v2\/comments?post=1383"}],"version-history":[{"count":10,"href":"https:\/\/pols.bilkent.edu.tr\/index.php\/wp-json\/wp\/v2\/pages\/1383\/revisions"}],"predecessor-version":[{"id":3442,"href":"https:\/\/pols.bilkent.edu.tr\/index.php\/wp-json\/wp\/v2\/pages\/1383\/revisions\/3442"}],"up":[{"embeddable":true,"href":"https:\/\/pols.bilkent.edu.tr\/index.php\/wp-json\/wp\/v2\/pages\/1107"}],"wp:attachment":[{"href":"https:\/\/pols.bilkent.edu.tr\/index.php\/wp-json\/wp\/v2\/media?parent=1383"}],"curies":[{"name":"wp","href":"https:\/\/api.w.org\/{rel}","templated":true}]}}