{"id":1375,"date":"2022-11-24T15:20:56","date_gmt":"2022-11-24T12:20:56","guid":{"rendered":"https:\/\/pols.bilkent.edu.tr\/?page_id=1375"},"modified":"2024-10-28T17:33:39","modified_gmt":"2024-10-28T14:33:39","slug":"onur-ozgode","status":"publish","type":"page","link":"https:\/\/pols.bilkent.edu.tr\/index.php\/tr\/tam-zamanli-ogretim-uyeleri\/onur-ozgode\/","title":{"rendered":"Onur \u00d6zg\u00f6de"},"content":{"rendered":"\n<div class=\"wp-block-media-text alignwide is-stacked-on-mobile is-vertically-aligned-center\" style=\"grid-template-columns:24% auto\"><figure class=\"wp-block-media-text__media\"><img loading=\"lazy\" width=\"514\" height=\"485\" src=\"https:\/\/pols.bilkent.edu.tr\/wp-content\/uploads\/2022\/12\/Onur-Ozgode-11-768x724-removebg-preview-2.png\" alt=\"\" class=\"wp-image-1569 size-full\" srcset=\"https:\/\/pols.bilkent.edu.tr\/wp-content\/uploads\/2022\/12\/Onur-Ozgode-11-768x724-removebg-preview-2.png 514w, https:\/\/pols.bilkent.edu.tr\/wp-content\/uploads\/2022\/12\/Onur-Ozgode-11-768x724-removebg-preview-2-300x283.png 300w, https:\/\/pols.bilkent.edu.tr\/wp-content\/uploads\/2022\/12\/Onur-Ozgode-11-768x724-removebg-preview-2-58x55.png 58w\" sizes=\"(max-width: 514px) 100vw, 514px\" \/><\/figure><div class=\"wp-block-media-text__content\">\n<p class=\"has-text-align-left\" style=\"font-size:18px;line-height:1\"><strong>Dr. \u00d6\u011fretim \u00dcyesi<\/strong><\/p>\n\n\n\n<p class=\"has-text-align-left\" style=\"font-size:18px;line-height:1.5\"><strong>Ph.D., Sociology, Columbia University, 2015. Ekonomik sosyoloji, kamu politikalar\u0131 \u00e7al\u0131\u015fmalar\u0131, uluslararas\u0131 ekonomi politik<\/strong><\/p>\n\n\n\n<p class=\"has-text-align-left\" style=\"font-size:18px;line-height:1\"><strong>Email:<\/strong>\u00a0onur.ozgode@bilkent.edu.tr <\/p>\n\n\n\n<p class=\"has-text-align-left\" style=\"font-size:18px;line-height:1\"><strong>Telefon:<\/strong> 0312 290 1671 <\/p>\n\n\n\n<p class=\"has-text-align-left\" style=\"font-size:18px;line-height:1\"><strong>Office:<\/strong> T262<\/p>\n<\/div><\/div>\n","protected":false},"excerpt":{"rendered":"<p>Dr. \u00d6\u011fretim \u00dcyesi Ph.D., Sociology, Columbia University, 2015. Ekonomik sosyoloji, kamu politikalar\u0131 \u00e7al\u0131\u015fmalar\u0131, uluslararas\u0131 ekonomi politik Email:\u00a0onur.ozgode@bilkent.edu.tr Telefon: 0312 290 1671 Office: T262<\/p>\n","protected":false},"author":1,"featured_media":0,"parent":1107,"menu_order":0,"comment_status":"closed","ping_status":"closed","template":"","meta":[],"_links":{"self":[{"href":"https:\/\/pols.bilkent.edu.tr\/index.php\/wp-json\/wp\/v2\/pages\/1375"}],"collection":[{"href":"https:\/\/pols.bilkent.edu.tr\/index.php\/wp-json\/wp\/v2\/pages"}],"about":[{"href":"https:\/\/pols.bilkent.edu.tr\/index.php\/wp-json\/wp\/v2\/types\/page"}],"author":[{"embeddable":true,"href":"https:\/\/pols.bilkent.edu.tr\/index.php\/wp-json\/wp\/v2\/users\/1"}],"replies":[{"embeddable":true,"href":"https:\/\/pols.bilkent.edu.tr\/index.php\/wp-json\/wp\/v2\/comments?post=1375"}],"version-history":[{"count":4,"href":"https:\/\/pols.bilkent.edu.tr\/index.php\/wp-json\/wp\/v2\/pages\/1375\/revisions"}],"predecessor-version":[{"id":3053,"href":"https:\/\/pols.bilkent.edu.tr\/index.php\/wp-json\/wp\/v2\/pages\/1375\/revisions\/3053"}],"up":[{"embeddable":true,"href":"https:\/\/pols.bilkent.edu.tr\/index.php\/wp-json\/wp\/v2\/pages\/1107"}],"wp:attachment":[{"href":"https:\/\/pols.bilkent.edu.tr\/index.php\/wp-json\/wp\/v2\/media?parent=1375"}],"curies":[{"name":"wp","href":"https:\/\/api.w.org\/{rel}","templated":true}]}}