{"id":1371,"date":"2022-11-24T15:19:38","date_gmt":"2022-11-24T12:19:38","guid":{"rendered":"https:\/\/pols.bilkent.edu.tr\/?page_id=1371"},"modified":"2023-03-05T14:10:23","modified_gmt":"2023-03-05T11:10:23","slug":"mehmet-nedim-karakayali","status":"publish","type":"page","link":"https:\/\/pols.bilkent.edu.tr\/index.php\/tr\/tam-zamanli-ogretim-uyeleri\/mehmet-nedim-karakayali\/","title":{"rendered":"Mehmet Nedim Karakayal\u0131"},"content":{"rendered":"\n<div class=\"wp-block-media-text alignwide is-stacked-on-mobile is-vertically-aligned-center\" style=\"grid-template-columns:24% auto\"><figure class=\"wp-block-media-text__media\"><img loading=\"lazy\" width=\"451\" height=\"554\" src=\"https:\/\/pols.bilkent.edu.tr\/wp-content\/uploads\/2022\/12\/nedim_karakayali-removebg-preview-1.png\" alt=\"\" class=\"wp-image-1571 size-full\" srcset=\"https:\/\/pols.bilkent.edu.tr\/wp-content\/uploads\/2022\/12\/nedim_karakayali-removebg-preview-1.png 451w, https:\/\/pols.bilkent.edu.tr\/wp-content\/uploads\/2022\/12\/nedim_karakayali-removebg-preview-1-244x300.png 244w, https:\/\/pols.bilkent.edu.tr\/wp-content\/uploads\/2022\/12\/nedim_karakayali-removebg-preview-1-45x55.png 45w\" sizes=\"(max-width: 451px) 100vw, 451px\" \/><\/figure><div class=\"wp-block-media-text__content\">\n<p class=\"has-text-align-left\" style=\"font-size:18px;line-height:1\"><strong><strong>Do\u00e7ent&nbsp;<strong>Doktor<\/strong><\/strong><\/strong><\/p>\n\n\n\n<p class=\"has-text-align-left\" style=\"font-size:18px;line-height:1.5\"><strong>Ph.D., Sociology, University of Toronto, 2003. Sosyal d\u00fc\u015f\u00fcnce tarihi, sosyal kuram, bilim ve teknoloji, toplumsal mesafe ve yabanc\u0131l\u0131k, m\u00fczik sosyolojisi, biyopolitika<\/strong><\/p>\n\n\n\n<div class=\"wp-container-3 wp-block-columns\">\n<div class=\"wp-container-1 wp-block-column\" style=\"flex-basis:33.33%\">\n<div style=\"height:0px\" aria-hidden=\"true\" class=\"wp-block-spacer\"><\/div>\n\n\n\n<figure class=\"wp-block-image size-full is-resized\"><a href=\"https:\/\/scholar.google.com\/citations?hl=en&amp;user=2FWQYLIAAAAJ\" target=\"_blank\" rel=\"noreferrer noopener\"><img loading=\"lazy\" src=\"https:\/\/pols.bilkent.edu.tr\/wp-content\/uploads\/2022\/08\/pngegg-11.png\" alt=\"\" class=\"wp-image-800\" width=\"34\" height=\"34\" srcset=\"https:\/\/pols.bilkent.edu.tr\/wp-content\/uploads\/2022\/08\/pngegg-11.png 500w, https:\/\/pols.bilkent.edu.tr\/wp-content\/uploads\/2022\/08\/pngegg-11-300x300.png 300w, https:\/\/pols.bilkent.edu.tr\/wp-content\/uploads\/2022\/08\/pngegg-11-150x150.png 150w, https:\/\/pols.bilkent.edu.tr\/wp-content\/uploads\/2022\/08\/pngegg-11-55x55.png 55w\" sizes=\"(max-width: 34px) 100vw, 34px\" \/><\/a><figcaption>Google Scholar<\/figcaption><\/figure>\n<\/div>\n\n\n\n<div class=\"wp-container-2 wp-block-column\" style=\"flex-basis:66.66%\">\n<p><strong>E-Posta:<\/strong> nedim@bilkent.edu.tr<br><strong>Telefon:<\/strong> 0312 290 1855<br><strong>Office:<\/strong> T375<\/p>\n<\/div>\n<\/div>\n<\/div><\/div>\n\n\n\n<div style=\"height:50px\" aria-hidden=\"true\" class=\"wp-block-spacer\"><\/div>\n\n\n\n<h2>SE\u00c7\u0130L\u0130\u00a0YAYINLAR<\/h2>\n\n\n\n<div style=\"height:25px\" aria-hidden=\"true\" class=\"wp-block-spacer\"><\/div>\n\n\n\n<h2>Kitap B\u00f6l\u00fcmleri<\/h2>\n\n\n\n<ul><li>N. Karakayali, &#8220;Social Distance[reprinted in 2017]&#8221;, <em>The Wiley Blackwell Encyclopedia of Race, Ethnicity, and Nationalism<\/em>, John Stone, Rutledge M. Dennis, Polly S. Rizova, Anthony D. Smith, and Xiaoshuo Hou (Eds.), pp. 1-2, John Wiley&amp;Sons (2016)<\/li><li>N. Karakayali, &#8220;Reading Bourdieu with Adorno: The Limits of Critical Theory and Reflexive Sociology [reprint of the article in Sociology, 38(2), 351-368, (2004)]&#8221;, <em>Structure and Agency<\/em>, M. O&#8217;Donnell (Eds.), SAGE Publications, London (2010)<\/li><li>N. Karakayali, &#8220;Borders and Hybridity in Contemporary Literature and Social Theory&#8221;, <em>Society, History, and the Global Human Condition: Essays in Honor of Irving M. Zeitlin<\/em>, Z. Baber, J.M. Bryant (Eds.), Lanham MD, Lexington Books (2010)<\/li><\/ul>\n\n\n\n<div style=\"height:25px\" aria-hidden=\"true\" class=\"wp-block-spacer\"><\/div>\n\n\n\n<h2>Dergi Yay\u0131nlar\u0131<\/h2>\n\n\n\n<ul><li>N. Karakayali, B. Alpertan, &#8220;Mood playlists, biopower, and the \u201cfunctional turn\u201d in online media: What happens when a pre-digital social control technology is transferred to the internet?&#8221;, <em>Information Society<\/em>, 37, 20-34 (2021)&nbsp; <a href=\"http:\/\/yoksis.bilkent.edu.tr\/pdf\/?doi=14852\">PDF<\/a><\/li><li>N. Karakayali, B. Kostem, I. Galip, &#8220;Recommendation Systems as Technologies of the Self: Algorithmic Control and the Formation of Music Taste&#8221;, <em>Theory, Culture and Society<\/em>, 35, 3-24 (2018)&nbsp; <a href=\"http:\/\/yoksis.bilkent.edu.tr\/pdf\/?doi=13373\">PDF<\/a><\/li><li>N. Karakayali, &#8220;Two Ontological Orientations in Sociology: Building Social Ontologies and Blurring the Boundaries of the &#8216;Social'&#8221;, <em>Sociology<\/em>, 49, 732-747 (2015)&nbsp; <a href=\"http:\/\/yoksis.bilkent.edu.tr\/pdf\/?doi=7823\">PDF<\/a><\/li><li>N. Karakayali, &#8220;Adapting, Defending and Transforming Ourselves: Conceptualizations of Self Practices in the Social Science Literature&#8221;, <em>History of the Human Sciences<\/em>, 28, 98-117 (2015)&nbsp; <a href=\"http:\/\/yoksis.bilkent.edu.tr\/pdf\/?doi=7962\">PDF<\/a><\/li><li>N. Karakayali, A. Kilic, &#8220;More Network Conscious than Ever? Challenges, strategies and analytic labor of users in the Facebook Environment&#8221;, <em>J of Computer-Mediated Communication<\/em>, 18, 175-193 (2013)&nbsp; <a href=\"http:\/\/yoksis.bilkent.edu.tr\/pdf\/?doi=10.1111\/jcc4.12005\">PDF<\/a><\/li><li>N. Karakayali, &#8220;Two Assemblages of Cultural Transmission: Musicians, Political Actors and Educational Techniques in the Ottoman Empire and Western Europe&#8221;, <em>J of Historical Sociology<\/em>, 23, 343-371 (2010)<\/li><li>N. Karakayali, &#8220;Social Distance and Affective Orientations&#8221;, <em>Sociological Forum<\/em>, 23, 538-562 (2009)<\/li><li>N. Karakayali, &#8220;The Uses of the Stranger: Circulation, Arbitration, Secrecy and Dirt&#8221;, <em>Sociological Theory<\/em>, 24, 312-330 (2006)<\/li><li>N. Karakayali, &#8220;Duality and Diversity in the Lives of Immigrant Children: Rethinking the &#8216;Problem of Second Generation&#8217; in Light of Immigrant Autobiographies [reprinted in Reading Sociology, ed. Lorne Tepperman, H. Dickinson, Oxford Univ. Press, Canada, 2007,2010,2012]&#8221;, <em>Canadian Review of Sociology and Anthropology<\/em>, 42, 325-344 (2005)<\/li><\/ul>\n\n\n\n<div style=\"height:25px\" aria-hidden=\"true\" class=\"wp-block-spacer\"><\/div>\n","protected":false},"excerpt":{"rendered":"<p>SE\u00c7\u0130L\u0130\u00a0YAYINLAR Kitap B\u00f6l\u00fcmleri N. Karakayali, &#8220;Social Distance[reprinted in 2017]&#8221;, The Wiley Blackwell Encyclopedia of Race, Ethnicity, and Nationalism, John Stone, Rutledge M. Dennis, Polly S. Rizova, Anthony D. Smith, and Xiaoshuo Hou (Eds.), pp. 1-2, John Wiley&amp;Sons (2016) N. Karakayali, &#8220;Reading Bourdieu with Adorno: The Limits of Critical Theory and [\u2026] <\/p>\n<div class=\"clear\"><\/div>\n<p><a class=\"more_link clearfix\" href=\"https:\/\/pols.bilkent.edu.tr\/index.php\/tr\/tam-zamanli-ogretim-uyeleri\/mehmet-nedim-karakayali\/\" rel=\"nofollow\">Read More<\/a><\/p>\n","protected":false},"author":1,"featured_media":0,"parent":1107,"menu_order":0,"comment_status":"closed","ping_status":"closed","template":"","meta":[],"_links":{"self":[{"href":"https:\/\/pols.bilkent.edu.tr\/index.php\/wp-json\/wp\/v2\/pages\/1371"}],"collection":[{"href":"https:\/\/pols.bilkent.edu.tr\/index.php\/wp-json\/wp\/v2\/pages"}],"about":[{"href":"https:\/\/pols.bilkent.edu.tr\/index.php\/wp-json\/wp\/v2\/types\/page"}],"author":[{"embeddable":true,"href":"https:\/\/pols.bilkent.edu.tr\/index.php\/wp-json\/wp\/v2\/users\/1"}],"replies":[{"embeddable":true,"href":"https:\/\/pols.bilkent.edu.tr\/index.php\/wp-json\/wp\/v2\/comments?post=1371"}],"version-history":[{"count":3,"href":"https:\/\/pols.bilkent.edu.tr\/index.php\/wp-json\/wp\/v2\/pages\/1371\/revisions"}],"predecessor-version":[{"id":1874,"href":"https:\/\/pols.bilkent.edu.tr\/index.php\/wp-json\/wp\/v2\/pages\/1371\/revisions\/1874"}],"up":[{"embeddable":true,"href":"https:\/\/pols.bilkent.edu.tr\/index.php\/wp-json\/wp\/v2\/pages\/1107"}],"wp:attachment":[{"href":"https:\/\/pols.bilkent.edu.tr\/index.php\/wp-json\/wp\/v2\/media?parent=1371"}],"curies":[{"name":"wp","href":"https:\/\/api.w.org\/{rel}","templated":true}]}}