{"id":1369,"date":"2022-11-24T15:19:05","date_gmt":"2022-11-24T12:19:05","guid":{"rendered":"https:\/\/pols.bilkent.edu.tr\/?page_id=1369"},"modified":"2025-04-22T11:19:50","modified_gmt":"2025-04-22T08:19:50","slug":"daniel-just","status":"publish","type":"page","link":"https:\/\/pols.bilkent.edu.tr\/index.php\/tr\/tam-zamanli-ogretim-uyeleri\/daniel-just\/","title":{"rendered":"Daniel Just"},"content":{"rendered":"\n<div class=\"wp-block-media-text alignwide is-stacked-on-mobile is-vertically-aligned-center\" style=\"grid-template-columns:24% auto\"><figure class=\"wp-block-media-text__media\"><img loading=\"lazy\" width=\"499\" height=\"500\" src=\"https:\/\/pols.bilkent.edu.tr\/wp-content\/uploads\/2022\/12\/DANIEL_JUST-removebg-preview-1.png\" alt=\"\" class=\"wp-image-1570 size-full\" srcset=\"https:\/\/pols.bilkent.edu.tr\/wp-content\/uploads\/2022\/12\/DANIEL_JUST-removebg-preview-1.png 499w, https:\/\/pols.bilkent.edu.tr\/wp-content\/uploads\/2022\/12\/DANIEL_JUST-removebg-preview-1-300x300.png 300w, https:\/\/pols.bilkent.edu.tr\/wp-content\/uploads\/2022\/12\/DANIEL_JUST-removebg-preview-1-150x150.png 150w, https:\/\/pols.bilkent.edu.tr\/wp-content\/uploads\/2022\/12\/DANIEL_JUST-removebg-preview-1-55x55.png 55w\" sizes=\"(max-width: 499px) 100vw, 499px\" \/><\/figure><div class=\"wp-block-media-text__content\">\n<p class=\"has-text-align-left\" style=\"font-size:18px;line-height:1\"><strong><strong>Do\u00e7ent&nbsp;<strong>Doktor<\/strong><\/strong><\/strong><\/p>\n\n\n\n<p class=\"has-text-align-left\" style=\"font-size:18px;line-height:1.5\"><strong>Ph.D., Comparative Literature, New York University, 2005. Edebiyat ve siyaset, Sosyal teori<\/strong><\/p>\n\n\n\n<div class=\"wp-container-3 wp-block-columns\">\n<div class=\"wp-container-1 wp-block-column\" style=\"flex-basis:33.33%\">\n<div style=\"height:0px\" aria-hidden=\"true\" class=\"wp-block-spacer\"><\/div>\n\n\n\n<figure class=\"wp-block-image size-full is-resized\"><a href=\"https:\/\/scholar.google.com\/citations?hl=en&amp;user=1oHfaWAAAAAJ\" target=\"_blank\" rel=\"noreferrer noopener\"><img loading=\"lazy\" src=\"https:\/\/pols.bilkent.edu.tr\/wp-content\/uploads\/2022\/08\/pngegg-11.png\" alt=\"\" class=\"wp-image-800\" width=\"34\" height=\"34\" srcset=\"https:\/\/pols.bilkent.edu.tr\/wp-content\/uploads\/2022\/08\/pngegg-11.png 500w, https:\/\/pols.bilkent.edu.tr\/wp-content\/uploads\/2022\/08\/pngegg-11-300x300.png 300w, https:\/\/pols.bilkent.edu.tr\/wp-content\/uploads\/2022\/08\/pngegg-11-150x150.png 150w, https:\/\/pols.bilkent.edu.tr\/wp-content\/uploads\/2022\/08\/pngegg-11-55x55.png 55w\" sizes=\"(max-width: 34px) 100vw, 34px\" \/><\/a><figcaption>Google Scholar<\/figcaption><\/figure>\n<\/div>\n\n\n\n<div class=\"wp-container-2 wp-block-column\" style=\"flex-basis:66.66%\">\n<p><strong>E-Posta:<\/strong> just@bilkent.edu.tr<br><strong>Telefon:<\/strong> 0312 290 1949<br><strong>Office:<\/strong> T372<\/p>\n<\/div>\n<\/div>\n<\/div><\/div>\n\n\n\n<div style=\"height:50px\" aria-hidden=\"true\" class=\"wp-block-spacer\"><\/div>\n\n\n\n<h2>SE\u00c7\u0130L\u0130&nbsp;YAYINLAR<\/h2>\n\n\n\n<div style=\"height:25px\" aria-hidden=\"true\" class=\"wp-block-spacer\"><\/div>\n\n\n\n<h2>Kitaplar<\/h2>\n\n\n\n<ul><li>D. Just, <em>Transformative Fictions: World Literature and Personal Change<\/em>, Routledge (2022) [reprint 2024]<\/li><li>D. Just, <em>Literature, Ethics, and Decolonization in Postwar France: The Politics of Disengagement<\/em>, Cambridge: Cambridge University Press (2015) [reprint 2017]<\/li><\/ul>\n\n\n\n<div style=\"height:25px\" aria-hidden=\"true\" class=\"wp-block-spacer\"><\/div>\n\n\n\n<h2>Kitap B\u00f6l\u00fcmleri<\/h2>\n\n\n\n<ul><li>D. Just, \u201cThe Poetics of the Unpoetic: Literature, Ordinariness, and Raymond Carver\u2019s Minimalist Realism,\u201d <em>Literature and Its Language: Philosophical Aspects<\/em>, G.L. Hagberg (Ed.), pp. 25-51, London: Palgrave (2022)<\/li><li>D. Just, &#8220;Transformative Fictions: Literature as Care of the Self&#8221;, <em>Narrative and Self-Understanding<\/em>, G.L. Hagberg (Ed.), pp. 205-224, London: Palgrave (2019)<\/li><\/ul>\n\n\n\n<div style=\"height:25px\" aria-hidden=\"true\" class=\"wp-block-spacer\"><\/div>\n\n\n\n<h2>Dergi Yay\u0131nlar<\/h2>\n\n\n\n<ul><li>D. Just, \u201cBarthes\u2019s Perversions: Writing Practices and Neutral Life\u201d, <em>SubStance: A Review of Theory and Literary Criticism<\/em> (Forthcoming Nov 2025).<\/li><li>D. Just, \u201cThe Poetic of the Fragment: Raymond Carver and Social Class\u201d, <em>Critique: Studies in Contemporary Fiction <\/em>(FirstView Jan 2025).<\/li><li>D. Just, \u201cVarieties of Nothing: Understatement and Anticlimax in Chekhov, Hemingway, and Carver&#8221;, <em>Modern Philology<\/em>, 121, 425-446 (2024).<\/li><li>D. Just, &#8220;The Literary Bias: Narrative and the Self&#8221;, <em>Philosophy and Literature<\/em>, 47, 439-462 (2023)<\/li><li>D. Just, &#8220;The Difficult Childhood of an Adult: Aging and Maturity in Witold Gombrowicz&#8217;s Pornografia&#8221;, <em>Russian Literature<\/em>, 116, 17-39 (2020)<\/li><li>D. Just, &#8220;Literatura a \u017eivot: sebestylizace jako strategie v autobiografick\u00fdch a esejistick\u00fdch textech Bohumila Hrabala&#8221;, <em>\u010cesk\u00e1 literatura<\/em>, 67, 60-83 (2019)<\/li><li>D. Just, &#8220;The Autobiographical Provocation: Witold Gombrowicz&#8217;s Diary as a Transformative Text&#8221;, <em>Modern Language Review<\/em>, 113, 610-632 (2018)\u00a0<\/li><li>D. Just, &#8220;Bohumil Hrabal and the Poetics of Aging&#8221;, <em>MLN:Modern Language Notes<\/em>, 133, 1394-1419 (2018)\u00a0<\/li><li>D. Just, &#8220;The Invention of Work in Modernity: Hegel, Marx, and Weber&#8221;, <em>J of Historical Sociology<\/em>, 30, 435-456 (2017)<\/li><li>D. Just, &#8220;A Biopolitics of Immaterial Labor&#8221;, <em>Political Studies<\/em>, 64, 401-416 (2016)<\/li><li>D. Just, &#8220;Literature and Learning How to Live: Milan Kundera&#8217;s Theory of the Novel as a Quest for Maturity&#8221;, <em>Comparative Literature<\/em>, 88, 235-250 (2016)\u00a0<\/li><li>D. Just, &#8220;Milan Kundera and the Poetics of Novelistic Truth&#8221;, <em>Poetics Today<\/em>, 36, 175-200 (2015)<\/li><li>D. Just, &#8220;Exhausted Literature: Work, Action and the Dilemmas of Literary Commitment&#8221;, <em>Philosophy and Literature<\/em>, 37, 291-313 (2013)<\/li><li>D. Just, &#8220;The War of Writing: French Literary Politics and the Decolonisation of Algeria&#8221;, <em>J of European Studies<\/em>, 43, 227-243 (2013)<\/li><li>D. Just, &#8220;The Poetics of Elusive History: Marguerite Duras, War Traumas, and the Dilemmas of Representing Reality&#8221;, <em>Modern Language Review<\/em>, 107, 1064-1081 (2012)<\/li><li>D. Just, &#8220;Art and Everydayness: Popular Culture and Daily Life in the Communist Czechoslovakia&#8221;, <em>European J of Cultural Studies<\/em>, 15, 703-720 (2012)<\/li><li>D. Just, &#8220;Aesthetics of Blankness: Political Imagination in Marguerite Duras&#8217;s Hybrid Narratives&#8221;, <em>Romanic Review<\/em>, 101, 359-376 (2010)<\/li><li>D. Just, &#8220;From Guilt to Shame: Albert Camus and Literature&#8217;s Ethical Response to Politics&#8221;, <em>MLN:Modern Language Notes<\/em>, 125, 895-912 (2010)<\/li><\/ul>\n\n\n\n<div style=\"height:25px\" aria-hidden=\"true\" class=\"wp-block-spacer\"><\/div>\n","protected":false},"excerpt":{"rendered":"<p>SE\u00c7\u0130L\u0130&nbsp;YAYINLAR Kitaplar D. Just, Transformative Fictions: World Literature and Personal Change, Routledge (2022) [reprint 2024] D. Just, Literature, Ethics, and Decolonization in Postwar France: The Politics of Disengagement, Cambridge: Cambridge University Press (2015) [reprint 2017] Kitap B\u00f6l\u00fcmleri D. Just, \u201cThe Poetics of the Unpoetic: Literature, Ordinariness, and Raymond Carver\u2019s Minimalist [\u2026] <\/p>\n<div class=\"clear\"><\/div>\n<p><a class=\"more_link clearfix\" href=\"https:\/\/pols.bilkent.edu.tr\/index.php\/tr\/tam-zamanli-ogretim-uyeleri\/daniel-just\/\" rel=\"nofollow\">Read More<\/a><\/p>\n","protected":false},"author":1,"featured_media":0,"parent":1107,"menu_order":0,"comment_status":"closed","ping_status":"closed","template":"","meta":[],"_links":{"self":[{"href":"https:\/\/pols.bilkent.edu.tr\/index.php\/wp-json\/wp\/v2\/pages\/1369"}],"collection":[{"href":"https:\/\/pols.bilkent.edu.tr\/index.php\/wp-json\/wp\/v2\/pages"}],"about":[{"href":"https:\/\/pols.bilkent.edu.tr\/index.php\/wp-json\/wp\/v2\/types\/page"}],"author":[{"embeddable":true,"href":"https:\/\/pols.bilkent.edu.tr\/index.php\/wp-json\/wp\/v2\/users\/1"}],"replies":[{"embeddable":true,"href":"https:\/\/pols.bilkent.edu.tr\/index.php\/wp-json\/wp\/v2\/comments?post=1369"}],"version-history":[{"count":11,"href":"https:\/\/pols.bilkent.edu.tr\/index.php\/wp-json\/wp\/v2\/pages\/1369\/revisions"}],"predecessor-version":[{"id":3445,"href":"https:\/\/pols.bilkent.edu.tr\/index.php\/wp-json\/wp\/v2\/pages\/1369\/revisions\/3445"}],"up":[{"embeddable":true,"href":"https:\/\/pols.bilkent.edu.tr\/index.php\/wp-json\/wp\/v2\/pages\/1107"}],"wp:attachment":[{"href":"https:\/\/pols.bilkent.edu.tr\/index.php\/wp-json\/wp\/v2\/media?parent=1369"}],"curies":[{"name":"wp","href":"https:\/\/api.w.org\/{rel}","templated":true}]}}