{"id":1367,"date":"2022-11-24T15:18:25","date_gmt":"2022-11-24T12:18:25","guid":{"rendered":"https:\/\/pols.bilkent.edu.tr\/?page_id=1367"},"modified":"2023-09-28T21:19:11","modified_gmt":"2023-09-28T18:19:11","slug":"basak-ince","status":"publish","type":"page","link":"https:\/\/pols.bilkent.edu.tr\/index.php\/tr\/tam-zamanli-ogretim-uyeleri\/basak-ince\/","title":{"rendered":"Ba\u015fak \u0130nce"},"content":{"rendered":"\n<div class=\"wp-block-media-text alignwide is-stacked-on-mobile is-vertically-aligned-center\" style=\"grid-template-columns:24% auto\"><figure class=\"wp-block-media-text__media\"><img loading=\"lazy\" width=\"768\" height=\"1024\" src=\"https:\/\/pols.bilkent.edu.tr\/wp-content\/uploads\/2022\/12\/BASAK-INCE-1-1-768x1024.jpg\" alt=\"\" class=\"wp-image-1566 size-full\" srcset=\"https:\/\/pols.bilkent.edu.tr\/wp-content\/uploads\/2022\/12\/BASAK-INCE-1-1-768x1024.jpg 768w, https:\/\/pols.bilkent.edu.tr\/wp-content\/uploads\/2022\/12\/BASAK-INCE-1-1-225x300.jpg 225w, https:\/\/pols.bilkent.edu.tr\/wp-content\/uploads\/2022\/12\/BASAK-INCE-1-1-1152x1536.jpg 1152w, https:\/\/pols.bilkent.edu.tr\/wp-content\/uploads\/2022\/12\/BASAK-INCE-1-1-1536x2048.jpg 1536w, https:\/\/pols.bilkent.edu.tr\/wp-content\/uploads\/2022\/12\/BASAK-INCE-1-1-41x55.jpg 41w, https:\/\/pols.bilkent.edu.tr\/wp-content\/uploads\/2022\/12\/BASAK-INCE-1-1-1600x2133.jpg 1600w, https:\/\/pols.bilkent.edu.tr\/wp-content\/uploads\/2022\/12\/BASAK-INCE-1-1-800x1066.jpg 800w, https:\/\/pols.bilkent.edu.tr\/wp-content\/uploads\/2022\/12\/BASAK-INCE-1-1-580x773.jpg 580w, https:\/\/pols.bilkent.edu.tr\/wp-content\/uploads\/2022\/12\/BASAK-INCE-1-1.jpg 1772w\" sizes=\"(max-width: 768px) 100vw, 768px\" \/><\/figure><div class=\"wp-block-media-text__content\">\n<p class=\"has-text-align-left\" style=\"font-size:18px;line-height:1\"><strong><strong>Dr. \u00d6\u011fretim \u00dcyesi<\/strong><\/strong><\/p>\n\n\n\n<p class=\"has-text-align-left\" style=\"font-size:18px;line-height:1.5\"><strong>Ph.D., Political Science, University of London, 2008. Vatanda\u015fl\u0131k \u00e7al\u0131\u015fmalar\u0131, vatanda\u015fl\u0131k e\u011fitimi, yabanc\u0131lar\u0131n sa\u011fl\u0131k hizmetlerine eri\u015fimi, T\u00fcrk siyasetinde vatanda\u015fl\u0131k<\/strong><\/p>\n\n\n\n<div class=\"wp-container-3 wp-block-columns\">\n<div class=\"wp-container-1 wp-block-column\" style=\"flex-basis:33.33%\">\n<div style=\"height:0px\" aria-hidden=\"true\" class=\"wp-block-spacer\"><\/div>\n\n\n\n<figure class=\"wp-block-image size-full is-resized\"><a href=\"https:\/\/scholar.google.com\/citations?hl=en&amp;user=i9XBixUAAAAJ\" target=\"_blank\" rel=\"noreferrer noopener\"><img loading=\"lazy\" src=\"https:\/\/pols.bilkent.edu.tr\/wp-content\/uploads\/2022\/08\/pngegg-11.png\" alt=\"\" class=\"wp-image-800\" width=\"34\" height=\"34\" srcset=\"https:\/\/pols.bilkent.edu.tr\/wp-content\/uploads\/2022\/08\/pngegg-11.png 500w, https:\/\/pols.bilkent.edu.tr\/wp-content\/uploads\/2022\/08\/pngegg-11-300x300.png 300w, https:\/\/pols.bilkent.edu.tr\/wp-content\/uploads\/2022\/08\/pngegg-11-150x150.png 150w, https:\/\/pols.bilkent.edu.tr\/wp-content\/uploads\/2022\/08\/pngegg-11-55x55.png 55w\" sizes=\"(max-width: 34px) 100vw, 34px\" \/><\/a><figcaption>Google Scholar<\/figcaption><\/figure>\n<\/div>\n\n\n\n<div class=\"wp-container-2 wp-block-column\" style=\"flex-basis:66.66%\">\n<p><strong>E-Posta:<\/strong> basakince@bilkent.edu.tr<br><strong>Telefon:<\/strong> 0312 290 1122<br><strong>Office:<\/strong> A351<\/p>\n<\/div>\n<\/div>\n<\/div><\/div>\n\n\n\n<div style=\"height:50px\" aria-hidden=\"true\" class=\"wp-block-spacer\"><\/div>\n\n\n\n<h2>SE\u00c7\u0130L\u0130&nbsp;YAYINLAR<\/h2>\n\n\n\n<div style=\"height:25px\" aria-hidden=\"true\" class=\"wp-block-spacer\"><\/div>\n\n\n\n<h2>Kitaplar<\/h2>\n\n\n\n<ul><li>B. Ince, <em>Citizenship and Identity in Turkey: From Ataturk to the Present<\/em>, London: I.B. Tauris (2012).<\/li><\/ul>\n\n\n\n<div style=\"height:25px\" aria-hidden=\"true\" class=\"wp-block-spacer\"><\/div>\n\n\n\n<h2>Kitap B\u00f6l\u00fcmleri<\/h2>\n\n\n\n<ul><li>B. Ince, &#8220;Remapping Citizenship in Turkey: Law, Identity, Civic Virtue (1980-2014)&#8221;, <em>The Middle East in Transition: The Centrality of Citizenship<\/em>, N.A. Butenschon, R. Meijer (Eds.), pp. 49-72, Cheltengam: Edward Elgar (2018).<\/li><li>P. Bilgin, B. Ince, &#8220;Ontological (in)security of &#8220;included&#8221; citizens: The case of early Republican Turkey (1923-1946)&#8221;, <em>Conflict Resolution and Ontological Security: Peace Anxieties<\/em>, B. Rumelili (Ed.), pp. 117-135, London: Routledge (2015).<\/li><\/ul>\n\n\n\n<div style=\"height:25px\" aria-hidden=\"true\" class=\"wp-block-spacer\"><\/div>\n\n\n\n<h2>Dergi Yay\u0131nlar\u0131<\/h2>\n\n\n\n<ul><li>P. Bilgin, B. Ince, &#8220;Security and Citizenship in Global South: In\/securing citizens in early Republican Turkey (1923-1946)&#8221;, <em>International Relations<\/em>, 29, 500-520 (2015).\u00a0 <a href=\"http:\/\/yoksis.bilkent.edu.tr\/pdf\/?doi=7960\">PDF<\/a><\/li><li>B. Ince, &#8220;Citizenship Education in Turkey: inclusive or exclusive&#8221;, <em>Oxford Review of Education<\/em>, 38, 115-131 (2012).<\/li><li>M. Heper, B. Ince, &#8220;Devlet Bahceli and &#8216;Far Right&#8217; Politics in Turkey, 1999-2002&#8221;, <em>Middle Eastern Studies<\/em>, 42, 873-888 (2006).<\/li><\/ul>\n\n\n\n<div style=\"height:25px\" aria-hidden=\"true\" class=\"wp-block-spacer\"><\/div>\n","protected":false},"excerpt":{"rendered":"<p>SE\u00c7\u0130L\u0130&nbsp;YAYINLAR Kitaplar B. Ince, Citizenship and Identity in Turkey: From Ataturk to the Present, London: I.B. Tauris (2012). Kitap B\u00f6l\u00fcmleri B. Ince, &#8220;Remapping Citizenship in Turkey: Law, Identity, Civic Virtue (1980-2014)&#8221;, The Middle East in Transition: The Centrality of Citizenship, N.A. Butenschon, R. Meijer (Eds.), pp. 49-72, Cheltengam: Edward Elgar [\u2026] <\/p>\n<div class=\"clear\"><\/div>\n<p><a class=\"more_link clearfix\" href=\"https:\/\/pols.bilkent.edu.tr\/index.php\/tr\/tam-zamanli-ogretim-uyeleri\/basak-ince\/\" rel=\"nofollow\">Read More<\/a><\/p>\n","protected":false},"author":1,"featured_media":0,"parent":1107,"menu_order":0,"comment_status":"closed","ping_status":"closed","template":"","meta":[],"_links":{"self":[{"href":"https:\/\/pols.bilkent.edu.tr\/index.php\/wp-json\/wp\/v2\/pages\/1367"}],"collection":[{"href":"https:\/\/pols.bilkent.edu.tr\/index.php\/wp-json\/wp\/v2\/pages"}],"about":[{"href":"https:\/\/pols.bilkent.edu.tr\/index.php\/wp-json\/wp\/v2\/types\/page"}],"author":[{"embeddable":true,"href":"https:\/\/pols.bilkent.edu.tr\/index.php\/wp-json\/wp\/v2\/users\/1"}],"replies":[{"embeddable":true,"href":"https:\/\/pols.bilkent.edu.tr\/index.php\/wp-json\/wp\/v2\/comments?post=1367"}],"version-history":[{"count":4,"href":"https:\/\/pols.bilkent.edu.tr\/index.php\/wp-json\/wp\/v2\/pages\/1367\/revisions"}],"predecessor-version":[{"id":2204,"href":"https:\/\/pols.bilkent.edu.tr\/index.php\/wp-json\/wp\/v2\/pages\/1367\/revisions\/2204"}],"up":[{"embeddable":true,"href":"https:\/\/pols.bilkent.edu.tr\/index.php\/wp-json\/wp\/v2\/pages\/1107"}],"wp:attachment":[{"href":"https:\/\/pols.bilkent.edu.tr\/index.php\/wp-json\/wp\/v2\/media?parent=1367"}],"curies":[{"name":"wp","href":"https:\/\/api.w.org\/{rel}","templated":true}]}}