{"id":1363,"date":"2022-11-24T15:17:18","date_gmt":"2022-11-24T12:17:18","guid":{"rendered":"https:\/\/pols.bilkent.edu.tr\/?page_id=1363"},"modified":"2023-03-05T14:09:15","modified_gmt":"2023-03-05T11:09:15","slug":"ioannis-n-grigoriadis","status":"publish","type":"page","link":"https:\/\/pols.bilkent.edu.tr\/index.php\/tr\/tam-zamanli-ogretim-uyeleri\/ioannis-n-grigoriadis\/","title":{"rendered":"Ioannis N. Grigoriadis"},"content":{"rendered":"\n<div class=\"wp-block-media-text alignwide is-stacked-on-mobile is-vertically-aligned-center\" style=\"grid-template-columns:24% auto\"><figure class=\"wp-block-media-text__media\"><img loading=\"lazy\" width=\"449\" height=\"556\" src=\"https:\/\/pols.bilkent.edu.tr\/wp-content\/uploads\/2022\/12\/Ioannis-Grigoriadis-removebg-preview-1.png\" alt=\"\" class=\"wp-image-1564 size-full\" srcset=\"https:\/\/pols.bilkent.edu.tr\/wp-content\/uploads\/2022\/12\/Ioannis-Grigoriadis-removebg-preview-1.png 449w, https:\/\/pols.bilkent.edu.tr\/wp-content\/uploads\/2022\/12\/Ioannis-Grigoriadis-removebg-preview-1-242x300.png 242w, https:\/\/pols.bilkent.edu.tr\/wp-content\/uploads\/2022\/12\/Ioannis-Grigoriadis-removebg-preview-1-44x55.png 44w\" sizes=\"(max-width: 449px) 100vw, 449px\" \/><\/figure><div class=\"wp-block-media-text__content\">\n<p class=\"has-text-align-left\" style=\"font-size:18px;line-height:1\"><strong><strong>Do\u00e7ent&nbsp;<strong>Doktor<\/strong><\/strong><\/strong><\/p>\n\n\n\n<p class=\"has-text-align-left\" style=\"font-size:18px;line-height:1.5\"><strong>Ph.D., Turkish Politics, University of London, 2005. Kar\u015f\u0131la\u015ft\u0131rmal\u0131 siyaset, Avrupal\u0131la\u015fma, T\u00fcrkiye politikas\u0131, Avrupa politikas\u0131, milliyet\u00e7ilik demokratikle\u015fme<\/strong><\/p>\n\n\n\n<div class=\"wp-container-3 wp-block-columns\">\n<div class=\"wp-container-1 wp-block-column\" style=\"flex-basis:33.33%\">\n<div style=\"height:0px\" aria-hidden=\"true\" class=\"wp-block-spacer\"><\/div>\n\n\n\n<figure class=\"wp-block-image size-full is-resized\"><a href=\"https:\/\/scholar.google.com\/citations?hl=en&amp;user=fuqWgJsAAAAJ\" target=\"_blank\" rel=\"noreferrer noopener\"><img loading=\"lazy\" src=\"https:\/\/pols.bilkent.edu.tr\/wp-content\/uploads\/2022\/08\/pngegg-11.png\" alt=\"\" class=\"wp-image-800\" width=\"34\" height=\"34\" srcset=\"https:\/\/pols.bilkent.edu.tr\/wp-content\/uploads\/2022\/08\/pngegg-11.png 500w, https:\/\/pols.bilkent.edu.tr\/wp-content\/uploads\/2022\/08\/pngegg-11-300x300.png 300w, https:\/\/pols.bilkent.edu.tr\/wp-content\/uploads\/2022\/08\/pngegg-11-150x150.png 150w, https:\/\/pols.bilkent.edu.tr\/wp-content\/uploads\/2022\/08\/pngegg-11-55x55.png 55w\" sizes=\"(max-width: 34px) 100vw, 34px\" \/><\/a><figcaption>Google Scholar<\/figcaption><\/figure>\n<\/div>\n\n\n\n<div class=\"wp-container-2 wp-block-column\" style=\"flex-basis:66.66%\">\n<p><strong>E-Posta:<\/strong> ioannis@bilkent.edu.tr<br><strong>Telefon:<\/strong> 0312 290 1856<br><strong>Office:<\/strong> T364<\/p>\n<\/div>\n<\/div>\n<\/div><\/div>\n\n\n\n<div style=\"height:50px\" aria-hidden=\"true\" class=\"wp-block-spacer\"><\/div>\n\n\n\n<h2>SE\u00c7\u0130L\u0130\u00a0YAYINLAR<\/h2>\n\n\n\n<div style=\"height:25px\" aria-hidden=\"true\" class=\"wp-block-spacer\"><\/div>\n\n\n\n<h2>Sanat Eserleri<\/h2>\n\n\n\n<ul><li>I.N. Grigoriadis, &#8220;Ishak Pasa Palace, Dogubeyazit, Turkey&#8221;, <em>School of Oriental and African Studies<\/em>, 2016, Oct 2015.<\/li><\/ul>\n\n\n\n<div style=\"height:25px\" aria-hidden=\"true\" class=\"wp-block-spacer\"><\/div>\n\n\n\n<h2>Kitaplar<\/h2>\n\n\n\n<ul><li>I.N. Grigoriadis, <em>Democratic Transition and the Rise of Populist Majoritarianism: Constitutional Reform in Greece and Turkey<\/em>, Cham, Palgrave, (2018).<\/li><li>I.N. Grigoriadis, <em>Instilling Religion in Greek and Turkish Nationalism: A &#8220;Sacred Synthesis&#8221;<\/em>, London and New York: Palgrave MacMillan, (2012).<\/li><li>I.N. Grigoriadis, <em>Trials of Europeanization &#8211; Turkish Political Culture and the European Union<\/em>, Palgrave, (2009).<\/li><\/ul>\n\n\n\n<div style=\"height:25px\" aria-hidden=\"true\" class=\"wp-block-spacer\"><\/div>\n\n\n\n<h2>Kitap B\u00f6l\u00fcmleri<\/h2>\n\n\n\n<ul><li>I.N. Grigoriadis, &#8220;The Cyprus Problem and Greek Foreign Policy&#8221;, <em>Greek Foreign Policy<\/em>, C. Tsardanidis, E. Athanassopoulou (Eds.), pp. 219-238, Athens: Papazissi, 2021 (2021)<\/li><li>I.N. Grigoriadis, &#8220;The Oxford Handbook of Modern Greek Politics&#8221;, <em>Greek-Turkish Relations<\/em>, K. Featherstone, D.A. Sotiropoulos (Eds.), pp. 613-628, Oxford &amp; New York: Oxford University Press (2020).<\/li><li>I.N. Grigoriadis, &#8220;Spoiled Brats\u2019 or \u2018Anti-capitalist Pioneers\u2019: Turkish Views of the Greek Crisis&#8221;, <em>Political and Cultural Aspects of Greek Exoticism<\/em>, P. Panagiotopolos, D.P. Sotiropoulos (Eds.), pp. 95-104, Palgrave Pivot (2019)<\/li><li>I.N. Grigoriadis, &#8220;Minority Debates on the Future of the Ottoman Empire: Greek and Armenian Nationalist Thought&#8221;, <em>Europe and the Black Sea Region: A History of Early Knowledge Exchange (1750-1850)<\/em>, D. Gutmeyr, K. Kaser (Eds.), pp. 237-254, Zurich: Lit Verlag (2018)<\/li><li>I.N. Grigoriadis, &#8220;On the Europeanization of Minority Rights Protection&#8221;, <em>The Europeanization of Turkish Public Policies: A Scorecard<\/em>, A. Guney, A. Tekin (Eds.), pp. 130-142, London and New York: Routledge (2015)<\/li><li>I.N. Grigoriadis, &#8220;Minorities&#8221;, <em>The Routledge Handbook of Modern Turkey<\/em>, M. Heper, S. Sayari (Eds.), pp. 282-292, London and New York: Routledge (2012)<\/li><\/ul>\n\n\n\n<div style=\"height:25px\" aria-hidden=\"true\" class=\"wp-block-spacer\"><\/div>\n\n\n\n<h2>Kitap \u0130ncelemeleri<\/h2>\n\n\n\n<ul><li>I.N. Grigoriadis, &#8220;Between Military Rule and Democracy: Regime Consolidation in Greece, Turkey, and Beyond&#8221; , by Y. Gursoy, A. Arbor, University of Michigan, 328, 2017, in <em>Turkish Studies<\/em>, 20, (2019).<\/li><li>I.N. Grigoriadis, &#8220;When Greeks and Turks Meet: Interdisciplinary Perspectives on the Relationship since 1923&#8221; , by V. Lytra, Farnham, Surrey, Ashgate, 319, 2015, in <em>Global Affairs<\/em>, 1, (2015).<\/li><li>I.N. Grigoriadis, &#8220;The Constitutional System of Turkey: 1876 to Present&#8221; , by E. Ozbudun, Palgrave Macmillan, 192, 2011, in <em>J of Southeast European and Black Sea Studies<\/em>, 14, (2014).<\/li><\/ul>\n\n\n\n<div style=\"height:25px\" aria-hidden=\"true\" class=\"wp-block-spacer\"><\/div>\n\n\n\n<h2>Dergi Yay\u0131nlar\u0131<\/h2>\n\n\n\n<ul><li>I.N. Grigoriadis, &#8220;Antioch\u2019s Last Heirs: The Hatay Greek Orthodox Community between Greece, Syria and Turkey&#8221;, <em>Byzantine and Modern Greek Studies<\/em>..&nbsp; <a href=\"http:\/\/yoksis.bilkent.edu.tr\/pdf\/?doi=15781\">PDF<\/a><\/li><li>I.N. Grigoriadis, &#8220;The European Union in the Eastern Mediterranean in 2020: Whither Strategic Autonomy&#8221;, <em>J of Common Market Studies<\/em>., 1-11 (2021)&nbsp; <a href=\"http:\/\/yoksis.bilkent.edu.tr\/pdf\/?doi=15779\">PDF<\/a><\/li><li>I.N. Grigoriadis, P. Akdeniz, &#8220;Universal Faith or Islamic Denomination: On the Struggle to Define Alevism&#8221;, <em>J of Church and State<\/em>, 63, 47-69 (2021)&nbsp; <a href=\"http:\/\/yoksis.bilkent.edu.tr\/pdf\/?doi=14847\">PDF<\/a><\/li><li>I.N. Grigoriadis, E. Shahin, &#8220;Between Ethnic Group and Nation: Mihail \u00c7akir\u2019s Histories of the Gagauz&#8221;, <em>East European Politics and Societies<\/em>, 35, 638-660 (2021)&nbsp; <a href=\"http:\/\/yoksis.bilkent.edu.tr\/pdf\/?doi=14849\">PDF<\/a><\/li><li>I.N. Grigoriadis, &#8220;Between Citizenship and the Millet: The Greek Minority in Republican Turkey&#8221;, <em>Middle Eastern Studies<\/em>, 57, 741-757 (2021)&nbsp; <a href=\"http:\/\/yoksis.bilkent.edu.tr\/pdf\/?doi=14846\">PDF<\/a><\/li><li>I.N. Grigoriadis, O.T. Karabicak, &#8220;Baudrillard in Ankara: mainstream media and the production of simulacra in the Turkish public sphere&#8221;, <em>British J of Middle Eastern Studies<\/em>., 1-16 (2021)&nbsp; <a href=\"http:\/\/yoksis.bilkent.edu.tr\/pdf\/?doi=15780\">PDF<\/a><\/li><li>I.N. Grigoriadis, Z.A. Elitsoy, &#8220;Inside Outsiders: Comparing State Policies towards Citizens of Palestinian and Kurdish Descent in Israel and Turkey&#8221;, <em>J of Balkan and Near Eastern Studies<\/em>, 23, 750-767 (2021)&nbsp; <a href=\"http:\/\/yoksis.bilkent.edu.tr\/pdf\/?doi=14845\">PDF<\/a><\/li><li>I.N. Grigoriadis, &#8220;For the People, against the Elites: Left versus Right Wing Populism in Greece and Turkey&#8221;, <em>J of the Middle East and Africa<\/em>, 11, 51-64 (2020)&nbsp; <a href=\"http:\/\/yoksis.bilkent.edu.tr\/pdf\/?doi=14607\">PDF<\/a><\/li><li>I.N. Grigoriadis, A. Opcin, &#8220;Imagining Turan: Homeland and its Political Implications in the Literary Work of H\u00fcseyinzade Ali [Turan] and Mehmet Ziya [G\u00f6kalp]&#8221;, <em>Middle Eastern Studies<\/em>, 56, 482-495 (2020)&nbsp; <a href=\"http:\/\/yoksis.bilkent.edu.tr\/pdf\/?doi=14424\">PDF<\/a><\/li><li>I.N. Grigoriadis, C. Felek, &#8220;Hype, Disillusionment and Capacity Problems: Turkish Cypriot Media and the European Union&#8221;, <em>Middle Eastern Studies<\/em>, 55, 111-126 (2019)&nbsp; <a href=\"http:\/\/yoksis.bilkent.edu.tr\/pdf\/?doi=14017\">PDF<\/a><\/li><li>I.N. Grigoriadis, E. Dilek, &#8220;Securitizing Migration in the European Union: Greece and the Evros Fence&#8221;, <em>J of Balkan and Near Eastern Studies<\/em>, 21, 170-186 (2019)&nbsp; <a href=\"http:\/\/yoksis.bilkent.edu.tr\/pdf\/?doi=14122\">PDF<\/a><\/li><li>I.N. Grigoriadis, T.N. Grigoriadis, &#8220;The Political Economy of Kulturkampf: Evidence from Imperial Prussia and Republican Turkey&#8221;, <em>Constitutional Political Economy<\/em>, 29, 339-369 (2018)&nbsp; <a href=\"http:\/\/yoksis.bilkent.edu.tr\/pdf\/?doi=14018\">PDF<\/a><\/li><li>I.N. Grigoriadis, &#8220;The Peoples\u2019 Democratic Party (HDP) and the 2015 elections&#8221;, <em>Turkish Studies<\/em>, 17, 39-46 (2016)&nbsp; <a href=\"http:\/\/yoksis.bilkent.edu.tr\/pdf\/?doi=12709\">PDF<\/a><\/li><li>I.N. Grigoriadis, &#8220;Islam and Democratization in Turkey: Secularism and Trust in a Divided Society&#8221;, <em>Democratization<\/em>, 16, 1194-1213 (2009)<\/li><\/ul>\n\n\n\n<div style=\"height:25px\" aria-hidden=\"true\" class=\"wp-block-spacer\"><\/div>\n","protected":false},"excerpt":{"rendered":"<p>SE\u00c7\u0130L\u0130\u00a0YAYINLAR Sanat Eserleri I.N. Grigoriadis, &#8220;Ishak Pasa Palace, Dogubeyazit, Turkey&#8221;, School of Oriental and African Studies, 2016, Oct 2015. Kitaplar I.N. Grigoriadis, Democratic Transition and the Rise of Populist Majoritarianism: Constitutional Reform in Greece and Turkey, Cham, Palgrave, (2018). I.N. Grigoriadis, Instilling Religion in Greek and Turkish Nationalism: A &#8220;Sacred [\u2026] <\/p>\n<div class=\"clear\"><\/div>\n<p><a class=\"more_link clearfix\" href=\"https:\/\/pols.bilkent.edu.tr\/index.php\/tr\/tam-zamanli-ogretim-uyeleri\/ioannis-n-grigoriadis\/\" rel=\"nofollow\">Read More<\/a><\/p>\n","protected":false},"author":1,"featured_media":0,"parent":1107,"menu_order":0,"comment_status":"closed","ping_status":"closed","template":"","meta":[],"_links":{"self":[{"href":"https:\/\/pols.bilkent.edu.tr\/index.php\/wp-json\/wp\/v2\/pages\/1363"}],"collection":[{"href":"https:\/\/pols.bilkent.edu.tr\/index.php\/wp-json\/wp\/v2\/pages"}],"about":[{"href":"https:\/\/pols.bilkent.edu.tr\/index.php\/wp-json\/wp\/v2\/types\/page"}],"author":[{"embeddable":true,"href":"https:\/\/pols.bilkent.edu.tr\/index.php\/wp-json\/wp\/v2\/users\/1"}],"replies":[{"embeddable":true,"href":"https:\/\/pols.bilkent.edu.tr\/index.php\/wp-json\/wp\/v2\/comments?post=1363"}],"version-history":[{"count":3,"href":"https:\/\/pols.bilkent.edu.tr\/index.php\/wp-json\/wp\/v2\/pages\/1363\/revisions"}],"predecessor-version":[{"id":1870,"href":"https:\/\/pols.bilkent.edu.tr\/index.php\/wp-json\/wp\/v2\/pages\/1363\/revisions\/1870"}],"up":[{"embeddable":true,"href":"https:\/\/pols.bilkent.edu.tr\/index.php\/wp-json\/wp\/v2\/pages\/1107"}],"wp:attachment":[{"href":"https:\/\/pols.bilkent.edu.tr\/index.php\/wp-json\/wp\/v2\/media?parent=1363"}],"curies":[{"name":"wp","href":"https:\/\/api.w.org\/{rel}","templated":true}]}}