{"id":1361,"date":"2022-11-24T15:16:38","date_gmt":"2022-11-24T12:16:38","guid":{"rendered":"https:\/\/pols.bilkent.edu.tr\/?page_id=1361"},"modified":"2023-03-05T14:08:57","modified_gmt":"2023-03-05T11:08:57","slug":"fatma-tahire-erman","status":"publish","type":"page","link":"https:\/\/pols.bilkent.edu.tr\/index.php\/tr\/tam-zamanli-ogretim-uyeleri\/fatma-tahire-erman\/","title":{"rendered":"Fatma Tahire Erman"},"content":{"rendered":"\n<div class=\"wp-block-media-text alignwide is-stacked-on-mobile is-vertically-aligned-center\" style=\"grid-template-columns:24% auto\"><figure class=\"wp-block-media-text__media\"><img loading=\"lazy\" width=\"408\" height=\"545\" src=\"https:\/\/pols.bilkent.edu.tr\/wp-content\/uploads\/2022\/12\/TAHIRE_ERMAN-removebg-preview.png\" alt=\"\" class=\"wp-image-1563 size-full\" srcset=\"https:\/\/pols.bilkent.edu.tr\/wp-content\/uploads\/2022\/12\/TAHIRE_ERMAN-removebg-preview.png 408w, https:\/\/pols.bilkent.edu.tr\/wp-content\/uploads\/2022\/12\/TAHIRE_ERMAN-removebg-preview-225x300.png 225w, https:\/\/pols.bilkent.edu.tr\/wp-content\/uploads\/2022\/12\/TAHIRE_ERMAN-removebg-preview-41x55.png 41w\" sizes=\"(max-width: 408px) 100vw, 408px\" \/><\/figure><div class=\"wp-block-media-text__content\">\n<p class=\"has-text-align-left\" style=\"font-size:18px;line-height:1\"><strong><strong>Do\u00e7ent&nbsp;<strong>Doktor<\/strong><\/strong><\/strong><\/p>\n\n\n\n<p class=\"has-text-align-left\" style=\"font-size:18px;line-height:1.5\"><strong>Ph.D., Environmental Psychology, City University of New York, 1993. Kent etnografisi, kentsel yenileme projeleri, TOK\u0130 gecekondu d\u00f6n\u00fc\u015f\u00fcm siteleri, mek\u00e2n ve aidiyet, g\u00f6\u00e7 ve kad\u0131n<\/strong><\/p>\n\n\n\n<div class=\"wp-container-3 wp-block-columns\">\n<div class=\"wp-container-1 wp-block-column\" style=\"flex-basis:33.33%\">\n<div style=\"height:0px\" aria-hidden=\"true\" class=\"wp-block-spacer\"><\/div>\n\n\n\n<figure class=\"wp-block-image size-full is-resized\"><a href=\"https:\/\/scholar.google.com\/citations?hl=en&amp;user=_hNUnMYAAAAJ\" target=\"_blank\" rel=\"noreferrer noopener\"><img loading=\"lazy\" src=\"https:\/\/pols.bilkent.edu.tr\/wp-content\/uploads\/2022\/08\/pngegg-11.png\" alt=\"\" class=\"wp-image-800\" width=\"34\" height=\"34\" srcset=\"https:\/\/pols.bilkent.edu.tr\/wp-content\/uploads\/2022\/08\/pngegg-11.png 500w, https:\/\/pols.bilkent.edu.tr\/wp-content\/uploads\/2022\/08\/pngegg-11-300x300.png 300w, https:\/\/pols.bilkent.edu.tr\/wp-content\/uploads\/2022\/08\/pngegg-11-150x150.png 150w, https:\/\/pols.bilkent.edu.tr\/wp-content\/uploads\/2022\/08\/pngegg-11-55x55.png 55w\" sizes=\"(max-width: 34px) 100vw, 34px\" \/><\/a><figcaption>Google Scholar<\/figcaption><\/figure>\n<\/div>\n\n\n\n<div class=\"wp-container-2 wp-block-column\" style=\"flex-basis:66.66%\">\n<p><strong>E-Posta:<\/strong> tahire@bilkent.edu.tr<br><strong>Telefon:<\/strong> 0312 290 2218<br><strong>Office:<\/strong> T261<\/p>\n<\/div>\n<\/div>\n<\/div><\/div>\n\n\n\n<div style=\"height:50px\" aria-hidden=\"true\" class=\"wp-block-spacer\"><\/div>\n\n\n\n<h2>SE\u00c7\u0130L\u0130\u00a0YAYINLAR<\/h2>\n\n\n\n<div style=\"height:25px\" aria-hidden=\"true\" class=\"wp-block-spacer\"><\/div>\n\n\n\n<h2>Kitap B\u00f6l\u00fcmleri<\/h2>\n\n\n\n<ul><li>T. Erman, &#8220;Migration From Rural Anatolia to Metropolitan Cities&#8221;, <em>The Routledge Handbook on Contemporary Turkey<\/em>, J. Jongerden (Eds.), pp. 347-359, Routledge (2021)<\/li><li>T. Erman, &#8220;Liberated Neighborhoods\u2019: Reconstructing Leftist Activism in the Urban Periphery&#8221;, <em>Turmoil: Social Change and Political Radicalization during the 1960s and 1970s<\/em>, B. Pekesen (Eds.), pp. 183-212, De Gruyter (2020)<\/li><li>T. Erman, &#8220;The Mosque Community of Turkish Tailors in Massachusetts: From a Project of Inclusion to a Center of Islamic Influence&#8221;, <em>The Turkish-American Conundrum: Immigrants and Expatriates between Politics and Culture<\/em>, G. Pultar,L. Mazzari and B. Otus-Baskett (Eds.), pp. 109-123, Cambridge Scholars Publishing (2019)<\/li><li>T. Erman, &#8220;Urbanization, Urbanism and Urbanity&#8221;, <em>The Routledge Handbook of Modern Turkey<\/em>, M. Heper, S. Sayari (Eds.), pp. 293-302, London and New York: Routledge (2012)<\/li><li>T. Erman, &#8220;Turkey&#8221;, <em>Women&#8217;s Issues in Europe<\/em>, L. Walter (Eds.), pp. 671-706, Greenwood Publishing (2003)<\/li><li>T. Erman, &#8220;Semi-public\/semi-private spaces in the experiences of Turkish migrant women in a squatter settlement&#8221;, <em>Werkstattberichte<\/em>, W. Gerlich (Eds.), pp. 44-50, Planning Dept of City of Vienna (1998)<\/li><\/ul>\n\n\n\n<div style=\"height:25px\" aria-hidden=\"true\" class=\"wp-block-spacer\"><\/div>\n\n\n\n<h2>Kitap \u0130ncelemeleri<\/h2>\n\n\n\n<ul><li>T. Erman, &#8220;The Politics and Practices of Apartment Living&#8221; , by H. Easthope, Edward Elgar Publishing, 170, 2019, in <em>International Journal of Housing Policy<\/em>, 20, (2020).<\/li><li>T. Erman, &#8220;Orienting Istanbul: Cultural Capital of Europe?&#8221; , by D. Gokturk, L. Soysal, I. Tureli, London: Routledge, 336, 2010, in <em>Urban Studies<\/em>, 48, (2011).<\/li><\/ul>\n\n\n\n<div style=\"height:25px\" aria-hidden=\"true\" class=\"wp-block-spacer\"><\/div>\n\n\n\n<h2>Dergi Yay\u0131nlar\u0131<\/h2>\n\n\n\n<ul><li>T. Erman, &#8220;From informal housing to apartment housing: exploring the \u2018new social\u2019 in a gecekondu rehousing project, Turkey&#8221;, <em>Housing Studies<\/em>, 34, 519-537 (2019)&nbsp; <a href=\"http:\/\/yoksis.bilkent.edu.tr\/pdf\/?doi=14076\">PDF<\/a><\/li><li>T. Erman, H. Kara, &#8220;Female domestic workers strategizing via commuting long distance: New challenges and negotations in neoliberalizing Turkey&#8221;, <em>Women&#8217;s Studies International Forum<\/em>, 67, 45-52 (2018)<\/li><li>T. Erman, B. Hatiboglu, &#8220;Gendering Residential Space: From Squatter and Slum Housing to the Apartment Estates in Turkish Renewal Projects&#8221;, <em>City &amp; Community<\/em>, 17, 808-834 (2018)&nbsp; <a href=\"http:\/\/yoksis.bilkent.edu.tr\/pdf\/?doi=13455\">PDF<\/a><\/li><li>T. Erman, B. Hatiboglu, &#8220;Rendering responsible, provoking desire: women and home in squatter\/slum renewal projects in the Turkish context&#8221;, <em>Gender, Place and Culture<\/em>, 24, 1283-1302 (2017)&nbsp; <a href=\"http:\/\/yoksis.bilkent.edu.tr\/pdf\/?doi=13370\">PDF<\/a><\/li><li>T. Erman, &#8220;Formalization by the State, Back to Informalization by the People: A Gecekondu (Squatter) Transformation Housing Estate as the Site of Multiple Discrepancies&#8221;, <em>Int J of Urban and Regional Research<\/em>, 40, 425-440 (2016)&nbsp; <a href=\"http:\/\/yoksis.bilkent.edu.tr\/pdf\/?doi=11901\">PDF<\/a><\/li><li>T. Erman, &#8220;Ethnography in the Urban Periphery: Understanding the Gecekondu&#8221;, <em>Ethnologie Francaise<\/em>, 44, 267-278 (2014)<\/li><li>T. Erman, &#8220;The Mosque Community of &#8216;Lower-Class&#8217; Turks in the United States: Quo Vadis?&#8221;, <em>Int J of Turkish Studies<\/em>, 19, 95-110 (2013)<\/li><li>T. Erman, &#8220;Mosque Diaspora of Turks in the United States: Quo Vadis?&#8221;, <em>Int J of Turkish Studies<\/em>, 19, 95-113 (2013)<\/li><li>T. Erman, &#8220;Image Conscious: Representing New Wealth in Turkey&#8217;s Anatolian Tiger Cities&#8221;, <em>Portal 9<\/em>, 1, 86-99 (2012)<\/li><li>T. Erman, &#8220;Understanding the Experiences of the Politics of Urbanization in Two Gecekondu (Squatter) Neighborhoods Under Two Urban Regimes: Ethnography in the Urban Periphery of Ankara, Turkey&#8221;, <em>Urban Anthropology &amp; Stud. Cult. Sys. &amp; World Econ Dev.(UAS)<\/em>, 40, 67-108 (2011)<\/li><li>T. Erman, S. Turkyilmaz, &#8220;Neighborhood Effects and Women&#8217;s Agency Regarding Poverty and Patriarchy in a Turkish Slum&#8221;, <em>Environment and Planning A<\/em>, 39, 1760-1766 (2008)<\/li><li>T. Erman, M. Coskun-Yildar, &#8220;Emergent Local Initiative and the City: The Case of Neighborhood Associations of the Better-off Classes in Post 1990 Urban Turkey&#8221;, <em>Urban Studies<\/em>, 44, 1-20 (2007)<\/li><li>T. Erman, A. Eken, &#8220;The Other of the Other and Unregulated Territories in the Urban Periphery: Gecekondu Violence in the 2000s With a Focus on the Esenler Case, Istanbul&#8221;, <em>Cities<\/em>, 21, 57-68 (2004)<\/li><li>T. Erman, B. Serpil-Altay, C. Altay, &#8220;Architects and the Architectural Profession in the Turkish Context&#8221;, <em>J of Architectural Education<\/em>, 58, 46-53 (2004)<\/li><li>T. Erman, S. Kalaycioglu, H. Rittersberger-Tilic, &#8220;Money Earning Activities and Empowerment Experiences of Rural Migrant Women in the City: The Case of Turkey&#8221;, <em>Women&#8217;s Studies International Forum<\/em>, 25, 395-410 (2002)<\/li><li>T. Erman, &#8220;The politics of <em>gecekondu<\/em> (squatter) studies in Turkey: the changing representations of rural migrants in the academic discourse&#8221;, <em>Urban Studies<\/em>, 38, 983-1002 (2001)<\/li><li>T. Erman, &#8220;Rural migrants and patriarchy in Turkish cities&#8221;, <em>Int J of Urban and Regional Research<\/em>, 25, 118-133 (2001)<\/li><li>T. Erman, E. Goker, &#8220;Alevi politics in contemporary Turkey&#8221;, <em>Middle Eastern Studies<\/em>, 36, 99-118 (2000)<\/li><li>T. Erman, &#8220;&#8216;Becoming urban&#8217; or &#8216;remaining rural&#8217;: The views of Turkish rural-to-urban migrants on the integration question&#8221;, <em>Int J of Middle Eastern Studies<\/em>, 30, 541-561 (1998)<\/li><li>T. Erman, &#8220;The impact of migration on Turkish rural women: Four emergent patterns&#8221;, <em>Gender and Society<\/em>, 12, 146-167 (1998)<\/li><li>T. Erman, &#8220;The meaning of city living for rural migrant women and their role in migration: the case of Turkey&#8221;, <em>Women&#8217;s Studies International Forum<\/em>, 20, 263-273 (1997)<\/li><li>T. Erman, &#8220;Squatter (gecekondu) housing versus apartment housing &#8211; Turkish rural-to-urban migrant residents perspectives&#8221;, <em>Habitat International<\/em>, 21, 91-106 (1997)<\/li><li>T. Erman, &#8220;Women and the housing environment: The experiences of Turkish migrant women in squatter and apartments&#8221;, <em>Environment and Behavior<\/em>, 28, 764-798 (1996)<\/li><\/ul>\n\n\n\n<div style=\"height:25px\" aria-hidden=\"true\" class=\"wp-block-spacer\"><\/div>\n","protected":false},"excerpt":{"rendered":"<p>SE\u00c7\u0130L\u0130\u00a0YAYINLAR Kitap B\u00f6l\u00fcmleri T. Erman, &#8220;Migration From Rural Anatolia to Metropolitan Cities&#8221;, The Routledge Handbook on Contemporary Turkey, J. Jongerden (Eds.), pp. 347-359, Routledge (2021) T. Erman, &#8220;Liberated Neighborhoods\u2019: Reconstructing Leftist Activism in the Urban Periphery&#8221;, Turmoil: Social Change and Political Radicalization during the 1960s and 1970s, B. Pekesen (Eds.), [\u2026] <\/p>\n<div class=\"clear\"><\/div>\n<p><a class=\"more_link clearfix\" href=\"https:\/\/pols.bilkent.edu.tr\/index.php\/tr\/tam-zamanli-ogretim-uyeleri\/fatma-tahire-erman\/\" rel=\"nofollow\">Read More<\/a><\/p>\n","protected":false},"author":1,"featured_media":0,"parent":1107,"menu_order":0,"comment_status":"closed","ping_status":"closed","template":"","meta":[],"_links":{"self":[{"href":"https:\/\/pols.bilkent.edu.tr\/index.php\/wp-json\/wp\/v2\/pages\/1361"}],"collection":[{"href":"https:\/\/pols.bilkent.edu.tr\/index.php\/wp-json\/wp\/v2\/pages"}],"about":[{"href":"https:\/\/pols.bilkent.edu.tr\/index.php\/wp-json\/wp\/v2\/types\/page"}],"author":[{"embeddable":true,"href":"https:\/\/pols.bilkent.edu.tr\/index.php\/wp-json\/wp\/v2\/users\/1"}],"replies":[{"embeddable":true,"href":"https:\/\/pols.bilkent.edu.tr\/index.php\/wp-json\/wp\/v2\/comments?post=1361"}],"version-history":[{"count":3,"href":"https:\/\/pols.bilkent.edu.tr\/index.php\/wp-json\/wp\/v2\/pages\/1361\/revisions"}],"predecessor-version":[{"id":1869,"href":"https:\/\/pols.bilkent.edu.tr\/index.php\/wp-json\/wp\/v2\/pages\/1361\/revisions\/1869"}],"up":[{"embeddable":true,"href":"https:\/\/pols.bilkent.edu.tr\/index.php\/wp-json\/wp\/v2\/pages\/1107"}],"wp:attachment":[{"href":"https:\/\/pols.bilkent.edu.tr\/index.php\/wp-json\/wp\/v2\/media?parent=1361"}],"curies":[{"name":"wp","href":"https:\/\/api.w.org\/{rel}","templated":true}]}}