{"id":1355,"date":"2022-11-24T15:14:31","date_gmt":"2022-11-24T12:14:31","guid":{"rendered":"https:\/\/pols.bilkent.edu.tr\/?page_id=1355"},"modified":"2025-01-29T13:50:00","modified_gmt":"2025-01-29T10:50:00","slug":"berrak-burcak","status":"publish","type":"page","link":"https:\/\/pols.bilkent.edu.tr\/index.php\/tr\/tam-zamanli-ogretim-uyeleri\/berrak-burcak\/","title":{"rendered":"Berrak Bur\u00e7ak Della Fave"},"content":{"rendered":"\n<div class=\"wp-block-media-text alignwide is-stacked-on-mobile is-vertically-aligned-center\" style=\"grid-template-columns:24% auto\"><figure class=\"wp-block-media-text__media\"><img loading=\"lazy\" width=\"318\" height=\"428\" src=\"https:\/\/pols.bilkent.edu.tr\/wp-content\/uploads\/2022\/12\/BERRAK_BURCAK-removebg-preview-2.png\" alt=\"\" class=\"wp-image-1560 size-full\" srcset=\"https:\/\/pols.bilkent.edu.tr\/wp-content\/uploads\/2022\/12\/BERRAK_BURCAK-removebg-preview-2.png 318w, https:\/\/pols.bilkent.edu.tr\/wp-content\/uploads\/2022\/12\/BERRAK_BURCAK-removebg-preview-2-223x300.png 223w, https:\/\/pols.bilkent.edu.tr\/wp-content\/uploads\/2022\/12\/BERRAK_BURCAK-removebg-preview-2-41x55.png 41w\" sizes=\"(max-width: 318px) 100vw, 318px\" \/><\/figure><div class=\"wp-block-media-text__content\">\n<p class=\"has-text-align-left\" style=\"font-size:18px;line-height:1\"><strong>Dr. \u00d6\u011fretim \u00dcyesi<\/strong><\/p>\n\n\n\n<p class=\"has-text-align-left\" style=\"font-size:18px;line-height:1.5\"><strong>Ph.D., Near Eastern Studies, Princeton University, 2005. Osmanl\u0131-T\u00fcrk modernle\u015fmesi tarihi, modern T\u00fcrkiye\u2019nin siyasi tarihi<\/strong><\/p>\n\n\n\n<div class=\"wp-container-3 wp-block-columns\">\n<div class=\"wp-container-1 wp-block-column\" style=\"flex-basis:33.33%\">\n<div style=\"height:0px\" aria-hidden=\"true\" class=\"wp-block-spacer\"><\/div>\n\n\n\n<figure class=\"wp-block-image size-full is-resized\"><a href=\"https:\/\/scholar.google.com\/citations?hl=en&amp;user=u2kF7esAAAAJ\" target=\"_blank\" rel=\"noreferrer noopener\"><img loading=\"lazy\" src=\"https:\/\/pols.bilkent.edu.tr\/wp-content\/uploads\/2022\/08\/pngegg-11.png\" alt=\"\" class=\"wp-image-800\" width=\"34\" height=\"34\" srcset=\"https:\/\/pols.bilkent.edu.tr\/wp-content\/uploads\/2022\/08\/pngegg-11.png 500w, https:\/\/pols.bilkent.edu.tr\/wp-content\/uploads\/2022\/08\/pngegg-11-300x300.png 300w, https:\/\/pols.bilkent.edu.tr\/wp-content\/uploads\/2022\/08\/pngegg-11-150x150.png 150w, https:\/\/pols.bilkent.edu.tr\/wp-content\/uploads\/2022\/08\/pngegg-11-55x55.png 55w\" sizes=\"(max-width: 34px) 100vw, 34px\" \/><\/a><figcaption>Google Scholar<\/figcaption><\/figure>\n<\/div>\n\n\n\n<div class=\"wp-container-2 wp-block-column\" style=\"flex-basis:66.66%\">\n<p><strong>E-Posta:<\/strong> berrak@bilkent.edu.tr<br><strong>Telefon:<\/strong> 0312 290 2254<br><strong>Office:<\/strong> HZ-32C\u00a0\u00a0\u00a0\u00a0<\/p>\n<\/div>\n<\/div>\n<\/div><\/div>\n\n\n\n<div style=\"height:50px\" aria-hidden=\"true\" class=\"wp-block-spacer\"><\/div>\n\n\n\n<h2>SE\u00c7\u0130L\u0130&nbsp;YAYINLAR<\/h2>\n\n\n\n<div style=\"height:25px\" aria-hidden=\"true\" class=\"wp-block-spacer\"><\/div>\n\n\n\n<h2>Kitap B\u00f6l\u00fcmleri<\/h2>\n\n\n\n<ul><li>B. Burcak, \u201cDeconstructing Orientalism at the 1893 World\u2019s Columbian Exposition: Esmeralda Cervantes, Sultan Abd\u00fclhamid II and \u2018Address on the Education and Literature of the Women of Turkey&#8217;\u201d,&nbsp;<em>The Turkish Connection: Global Intellectual Histories of the Late Ottoman and Republican Turkey<\/em>, Deniz Kuru and Hazal Pabu\u00e7\u00e7ular (Eds.), pp. 79-105, Oldenbourg: De Gruyter (2022).<\/li><\/ul>\n\n\n\n<div style=\"height:25px\" aria-hidden=\"true\" class=\"wp-block-spacer\"><\/div>\n\n\n\n<h2>Kitap \u0130ncelemeleri<\/h2>\n\n\n\n<ul><li>B. Burcak, &#8220;Learned Patriots: Debating Science, State, and Society in the Nineteenth-Century Ottoman Empire&#8221; , by M. Alper Yal\u00e7inkaya, Chicago: University of Chicago Press, 314, 2015, in <em>Int J of Middle East Studies<\/em>, 48, (2016).<\/li><\/ul>\n\n\n\n<div style=\"height:25px\" aria-hidden=\"true\" class=\"wp-block-spacer\"><\/div>\n\n\n\n<h2>Dergi Yay\u0131nlar\u0131<\/h2>\n\n\n\n<ul><li>B. Burcak, &#8220;\u2018The question of the corset\u2019: fashion, health and identity in late Ottoman history&#8221;, <em>British J of Middle Eastern Studies<\/em>., 1-22 (2021)&nbsp; <a href=\"http:\/\/yoksis.bilkent.edu.tr\/pdf\/?doi=15778\">PDF<\/a><\/li><li>B. Burcak, &#8220;Hygienic beauty: discussing Ottoman-Muslim female beauty, health and hygiene in the Hamidian Era&#8221;, <em>Middle Eastern Studies<\/em>, 54, 343-360 (2018)&nbsp; <a href=\"http:\/\/yoksis.bilkent.edu.tr\/pdf\/?doi=14014\">PDF<\/a><\/li><li>B. Burcak, &#8220;Modernization, Science and Engineering in the Early Nineteenth Century Ottoman Empire&#8221;, <em>Middle Eastern Studies<\/em>, 44, 69-83 (2008)<\/li><li>B. Burcak, &#8220;The Institution of the Ottoman Embassy and Eighteenth Century Ottoman History: An Alternative View to Gocek&#8221;, <em>Int J of Turkish Studies<\/em>, 13, 147-151 (2007)<\/li><li>A. Erdentug, B. Burcak, &#8220;Political tuning in Ankara, a Capital, as reflected in its urban symbols and images&#8221;, <em>Int J of Urban and Regional Research<\/em>, 22, 589-601 (1998)<\/li><\/ul>\n\n\n\n<div style=\"height:25px\" aria-hidden=\"true\" class=\"wp-block-spacer\"><\/div>\n","protected":false},"excerpt":{"rendered":"<p>SE\u00c7\u0130L\u0130&nbsp;YAYINLAR Kitap B\u00f6l\u00fcmleri B. Burcak, \u201cDeconstructing Orientalism at the 1893 World\u2019s Columbian Exposition: Esmeralda Cervantes, Sultan Abd\u00fclhamid II and \u2018Address on the Education and Literature of the Women of Turkey&#8217;\u201d,&nbsp;The Turkish Connection: Global Intellectual Histories of the Late Ottoman and Republican Turkey, Deniz Kuru and Hazal Pabu\u00e7\u00e7ular (Eds.), pp. 79-105, [\u2026] <\/p>\n<div class=\"clear\"><\/div>\n<p><a class=\"more_link clearfix\" href=\"https:\/\/pols.bilkent.edu.tr\/index.php\/tr\/tam-zamanli-ogretim-uyeleri\/berrak-burcak\/\" rel=\"nofollow\">Read More<\/a><\/p>\n","protected":false},"author":1,"featured_media":0,"parent":1107,"menu_order":0,"comment_status":"closed","ping_status":"closed","template":"","meta":[],"_links":{"self":[{"href":"https:\/\/pols.bilkent.edu.tr\/index.php\/wp-json\/wp\/v2\/pages\/1355"}],"collection":[{"href":"https:\/\/pols.bilkent.edu.tr\/index.php\/wp-json\/wp\/v2\/pages"}],"about":[{"href":"https:\/\/pols.bilkent.edu.tr\/index.php\/wp-json\/wp\/v2\/types\/page"}],"author":[{"embeddable":true,"href":"https:\/\/pols.bilkent.edu.tr\/index.php\/wp-json\/wp\/v2\/users\/1"}],"replies":[{"embeddable":true,"href":"https:\/\/pols.bilkent.edu.tr\/index.php\/wp-json\/wp\/v2\/comments?post=1355"}],"version-history":[{"count":7,"href":"https:\/\/pols.bilkent.edu.tr\/index.php\/wp-json\/wp\/v2\/pages\/1355\/revisions"}],"predecessor-version":[{"id":3346,"href":"https:\/\/pols.bilkent.edu.tr\/index.php\/wp-json\/wp\/v2\/pages\/1355\/revisions\/3346"}],"up":[{"embeddable":true,"href":"https:\/\/pols.bilkent.edu.tr\/index.php\/wp-json\/wp\/v2\/pages\/1107"}],"wp:attachment":[{"href":"https:\/\/pols.bilkent.edu.tr\/index.php\/wp-json\/wp\/v2\/media?parent=1355"}],"curies":[{"name":"wp","href":"https:\/\/api.w.org\/{rel}","templated":true}]}}