{"id":1353,"date":"2022-11-24T15:13:18","date_gmt":"2022-11-24T12:13:18","guid":{"rendered":"https:\/\/pols.bilkent.edu.tr\/?page_id=1353"},"modified":"2023-03-05T14:06:20","modified_gmt":"2023-03-05T11:06:20","slug":"hatice-pinar-bilgin","status":"publish","type":"page","link":"https:\/\/pols.bilkent.edu.tr\/index.php\/tr\/tam-zamanli-ogretim-uyeleri\/hatice-pinar-bilgin\/","title":{"rendered":"Hatice P\u0131nar Bilgin"},"content":{"rendered":"\n<div class=\"wp-block-media-text alignwide is-stacked-on-mobile is-vertically-aligned-center\" style=\"grid-template-columns:24% auto\"><figure class=\"wp-block-media-text__media\"><img loading=\"lazy\" width=\"363\" height=\"519\" src=\"https:\/\/pols.bilkent.edu.tr\/wp-content\/uploads\/2022\/12\/Pinar_Bilgin-removebg-preview-1.png\" alt=\"\" class=\"wp-image-1559 size-full\" srcset=\"https:\/\/pols.bilkent.edu.tr\/wp-content\/uploads\/2022\/12\/Pinar_Bilgin-removebg-preview-1.png 363w, https:\/\/pols.bilkent.edu.tr\/wp-content\/uploads\/2022\/12\/Pinar_Bilgin-removebg-preview-1-210x300.png 210w, https:\/\/pols.bilkent.edu.tr\/wp-content\/uploads\/2022\/12\/Pinar_Bilgin-removebg-preview-1-38x55.png 38w\" sizes=\"(max-width: 363px) 100vw, 363px\" \/><\/figure><div class=\"wp-block-media-text__content\">\n<p class=\"has-text-align-left\" style=\"font-size:18px;line-height:1\"><strong>Profes\u00f6r<\/strong><\/p>\n\n\n\n<p class=\"has-text-align-left\" style=\"font-size:18px;line-height:1.5\"><strong>Ph.D., International Politics, University of Wales, Aberystwyth, 2000. G\u00fcvenlik \u00e7al\u0131\u015fmalar\u0131, uluslararas\u0131 ili\u015fkiler kuramlar\u0131, Orta Do\u011fu\u2019da b\u00f6lge g\u00fcvenli\u011fi<\/strong><\/p>\n\n\n\n<div class=\"wp-container-3 wp-block-columns\">\n<div class=\"wp-container-1 wp-block-column\" style=\"flex-basis:33.33%\">\n<div style=\"height:0px\" aria-hidden=\"true\" class=\"wp-block-spacer\"><\/div>\n\n\n\n<figure class=\"wp-block-image size-full is-resized\"><a href=\"https:\/\/scholar.google.com\/citations?user=U99cTS8AAAAJ&amp;hl=en\" target=\"_blank\" rel=\"noreferrer noopener\"><img loading=\"lazy\" src=\"https:\/\/pols.bilkent.edu.tr\/wp-content\/uploads\/2022\/08\/pngegg-11.png\" alt=\"\" class=\"wp-image-800\" width=\"34\" height=\"34\" srcset=\"https:\/\/pols.bilkent.edu.tr\/wp-content\/uploads\/2022\/08\/pngegg-11.png 500w, https:\/\/pols.bilkent.edu.tr\/wp-content\/uploads\/2022\/08\/pngegg-11-300x300.png 300w, https:\/\/pols.bilkent.edu.tr\/wp-content\/uploads\/2022\/08\/pngegg-11-150x150.png 150w, https:\/\/pols.bilkent.edu.tr\/wp-content\/uploads\/2022\/08\/pngegg-11-55x55.png 55w\" sizes=\"(max-width: 34px) 100vw, 34px\" \/><\/a><figcaption>Google Scholar<\/figcaption><\/figure>\n<\/div>\n\n\n\n<div class=\"wp-container-2 wp-block-column\" style=\"flex-basis:66.66%\">\n<p><strong>E-Posta:<\/strong> pbilgin@bilkent.edu.tr<br><strong>Telefon:<\/strong> 0312 290 2164<br><strong>Office:<\/strong> A315<\/p>\n<\/div>\n<\/div>\n<\/div><\/div>\n\n\n\n<div style=\"height:50px\" aria-hidden=\"true\" class=\"wp-block-spacer\"><\/div>\n\n\n\n<h2>SE\u00c7\u0130L\u0130\u00a0YAYINLAR<\/h2>\n\n\n\n<div style=\"height:25px\" aria-hidden=\"true\" class=\"wp-block-spacer\"><\/div>\n\n\n\n<h2>Kitaplar<\/h2>\n\n\n\n<ul><li>P. Bilgin,&nbsp;<em>The International in Security, Security in the International<\/em>, London, Routledge, (2016).<\/li><li>P. Bilgin,&nbsp;<em>Regional Security in the Middle East: A Critical Perspective [revised and updated 2nd ed. In 2019]<\/em>, London: Routledge, (2005).<\/li><\/ul>\n\n\n\n<div style=\"height:25px\" aria-hidden=\"true\" class=\"wp-block-spacer\"><\/div>\n\n\n\n<h2>Kitap B\u00f6l\u00fcmleri<\/h2>\n\n\n\n<ul><li>P. Bilgin, \u201c\u2018On the \u201cDoes Theory Travel\/\u201d Question: Travelling with Edward Said\u201d,&nbsp;<em>The Politics of Translation in International Relations<\/em>, Z.G. Capan (Eds.), pp. 245-255, London: Palgrave (2021)<\/li><li>P. Bilgin, B. Futak-Campbell, \u201cIntroduction: Globalising (the Study of) Regionalism in International Relations\u201d,&nbsp;<em>Globalising Regionalism and International Relations<\/em>, B. Futak-Campbell (Eds.), pp. 3-26, Bristol: Bristol University Press (2021)<\/li><li>P. Bilgin, \u201cThe persistence of the \u201cMiddle East\u201d as a geopolitical invention of security: \u201cdenial of coevalness\u201d,&nbsp;<em>The Multidimensionality of Regions in World Politics<\/em>, P.J. Kohlberg, N. Godehardt (Eds.), pp. 114-130, London: Routledge (2020)<\/li><li>P. Bilgin, \u201cOpening up international relations, or: how I learned to stop worrying and love \u2018non-Western IR\u201d,&nbsp;<em>Handbook of Critical International Relations<\/em>, S. Roach (Eds.), pp. 12-28, New York: Edward Elgar (2020)<\/li><li>P. Bilgin, \u201cSecurity\u201d,&nbsp;<em>International Relations from the Global South: Worlds of Difference<\/em>, A. Tickner, K. Smith (Eds.), pp. 181-196, London: Routledge (2020)<\/li><li>P. Bilgin, \u201cWorlding Conflict Resolution and Mediation Expertise: In the \u2018Global South\u201d,&nbsp;<em>Assembling Exclusive Expertise: Knowledge, Ignorance and Conflict Resolution in the Global South<\/em>, A. Leander, O. Weaver (Eds.), pp. 77-92, London: Routledge (2019)<\/li><li>P. Bilgin, \u201cSecuring the Postcolonial\u201d,&nbsp;<em>Routledge Handbook of Postcolonial Politics<\/em>, O. Rutazibwa, R. Shilliam (Eds.), pp. 48-57, London: Routledge (2018)<\/li><li>P. Bilgin, \u201cThinking About World Order, Inquiring Into Others\u2019 Conceptions of the International\u201d,&nbsp;<em>Theorizing Global Order: The International, Culture and Governance<\/em>, G. Hellmann (Eds.), pp. 37-65, Frankfurt: Campus (2018)<\/li><li>P. Bilgin, \u201cSecuring the Mediterranean, Inventing the \u2018Middle East\u201d,&nbsp;<em>Routledge Handbook of Mediterranean Politics<\/em>, R. Gillespie, F. Volpi (Eds.), pp. 50-59, London &amp; New York: Routledge (2017)<\/li><li>P. Bilgin, B. Ince, \u201cOntological (in)security of \u201cincluded\u201d citizens: The case of early Republican Turkey (1923-1946)\u201d,&nbsp;<em>Conflict Resolution and Ontological Security: Peace Anxieties<\/em>, B. Rumelili (Eds.), pp. 117-135, London Routledge (2015)<\/li><li>P. Bilgin, \u201cSecurity in the Arab World and Turkey: Differently Different\u201d,&nbsp;<em>Thinking International Relations Differently<\/em>, A.B. Tickner, D.L. Blaney (Eds.), pp. 27-47, London and New York: Routledge (2012)<\/li><li>P. Bilgin, \u201cThe Continuing Appeal of Critical Security Studies\u201d,&nbsp;<em>Critical Theory in International Relations and Security Studies: Interviews and Reflections<\/em>, S. Brincat, L. Lima, J. Nunes (Eds.), pp. 159-170, London and New York: Routledge (2012)<\/li><li>P. Bilgin, \u201cTurkey\u2019s Geopolitics Dogma\u201d,&nbsp;<em>The Return of Geopolitics in Europe? Social Mechanisms and Foreign Policy Identity Crises<\/em>, S. Guzzini (Eds.), pp. 151-173, Cambridge: Cambridge University Press (2012)<\/li><li>P. Bilgin, \u201cIdentity\/Security\u201d,&nbsp;<em>Handbook of New Security Studies<\/em>, P. Burgress (Eds.), pp. 81-89, New York: Routledge (2010)<\/li><li>P. Bilgin, \u201cThe Politics of Security and Secularism in Turkey: From the Early Republican Era to EU Accession Negotiations\u201d,&nbsp;<em>Religion, Politics and Turkey\u2019s EU Accession<\/em>, D. Jung, C. Raudvere (Eds.), pp. 139-156, London: Palgrave MacMillan (2008)<\/li><li>P. Bilgin, A.D. Morton, \u201cRethinking State Failure: The Political Economy of Security\u201d,&nbsp;<em>State Failure Revisited I: Globalization of Security and Neighbourhood Effects<\/em>, D. Lambach, T. Debiel (Eds.), Institute for Development and Peace- INEF Report (2007)<\/li><li>P. Bilgin, \u201cStructural Violence &amp; Military, Security and Development\u201d,&nbsp;<em>\u0131nternational Encyclopedia of Development<\/em>, T. Forsyth (Eds.), pp. 447-665, Routledge (2004)<\/li><li>P. Bilgin, \u201cTurkey and EU: Yesterday\u2019s Answers to Tomorrow\u2019s Security Problems?\u201d,&nbsp;<em>EU Civilian Crisis Management<\/em>, G. Herd, J. Huru (Eds.), pp. 34-51, Conflict Studies Research Centre (2001)<\/li><li>P. Bilgin, \u201cInventing Middle Easts: The Making of Regions through Security Discources\u201d,&nbsp;<em>The Middle East in a Globalised World<\/em>, B.O. Utvik, K.S. Vikor (Eds.), pp. 10-37, Nordic Soc Middle Eastern Studies (2000)<\/li><\/ul>\n\n\n\n<div style=\"height:25px\" aria-hidden=\"true\" class=\"wp-block-spacer\"><\/div>\n\n\n\n<h2>Kitap \u0130ncelemeleri<\/h2>\n\n\n\n<ul><li>P. Bilgin, \u201cInternational Relations in the Middle East: Hegemonic Strategic and Regional Order\u201d , by E. Stein, Cambridge: Cambridge University Press, 225, 2021, in&nbsp;<em>Perspectives on Politics<\/em>, 20, (2022).<\/li><li>P. Bilgin, \u201cForeign Policy Analysis: Classic and Contemporary Theory\u201d , by V.M. Hudson, Lanham, MD: Rowman &amp; Littlefield, 234, 2006, in&nbsp;<em>Millenium \u2013 Journal of International Studies<\/em>, 37, (2008).<\/li><li>P. Bilgin, \u201cCulture and Security: Symbolic Power and the Politics of International Security\u201d , by M.C. Williams, Routledge, 172, 2007, in&nbsp;<em>J of International Relations and Development<\/em>, 10, (2007).<\/li><li>P. Bilgin, \u201cContentious Issues of Security and the Future of Turkey\u201d , by N.A. Guney, Ashgate, 197, 2007, in&nbsp;<em>Turkish Studies<\/em>, 8, (2007).<\/li><li>P. Bilgin, \u201cResponse to the Iraq Study Group Report\u201d , by Iraq Study Report, Roundtable Forum, 2006, in&nbsp;<em>International Affairs Forum<\/em>, (2007).<\/li><li>P. Bilgin, \u201cThe politics of protection: Sites of insecurity and political agency\u201d , by J. Huysmans, Routledge, 211, 2006, in&nbsp;<em>Millennium- J of International Studies<\/em>, 36, (2007).<\/li><li>P. Bilgin, \u201cGoverning Insecurity: Democratic Control of Military and Security Establishments in Transitional Democracies\u201d , by G. Cawthra, R. Luckham, London: Zed Books, 340, 2003, in&nbsp;<em>Millenium: Journal of International Studies<\/em>, 34, (2005).<\/li><li>P. Bilgin, \u201cTurkish Foreign Policy and Turkish Identity\u201d , by Y. Bozdaglioglu, New York and London: Routledge, 224, 2003, in&nbsp;<em>Turkish Studies<\/em>, 5, (2004).<\/li><li>P. Bilgin, \u201cGlobalisation and Insecurity in the Twenty-first-Century: NATO and the Management of Risk\u201d , by C. Coker, The International Institude for Strategic Studies, 103, 2002, in&nbsp;<em>First Review<\/em>, 1, (2003).<\/li><li>P. Bilgin, \u201cIslam, the Middle East and the New Global Hegemony\u201d , by S. Murden, Lynne Rienner Publishers, 235, 2002, in&nbsp;<em>Millenium: Journal of International Studies<\/em>, 32, (2003).<\/li><li>P. Bilgin, \u201cRedefining Security in the Middle East\u201d , by T.A. Jacoby, B.E. Sasley, Manchester University Press, 176, 2002, in&nbsp;<em>Millenium: Journal of International Studies<\/em>, 32, (2003).<\/li><li>P. Bilgin, \u201cThe New Geopolitics of Eurasia and Turkey\u2019s Position\u201d , by B. Aras, Frank Cass Publishers, 110, 2002, in&nbsp;<em>Turkish Studies<\/em>, 4, (2003).<\/li><li>P. Bilgin, \u201cPostcolonical International Relations: Conquest and Desire Between Asia and West\u201d , by L.H.M. Ling, London: Palgrave, 269, 2002, in&nbsp;<em>Progress in Development Studies<\/em>, 2, (2002).<\/li><li>P. Bilgin, \u201cThe Middle East Military Balance 1999-2000\u201d , by S. Brom, Y. Shapir (eds.), MIT Press, 479 pp, 2000, in&nbsp;<em>Political Studies<\/em>, 49, (2001).<\/li><li>P. Bilgin, \u201cIraq Under Seige: The Deadly Impact of Sanctions and War\u201d , by A. Arnove (ed.), South End Press, 216 pp., 2000, in&nbsp;<em>Progress in Development Studies<\/em>, 1, (2001).<\/li><li>P. Bilgin, \u201cUnderstanding the Contemporary Middle East\u201d , by D.J. Gerner (ed.), Lynne Rienner, 422 pp., 2000, in&nbsp;<em>Millennium: Journal of International Studies<\/em>, 29, (2000).<\/li><\/ul>\n\n\n\n<h2>Dergi Yay\u0131nlar\u0131<\/h2>\n\n\n\n<ul><li>P. Bilgin, \u201cA case for re-thinking geo-cultural pluralism in International Relations\u201d,&nbsp;<em>International Politics Review<\/em>..&nbsp;&nbsp;<a href=\"http:\/\/yoksis.bilkent.edu.tr\/pdf\/?doi=15488\">PDF<\/a><\/li><li>P. Bilgin, \u201cThe \u2018Migrant Crisis in the Mediterranean\u2019 as a Threat to Women\u2019s Security in the EU? A Contrapuntal Reading\u201d,&nbsp;<em>Geopolitics<\/em>..&nbsp;&nbsp;<a href=\"http:\/\/yoksis.bilkent.edu.tr\/pdf\/?doi=14824\">PDF<\/a><\/li><li>P. Bilgin, \u201cHow not to Globalise IR: \u2018Centre\u2019 and \u2018Periphery\u2019 as Constitutive of \u2018the International&#8217;\u201d,&nbsp;<em>International Relations<\/em>, 18, 13-27 (2021)&nbsp;&nbsp;<a href=\"http:\/\/yoksis.bilkent.edu.tr\/pdf\/?doi=15486\">PDF<\/a><\/li><li>P. Bilgin, Z.G. Capan, \u201cIntroduction to the Special Issue Regional International Relations and Global Worlds: Globalising International Relations\u201d,&nbsp;<em>International Relations<\/em>, 18, 1-11 (2021)&nbsp;&nbsp;<a href=\"http:\/\/yoksis.bilkent.edu.tr\/pdf\/?doi=15487\">PDF<\/a><\/li><li>P. Bilgin, \u201cSacralisation: Defying the Politicisation of Security in Turkey\u201d,&nbsp;<em>European Review of International Studies<\/em>, 5, 94-114 (2018)&nbsp;&nbsp;<a href=\"http:\/\/yoksis.bilkent.edu.tr\/pdf\/?doi=13837\">PDF<\/a><\/li><li>P. Bilgin, \u201cInquiring into Others\u2019 Conceptions of the International and Security\u201d,&nbsp;<em>PS: Political Science and Politics<\/em>, 50, 652-655 (2017)&nbsp;&nbsp;<a href=\"http:\/\/yoksis.bilkent.edu.tr\/pdf\/?doi=13124\">PDF<\/a><\/li><li>P. Bilgin, \u201cResisting Post-truth Politics, a Primer: Or, How Not to Think about Human Mobility and the Global Environment\u201d,&nbsp;<em>Global Policy<\/em>, 8, 55-59 (2017)&nbsp;&nbsp;<a href=\"http:\/\/yoksis.bilkent.edu.tr\/pdf\/?doi=13123\">PDF<\/a><\/li><li>P. Bilgin, \u201cBeyond the Billiard Ball Model of the International? (symposium review)\u201d,&nbsp;<em>European Political Science<\/em>, 15, 117-119 (2016)&nbsp;&nbsp;<a href=\"http:\/\/yoksis.bilkent.edu.tr\/pdf\/?doi=12788\">PDF<\/a><\/li><li>P. Bilgin, \u201cHow to remedy Eurocentrism in IR? A complement and a challenge for The Global Transformation\u201d,&nbsp;<em>International Theory<\/em>, 8, 492-501 (2016)&nbsp;&nbsp;<a href=\"http:\/\/yoksis.bilkent.edu.tr\/pdf\/?doi=12745\">PDF<\/a><\/li><li>P. Bilgin, \u201cContrapuntal Reading\u201d as a Method, an Ethos, and a Metaphor for Global IR\u201d,&nbsp;<em>International Studies Review<\/em>, 18, 134-146 (2016)&nbsp;&nbsp;<a href=\"http:\/\/yoksis.bilkent.edu.tr\/pdf\/?doi=12432\">PDF<\/a><\/li><li>P. Bilgin, \u201cWhat is the point about Sykes\u2013Picot?\u201d,&nbsp;<em>Global Affairs<\/em>., 1-5 (2016)&nbsp;&nbsp;<a href=\"http:\/\/yoksis.bilkent.edu.tr\/pdf\/?doi=12433\">PDF<\/a><\/li><li>P. Bilgin, B. Ince, \u201cSecurity and Citizenship in Global South: In\/securing citizens in early Republican Turkey (1923-1946)\u201d,&nbsp;<em>International Relations<\/em>, 29, 500-520 (2015)&nbsp;&nbsp;<a href=\"http:\/\/yoksis.bilkent.edu.tr\/pdf\/?doi=7960\">PDF<\/a><\/li><li>P. Bilgin, \u201cArguing against security communitarianism\u201d,&nbsp;<em>Critical Studies on Security<\/em>, 3, 176-181 (2015)&nbsp;&nbsp;<a href=\"http:\/\/yoksis.bilkent.edu.tr\/pdf\/?doi=12434\">PDF<\/a><\/li><li>P. Bilgin, \u201cCritical Investigations into the international\u201d,&nbsp;<em>Third World Quarterly<\/em>, 35, 1098-1114 (2014)&nbsp;&nbsp;<a href=\"http:\/\/yoksis.bilkent.edu.tr\/pdf\/?doi=7969\">PDF<\/a><\/li><li>P. Bilgin,&nbsp;A. Bilgic, \u201cTurkey and EU\/rope: Discourses of Inspiration\/Anxiety in Turkey\u2019s Foreign Policy\u201d,&nbsp;<em>Review of European Studies<\/em>, 4, 111-124 (2012)<\/li><li>P. Bilgin, \u201cCivilization, Dialogue, Security: The Challenge of Post-Secularism and the Limits of Civilizational Dialogue\u201d,&nbsp;<em>Review of International Studies<\/em>, 38, 1099-1115 (2012)<\/li><li>P. Bilgin, \u201cThe Politics of Studying Securitization: The Copenhagen School in Turkey[reprinted in International Relations of the Middle East in 2015]\u201d,&nbsp;<em>Security Dialogue<\/em>, 42, 399-412 (2011)&nbsp;&nbsp;<a href=\"http:\/\/yoksis.bilkent.edu.tr\/pdf\/?doi=10.1177\/0967010611418711\">PDF<\/a><\/li><li>P. Bilgin,&nbsp;A. Bilgic, \u201cTurkey\u2019s \u2018New\u2019 Foreign Policy towards Eurasia\u201d,&nbsp;<em>Eurasian Geography and Economics<\/em>, 52, 173-195 (2011)&nbsp;&nbsp;<a href=\"http:\/\/yoksis.bilkent.edu.tr\/pdf\/?doi=10.2747\/1539-7216.52.2.173\">PDF<\/a><\/li><li>P. Bilgin, \u201cWestern-centrism of Security Studies: Blind Spot or Constitutive Practice?\u201d,&nbsp;<em>Security Dialogue<\/em>, 41, 615-622 (2010)<\/li><li>P. Bilgin, \u201cLooking for the international beyond the West\u201d,&nbsp;<em>Third World Quarterly<\/em>, 31, 817-828 (2010)<\/li><li>K. Cos,&nbsp;P. Bilgin, \u201cStalin\u2019s Demands: Constructions of the Soviet Other in Turkey\u2019s Foreign Policy, 1919-1945\u201d,&nbsp;<em>Foreign Policy Analysis<\/em>, 6, 43-60 (2010)<\/li><li>P. Bilgin, O. Tanrisever, \u201cA Telling Story of IR in the Periphery: Telling Turkey about the World Telling the World about Turkey\u201d,&nbsp;<em>J of International Relations and Development<\/em>, 12, 174-179 (2009)<\/li><li>P. Bilgin, \u201cSecuring Turkey through Western-oriented foreign policy\u201d,&nbsp;<em>New Perspectives on Turkey<\/em>, 40, 105-125 (2009)<\/li><li>P. Bilgin, \u201cThe International Political \u2018Sociology of a not so international discipline&#8217;\u201d,&nbsp;<em>International Political Sociology<\/em>, 3, 338-342 (2009)<\/li><li>P. Bilgin, \u201cThe Securityness of Secularism? The Case of Turkey\u201d,&nbsp;<em>Security Dialogue<\/em>, 39, 593-614 (2008)<\/li><li>P. Bilgin, \u201cThinking Past \u2018Western\u2019 IR?\u201d,&nbsp;<em>Third World Quarterly<\/em>, 29, 5-23 (2008)<\/li><li>P. Bilgin, \u201cTurkey\u2019s European Dilemma[translated into \u201cTyrkiets europeiske dilemma\u201d, Notat, vol.34, 24-27 (2007)]\u201d,&nbsp;<em>Foregin Policy in Focus<\/em>..<\/li><li>P. Bilgin, \u201cMaking Turkey\u2019s Transformation Possible- Claiming Security-Speak, Not Desecuritization\u201d,&nbsp;<em>J of Southeast European and Black Sea Studies<\/em>, 7, 555-571 (2007)<\/li><li>P. Bilgin, \u201cOnly Strong States Can Survive in Turkey\u2019s Geography: Uses of \u2018Geopolitical Truths\u2019 in Turkey\u201d,&nbsp;<em>Political Geography<\/em>, 26, 740-756 (2007)<\/li><li>P. Bilgin, \u201cWhat Future for Middle Eastern Studies?\u201d,&nbsp;<em>Futures<\/em>, 38, 575-585 (2006)<\/li><li>E. Yilmaz,&nbsp;P. Bilgin, \u201cConstructing Turkey\u2019s Western\u2019 Identity During the Cold War: Discources of \u2018Intellectuals of Statecraft&#8217;\u201d,&nbsp;<em>International Journal<\/em>, 61, 39-59 (2005)<\/li><li>P. Bilgin, \u201cTurkey\u2019s Changing Security Discourses: The Challenge of Globalisation\u201d,&nbsp;<em>European J of Political Research<\/em>, 44, 175-201 (2005)<\/li><li>P. Bilgin, \u201cO Projecto de Europeizacao\u201d,&nbsp;<em>o Mundo em Portuques<\/em>, 5, 37-38 (2004)<\/li><li>P. Bilgin, \u201cInternational Politics of Women\u2019s (In) security: Rejoinder to Mary Caprioli\u201d,&nbsp;<em>Security Dialogue<\/em>, 35, 499-504 (2004)<\/li><li>P. Bilgin, \u201cOs Estudos de Seguranca na Turquia no \u2018Occidente\u2019 por meio de \u2018Escrever a Seguranca&#8217;\u201d,&nbsp;<em>Contexto Internacional<\/em>, 26, 149-185 (2004)<\/li><li>P. Bilgin, \u201cIs the Orientalist Past the Future of Middle East Studies\u201d,&nbsp;<em>Third World Quarterly<\/em>, 25, 423-433 (2004)<\/li><li>P. Bilgin, \u201cWhose Middle East? Geopolitical Inventions and Practices of Security [reprinted in International Relations of the Middle East in 2015]\u201d,&nbsp;<em>International Relations<\/em>, 18, 25-41 (2004)<\/li><li>P. Bilgin, A.D. Morton, \u201cFrom \u2018Rogue\u2019 to \u2018Failed\u2019 States? The Fallacy of Short-termism\u201d,&nbsp;<em>Politics<\/em>, 24, 169-180 (2004)<\/li><li>P. Bilgin, \u201cA return to Civilisational Geopolitics in the Mediterranean? Changing Geopolitical Images of the European Union and Turkey in the Post-Cold War Era\u201d,&nbsp;<em>Geopolitics<\/em>, 9, 269-291 (2004)<\/li><li>P. Bilgin, \u201cThe Peculiarity of Turkey\u2019s Position in EU\/NATO Military\/Security Cooperation: A Rejoinder to Missiroli\u201d,&nbsp;<em>Security Dialogue<\/em>, 34, 345-349 (2003)<\/li><li>P. Bilgin, \u201cIndividual and Societal Dimensions of Security\u201d,&nbsp;<em>International Studies Review<\/em>, 5, 203-222 (2003)<\/li><li>P. Bilgin, \u201cBeyond Statism in Security Studies? Human Agency and Security in the Middle East\u201d,&nbsp;<em>Review of International Affairs<\/em>, 2, 100-118 (2002)<\/li><li>P. Bilgin, A.D. Morton, \u201cHistoricising Representations of \u201cFailed States\u201d: Beyond the Cold War Annexation of the Social Sciences?\u201d,&nbsp;<em>Third World Quarterly<\/em>, 23, 55-80 (2002)<\/li><li>P. Bilgin, \u201cThe Middle East in Wor(l)d Politics\u201d,&nbsp;<em>Arab Studies Journal<\/em>, 8, 196-201 (2001)<\/li><li>P. Bilgin, \u201cTheory\/practice in critical approaches to security: an opening for dialogue\u201d,&nbsp;<em>International Politics<\/em>, 38, 273-282 (2001)<\/li><li>P. Bilgin, \u201cMeanings of Security in the Middle East\u201d,&nbsp;<em>National Defense<\/em>, 99, 149-170 (2001)<\/li><li>P. Bilgin, \u201cAlternative futures of the Middle East\u201d,&nbsp;<em>Futures<\/em>, 33, 423-436 (2001)<\/li><\/ul>\n\n\n\n<div style=\"height:25px\" aria-hidden=\"true\" class=\"wp-block-spacer\"><\/div>\n","protected":false},"excerpt":{"rendered":"<p>SE\u00c7\u0130L\u0130\u00a0YAYINLAR Kitaplar P. Bilgin,&nbsp;The International in Security, Security in the International, London, Routledge, (2016). P. Bilgin,&nbsp;Regional Security in the Middle East: A Critical Perspective [revised and updated 2nd ed. In 2019], London: Routledge, (2005). Kitap B\u00f6l\u00fcmleri P. Bilgin, \u201c\u2018On the \u201cDoes Theory Travel\/\u201d Question: Travelling with Edward Said\u201d,&nbsp;The Politics of [\u2026] <\/p>\n<div class=\"clear\"><\/div>\n<p><a class=\"more_link clearfix\" href=\"https:\/\/pols.bilkent.edu.tr\/index.php\/tr\/tam-zamanli-ogretim-uyeleri\/hatice-pinar-bilgin\/\" rel=\"nofollow\">Read More<\/a><\/p>\n","protected":false},"author":1,"featured_media":0,"parent":1107,"menu_order":0,"comment_status":"closed","ping_status":"closed","template":"","meta":[],"_links":{"self":[{"href":"https:\/\/pols.bilkent.edu.tr\/index.php\/wp-json\/wp\/v2\/pages\/1353"}],"collection":[{"href":"https:\/\/pols.bilkent.edu.tr\/index.php\/wp-json\/wp\/v2\/pages"}],"about":[{"href":"https:\/\/pols.bilkent.edu.tr\/index.php\/wp-json\/wp\/v2\/types\/page"}],"author":[{"embeddable":true,"href":"https:\/\/pols.bilkent.edu.tr\/index.php\/wp-json\/wp\/v2\/users\/1"}],"replies":[{"embeddable":true,"href":"https:\/\/pols.bilkent.edu.tr\/index.php\/wp-json\/wp\/v2\/comments?post=1353"}],"version-history":[{"count":3,"href":"https:\/\/pols.bilkent.edu.tr\/index.php\/wp-json\/wp\/v2\/pages\/1353\/revisions"}],"predecessor-version":[{"id":1864,"href":"https:\/\/pols.bilkent.edu.tr\/index.php\/wp-json\/wp\/v2\/pages\/1353\/revisions\/1864"}],"up":[{"embeddable":true,"href":"https:\/\/pols.bilkent.edu.tr\/index.php\/wp-json\/wp\/v2\/pages\/1107"}],"wp:attachment":[{"href":"https:\/\/pols.bilkent.edu.tr\/index.php\/wp-json\/wp\/v2\/media?parent=1353"}],"curies":[{"name":"wp","href":"https:\/\/api.w.org\/{rel}","templated":true}]}}