{"id":1320,"date":"2022-11-24T14:35:39","date_gmt":"2022-11-24T11:35:39","guid":{"rendered":"https:\/\/pols.bilkent.edu.tr\/?page_id=1320"},"modified":"2023-03-30T10:37:05","modified_gmt":"2023-03-30T07:37:05","slug":"aida-just","status":"publish","type":"page","link":"https:\/\/pols.bilkent.edu.tr\/index.php\/tr\/tam-zamanli-ogretim-uyeleri\/aida-just\/","title":{"rendered":"Aida Just"},"content":{"rendered":"\n<div class=\"wp-block-media-text alignwide is-stacked-on-mobile is-vertically-aligned-center\" style=\"grid-template-columns:24% auto\"><figure class=\"wp-block-media-text__media\"><img loading=\"lazy\" width=\"450\" height=\"555\" src=\"https:\/\/pols.bilkent.edu.tr\/wp-content\/uploads\/2022\/12\/11-AAidaJust-2-830x1024-removebg-preview-1.png\" alt=\"\" class=\"wp-image-1567 size-full\" srcset=\"https:\/\/pols.bilkent.edu.tr\/wp-content\/uploads\/2022\/12\/11-AAidaJust-2-830x1024-removebg-preview-1.png 450w, https:\/\/pols.bilkent.edu.tr\/wp-content\/uploads\/2022\/12\/11-AAidaJust-2-830x1024-removebg-preview-1-243x300.png 243w, https:\/\/pols.bilkent.edu.tr\/wp-content\/uploads\/2022\/12\/11-AAidaJust-2-830x1024-removebg-preview-1-45x55.png 45w\" sizes=\"(max-width: 450px) 100vw, 450px\" \/><\/figure><div class=\"wp-block-media-text__content\">\n<p class=\"has-text-align-left\" style=\"font-size:18px;line-height:1\"><strong>Profes\u00f6r<\/strong><\/p>\n\n\n\n<p class=\"has-text-align-left\" style=\"font-size:18px;line-height:1.5\"><strong>Ph.D., Political Science, State University of New York (SUNY), Binghamton, 2005. Kar\u015f\u0131la\u015ft\u0131rmal\u0131 kamuoyu, siyasal davran\u0131\u015f<\/strong><\/p>\n\n\n\n<div class=\"wp-container-3 wp-block-columns\">\n<div class=\"wp-container-1 wp-block-column\" style=\"flex-basis:33.33%\">\n<div style=\"height:0px\" aria-hidden=\"true\" class=\"wp-block-spacer\"><\/div>\n\n\n\n<figure class=\"wp-block-image size-full is-resized\"><a href=\"https:\/\/scholar.google.com\/citations?hl=en&amp;user=KlmnDpQAAAAJ\" target=\"_blank\" rel=\"noreferrer noopener\"><img loading=\"lazy\" src=\"https:\/\/pols.bilkent.edu.tr\/wp-content\/uploads\/2022\/08\/pngegg-11.png\" alt=\"\" class=\"wp-image-800\" width=\"34\" height=\"34\" srcset=\"https:\/\/pols.bilkent.edu.tr\/wp-content\/uploads\/2022\/08\/pngegg-11.png 500w, https:\/\/pols.bilkent.edu.tr\/wp-content\/uploads\/2022\/08\/pngegg-11-300x300.png 300w, https:\/\/pols.bilkent.edu.tr\/wp-content\/uploads\/2022\/08\/pngegg-11-150x150.png 150w, https:\/\/pols.bilkent.edu.tr\/wp-content\/uploads\/2022\/08\/pngegg-11-55x55.png 55w\" sizes=\"(max-width: 34px) 100vw, 34px\" \/><\/a><figcaption>Google Scholar<\/figcaption><\/figure>\n<\/div>\n\n\n\n<div class=\"wp-container-2 wp-block-column\" style=\"flex-basis:66.66%\">\n<p><strong>E-Posta:<\/strong> aidap@bilkent.edu.tr<br><strong>Telefon:<\/strong> 0312 290 2028<br><strong>Office:<\/strong> A216<\/p>\n<\/div>\n<\/div>\n<\/div><\/div>\n\n\n\n<div style=\"height:50px\" aria-hidden=\"true\" class=\"wp-block-spacer\"><\/div>\n\n\n\n<h2><\/h2>\n\n\n\n<div style=\"height:25px\" aria-hidden=\"true\" class=\"wp-block-spacer\"><\/div>\n","protected":false},"excerpt":{"rendered":"","protected":false},"author":1,"featured_media":0,"parent":1107,"menu_order":0,"comment_status":"closed","ping_status":"closed","template":"","meta":[],"_links":{"self":[{"href":"https:\/\/pols.bilkent.edu.tr\/index.php\/wp-json\/wp\/v2\/pages\/1320"}],"collection":[{"href":"https:\/\/pols.bilkent.edu.tr\/index.php\/wp-json\/wp\/v2\/pages"}],"about":[{"href":"https:\/\/pols.bilkent.edu.tr\/index.php\/wp-json\/wp\/v2\/types\/page"}],"author":[{"embeddable":true,"href":"https:\/\/pols.bilkent.edu.tr\/index.php\/wp-json\/wp\/v2\/users\/1"}],"replies":[{"embeddable":true,"href":"https:\/\/pols.bilkent.edu.tr\/index.php\/wp-json\/wp\/v2\/comments?post=1320"}],"version-history":[{"count":7,"href":"https:\/\/pols.bilkent.edu.tr\/index.php\/wp-json\/wp\/v2\/pages\/1320\/revisions"}],"predecessor-version":[{"id":2002,"href":"https:\/\/pols.bilkent.edu.tr\/index.php\/wp-json\/wp\/v2\/pages\/1320\/revisions\/2002"}],"up":[{"embeddable":true,"href":"https:\/\/pols.bilkent.edu.tr\/index.php\/wp-json\/wp\/v2\/pages\/1107"}],"wp:attachment":[{"href":"https:\/\/pols.bilkent.edu.tr\/index.php\/wp-json\/wp\/v2\/media?parent=1320"}],"curies":[{"name":"wp","href":"https:\/\/api.w.org\/{rel}","templated":true}]}}