{"id":1270,"date":"2022-11-18T10:09:10","date_gmt":"2022-11-18T07:09:10","guid":{"rendered":"https:\/\/pols.bilkent.edu.tr\/?page_id=1270"},"modified":"2025-07-01T01:08:42","modified_gmt":"2025-06-30T22:08:42","slug":"bolum-tarihcesi","status":"publish","type":"page","link":"https:\/\/pols.bilkent.edu.tr\/index.php\/tr\/bolum-tarihcesi\/","title":{"rendered":"B\u00f6l\u00fcm Tarih\u00e7esi"},"content":{"rendered":"\n<p>Siyaset Bilimi ve Kamu Y\u00f6netimi B\u00f6l\u00fcm\u00fc (Bilkent POLS), Prof. Dr. Metin Heper\u2019in Kurucu B\u00f6l\u00fcm Ba\u015fkanl\u0131\u011f\u0131nda Bilkent \u00dcniversitesinin ilk b\u00f6l\u00fcmlerinden biri olarak 1988\u2019de kurulmu\u015ftur. Bilkent POLS kurulu\u015fundan bu yana istikrarl\u0131 bir \u015fekilde geli\u015fmi\u015f, bug\u00fcn uluslararas\u0131 tan\u0131nm\u0131\u015fl\u0131\u011f\u0131 olan 20&#8217;yi a\u015fan tam zamanl\u0131 \u00f6\u011fretim eleman\u0131yla \u00fclkenin \u00f6nde gelen e\u011fitim ve ara\u015ft\u0131rma kurumlar\u0131ndan birisi olmu\u015ftur. B\u00f6l\u00fcm, se\u00e7kin Bilkent POLS mezunlar\u0131 toplulu\u011funa kat\u0131lmay\u0131 hayal eden lisans ve lisans\u00fcst\u00fc \u00f6\u011frencilerini bilim d\u00fcnyas\u0131ndan \u00f6zel sekt\u00f6re, kamu b\u00fcrokrasisinden uluslararas\u0131 \u00f6rg\u00fctlere uzanan sayg\u0131n bir kariyer yelpazesine haz\u0131rlamaktad\u0131r.<\/p>\n\n\n\n<p>Bilkent POLS kadrosunun ba\u015fta T\u00fcrk Siyasal Hayat\u0131, Kar\u015f\u0131la\u015ft\u0131rmal\u0131 Siyaset, Siyasi Kuram, Sosyal ve K\u00fclt\u00fcrel \u00c7al\u0131\u015fmalar ve Kamu Politikalar\u0131 olmak \u00fczere Siyaset Bilimi ve Kamu Y\u00f6netiminin t\u00fcm alanlar\u0131nda g\u00fc\u00e7l\u00fc bir yay\u0131n profili bulunmaktad\u0131r. Bilkent POLS kadrosu sosyal bilimlerin \u00f6nemli alanlar\u0131ndaki g\u00fcncel ara\u015ft\u0131rmalar\u0131 ve kurduklar\u0131 i\u015fbirlikleri sayesinde ulusal ve uluslararas\u0131 itibara sahiptir.<\/p>\n\n\n\n<p>Bilkent POLS, merkezinde Siyaset Bilimi ve Kamu Y\u00f6netimi olmakla birlikte Sosyal Bilimlerde aktif kat\u0131l\u0131ml\u0131, ara\u015ft\u0131rma temelli, \u00e7ok disiplinli ve \u00e7ok y\u00f6ntemli programlarla \u00f6\u011frencilerine kariyer hedeflerine ula\u015f\u0131rken yol g\u00f6stermeyi ama\u00e7lamaktad\u0131r.<\/p>\n\n\n\n<p>Bilkent \u00dcniversitesinin tarihi i\u00e7in l\u00fctfen <a href=\"https:\/\/w3.bilkent.edu.tr\/www\/tarihce\/\" target=\"_blank\" rel=\"noreferrer noopener\">t\u0131klay\u0131n\u0131z<\/a>.<\/p>\n\n\n\n<p><strong>B\u00f6l\u00fcm Ba\u015fkanlar\u0131 Kronolojisi<\/strong><\/p>\n\n\n\n<p>2025-&#8230;: Do\u00e7. Dr. Meral U\u011fur \u00c7\u0131nar<\/p>\n\n\n\n<p>2022-2025: Do\u00e7. Dr. Hasan Tolga B\u00f6l\u00fckba\u015f\u0131<\/p>\n\n\n\n<p>2016-2022: Prof. Dr. H. P\u0131nar Bilgin<\/p>\n\n\n\n<p>2013-2016: Prof. Dr. Alev \u00c7\u0131nar<\/p>\n\n\n\n<p>2011-2013: Prof. Dr. Elisabeth \u00d6zdalga<\/p>\n\n\n\n<p>1988-2010: Prof. Dr. Metin Heper<\/p>\n","protected":false},"excerpt":{"rendered":"<p>Siyaset Bilimi ve Kamu Y\u00f6netimi B\u00f6l\u00fcm\u00fc (Bilkent POLS), Prof. Dr. Metin Heper\u2019in Kurucu B\u00f6l\u00fcm Ba\u015fkanl\u0131\u011f\u0131nda Bilkent \u00dcniversitesinin ilk b\u00f6l\u00fcmlerinden biri olarak 1988\u2019de kurulmu\u015ftur. Bilkent POLS kurulu\u015fundan bu yana istikrarl\u0131 bir \u015fekilde geli\u015fmi\u015f, bug\u00fcn uluslararas\u0131 tan\u0131nm\u0131\u015fl\u0131\u011f\u0131 olan 20&#8217;yi a\u015fan tam zamanl\u0131 \u00f6\u011fretim eleman\u0131yla \u00fclkenin \u00f6nde gelen e\u011fitim ve ara\u015ft\u0131rma kurumlar\u0131ndan birisi [\u2026] <\/p>\n<div class=\"clear\"><\/div>\n<p><a class=\"more_link clearfix\" href=\"https:\/\/pols.bilkent.edu.tr\/index.php\/tr\/bolum-tarihcesi\/\" rel=\"nofollow\">Read More<\/a><\/p>\n","protected":false},"author":1,"featured_media":0,"parent":0,"menu_order":0,"comment_status":"closed","ping_status":"closed","template":"","meta":[],"_links":{"self":[{"href":"https:\/\/pols.bilkent.edu.tr\/index.php\/wp-json\/wp\/v2\/pages\/1270"}],"collection":[{"href":"https:\/\/pols.bilkent.edu.tr\/index.php\/wp-json\/wp\/v2\/pages"}],"about":[{"href":"https:\/\/pols.bilkent.edu.tr\/index.php\/wp-json\/wp\/v2\/types\/page"}],"author":[{"embeddable":true,"href":"https:\/\/pols.bilkent.edu.tr\/index.php\/wp-json\/wp\/v2\/users\/1"}],"replies":[{"embeddable":true,"href":"https:\/\/pols.bilkent.edu.tr\/index.php\/wp-json\/wp\/v2\/comments?post=1270"}],"version-history":[{"count":2,"href":"https:\/\/pols.bilkent.edu.tr\/index.php\/wp-json\/wp\/v2\/pages\/1270\/revisions"}],"predecessor-version":[{"id":3540,"href":"https:\/\/pols.bilkent.edu.tr\/index.php\/wp-json\/wp\/v2\/pages\/1270\/revisions\/3540"}],"wp:attachment":[{"href":"https:\/\/pols.bilkent.edu.tr\/index.php\/wp-json\/wp\/v2\/media?parent=1270"}],"curies":[{"name":"wp","href":"https:\/\/api.w.org\/{rel}","templated":true}]}}