{"id":1260,"date":"2022-11-18T09:42:48","date_gmt":"2022-11-18T06:42:48","guid":{"rendered":"https:\/\/pols.bilkent.edu.tr\/?page_id=1260"},"modified":"2025-07-01T01:09:31","modified_gmt":"2025-06-30T22:09:31","slug":"historical-background","status":"publish","type":"page","link":"https:\/\/pols.bilkent.edu.tr\/index.php\/historical-background\/","title":{"rendered":"Historical Background"},"content":{"rendered":"\n<p>The Department of Political Science and Public Administration (Bilkent POLS), one of the first departments of Bilkent University, was established in 1988 with Professor Metin Heper as its founding Chair. Since its inception, Bilkent POLS has grown steadily, and now it has an internationally recognized faculty of more than 20 full-time professors and instructors. The Department provides teaching and training to undergraduate and graduate students who are eager to join the alums of Bilkent POLS in prestigious careers ranging from research to the private sector and from public bureaucracy to international organizations.<\/p>\n\n\n\n<p>Members of Bilkent POLS have a very strong track record of research focusing mainly on Turkish Politics, Comparative Politics, Political Theory, Social and Cultural Studies, and Public Policy. The Department boasts a stellar national and international reputation thanks to its members&#8217; cutting-edge research in a range of social sciences and collaboration across subject areas.<\/p>\n\n\n\n<p>Bilkent POLS is committed to guiding students in reaching their career goals by providing hands-on, research-based, multi-disciplinary, and multi-method training in and around Political Science and Public Administration.<\/p>\n\n\n\n<p>For a history of Bilkent University, please <a href=\"https:\/\/w3.bilkent.edu.tr\/bilkent\/historical-background\/\" target=\"_blank\" rel=\"noreferrer noopener\">click<\/a> here.<\/p>\n\n\n\n<p><strong>Chronology of Chairpersons<\/strong><\/p>\n\n\n\n<p>2025-&#8230;: Associate Professor Meral U\u011fur \u00c7\u0131nar<\/p>\n\n\n\n<p>2022-2025: Associate Professor Hasan Tolga B\u00f6l\u00fckba\u015f\u0131<\/p>\n\n\n\n<p>2016-2022: Professor H. P\u0131nar Bilgin<\/p>\n\n\n\n<p>2013-2016: Professor Alev \u00c7\u0131nar<\/p>\n\n\n\n<p>2011-2013: Professor Elisabeth \u00d6zdalga<\/p>\n\n\n\n<p>1988-2010: Professor Metin Heper<\/p>\n","protected":false},"excerpt":{"rendered":"<p>The Department of Political Science and Public Administration (Bilkent POLS), one of the first departments of Bilkent University, was established in 1988 with Professor Metin Heper as its founding Chair. Since its inception, Bilkent POLS has grown steadily, and now it has an internationally recognized faculty of more than 20 [\u2026] <\/p>\n<div class=\"clear\"><\/div>\n<p><a class=\"more_link clearfix\" href=\"https:\/\/pols.bilkent.edu.tr\/index.php\/historical-background\/\" rel=\"nofollow\">Read More<\/a><\/p>\n","protected":false},"author":1,"featured_media":0,"parent":0,"menu_order":0,"comment_status":"closed","ping_status":"closed","template":"","meta":[],"_links":{"self":[{"href":"https:\/\/pols.bilkent.edu.tr\/index.php\/wp-json\/wp\/v2\/pages\/1260"}],"collection":[{"href":"https:\/\/pols.bilkent.edu.tr\/index.php\/wp-json\/wp\/v2\/pages"}],"about":[{"href":"https:\/\/pols.bilkent.edu.tr\/index.php\/wp-json\/wp\/v2\/types\/page"}],"author":[{"embeddable":true,"href":"https:\/\/pols.bilkent.edu.tr\/index.php\/wp-json\/wp\/v2\/users\/1"}],"replies":[{"embeddable":true,"href":"https:\/\/pols.bilkent.edu.tr\/index.php\/wp-json\/wp\/v2\/comments?post=1260"}],"version-history":[{"count":5,"href":"https:\/\/pols.bilkent.edu.tr\/index.php\/wp-json\/wp\/v2\/pages\/1260\/revisions"}],"predecessor-version":[{"id":3541,"href":"https:\/\/pols.bilkent.edu.tr\/index.php\/wp-json\/wp\/v2\/pages\/1260\/revisions\/3541"}],"wp:attachment":[{"href":"https:\/\/pols.bilkent.edu.tr\/index.php\/wp-json\/wp\/v2\/media?parent=1260"}],"curies":[{"name":"wp","href":"https:\/\/api.w.org\/{rel}","templated":true}]}}