{"id":1169,"date":"2022-11-10T19:30:59","date_gmt":"2022-11-10T16:30:59","guid":{"rendered":"https:\/\/pols.bilkent.edu.tr\/?page_id=1169"},"modified":"2026-02-20T19:11:23","modified_gmt":"2026-02-20T16:11:23","slug":"yuksek-lisans","status":"publish","type":"page","link":"https:\/\/pols.bilkent.edu.tr\/index.php\/tr\/yuksek-lisans\/","title":{"rendered":"Y\u00fcksek Lisans"},"content":{"rendered":"\n<p>Siyaset Bilimi y\u00fcksek lisans derecesi, \u00f6\u011frencilere Siyaset Bilimi alan\u0131nda sa\u011flam bir arka plan sa\u011flamak i\u00e7in tasarlanm\u0131\u015ft\u0131r. Programa kat\u0131lacak adaylar\u0131n Siyaset Bilimi veya benzer alanlarda lisans derecesine sahip olmalar\u0131 beklenir. Program, \u00f6\u011frencilerin Bilkent POLS Doktora program\u0131na sorunsuz bir ge\u00e7i\u015f yapmalar\u0131n\u0131 sa\u011flamak i\u00e7in tasarlanm\u0131\u015ft\u0131r. Aksi takdirde, program Siyaset Bilimi ve ara\u015ft\u0131rma e\u011fitimi \u00e7al\u0131\u015fmalar\u0131nda m\u00fckemmel bir temel sunar.<\/p>\n\n\n\n<div style=\"height:100px\" aria-hidden=\"true\" class=\"wp-block-spacer\"><\/div>\n\n\n\n<h2>M\u00fcfredat<\/h2>\n\n\n\n<figure class=\"wp-block-table\"><table><thead><tr><th class=\"has-text-align-left\" data-align=\"left\">Ders Kodu<\/th><th class=\"has-text-align-left\" data-align=\"left\">Ders Ad\u0131<\/th><\/tr><\/thead><tbody><tr><td class=\"has-text-align-left\" data-align=\"left\">GE 500<\/td><td class=\"has-text-align-left\" data-align=\"left\">Ara\u015ft\u0131rma Y\u00f6ntemleri ve Akademik Yay\u0131n Eti\u011fi<\/td><\/tr><tr><td class=\"has-text-align-left\" data-align=\"left\">GE 590<\/td><td class=\"has-text-align-left\" data-align=\"left\">Akademik Uygulamalar<\/td><\/tr><tr><td class=\"has-text-align-left\" data-align=\"left\">GE 551<\/td><td class=\"has-text-align-left\" data-align=\"left\">Tez \u00d6ncesi Seminer I<\/td><\/tr><tr><td class=\"has-text-align-left\" data-align=\"left\">POLS 599<\/td><td class=\"has-text-align-left\" data-align=\"left\">Y\u00fcksek Lisans Tezi<\/td><\/tr><tr><td class=\"has-text-align-left\" data-align=\"left\"><\/td><td class=\"has-text-align-left\" data-align=\"left\">Ara\u015ft\u0131rma Y\u00f6ntemleri Se\u00e7melisi<\/td><\/tr><tr><td class=\"has-text-align-left\" data-align=\"left\"><\/td><td class=\"has-text-align-left\" data-align=\"left\">K\u0131s\u0131tl\u0131 Se\u00e7meli (3)<\/td><\/tr><tr><td class=\"has-text-align-left\" data-align=\"left\"><\/td><td class=\"has-text-align-left\" data-align=\"left\">Uzmanl\u0131k Se\u00e7melisi<\/td><\/tr><tr><td class=\"has-text-align-left\" data-align=\"left\"><\/td><td class=\"has-text-align-left\" data-align=\"left\"><a rel=\"noreferrer noopener\" href=\"https:\/\/stars.bilkent.edu.tr\/webserv\/curriculum\/courses.php?dil=tur&amp;options=OSEBPYD&amp;department=POLS&amp;program_kod=POLS_BA_2018&amp;track_kod=&amp;secmeli_kod=POLS_UR1&amp;mod=tntm\" target=\"_blank\">Serbest Se\u00e7meli (3)<\/a><\/td><\/tr><\/tbody><\/table><\/figure>\n\n\n\n<div style=\"height:100px\" aria-hidden=\"true\" class=\"wp-block-spacer\"><\/div>\n\n\n\n<h2>Y\u00fcksek Lisans Program\u0131na Ba\u015fvurun<\/h2>\n\n\n\n<p><strong>Program Bilgileri:<\/strong> Daha detayl\u0131 bilgi i\u00e7in l\u00fctfen <a rel=\"noreferrer noopener\" href=\"http:\/\/catalog.bilkent.edu.tr\/current\/dep\/d34.html\" target=\"_blank\">bu ba\u011flant\u0131y\u0131<\/a> takip ediniz.<\/p>\n\n\n\n<p><strong>Online Ba\u015fvuru<\/strong>: Ba\u015fvurunuzu g\u00f6ndermek i\u00e7in l\u00fctfen <a href=\"https:\/\/stars.bilkent.edu.tr\/gradapp\/\">bu ba\u011flant\u0131y\u0131<\/a> takip edin.<\/p>\n\n\n\n<p><strong>Kabul \u015eartlar\u0131:<\/strong>&nbsp;A\u015fa\u011f\u0131da Siyaset Bilimi Y\u00fcksek Lisans (M.A.) program\u0131na ba\u015fvurmak i\u00e7in gerekli asgari puanlar\u0131 bulabilirsiniz.<\/p>\n\n\n\n<hr class=\"wp-block-separator has-alpha-channel-opacity\"\/>\n\n\n\n<p><strong>AGNO:<\/strong> 2.75\/4.00<\/p>\n\n\n\n<hr class=\"wp-block-separator has-alpha-channel-opacity\"\/>\n\n\n\n<p><strong>GRE:<\/strong>&nbsp;302 (s\u00f6zel ve say\u0131sal toplam + minimum 4.0 analitik)<\/p>\n\n\n\n<hr class=\"wp-block-separator has-alpha-channel-opacity\"\/>\n\n\n\n<div class=\"wp-container-1 wp-block-group\"><div class=\"wp-block-group__inner-container\">\n<p><strong>ALES:<\/strong> 65 (E\u015fit A\u011f\u0131rl\u0131kl\u0131)<\/p>\n\n\n\n<p><em><strong>\u00d6nemli Not:<\/strong> Yabanc\u0131 uyruklu adaylar ile lisans e\u011fitimini yurt d\u0131\u015f\u0131nda tamamlam\u0131\u015f olan T\u00fcrkiye Cumhuriyeti vatanda\u015flar\u0131, ALES yerine GRE s\u0131nav sonucu ile ba\u015fvuru yapabilir.<\/em><\/p>\n\n\n\n<hr class=\"wp-block-separator has-alpha-channel-opacity\"\/>\n\n\n\n<p><strong><strong>\u0130ngilizce Yeterlilik:<\/strong>&nbsp;<\/strong>A\u015fa\u011f\u0131daki \u015fartlardan en az biri sa\u011flanmal\u0131d\u0131r<\/p>\n<\/div><\/div>\n\n\n\n<ul id=\"block-f16601be-9b3a-43e4-9cb3-4ee840cac01c\"><li>TOEFL IBT (minimum 87)<\/li><li>IELTS (ortalama minimum 6.5 ve her b\u00f6l\u00fcmden minimum 5.5)<\/li><li>Bilkent PAE (minimum C)<\/li><\/ul>\n\n\n\n<p><strong>\u00d6nemli Hususlar:<\/strong><\/p>\n\n\n\n<ul><li>T\u00fcm s\u0131navlar\u0131n ge\u00e7erlilik s\u00fcresi 2 y\u0131ld\u0131r.<\/li><li>TOEFL IBT \u201cSpecial Home Edition\u201d test sonu\u00e7lar\u0131 kabul edilmeyecektir. T\u00fcrkiye Cumhuriyeti vatanda\u015flar\u0131n\u0131n TOEFL IBT s\u0131nav\u0131n\u0131 devlet \u00fcniversitelerindeki s\u0131nav merkezlerinden birinde almalar\u0131 gerekmektedir (Y\u00d6K gereklili\u011fi).<\/li><li>TOEFL IBT\u2019nin \u201cComputer-based\u201d (bilgisayar \u00fczerinden) yap\u0131lan test sonu\u00e7lar\u0131 kabul edilir.<\/li><li>TOEFL IBT\u2019nin \u201cOnline test taken at home (Home Edition)\u201d (evde al\u0131nan \u00e7evrimi\u00e7i s\u00fcr\u00fcm) ve \u201cmy best score\u201d (en iyi puan) sonu\u00e7lar\u0131 kabul edilmeyecektir.<\/li><li>IELTS Academic\u2019in \u201cComputer-based\u201d ve \u201cpaper-based\u201d test sonu\u00e7lar\u0131 kabul edilir.<\/li><li>IELTS Academic \u201cOSR (One Skill Retake)\u201d sonu\u00e7lar\u0131 kabul edilmez.<\/li><li>E\u011fer IELTS veya Bilkent PAE sonu\u00e7lar\u0131n\u0131 sunuyorsan\u0131z ve doktora program\u0131na ba\u015fvuruyorsan\u0131z, ayr\u0131ca \u00dcniversiteler Aras\u0131 Kurulun (\u00dcAK) belirledi\u011fi yabanc\u0131 dil \u015fart\u0131n\u0131 da sa\u011flaman\u0131z gerekir. Bu durumda, ana diliniz d\u0131\u015f\u0131ndaki bir dilde olmak \u00fczere, YDS, E-YDS, Y\u00d6KD\u0130L veya Kurul taraf\u0131ndan e\u015fde\u011fer kabul edilen s\u0131navlardan en az 55 puan sunulmal\u0131d\u0131r.<\/li><\/ul>\n\n\n\n<hr class=\"wp-block-separator has-alpha-channel-opacity\"\/>\n\n\n\n<p><strong>Derece Kan\u0131t\u0131:<\/strong> Lisans derecesi<\/p>\n\n\n\n<hr class=\"wp-block-separator has-alpha-channel-opacity\"\/>\n\n\n\n<p><strong>Transkriptler:<\/strong>&nbsp;Lisans transkriptleri<\/p>\n\n\n\n<hr class=\"wp-block-separator has-alpha-channel-opacity\"\/>\n\n\n\n<p><strong>Ama\u00e7 Beyan\u0131:<\/strong> En fazla 500 kelime. (MA, ara\u015ft\u0131rma ve kariyer ilgi alanlar\u0131na ba\u015fvurma nedenleri)<\/p>\n\n\n\n<hr class=\"wp-block-separator has-alpha-channel-opacity\"\/>\n\n\n\n<p><strong><strong>Tavsiye Mektubu: <\/strong><\/strong>3 adet tavsiye mektubu online bi\u00e7imde sisteme y\u00fcklenmelidir<\/p>\n\n\n\n<hr class=\"wp-block-separator has-alpha-channel-opacity\"\/>\n\n\n\n<p><strong>Di\u011fer: <\/strong>Bir yaz\u0131 \u00f6rne\u011fi<\/p>\n\n\n\n<hr class=\"wp-block-separator has-alpha-channel-opacity\"\/>\n\n\n\n<p><strong>Son Ba\u015fvuru Tarihi: <\/strong>15 May\u0131s 2026<\/p>\n\n\n\n<hr class=\"wp-block-separator has-alpha-channel-opacity\"\/>\n\n\n\n<p><strong>M\u00fclakat Tarihi:<\/strong> 12-13 Haziran 2026<\/p>\n\n\n\n<hr class=\"wp-block-separator has-alpha-channel-opacity\"\/>\n\n\n\n<p><strong>\u00d6NEML\u0130 NOT: <\/strong>Eksik ba\u015fvurular dikkate al\u0131nmayacakt\u0131r (Ba\u015fvuru s\u0131ras\u0131nda aday\u0131n ALES veya GRE puanlar\u0131n\u0131 veya ilgili s\u0131nav ba\u015fvuru belgesini y\u00fcklemesi gerekmektedir).<\/p>\n\n\n\n<p>Bu y\u0131lki ALES s\u0131nav\u0131 10 May\u0131s&#8217;ta ger\u00e7ekle\u015fecek olup, sonu\u00e7lar\u0131n 5 Haziran&#8217;a kadar a\u00e7\u0131klanmas\u0131 planlanmaktad\u0131r. L\u00fctfen s\u0131nava girdi\u011finizden emin olunuz ve resmi \u00d6SYM sonu\u00e7 belgenizi en ge\u00e7 7 Haziran&#8217;a kadar b\u00f6l\u00fcm\u00fcn ba\u015fvuru adresi olan polsgrad@bilkent.edu.tr e-posta adresine iletiniz. M\u00fclakat davetleri 9 Haziran&#8217;a kadar, m\u00fclakat tarihinden k\u0131sa bir s\u00fcre \u00f6nce g\u00f6nderilecektir; bu nedenle kat\u0131l\u0131m sa\u011flayabilmeniz ad\u0131na program\u0131n\u0131z\u0131 buna g\u00f6re ayarlaman\u0131z\u0131 rica ederiz.<\/p>\n\n\n\n<hr class=\"wp-block-separator has-alpha-channel-opacity\"\/>\n\n\n\n<p><strong>\u0130leti\u015fim<\/strong>:<\/p>\n\n\n\n<p>DGS   Kerem Y\u0131ld\u0131r\u0131m<br>E-posta:&nbsp;<a href=\"mailto:polsgrad@bilkent.edu.tr\">polsgrad@bilkent.edu.tr<\/a><br>Telefon: +90 312 290 1339<br>Fax: +90 312 290 2742<\/p>\n\n\n\n<p><strong>Adres<\/strong>:<br>Siyaset Bilimi ve Kamu Y\u00f6netimi B\u00f6l\u00fcm\u00fc<br>Bilkent \u00dcniversitesi<br>Merkez Kamp\u00fcs, T-370<br>Bilkent \/ \u00c7ankaya \/ ANKARA<\/p>\n","protected":false},"excerpt":{"rendered":"<p>Siyaset Bilimi y\u00fcksek lisans derecesi, \u00f6\u011frencilere Siyaset Bilimi alan\u0131nda sa\u011flam bir arka plan sa\u011flamak i\u00e7in tasarlanm\u0131\u015ft\u0131r. Programa kat\u0131lacak adaylar\u0131n Siyaset Bilimi veya benzer alanlarda lisans derecesine sahip olmalar\u0131 beklenir. Program, \u00f6\u011frencilerin Bilkent POLS Doktora program\u0131na sorunsuz bir ge\u00e7i\u015f yapmalar\u0131n\u0131 sa\u011flamak i\u00e7in tasarlanm\u0131\u015ft\u0131r. Aksi takdirde, program Siyaset Bilimi ve ara\u015ft\u0131rma e\u011fitimi [\u2026] <\/p>\n<div class=\"clear\"><\/div>\n<p><a class=\"more_link clearfix\" href=\"https:\/\/pols.bilkent.edu.tr\/index.php\/tr\/yuksek-lisans\/\" rel=\"nofollow\">Read More<\/a><\/p>\n","protected":false},"author":1,"featured_media":0,"parent":0,"menu_order":1,"comment_status":"closed","ping_status":"closed","template":"","meta":[],"_links":{"self":[{"href":"https:\/\/pols.bilkent.edu.tr\/index.php\/wp-json\/wp\/v2\/pages\/1169"}],"collection":[{"href":"https:\/\/pols.bilkent.edu.tr\/index.php\/wp-json\/wp\/v2\/pages"}],"about":[{"href":"https:\/\/pols.bilkent.edu.tr\/index.php\/wp-json\/wp\/v2\/types\/page"}],"author":[{"embeddable":true,"href":"https:\/\/pols.bilkent.edu.tr\/index.php\/wp-json\/wp\/v2\/users\/1"}],"replies":[{"embeddable":true,"href":"https:\/\/pols.bilkent.edu.tr\/index.php\/wp-json\/wp\/v2\/comments?post=1169"}],"version-history":[{"count":11,"href":"https:\/\/pols.bilkent.edu.tr\/index.php\/wp-json\/wp\/v2\/pages\/1169\/revisions"}],"predecessor-version":[{"id":4245,"href":"https:\/\/pols.bilkent.edu.tr\/index.php\/wp-json\/wp\/v2\/pages\/1169\/revisions\/4245"}],"wp:attachment":[{"href":"https:\/\/pols.bilkent.edu.tr\/index.php\/wp-json\/wp\/v2\/media?parent=1169"}],"curies":[{"name":"wp","href":"https:\/\/api.w.org\/{rel}","templated":true}]}}