{"id":1154,"date":"2022-11-10T19:14:27","date_gmt":"2022-11-10T16:14:27","guid":{"rendered":"https:\/\/pols.bilkent.edu.tr\/?page_id=1154"},"modified":"2022-11-23T11:43:21","modified_gmt":"2022-11-23T08:43:21","slug":"yan-dal-programi","status":"publish","type":"page","link":"https:\/\/pols.bilkent.edu.tr\/index.php\/tr\/yan-dal-programi\/","title":{"rendered":"Yan Dal Program\u0131"},"content":{"rendered":"\n<p>Siyaset Bilimi ve Kamu Y\u00f6netimi (Bilkent POLS) Yandal Program\u0131n\u0131n amac\u0131, her k\u00f6kenden Bilkent \u00f6\u011frencilerini akademik siyaset bilimi ile tan\u0131\u015ft\u0131rmakt\u0131r. Bilkent fak\u00fcltelerinden herhangi birine kay\u0131tl\u0131 \u00f6\u011frenciler, ba\u015fvuru kriterlerini yerine getirmeleri ko\u015fuluyla ba\u015fvurabilirler. Yandal program\u0131 d\u00f6rd\u00fc zorunlu olmak \u00fczere toplam alt\u0131 dersten olu\u015fmaktad\u0131r. \u00d6nceden belirlenmi\u015f \u00fc\u00e7 zorunlu derse ek olarak, \u00f6\u011frencilerin POLS 101 Siyaset Bilimine Giri\u015f I veya POLS 104 Siyaset Bilimine Giri\u015f II derslerini almalar\u0131 beklenir. Yandal program\u0131 \u00f6\u011frencilerinin se\u00e7meli olarak iki Siyaset Bilimi dersi se\u00e7melerine ve se\u00e7melerine izin verilir ve alt alanlardan birine konsantre olmalar\u0131 tavsiye edilir.<\/p>\n\n\n\n<div style=\"height:35px\" aria-hidden=\"true\" class=\"wp-block-spacer\"><\/div>\n\n\n\n<h2 class=\"has-text-align-center\">Program Katalo\u011fu<\/h2>\n\n\n\n<div class=\"wpdt-c row wpDataTableContainerSimpleTable wpDataTables wpDataTablesWrapper\n\"\n    >\n        <table id=\"wpdtSimpleTable-12\"\n           style=\"border-collapse:collapse;\n                   border-spacing:0px;\"\n           class=\"wpdtSimpleTable wpDataTable\"\n           data-column=\"5\"\n           data-rows=\"6\"\n           data-wpID=\"12\"\n           data-responsive=\"0\"\n           data-has-header=\"1\">\n\n                    <thead>        <tr class=\"wpdt-cell-row \" >\n                                <th class=\"wpdt-cell wpdt-align-left wpdt-valign-middle wpdt-bold\"\n                                            data-cell-id=\"A1\"\n                    data-col-index=\"0\"\n                    data-row-index=\"0\"\n                    style=\" width:22.663551401869%;                    padding:5px;\n                    \"\n                    >\n                                        Ders Kodu                    <\/th>\n                                                <th class=\"wpdt-cell wpdt-bold wpdt-align-left wpdt-valign-middle\"\n                                            data-cell-id=\"B1\"\n                    data-col-index=\"1\"\n                    data-row-index=\"0\"\n                    style=\" width:28.03738317757%;                    padding:5px;\n                    \"\n                    >\n                                        Ders Ad\u0131                    <\/th>\n                                                <th class=\"wpdt-cell wpdt-bold wpdt-valign-middle wpdt-align-center\"\n                                            data-cell-id=\"C1\"\n                    data-col-index=\"2\"\n                    data-row-index=\"0\"\n                    style=\" width:23.130841121495%;                    padding:5px;\n                    \"\n                    >\n                                        Ders Saati                    <\/th>\n                                                <th class=\"wpdt-cell wpdt-bold wpdt-valign-middle wpdt-align-center\"\n                                            data-cell-id=\"D1\"\n                    data-col-index=\"3\"\n                    data-row-index=\"0\"\n                    style=\" width:13.084112149533%;                    padding:5px;\n                    \"\n                    >\n                                        Kredisi                    <\/th>\n                                                <th class=\"wpdt-cell wpdt-bold wpdt-valign-middle wpdt-align-center\"\n                                            data-cell-id=\"E1\"\n                    data-col-index=\"4\"\n                    data-row-index=\"0\"\n                    style=\" width:13.084112149533%;                    padding:5px;\n                    \"\n                    >\n                                        AKTS Kredisi                    <\/th>\n                                        <\/tr>\n                    <tbody>        <tr class=\"wpdt-cell-row odd\" >\n                                <td class=\"wpdt-cell wpdt-align-left wpdt-valign-middle\"\n                                            data-cell-id=\"A2\"\n                    data-col-index=\"0\"\n                    data-row-index=\"1\"\n                    style=\"                    padding:5px;\n                    \"\n                    >\n                                        POLS 303                    <\/td>\n                                                <td class=\"wpdt-cell wpdt-align-left wpdt-valign-middle\"\n                                            data-cell-id=\"B2\"\n                    data-col-index=\"1\"\n                    data-row-index=\"1\"\n                    style=\"                    padding:5px;\n                    \"\n                    >\n                                        Kar\u015f\u0131la\u015ft\u0131rmal\u0131 Siyaset I                    <\/td>\n                                                <td class=\"wpdt-cell wpdt-valign-middle wpdt-align-center\"\n                                            data-cell-id=\"C2\"\n                    data-col-index=\"2\"\n                    data-row-index=\"1\"\n                    style=\"                    padding:5px;\n                    \"\n                    >\n                                        3                    <\/td>\n                                                <td class=\"wpdt-cell wpdt-valign-middle wpdt-align-center\"\n                                            data-cell-id=\"D2\"\n                    data-col-index=\"3\"\n                    data-row-index=\"1\"\n                    style=\"                    padding:5px;\n                    \"\n                    >\n                                        3                    <\/td>\n                                                <td class=\"wpdt-cell wpdt-valign-middle wpdt-align-center\"\n                                            data-cell-id=\"E2\"\n                    data-col-index=\"4\"\n                    data-row-index=\"1\"\n                    style=\"                    padding:5px;\n                    \"\n                    >\n                                        5                    <\/td>\n                                        <\/tr>\n                            <tr class=\"wpdt-cell-row even\" >\n                                <td class=\"wpdt-cell wpdt-align-left wpdt-valign-middle\"\n                                            data-cell-id=\"A3\"\n                    data-col-index=\"0\"\n                    data-row-index=\"2\"\n                    style=\"                    padding:5px;\n                    \"\n                    >\n                                        POLS 305                    <\/td>\n                                                <td class=\"wpdt-cell wpdt-align-left wpdt-valign-middle\"\n                                            data-cell-id=\"B3\"\n                    data-col-index=\"1\"\n                    data-row-index=\"2\"\n                    style=\"                    padding:5px;\n                    \"\n                    >\n                                        T\u00fcrk Siyasal Geli\u015fimi                    <\/td>\n                                                <td class=\"wpdt-cell wpdt-valign-middle wpdt-align-center\"\n                                            data-cell-id=\"C3\"\n                    data-col-index=\"2\"\n                    data-row-index=\"2\"\n                    style=\"                    padding:5px;\n                    \"\n                    >\n                                        3                    <\/td>\n                                                <td class=\"wpdt-cell wpdt-valign-middle wpdt-align-center\"\n                                            data-cell-id=\"D3\"\n                    data-col-index=\"3\"\n                    data-row-index=\"2\"\n                    style=\"                    padding:5px;\n                    \"\n                    >\n                                        3                    <\/td>\n                                                <td class=\"wpdt-cell wpdt-valign-middle wpdt-align-center\"\n                                            data-cell-id=\"E3\"\n                    data-col-index=\"4\"\n                    data-row-index=\"2\"\n                    style=\"                    padding:5px;\n                    \"\n                    >\n                                        5                    <\/td>\n                                        <\/tr>\n                            <tr class=\"wpdt-cell-row odd\" >\n                                <td class=\"wpdt-cell wpdt-align-left wpdt-valign-middle\"\n                                            data-cell-id=\"A4\"\n                    data-col-index=\"0\"\n                    data-row-index=\"3\"\n                    style=\"                    padding:5px;\n                    \"\n                    >\n                                        POLS 306                    <\/td>\n                                                <td class=\"wpdt-cell wpdt-align-left wpdt-valign-middle\"\n                                            data-cell-id=\"B4\"\n                    data-col-index=\"1\"\n                    data-row-index=\"3\"\n                    style=\"                    padding:5px;\n                    \"\n                    >\n                                        Modern T\u00fcrkiye Siyaseti                    <\/td>\n                                                <td class=\"wpdt-cell wpdt-valign-middle wpdt-align-center\"\n                                            data-cell-id=\"C4\"\n                    data-col-index=\"2\"\n                    data-row-index=\"3\"\n                    style=\"                    padding:5px;\n                    \"\n                    >\n                                        3                    <\/td>\n                                                <td class=\"wpdt-cell wpdt-valign-middle wpdt-align-center\"\n                                            data-cell-id=\"D4\"\n                    data-col-index=\"3\"\n                    data-row-index=\"3\"\n                    style=\"                    padding:5px;\n                    \"\n                    >\n                                        3                    <\/td>\n                                                <td class=\"wpdt-cell wpdt-valign-middle wpdt-align-center\"\n                                            data-cell-id=\"E4\"\n                    data-col-index=\"4\"\n                    data-row-index=\"3\"\n                    style=\"                    padding:5px;\n                    \"\n                    >\n                                        5                    <\/td>\n                                        <\/tr>\n                            <tr class=\"wpdt-cell-row even\" >\n                                <td class=\"wpdt-cell wpdt-align-left wpdt-valign-middle wpdt-empty-cell \"\n                                            data-cell-id=\"A5\"\n                    data-col-index=\"0\"\n                    data-row-index=\"4\"\n                    style=\"                    padding:5px;\n                    \"\n                    >\n                                                            <\/td>\n                                                <td class=\"wpdt-cell wpdt-align-left wpdt-valign-middle\"\n                                            data-cell-id=\"B5\"\n                    data-col-index=\"1\"\n                    data-row-index=\"4\"\n                    style=\"                    padding:5px;\n                    \"\n                    >\n                                        POLS 101 veya POLS 104                    <\/td>\n                                                <td class=\"wpdt-cell wpdt-valign-middle wpdt-align-center wpdt-empty-cell \"\n                                            data-cell-id=\"C5\"\n                    data-col-index=\"2\"\n                    data-row-index=\"4\"\n                    style=\"                    padding:5px;\n                    \"\n                    >\n                                                            <\/td>\n                                                <td class=\"wpdt-cell wpdt-valign-middle wpdt-align-center\"\n                                            data-cell-id=\"D5\"\n                    data-col-index=\"3\"\n                    data-row-index=\"4\"\n                    style=\"                    padding:5px;\n                    \"\n                    >\n                                        6                    <\/td>\n                                                <td class=\"wpdt-cell wpdt-valign-middle wpdt-align-center\"\n                                            data-cell-id=\"E5\"\n                    data-col-index=\"4\"\n                    data-row-index=\"4\"\n                    style=\"                    padding:5px;\n                    \"\n                    >\n                                        \u2013                    <\/td>\n                                        <\/tr>\n                            <tr class=\"wpdt-cell-row odd\" >\n                                <td class=\"wpdt-cell wpdt-align-left wpdt-valign-middle wpdt-empty-cell \"\n                                            data-cell-id=\"A6\"\n                    data-col-index=\"0\"\n                    data-row-index=\"5\"\n                    style=\"                    padding:5px;\n                    \"\n                    >\n                                                            <\/td>\n                                                <td class=\"wpdt-cell wpdt-align-left wpdt-valign-middle\"\n                                            data-cell-id=\"B6\"\n                    data-col-index=\"1\"\n                    data-row-index=\"5\"\n                    style=\"                    padding:5px;\n                    \"\n                    >\n                                        POLS Se\u00e7melisi (2)                    <\/td>\n                                                <td class=\"wpdt-cell wpdt-valign-middle wpdt-align-center wpdt-empty-cell \"\n                                            data-cell-id=\"C6\"\n                    data-col-index=\"2\"\n                    data-row-index=\"5\"\n                    style=\"                    padding:5px;\n                    \"\n                    >\n                                                            <\/td>\n                                                <td class=\"wpdt-cell wpdt-valign-middle wpdt-align-center\"\n                                            data-cell-id=\"D6\"\n                    data-col-index=\"3\"\n                    data-row-index=\"5\"\n                    style=\"                    padding:5px;\n                    \"\n                    >\n                                        3                    <\/td>\n                                                <td class=\"wpdt-cell wpdt-valign-middle wpdt-align-center\"\n                                            data-cell-id=\"E6\"\n                    data-col-index=\"4\"\n                    data-row-index=\"5\"\n                    style=\"                    padding:5px;\n                    \"\n                    >\n                                        \u2013                    <\/td>\n                                        <\/tr>\n                    <\/table>\n<\/div><style id='wpdt-custom-style-12'>\n<\/style>\n\n","protected":false},"excerpt":{"rendered":"<p>Siyaset Bilimi ve Kamu Y\u00f6netimi (Bilkent POLS) Yandal Program\u0131n\u0131n amac\u0131, her k\u00f6kenden Bilkent \u00f6\u011frencilerini akademik siyaset bilimi ile tan\u0131\u015ft\u0131rmakt\u0131r. Bilkent fak\u00fcltelerinden herhangi birine kay\u0131tl\u0131 \u00f6\u011frenciler, ba\u015fvuru kriterlerini yerine getirmeleri ko\u015fuluyla ba\u015fvurabilirler. Yandal program\u0131 d\u00f6rd\u00fc zorunlu olmak \u00fczere toplam alt\u0131 dersten olu\u015fmaktad\u0131r. \u00d6nceden belirlenmi\u015f \u00fc\u00e7 zorunlu derse ek olarak, \u00f6\u011frencilerin POLS [\u2026] <\/p>\n<div class=\"clear\"><\/div>\n<p><a class=\"more_link clearfix\" href=\"https:\/\/pols.bilkent.edu.tr\/index.php\/tr\/yan-dal-programi\/\" rel=\"nofollow\">Read More<\/a><\/p>\n","protected":false},"author":1,"featured_media":0,"parent":0,"menu_order":1,"comment_status":"closed","ping_status":"closed","template":"","meta":[],"_links":{"self":[{"href":"https:\/\/pols.bilkent.edu.tr\/index.php\/wp-json\/wp\/v2\/pages\/1154"}],"collection":[{"href":"https:\/\/pols.bilkent.edu.tr\/index.php\/wp-json\/wp\/v2\/pages"}],"about":[{"href":"https:\/\/pols.bilkent.edu.tr\/index.php\/wp-json\/wp\/v2\/types\/page"}],"author":[{"embeddable":true,"href":"https:\/\/pols.bilkent.edu.tr\/index.php\/wp-json\/wp\/v2\/users\/1"}],"replies":[{"embeddable":true,"href":"https:\/\/pols.bilkent.edu.tr\/index.php\/wp-json\/wp\/v2\/comments?post=1154"}],"version-history":[{"count":7,"href":"https:\/\/pols.bilkent.edu.tr\/index.php\/wp-json\/wp\/v2\/pages\/1154\/revisions"}],"predecessor-version":[{"id":1316,"href":"https:\/\/pols.bilkent.edu.tr\/index.php\/wp-json\/wp\/v2\/pages\/1154\/revisions\/1316"}],"wp:attachment":[{"href":"https:\/\/pols.bilkent.edu.tr\/index.php\/wp-json\/wp\/v2\/media?parent=1154"}],"curies":[{"name":"wp","href":"https:\/\/api.w.org\/{rel}","templated":true}]}}