{"id":1114,"date":"2022-11-10T15:28:04","date_gmt":"2022-11-10T12:28:04","guid":{"rendered":"https:\/\/pols.bilkent.edu.tr\/?page_id=1114"},"modified":"2025-07-01T01:33:25","modified_gmt":"2025-06-30T22:33:25","slug":"bolum-baskaninin-mesaji","status":"publish","type":"page","link":"https:\/\/pols.bilkent.edu.tr\/index.php\/tr\/bolum-baskaninin-mesaji\/","title":{"rendered":"B\u00f6l\u00fcm Ba\u015fkan\u0131n\u0131n Mesaj\u0131"},"content":{"rendered":"<div class=\"wp-block-image is-style-default\">\n<figure class=\"alignleft size-large is-resized\"><img loading=\"lazy\" src=\"https:\/\/pols.bilkent.edu.tr\/wp-content\/uploads\/2025\/07\/IMG_6064_meral-copy-2-2-1024x1002.jpg\" alt=\"\" class=\"wp-image-3552\" width=\"246\" height=\"241\" srcset=\"https:\/\/pols.bilkent.edu.tr\/wp-content\/uploads\/2025\/07\/IMG_6064_meral-copy-2-2-1024x1002.jpg 1024w, https:\/\/pols.bilkent.edu.tr\/wp-content\/uploads\/2025\/07\/IMG_6064_meral-copy-2-2-300x293.jpg 300w, https:\/\/pols.bilkent.edu.tr\/wp-content\/uploads\/2025\/07\/IMG_6064_meral-copy-2-2-768x751.jpg 768w, https:\/\/pols.bilkent.edu.tr\/wp-content\/uploads\/2025\/07\/IMG_6064_meral-copy-2-2-1536x1502.jpg 1536w, https:\/\/pols.bilkent.edu.tr\/wp-content\/uploads\/2025\/07\/IMG_6064_meral-copy-2-2-2048x2003.jpg 2048w, https:\/\/pols.bilkent.edu.tr\/wp-content\/uploads\/2025\/07\/IMG_6064_meral-copy-2-2-56x55.jpg 56w, https:\/\/pols.bilkent.edu.tr\/wp-content\/uploads\/2025\/07\/IMG_6064_meral-copy-2-2-1600x1565.jpg 1600w, https:\/\/pols.bilkent.edu.tr\/wp-content\/uploads\/2025\/07\/IMG_6064_meral-copy-2-2-800x782.jpg 800w, https:\/\/pols.bilkent.edu.tr\/wp-content\/uploads\/2025\/07\/IMG_6064_meral-copy-2-2-580x567.jpg 580w\" sizes=\"(max-width: 246px) 100vw, 246px\" \/><\/figure><\/div>\n\n\n<p>Bilkent Siyaset Bilimi ve Kamu Y\u00f6netimi B\u00f6l\u00fcm\u00fc, \u00f6\u011frencilerine g\u00fcndelik hayattan siyasi kurumlara uzanan geni\u015f yelpazede siyasetin i\u015fleyi\u015fini \u00f6\u011fretmekle kalmay\u0131p, ayn\u0131 zamanda kazand\u0131rd\u0131\u011f\u0131 mesleki donan\u0131m ve a\u015f\u0131lad\u0131\u011f\u0131 analitik ve ele\u015ftirel d\u00fc\u015f\u00fcnme yetene\u011fi ile T\u00fcrkiye ve d\u00fcnya \u00e7ap\u0131nda alan\u0131nda yetkin ve \u00fcretken mezunlar yeti\u015ftiriyor.<\/p>\n\n\n\n<p>\u00dclkemizin \u00f6nde gelen y\u00fcksek \u00f6\u011frenim ve ara\u015ft\u0131rma kurumlar\u0131ndan biri olan b\u00f6l\u00fcm\u00fcm\u00fczde, siyaset bilimi ve kamu y\u00f6netiminin temel alt dallar\u0131yla ilgili lisans, y\u00fcksek lisans ve doktora e\u011fitimleri vermekte, heyecan verici ve ufuk a\u00e7\u0131c\u0131 ara\u015ft\u0131rma imkanlar\u0131 sunmaktay\u0131z.<\/p>\n\n\n\n<p>\u00d6\u011frencilerimiz, uluslararas\u0131 sahada ismini duyurmu\u015f ve \u00f6\u011fretimde \u00fcst\u00fcn ba\u015far\u0131 \u00f6d\u00fcll\u00fc b\u00f6l\u00fcm hocalar\u0131m\u0131z ile birlikte T\u00fcrkiye ve d\u00fcnya meselelerini analitik bir yakla\u015f\u0131m ile ele al\u0131yor ve en g\u00fcncel literat\u00fcr \u0131\u015f\u0131\u011f\u0131nda bu meselelere \u00e7\u00f6z\u00fcmler ar\u0131yorlar.<\/p>\n\n\n\n<p>Mezunlar\u0131m\u0131z\u0131n, b\u00f6l\u00fcm\u00fcm\u00fczde edindikleri e\u011fitim, birikim ve becerilerle akademik hayatta, kamu b\u00fcrokrasisinde, \u00f6zel sekt\u00f6rde, sivil toplum kurulu\u015flar\u0131nda ve uluslararas\u0131 \u00f6rg\u00fctlerde alanlar\u0131nda \u00f6nc\u00fc isimler olmalar\u0131 b\u00f6l\u00fcm olarak ba\u015fl\u0131ca gayelerimizdendir.<\/p>\n\n\n\n<p><strong>Meral U\u011fur \u00c7\u0131nar<\/strong><\/p>\n\n\n\n<p><strong>B\u00f6l\u00fcm Ba\u015fkan\u0131<\/strong><\/p>\n","protected":false},"excerpt":{"rendered":"<p>Bilkent Siyaset Bilimi ve Kamu Y\u00f6netimi B\u00f6l\u00fcm\u00fc, \u00f6\u011frencilerine g\u00fcndelik hayattan siyasi kurumlara uzanan geni\u015f yelpazede siyasetin i\u015fleyi\u015fini \u00f6\u011fretmekle kalmay\u0131p, ayn\u0131 zamanda kazand\u0131rd\u0131\u011f\u0131 mesleki donan\u0131m ve a\u015f\u0131lad\u0131\u011f\u0131 analitik ve ele\u015ftirel d\u00fc\u015f\u00fcnme yetene\u011fi ile T\u00fcrkiye ve d\u00fcnya \u00e7ap\u0131nda alan\u0131nda yetkin ve \u00fcretken mezunlar yeti\u015ftiriyor. \u00dclkemizin \u00f6nde gelen y\u00fcksek \u00f6\u011frenim ve ara\u015ft\u0131rma kurumlar\u0131ndan [\u2026] <\/p>\n<div class=\"clear\"><\/div>\n<p><a class=\"more_link clearfix\" href=\"https:\/\/pols.bilkent.edu.tr\/index.php\/tr\/bolum-baskaninin-mesaji\/\" rel=\"nofollow\">Read More<\/a><\/p>\n","protected":false},"author":1,"featured_media":0,"parent":0,"menu_order":0,"comment_status":"closed","ping_status":"closed","template":"","meta":[],"_links":{"self":[{"href":"https:\/\/pols.bilkent.edu.tr\/index.php\/wp-json\/wp\/v2\/pages\/1114"}],"collection":[{"href":"https:\/\/pols.bilkent.edu.tr\/index.php\/wp-json\/wp\/v2\/pages"}],"about":[{"href":"https:\/\/pols.bilkent.edu.tr\/index.php\/wp-json\/wp\/v2\/types\/page"}],"author":[{"embeddable":true,"href":"https:\/\/pols.bilkent.edu.tr\/index.php\/wp-json\/wp\/v2\/users\/1"}],"replies":[{"embeddable":true,"href":"https:\/\/pols.bilkent.edu.tr\/index.php\/wp-json\/wp\/v2\/comments?post=1114"}],"version-history":[{"count":9,"href":"https:\/\/pols.bilkent.edu.tr\/index.php\/wp-json\/wp\/v2\/pages\/1114\/revisions"}],"predecessor-version":[{"id":3558,"href":"https:\/\/pols.bilkent.edu.tr\/index.php\/wp-json\/wp\/v2\/pages\/1114\/revisions\/3558"}],"wp:attachment":[{"href":"https:\/\/pols.bilkent.edu.tr\/index.php\/wp-json\/wp\/v2\/media?parent=1114"}],"curies":[{"name":"wp","href":"https:\/\/api.w.org\/{rel}","templated":true}]}}