{"id":1092,"date":"2022-11-10T14:51:01","date_gmt":"2022-11-10T11:51:01","guid":{"rendered":"https:\/\/pols.bilkent.edu.tr\/?page_id=1092"},"modified":"2026-02-26T14:35:50","modified_gmt":"2026-02-26T11:35:50","slug":"iletisim","status":"publish","type":"page","link":"https:\/\/pols.bilkent.edu.tr\/index.php\/tr\/iletisim\/","title":{"rendered":"\u0130leti\u015fim"},"content":{"rendered":"\n<p>Bilkent \u00dcniversitesi, T Binas\u0131, \u00c7ankaya 06800 Ankara<\/p>\n\n\n\n<div class=\"wp-block-media-text alignwide is-stacked-on-mobile is-vertically-aligned-top\" style=\"grid-template-columns:25% auto\"><figure class=\"wp-block-media-text__media\"><img loading=\"lazy\" width=\"445\" height=\"415\" src=\"https:\/\/pols.bilkent.edu.tr\/wp-content\/uploads\/2024\/05\/yaseminsahbudak-removebg-preview-1.png\" alt=\"\" class=\"wp-image-2850 size-full\" srcset=\"https:\/\/pols.bilkent.edu.tr\/wp-content\/uploads\/2024\/05\/yaseminsahbudak-removebg-preview-1.png 445w, https:\/\/pols.bilkent.edu.tr\/wp-content\/uploads\/2024\/05\/yaseminsahbudak-removebg-preview-1-300x280.png 300w, https:\/\/pols.bilkent.edu.tr\/wp-content\/uploads\/2024\/05\/yaseminsahbudak-removebg-preview-1-59x55.png 59w\" sizes=\"(max-width: 445px) 100vw, 445px\" \/><\/figure><div class=\"wp-block-media-text__content\">\n<p class=\"has-text-align-left\" style=\"font-size:25px;line-height:1\"><strong>Yasemin \u015eahbudak<\/strong><\/p>\n\n\n\n<p class=\"has-text-align-left\" style=\"font-size:18px;line-height:1\"><strong>\u0130dari Asistan<\/strong><\/p>\n\n\n\n<div class=\"wp-container-2 wp-block-columns\">\n<div class=\"wp-container-1 wp-block-column\" style=\"flex-basis:66.66%\">\n<ul><li><strong>E-posta:<\/strong> pols@bilkent.edu.tr; yasemin.sahbudak@bilkent.edu.tr<\/li><li><strong>Telefon:<\/strong> 0312 290 1339<\/li><li><strong>Faks:<\/strong> 0312 290 2742<\/li><li><strong>Ofis:<\/strong> T-370<\/li><\/ul>\n<\/div>\n<\/div>\n<\/div><\/div>\n\n\n\n<div style=\"height:76px\" aria-hidden=\"true\" class=\"wp-block-spacer\"><\/div>\n\n\n\n<div class=\"wp-block-media-text alignwide is-stacked-on-mobile is-vertically-aligned-top\" style=\"grid-template-columns:25% auto\"><figure class=\"wp-block-media-text__media\"><img loading=\"lazy\" width=\"1024\" height=\"733\" src=\"https:\/\/pols.bilkent.edu.tr\/wp-content\/uploads\/2026\/02\/WhatsApp-Image-2026-02-25-at-16.42.12-1024x733.jpeg\" alt=\"\" class=\"wp-image-4276 size-full\" srcset=\"https:\/\/pols.bilkent.edu.tr\/wp-content\/uploads\/2026\/02\/WhatsApp-Image-2026-02-25-at-16.42.12-1024x733.jpeg 1024w, https:\/\/pols.bilkent.edu.tr\/wp-content\/uploads\/2026\/02\/WhatsApp-Image-2026-02-25-at-16.42.12-300x215.jpeg 300w, https:\/\/pols.bilkent.edu.tr\/wp-content\/uploads\/2026\/02\/WhatsApp-Image-2026-02-25-at-16.42.12-768x550.jpeg 768w, https:\/\/pols.bilkent.edu.tr\/wp-content\/uploads\/2026\/02\/WhatsApp-Image-2026-02-25-at-16.42.12-1536x1100.jpeg 1536w, https:\/\/pols.bilkent.edu.tr\/wp-content\/uploads\/2026\/02\/WhatsApp-Image-2026-02-25-at-16.42.12-77x55.jpeg 77w, https:\/\/pols.bilkent.edu.tr\/wp-content\/uploads\/2026\/02\/WhatsApp-Image-2026-02-25-at-16.42.12-800x573.jpeg 800w, https:\/\/pols.bilkent.edu.tr\/wp-content\/uploads\/2026\/02\/WhatsApp-Image-2026-02-25-at-16.42.12-580x415.jpeg 580w, https:\/\/pols.bilkent.edu.tr\/wp-content\/uploads\/2026\/02\/WhatsApp-Image-2026-02-25-at-16.42.12.jpeg 1600w\" sizes=\"(max-width: 1024px) 100vw, 1024px\" \/><\/figure><div class=\"wp-block-media-text__content\">\n<p class=\"has-text-align-left\" style=\"font-size:25px;line-height:1\"><strong>S\u0131la Erdem<\/strong><\/p>\n\n\n\n<p><strong>Bilkent<\/strong> <strong>\u00dcniversitesi \u00d6\u011frenci Konseyi Siyaset Bilimi ve Kamu Y\u00f6netimi B\u00f6l\u00fcm Temsilcisi<\/strong><\/p>\n\n\n\n<p class=\"has-text-align-left\" style=\"font-size:18px;line-height:1\"><strong>Bilkent POLS Mentorluk A\u011f\u0131 Program\u0131 Direkt\u00f6r\u00fc<\/strong><\/p>\n\n\n\n<ul><li>E-posta: s.erdem@ug.bilkent.edu.tr<\/li><\/ul>\n\n\n\n<div class=\"wp-container-4 wp-block-columns\">\n<div class=\"wp-container-3 wp-block-column\" style=\"flex-basis:66.66%\"><\/div>\n<\/div>\n<\/div><\/div>\n\n\n\n<div style=\"height:58px\" aria-hidden=\"true\" class=\"wp-block-spacer\"><\/div>\n\n\n\n<h2>Bizimle Ba\u011flant\u0131 Kurun<\/h2>\n\n\n\n<figure class=\"wp-block-image size-large is-resized\"><a href=\"https:\/\/twitter.com\/Bilkent_POLS\" target=\"_blank\" rel=\"noopener\"><img loading=\"lazy\" src=\"https:\/\/pols.bilkent.edu.tr\/wp-content\/uploads\/2022\/11\/Twitter-social-icons-square-blue-1-1024x1022.png\" alt=\"\" class=\"wp-image-1109\" width=\"41\" height=\"41\" srcset=\"https:\/\/pols.bilkent.edu.tr\/wp-content\/uploads\/2022\/11\/Twitter-social-icons-square-blue-1-1024x1022.png 1024w, https:\/\/pols.bilkent.edu.tr\/wp-content\/uploads\/2022\/11\/Twitter-social-icons-square-blue-1-300x300.png 300w, https:\/\/pols.bilkent.edu.tr\/wp-content\/uploads\/2022\/11\/Twitter-social-icons-square-blue-1-150x150.png 150w, https:\/\/pols.bilkent.edu.tr\/wp-content\/uploads\/2022\/11\/Twitter-social-icons-square-blue-1-768x767.png 768w, https:\/\/pols.bilkent.edu.tr\/wp-content\/uploads\/2022\/11\/Twitter-social-icons-square-blue-1-1536x1533.png 1536w, https:\/\/pols.bilkent.edu.tr\/wp-content\/uploads\/2022\/11\/Twitter-social-icons-square-blue-1-55x55.png 55w, https:\/\/pols.bilkent.edu.tr\/wp-content\/uploads\/2022\/11\/Twitter-social-icons-square-blue-1-1600x1597.png 1600w, https:\/\/pols.bilkent.edu.tr\/wp-content\/uploads\/2022\/11\/Twitter-social-icons-square-blue-1-800x799.png 800w, https:\/\/pols.bilkent.edu.tr\/wp-content\/uploads\/2022\/11\/Twitter-social-icons-square-blue-1-580x579.png 580w, https:\/\/pols.bilkent.edu.tr\/wp-content\/uploads\/2022\/11\/Twitter-social-icons-square-blue-1.png 1674w\" sizes=\"(max-width: 41px) 100vw, 41px\" \/><\/a><\/figure>\n\n\n\n<ul class=\"wp-container-5 wp-block-social-links\"><li class=\"wp-social-link wp-social-link-instagram wp-block-social-link\"><a href=\"https:\/\/www.instagram.com\/bilkent_pols\/\"  class=\"wp-block-social-link-anchor\"><svg width=\"24\" height=\"24\" viewBox=\"0 0 24 24\" version=\"1.1\" xmlns=\"http:\/\/www.w3.org\/2000\/svg\" aria-hidden=\"true\" focusable=\"false\"><path d=\"M12,4.622c2.403,0,2.688,0.009,3.637,0.052c0.877,0.04,1.354,0.187,1.671,0.31c0.42,0.163,0.72,0.358,1.035,0.673 c0.315,0.315,0.51,0.615,0.673,1.035c0.123,0.317,0.27,0.794,0.31,1.671c0.043,0.949,0.052,1.234,0.052,3.637 s-0.009,2.688-0.052,3.637c-0.04,0.877-0.187,1.354-0.31,1.671c-0.163,0.42-0.358,0.72-0.673,1.035 c-0.315,0.315-0.615,0.51-1.035,0.673c-0.317,0.123-0.794,0.27-1.671,0.31c-0.949,0.043-1.233,0.052-3.637,0.052 s-2.688-0.009-3.637-0.052c-0.877-0.04-1.354-0.187-1.671-0.31c-0.42-0.163-0.72-0.358-1.035-0.673 c-0.315-0.315-0.51-0.615-0.673-1.035c-0.123-0.317-0.27-0.794-0.31-1.671C4.631,14.688,4.622,14.403,4.622,12 s0.009-2.688,0.052-3.637c0.04-0.877,0.187-1.354,0.31-1.671c0.163-0.42,0.358-0.72,0.673-1.035 c0.315-0.315,0.615-0.51,1.035-0.673c0.317-0.123,0.794-0.27,1.671-0.31C9.312,4.631,9.597,4.622,12,4.622 M12,3 C9.556,3,9.249,3.01,8.289,3.054C7.331,3.098,6.677,3.25,6.105,3.472C5.513,3.702,5.011,4.01,4.511,4.511 c-0.5,0.5-0.808,1.002-1.038,1.594C3.25,6.677,3.098,7.331,3.054,8.289C3.01,9.249,3,9.556,3,12c0,2.444,0.01,2.751,0.054,3.711 c0.044,0.958,0.196,1.612,0.418,2.185c0.23,0.592,0.538,1.094,1.038,1.594c0.5,0.5,1.002,0.808,1.594,1.038 c0.572,0.222,1.227,0.375,2.185,0.418C9.249,20.99,9.556,21,12,21s2.751-0.01,3.711-0.054c0.958-0.044,1.612-0.196,2.185-0.418 c0.592-0.23,1.094-0.538,1.594-1.038c0.5-0.5,0.808-1.002,1.038-1.594c0.222-0.572,0.375-1.227,0.418-2.185 C20.99,14.751,21,14.444,21,12s-0.01-2.751-0.054-3.711c-0.044-0.958-0.196-1.612-0.418-2.185c-0.23-0.592-0.538-1.094-1.038-1.594 c-0.5-0.5-1.002-0.808-1.594-1.038c-0.572-0.222-1.227-0.375-2.185-0.418C14.751,3.01,14.444,3,12,3L12,3z M12,7.378 c-2.552,0-4.622,2.069-4.622,4.622S9.448,16.622,12,16.622s4.622-2.069,4.622-4.622S14.552,7.378,12,7.378z M12,15 c-1.657,0-3-1.343-3-3s1.343-3,3-3s3,1.343,3,3S13.657,15,12,15z M16.804,6.116c-0.596,0-1.08,0.484-1.08,1.08 s0.484,1.08,1.08,1.08c0.596,0,1.08-0.484,1.08-1.08S17.401,6.116,16.804,6.116z\"><\/path><\/svg><span class=\"wp-block-social-link-label screen-reader-text\">Instagram<\/span><\/a><\/li><\/ul>\n","protected":false},"excerpt":{"rendered":"<p>Bilkent \u00dcniversitesi, T Binas\u0131, \u00c7ankaya 06800 Ankara Bizimle Ba\u011flant\u0131 Kurun<\/p>\n","protected":false},"author":1,"featured_media":0,"parent":0,"menu_order":0,"comment_status":"closed","ping_status":"closed","template":"","meta":[],"_links":{"self":[{"href":"https:\/\/pols.bilkent.edu.tr\/index.php\/wp-json\/wp\/v2\/pages\/1092"}],"collection":[{"href":"https:\/\/pols.bilkent.edu.tr\/index.php\/wp-json\/wp\/v2\/pages"}],"about":[{"href":"https:\/\/pols.bilkent.edu.tr\/index.php\/wp-json\/wp\/v2\/types\/page"}],"author":[{"embeddable":true,"href":"https:\/\/pols.bilkent.edu.tr\/index.php\/wp-json\/wp\/v2\/users\/1"}],"replies":[{"embeddable":true,"href":"https:\/\/pols.bilkent.edu.tr\/index.php\/wp-json\/wp\/v2\/comments?post=1092"}],"version-history":[{"count":16,"href":"https:\/\/pols.bilkent.edu.tr\/index.php\/wp-json\/wp\/v2\/pages\/1092\/revisions"}],"predecessor-version":[{"id":4283,"href":"https:\/\/pols.bilkent.edu.tr\/index.php\/wp-json\/wp\/v2\/pages\/1092\/revisions\/4283"}],"wp:attachment":[{"href":"https:\/\/pols.bilkent.edu.tr\/index.php\/wp-json\/wp\/v2\/media?parent=1092"}],"curies":[{"name":"wp","href":"https:\/\/api.w.org\/{rel}","templated":true}]}}